{"id":2817,"date":"2015-02-20T07:39:24","date_gmt":"2015-02-20T07:39:24","guid":{"rendered":"http:\/\/www.kunnskap.de\/?page_id=2817"},"modified":"2022-11-22T13:55:35","modified_gmt":"2022-11-22T12:55:35","slug":"freier-cashflow","status":"publish","type":"page","link":"https:\/\/prudentwater.com\/en\/freier-cashflow\/","title":{"rendered":"Freier Cashflow"},"content":{"rendered":"<p>engl. <b>Free Cashflow<\/b><br \/>\nAuch <b>FCF<\/b><\/p>\n<p>Der freie Cashflow ist die Differenz aus dem operativen Cashflow und dem Cashflow aus Investitionst\u00e4tigkeit. Der operative Cashflow wiederum ist der generierte Zahlungsstrom aus dem operativen und allt\u00e4glichen Gesch\u00e4ft, der Cashflow aus den Investitionst\u00e4tigkeiten zeigt die Differenz aus Investitionen (Geldabfl\u00fcsse) und Desinvestitionen (Geldzufl\u00fcsse) an.<\/p>\n<hr>\n<p><b><small>Berechnung:<\/small><\/b><\/p>\n<p style=\"margin-bottom: 10px;\">\n<p><center><img decoding=\"async\" src=\"https:\/\/prudentwater.com\/wp-content\/uploads\/2021\/05\/Freier-Cashflow.png\" alt=\"freier-cashflow\" class=\"alignnone size-full wp-image-6737\" width=\"100%\" height=\"41\" title=\"\"><\/center><\/p>\n<p style=\"margin-bottom: 10px;\">\n<hr>\n<p>Der freie Cashflow zeigt an, wie viel Geld den Fremdkapitalgebern als auch den Eigenkapitalgebern tats\u00e4chlich zur Verf\u00fcgung stehen. Der freie Cashflow kann vom Unternehmen in erster Linie dazu genutzt werden, um Fremdkapitalgebern offene Schulden zur\u00fcckzuzahlen und Dividenden an Eigenkapitalgebern auszusch\u00fctten. Ebenso kann der freie Cashflow dazu genutzt werden, um Aktienr\u00fcckk\u00e4ufe durchzuf\u00fchren. Der freie Cashflow ist jedoch dann negativ, wenn die Investitionen die Mittelzufl\u00fcsse aus dem operativen Gesch\u00e4ft \u00fcbersteigen. Nach Abzug der Schulden an die Fremdkapitalgeber ergibt sich der Netto Cashflow.<\/p>\n<h3>Bedeutung des freien Cashflows<\/h3>\n<p>Der freie Cashflow eines Unternehmens und dessen Entwicklung ist deshalb so wichtig, da der wirtschaftliche Erfolg zum gro\u00dfen Teil durch Ein- und Auszahlungen entschieden wird. Um nachhaltig zu existieren und am Markt zu bestehen, muss das Unternehmen langfristig betrachtet Einzahlungs\u00fcbersch\u00fcsse generieren und stets \u00fcber ausreichend Zahlungsmittel verf\u00fcgen, um jederzeit allen Zahlungsverpflichtungen nachkommen zu k\u00f6nnen. Anleger sollten deshalb vor dem Aktienkauf die Cashflowgr\u00f6\u00dfen des jeweiligen Unternehmens m\u00f6glichst umfangreich analysieren.<\/p>\n","protected":false},"excerpt":{"rendered":"<p>engl. Free Cashflow Auch FCF Der freie Cashflow ist die Differenz aus dem operativen Cashflow und dem Cashflow aus Investitionst\u00e4tigkeit. Der operative Cashflow wiederum ist der generierte Zahlungsstrom aus dem operativen und allt\u00e4glichen Gesch\u00e4ft, der Cashflow aus den Investitionst\u00e4tigkeiten zeigt die Differenz aus Investitionen (Geldabfl\u00fcsse) und Desinvestitionen (Geldzufl\u00fcsse) an. Berechnung: Der freie Cashflow zeigt an, [&hellip;]<\/p>\n","protected":false},"author":1,"featured_media":0,"parent":0,"menu_order":0,"comment_status":"closed","ping_status":"closed","template":"","meta":{"site-sidebar-layout":"default","site-content-layout":"","ast-site-content-layout":"","site-content-style":"default","site-sidebar-style":"default","ast-global-header-display":"","ast-banner-title-visibility":"","ast-main-header-display":"","ast-hfb-above-header-display":"","ast-hfb-below-header-display":"","ast-hfb-mobile-header-display":"","site-post-title":"","ast-breadcrumbs-content":"","ast-featured-img":"","footer-sml-layout":"","theme-transparent-header-meta":"","adv-header-id-meta":"","stick-header-meta":"","header-above-stick-meta":"","header-main-stick-meta":"","header-below-stick-meta":"","astra-migrate-meta-layouts":"default","ast-page-background-enabled":"default","ast-page-background-meta":{"desktop":{"background-color":"","background-image":"","background-repeat":"repeat","background-position":"center center","background-size":"auto","background-attachment":"scroll","background-type":"","background-media":"","overlay-type":"","overlay-color":"","overlay-opacity":"","overlay-gradient":""},"tablet":{"background-color":"","background-image":"","background-repeat":"repeat","background-position":"center center","background-size":"auto","background-attachment":"scroll","background-type":"","background-media":"","overlay-type":"","overlay-color":"","overlay-opacity":"","overlay-gradient":""},"mobile":{"background-color":"","background-image":"","background-repeat":"repeat","background-position":"center center","background-size":"auto","background-attachment":"scroll","background-type":"","background-media":"","overlay-type":"","overlay-color":"","overlay-opacity":"","overlay-gradient":""}},"ast-content-background-meta":{"desktop":{"background-color":"var(--ast-global-color-5)","background-image":"","background-repeat":"repeat","background-position":"center center","background-size":"auto","background-attachment":"scroll","background-type":"","background-media":"","overlay-type":"","overlay-color":"","overlay-opacity":"","overlay-gradient":""},"tablet":{"background-color":"var(--ast-global-color-5)","background-image":"","background-repeat":"repeat","background-position":"center center","background-size":"auto","background-attachment":"scroll","background-type":"","background-media":"","overlay-type":"","overlay-color":"","overlay-opacity":"","overlay-gradient":""},"mobile":{"background-color":"var(--ast-global-color-5)","background-image":"","background-repeat":"repeat","background-position":"center center","background-size":"auto","background-attachment":"scroll","background-type":"","background-media":"","overlay-type":"","overlay-color":"","overlay-opacity":"","overlay-gradient":""}},"footnotes":""},"class_list":["post-2817","page","type-page","status-publish","hentry"],"translation":{"provider":"WPGlobus","version":"3.0.2","language":"en","enabled_languages":["de","en"],"languages":{"de":{"title":true,"content":true,"excerpt":false},"en":{"title":false,"content":false,"excerpt":false}}},"featured_image_urls_v2":{"full":"","thumbnail":"","medium":"","medium_large":"","large":"","1536x1536":"","2048x2048":""},"post_excerpt_stackable_v2":"<p>engl. Free Cashflow Auch FCF Der freie Cashflow ist die Differenz aus dem operativen Cashflow und dem Cashflow aus Investitionst\u00e4tigkeit. Der operative Cashflow wiederum ist der generierte Zahlungsstrom aus dem operativen und allt\u00e4glichen Gesch\u00e4ft, der Cashflow aus den Investitionst\u00e4tigkeiten zeigt die Differenz aus Investitionen (Geldabfl\u00fcsse) und Desinvestitionen (Geldzufl\u00fcsse) an. Berechnung: Der freie Cashflow zeigt an, wie viel Geld den Fremdkapitalgebern als auch den Eigenkapitalgebern tats\u00e4chlich zur Verf\u00fcgung stehen. Der freie Cashflow kann vom Unternehmen in erster Linie dazu genutzt werden, um Fremdkapitalgebern offene Schulden zur\u00fcckzuzahlen und Dividenden an Eigenkapitalgebern auszusch\u00fctten. Ebenso kann der freie Cashflow dazu genutzt werden, um Aktienr\u00fcckk\u00e4ufe&hellip;<\/p>\n","category_list_v2":"","author_info_v2":{"name":"PrudentWater","url":"https:\/\/prudentwater.com\/en\/author\/niklas33\/"},"comments_num_v2":"0 comments","_links":{"self":[{"href":"https:\/\/prudentwater.com\/en\/wp-json\/wp\/v2\/pages\/2817","targetHints":{"allow":["GET"]}}],"collection":[{"href":"https:\/\/prudentwater.com\/en\/wp-json\/wp\/v2\/pages"}],"about":[{"href":"https:\/\/prudentwater.com\/en\/wp-json\/wp\/v2\/types\/page"}],"author":[{"embeddable":true,"href":"https:\/\/prudentwater.com\/en\/wp-json\/wp\/v2\/users\/1"}],"replies":[{"embeddable":true,"href":"https:\/\/prudentwater.com\/en\/wp-json\/wp\/v2\/comments?post=2817"}],"version-history":[{"count":0,"href":"https:\/\/prudentwater.com\/en\/wp-json\/wp\/v2\/pages\/2817\/revisions"}],"wp:attachment":[{"href":"https:\/\/prudentwater.com\/en\/wp-json\/wp\/v2\/media?parent=2817"}],"curies":[{"name":"wp","href":"https:\/\/api.w.org\/{rel}","templated":true}]}}