{"id":2841,"date":"2015-02-22T21:52:04","date_gmt":"2015-02-22T21:52:04","guid":{"rendered":"http:\/\/www.kunnskap.de\/?page_id=2841"},"modified":"2021-06-25T12:49:03","modified_gmt":"2021-06-25T10:49:03","slug":"grexit","status":"publish","type":"page","link":"https:\/\/prudentwater.com\/en\/grexit\/","title":{"rendered":"Grexit"},"content":{"rendered":"<p>Der Begriff &#8220;Grexit&#8221;, kombiniert aus den den beiden W\u00f6rtern &#8220;Greece&#8221; bzw. &#8220;Greek&#8221; und &#8220;Exit&#8221;, wurde zum ersten Mal im Februar 2012 verwendet. Grexit verwies damals auf die M\u00f6glichkeit, dass Griechenland aufgrund seiner Staatsschuldenkrise die Eurozone verlassen k\u00f6nnte. Bei einem Austritt aus der Eurozone muss Griechenland den Euro als W\u00e4hrung aufgeben. In diesem Fall ist das Land gezwungen, wie jedes andere Euro-Land auch, seine eigene W\u00e4hrung einf\u00fchren, welche h\u00f6chstwahrscheinlich die Drachme w\u00e4re. Diese W\u00e4hrung nutzte Griechenland, bevor es den Euro einf\u00fchrte.<\/p>\n","protected":false},"excerpt":{"rendered":"<p>Der Begriff &#8220;Grexit&#8221;, kombiniert aus den den beiden W\u00f6rtern &#8220;Greece&#8221; bzw. &#8220;Greek&#8221; und &#8220;Exit&#8221;, wurde zum ersten Mal im Februar 2012 verwendet. Grexit verwies damals auf die M\u00f6glichkeit, dass Griechenland aufgrund seiner Staatsschuldenkrise die Eurozone verlassen k\u00f6nnte. Bei einem Austritt aus der Eurozone muss Griechenland den Euro als W\u00e4hrung aufgeben. In diesem Fall ist das [&hellip;]<\/p>\n","protected":false},"author":1,"featured_media":0,"parent":0,"menu_order":0,"comment_status":"closed","ping_status":"closed","template":"","meta":{"site-sidebar-layout":"default","site-content-layout":"","ast-site-content-layout":"","site-content-style":"default","site-sidebar-style":"default","ast-global-header-display":"","ast-banner-title-visibility":"","ast-main-header-display":"","ast-hfb-above-header-display":"","ast-hfb-below-header-display":"","ast-hfb-mobile-header-display":"","site-post-title":"","ast-breadcrumbs-content":"","ast-featured-img":"","footer-sml-layout":"","theme-transparent-header-meta":"","adv-header-id-meta":"","stick-header-meta":"","header-above-stick-meta":"","header-main-stick-meta":"","header-below-stick-meta":"","astra-migrate-meta-layouts":"default","ast-page-background-enabled":"default","ast-page-background-meta":{"desktop":{"background-color":"","background-image":"","background-repeat":"repeat","background-position":"center center","background-size":"auto","background-attachment":"scroll","background-type":"","background-media":"","overlay-type":"","overlay-color":"","overlay-opacity":"","overlay-gradient":""},"tablet":{"background-color":"","background-image":"","background-repeat":"repeat","background-position":"center center","background-size":"auto","background-attachment":"scroll","background-type":"","background-media":"","overlay-type":"","overlay-color":"","overlay-opacity":"","overlay-gradient":""},"mobile":{"background-color":"","background-image":"","background-repeat":"repeat","background-position":"center center","background-size":"auto","background-attachment":"scroll","background-type":"","background-media":"","overlay-type":"","overlay-color":"","overlay-opacity":"","overlay-gradient":""}},"ast-content-background-meta":{"desktop":{"background-color":"var(--ast-global-color-5)","background-image":"","background-repeat":"repeat","background-position":"center center","background-size":"auto","background-attachment":"scroll","background-type":"","background-media":"","overlay-type":"","overlay-color":"","overlay-opacity":"","overlay-gradient":""},"tablet":{"background-color":"var(--ast-global-color-5)","background-image":"","background-repeat":"repeat","background-position":"center center","background-size":"auto","background-attachment":"scroll","background-type":"","background-media":"","overlay-type":"","overlay-color":"","overlay-opacity":"","overlay-gradient":""},"mobile":{"background-color":"var(--ast-global-color-5)","background-image":"","background-repeat":"repeat","background-position":"center center","background-size":"auto","background-attachment":"scroll","background-type":"","background-media":"","overlay-type":"","overlay-color":"","overlay-opacity":"","overlay-gradient":""}},"footnotes":""},"class_list":["post-2841","page","type-page","status-publish","hentry"],"translation":{"provider":"WPGlobus","version":"3.0.2","language":"en","enabled_languages":["de","en"],"languages":{"de":{"title":true,"content":true,"excerpt":false},"en":{"title":false,"content":false,"excerpt":false}}},"featured_image_urls_v2":{"full":"","thumbnail":"","medium":"","medium_large":"","large":"","1536x1536":"","2048x2048":""},"post_excerpt_stackable_v2":"<p>Der Begriff &#8220;Grexit&#8221;, kombiniert aus den den beiden W\u00f6rtern &#8220;Greece&#8221; bzw. &#8220;Greek&#8221; und &#8220;Exit&#8221;, wurde zum ersten Mal im Februar 2012 verwendet. Grexit verwies damals auf die M\u00f6glichkeit, dass Griechenland aufgrund seiner Staatsschuldenkrise die Eurozone verlassen k\u00f6nnte. Bei einem Austritt aus der Eurozone muss Griechenland den Euro als W\u00e4hrung aufgeben. In diesem Fall ist das Land gezwungen, wie jedes andere Euro-Land auch, seine eigene W\u00e4hrung einf\u00fchren, welche h\u00f6chstwahrscheinlich die Drachme w\u00e4re. Diese W\u00e4hrung nutzte Griechenland, bevor es den Euro einf\u00fchrte.<\/p>\n","category_list_v2":"","author_info_v2":{"name":"PrudentWater","url":"https:\/\/prudentwater.com\/en\/author\/niklas33\/"},"comments_num_v2":"0 comments","_links":{"self":[{"href":"https:\/\/prudentwater.com\/en\/wp-json\/wp\/v2\/pages\/2841","targetHints":{"allow":["GET"]}}],"collection":[{"href":"https:\/\/prudentwater.com\/en\/wp-json\/wp\/v2\/pages"}],"about":[{"href":"https:\/\/prudentwater.com\/en\/wp-json\/wp\/v2\/types\/page"}],"author":[{"embeddable":true,"href":"https:\/\/prudentwater.com\/en\/wp-json\/wp\/v2\/users\/1"}],"replies":[{"embeddable":true,"href":"https:\/\/prudentwater.com\/en\/wp-json\/wp\/v2\/comments?post=2841"}],"version-history":[{"count":0,"href":"https:\/\/prudentwater.com\/en\/wp-json\/wp\/v2\/pages\/2841\/revisions"}],"wp:attachment":[{"href":"https:\/\/prudentwater.com\/en\/wp-json\/wp\/v2\/media?parent=2841"}],"curies":[{"name":"wp","href":"https:\/\/api.w.org\/{rel}","templated":true}]}}