{"id":290,"date":"2014-08-19T22:24:38","date_gmt":"2014-08-19T22:24:38","guid":{"rendered":"http:\/\/www.kunnskap.de\/?page_id=290"},"modified":"2022-04-13T10:00:29","modified_gmt":"2022-04-13T08:00:29","slug":"bezugsrecht","status":"publish","type":"page","link":"https:\/\/prudentwater.com\/en\/bezugsrecht\/","title":{"rendered":"Bezugsrecht"},"content":{"rendered":"<p>engl. <b>Pre-Emptive Right<\/b><\/p>\n<p>Mit dem Bezugsrecht hat der Aktion\u00e4r das Recht, bei einer Kapitalerh\u00f6hung neue Aktien im Verh\u00e4ltnis zu seinem bisherigen Anteil zu erhalten. Das Bezugsrecht ist also ein Anrecht der Altaktion\u00e4re darauf, die in K\u00fcrze neu ausgegebenen Aktien zum Ausgabepreis im jeweiligen Bezugsverh\u00e4ltnis zu erhalten. Diese neu ausgegebenen Aktien werden dann auch als Junge Aktien bezeichnet.<\/p>\n<h3>Sinn des Bezugsrechtes<\/h3>\n<p>Eine Kapitalerh\u00f6hung hat zun\u00e4chst immer die Konsequenz, dass sich die Anzahl der ausstehenden Aktien erh\u00f6ht. Dies f\u00fchrt jedoch auch automatisch dazu, dass der Aktienanteil, welchen der Altaktion\u00e4r am Unternehmen h\u00e4lt, sich durch die Kapitalerh\u00f6hung verringert. Damit Altaktion\u00e4re vor solch einer Verw\u00e4sserung ihres Kapitals gesch\u00fctzt werden, muss die Aktiengesellschaft bei Kapitalerh\u00f6hungen um mehr als 10 Prozent des Eigenkapitals den Altaktion\u00e4ren ein Bezugsrecht anbieten. Das Bezugsrecht dient also als Schutz f\u00fcr die Altaktion\u00e4re vor einer Kapitalverw\u00e4sserung. Eine Aktiengesellschaft f\u00fchrt eine Kapitalerh\u00f6hung durch, um sich so zus\u00e4tzliches Kapital zu besorgen, oftmals f\u00fcr Investitionszwecke oder aber um \u00dcbernahmen zu finanzieren.<\/p>\n<h3>Wert des Bezugsrechtes<\/h3>\n<p>Das Bezugsrecht berechtigt den Altaktion\u00e4r zum Kauf weiterer Aktien, dies jedoch in der Regel zum Preis unter dem aktuellen Aktienkurs des Unternehmens. Dadurch hat es einen inneren Wert, da die Aktie g\u00fcnstiger gekauft werden kann, als sie momentan an der B\u00f6rse wert ist. In diesem Fall ist das Bezugsrecht sozusagen eine Call Option, die sich im Geld befindet.<\/p>\n<hr>\n<h6><b>Berechnung<\/b><\/h6>\n<p><img loading=\"lazy\" decoding=\"async\" src=\"https:\/\/prudentwater.com\/wp-content\/uploads\/2020\/03\/bezugsrecht.png\" alt=\"\" class=\"aligncenter size-full wp-image-10755\" width=\"734\" height=\"63\" title=\"\"><\/p>\n<hr>\n<h3>M\u00f6glichkeiten des Altaktion\u00e4rs mit den Bezugsrechten umzugehen<\/h3>\n<p>Nun liegt die Entscheidung beim Altaktion\u00e4r. Er kann an der Bezugsrechtsemission teilnehmen und so einer Kapitalverw\u00e4sserung zuvorkommen, er kann die Bezugsrechte \u00fcber die B\u00f6rse weiterverkaufen oder aber er macht nichts und l\u00e4sst die Rechte im Depot liegen. Zun\u00e4chst werden ihm die Bezugsrechte jedoch immer ins Depot gebucht.<\/p>\n<h6><b>Aus\u00fcbung der Bezugsrechte<\/b><\/h6>\n<p>M\u00f6chte er nun an der Kapitalerh\u00f6hung teilnehmen und so den Verw\u00e4sserungseffekt zuvorkommen, so muss er dies seinem Broker mitteilen. Dieser wird dann die n\u00f6tigen Schritte einleiten und letztendlich die Aus\u00fcbung der Bezugsrechte vornehmen.  Dies muss jedoch unbedingt innerhalb der Bezugsfrist geschehen. Nach der Frist werden ihm dann die neuen, zus\u00e4tzlichen Aktien ins Depot gebucht. Der Altaktion\u00e4r muss f\u00fcr diese neuen Aktien den Ausgabepreis der Bezugsrechtemission bezahlen. Dieser liegt in der Regel unter dem aktuellen Kurs der Aktie. Wichtig dabei ist auch das sogenannte Bezugsverh\u00e4ltnis. Dieses regelt welchen Anteil der neu ausgegebenen Aktien dem Altaktion\u00e4r aufgrund seines bisherigen Aktienbestandes zugewiesen werden.<\/p>\n<h6><b>Verkauf der Bezugsrechte<\/b><\/h6>\n<p>Bezugsrechte k\u00f6nnen wie ein Wertpapier an der B\u00f6rse gehandelt werden. M\u00f6chte der Altaktion\u00e4r nicht an der Kapitalerh\u00f6hung teilnehmen, so kann er diese an der B\u00f6rse weiterverkaufen. Der erzielte Ver\u00e4u\u00dferungsgewinn kann dann als eine Entsch\u00e4digung f\u00fcr den Kursverlust angesehen werden, den er auf seine Aktien nach dem Bezugsrechtsabschlag hinnehmen muss. Der Wert der Bezugsrechte wird jedoch auch durch Angebot und Nachfrage an der B\u00f6rse geregelt und \u00e4ndert sich somit jeden Tag, wie es auch bei einer Aktie der Fall ist. Bezugsrechte k\u00f6nnen in der Regel f\u00fcr zwei Wochen an der B\u00f6rse gehandelt werden.<\/p>\n<h6><b>Altaktion\u00e4r reagiert nicht<\/b><\/h6>\n<p>Unternimmt der Aktion\u00e4r keine der beiden Aktionen und l\u00e4sst seine Bezugsrechte einfach im Depot liegen, so wird der Broker die Rechte zum Ende der Bezugsperiode bestens \u00fcber die B\u00f6rse verkaufen. Dies geschieht automatisch und der Altaktion\u00e4r muss dazu keine vorherige Weisung erteilen. Den Verkaufserl\u00f6s seiner Bezugsrechte bekommt er hinterher in sein Depot eingebucht.<\/p>\n","protected":false},"excerpt":{"rendered":"<p>engl. Pre-Emptive Right Mit dem Bezugsrecht hat der Aktion\u00e4r das Recht, bei einer Kapitalerh\u00f6hung neue Aktien im Verh\u00e4ltnis zu seinem bisherigen Anteil zu erhalten. Das Bezugsrecht ist also ein Anrecht der Altaktion\u00e4re darauf, die in K\u00fcrze neu ausgegebenen Aktien zum Ausgabepreis im jeweiligen Bezugsverh\u00e4ltnis zu erhalten. Diese neu ausgegebenen Aktien werden dann auch als Junge [&hellip;]<\/p>\n","protected":false},"author":1,"featured_media":0,"parent":0,"menu_order":0,"comment_status":"closed","ping_status":"closed","template":"","meta":{"site-sidebar-layout":"default","site-content-layout":"","ast-site-content-layout":"","site-content-style":"default","site-sidebar-style":"default","ast-global-header-display":"","ast-banner-title-visibility":"","ast-main-header-display":"","ast-hfb-above-header-display":"","ast-hfb-below-header-display":"","ast-hfb-mobile-header-display":"","site-post-title":"","ast-breadcrumbs-content":"","ast-featured-img":"","footer-sml-layout":"","theme-transparent-header-meta":"","adv-header-id-meta":"","stick-header-meta":"","header-above-stick-meta":"","header-main-stick-meta":"","header-below-stick-meta":"","astra-migrate-meta-layouts":"default","ast-page-background-enabled":"default","ast-page-background-meta":{"desktop":{"background-color":"","background-image":"","background-repeat":"repeat","background-position":"center center","background-size":"auto","background-attachment":"scroll","background-type":"","background-media":"","overlay-type":"","overlay-color":"","overlay-opacity":"","overlay-gradient":""},"tablet":{"background-color":"","background-image":"","background-repeat":"repeat","background-position":"center center","background-size":"auto","background-attachment":"scroll","background-type":"","background-media":"","overlay-type":"","overlay-color":"","overlay-opacity":"","overlay-gradient":""},"mobile":{"background-color":"","background-image":"","background-repeat":"repeat","background-position":"center center","background-size":"auto","background-attachment":"scroll","background-type":"","background-media":"","overlay-type":"","overlay-color":"","overlay-opacity":"","overlay-gradient":""}},"ast-content-background-meta":{"desktop":{"background-color":"var(--ast-global-color-5)","background-image":"","background-repeat":"repeat","background-position":"center center","background-size":"auto","background-attachment":"scroll","background-type":"","background-media":"","overlay-type":"","overlay-color":"","overlay-opacity":"","overlay-gradient":""},"tablet":{"background-color":"var(--ast-global-color-5)","background-image":"","background-repeat":"repeat","background-position":"center center","background-size":"auto","background-attachment":"scroll","background-type":"","background-media":"","overlay-type":"","overlay-color":"","overlay-opacity":"","overlay-gradient":""},"mobile":{"background-color":"var(--ast-global-color-5)","background-image":"","background-repeat":"repeat","background-position":"center center","background-size":"auto","background-attachment":"scroll","background-type":"","background-media":"","overlay-type":"","overlay-color":"","overlay-opacity":"","overlay-gradient":""}},"footnotes":""},"class_list":["post-290","page","type-page","status-publish","hentry"],"translation":{"provider":"WPGlobus","version":"3.0.2","language":"en","enabled_languages":["de","en"],"languages":{"de":{"title":true,"content":true,"excerpt":false},"en":{"title":false,"content":false,"excerpt":false}}},"featured_image_urls_v2":{"full":"","thumbnail":"","medium":"","medium_large":"","large":"","1536x1536":"","2048x2048":""},"post_excerpt_stackable_v2":"<p>engl. Pre-Emptive Right Mit dem Bezugsrecht hat der Aktion\u00e4r das Recht, bei einer Kapitalerh\u00f6hung neue Aktien im Verh\u00e4ltnis zu seinem bisherigen Anteil zu erhalten. Das Bezugsrecht ist also ein Anrecht der Altaktion\u00e4re darauf, die in K\u00fcrze neu ausgegebenen Aktien zum Ausgabepreis im jeweiligen Bezugsverh\u00e4ltnis zu erhalten. Diese neu ausgegebenen Aktien werden dann auch als Junge Aktien bezeichnet. Sinn des Bezugsrechtes Eine Kapitalerh\u00f6hung hat zun\u00e4chst immer die Konsequenz, dass sich die Anzahl der ausstehenden Aktien erh\u00f6ht. Dies f\u00fchrt jedoch auch automatisch dazu, dass der Aktienanteil, welchen der Altaktion\u00e4r am Unternehmen h\u00e4lt, sich durch die Kapitalerh\u00f6hung verringert. Damit Altaktion\u00e4re vor solch einer&hellip;<\/p>\n","category_list_v2":"","author_info_v2":{"name":"PrudentWater","url":"https:\/\/prudentwater.com\/en\/author\/niklas33\/"},"comments_num_v2":"0 comments","_links":{"self":[{"href":"https:\/\/prudentwater.com\/en\/wp-json\/wp\/v2\/pages\/290","targetHints":{"allow":["GET"]}}],"collection":[{"href":"https:\/\/prudentwater.com\/en\/wp-json\/wp\/v2\/pages"}],"about":[{"href":"https:\/\/prudentwater.com\/en\/wp-json\/wp\/v2\/types\/page"}],"author":[{"embeddable":true,"href":"https:\/\/prudentwater.com\/en\/wp-json\/wp\/v2\/users\/1"}],"replies":[{"embeddable":true,"href":"https:\/\/prudentwater.com\/en\/wp-json\/wp\/v2\/comments?post=290"}],"version-history":[{"count":0,"href":"https:\/\/prudentwater.com\/en\/wp-json\/wp\/v2\/pages\/290\/revisions"}],"wp:attachment":[{"href":"https:\/\/prudentwater.com\/en\/wp-json\/wp\/v2\/media?parent=290"}],"curies":[{"name":"wp","href":"https:\/\/api.w.org\/{rel}","templated":true}]}}