{"id":2906,"date":"2015-02-26T17:54:09","date_gmt":"2015-02-26T17:54:09","guid":{"rendered":"http:\/\/www.kunnskap.de\/?page_id=2906"},"modified":"2021-06-25T12:49:04","modified_gmt":"2021-06-25T10:49:04","slug":"hybridkapital","status":"publish","type":"page","link":"https:\/\/prudentwater.com\/en\/hybridkapital\/","title":{"rendered":"Hybridkapital"},"content":{"rendered":"<p>Auch <strong>Mezzanine-Kapital<\/strong><\/p>\n<p>Hybridkapital ist Fremdkapital, das jedoch eigenkapital\u00e4hnliche Strukturen besitzt. Es bietet eine regelm\u00e4\u00dfige Verzinsung und die M\u00f6glichkeit an Kursgewinnen oder Kursverlusten zu partizipieren, dar\u00fcber hinaus besteht jedoch auch die Gefahr, dass der Anleger einen Totalverlust mit der Anlage in Hybridkapital erleidet. Es dem Fremdkapital oder dem Eigenkapital zuzuordnen ist deshalb unter Ber\u00fccksichtigung aller Funktionen des Hybridkapitals schwer.<br \/>\nDer Genussschein, die Hybridanleihe sowie die Nachranganleihe ist dem Hybridkapital zuzuordnen. <\/p>\n","protected":false},"excerpt":{"rendered":"<p>Auch Mezzanine-Kapital Hybridkapital ist Fremdkapital, das jedoch eigenkapital\u00e4hnliche Strukturen besitzt. Es bietet eine regelm\u00e4\u00dfige Verzinsung und die M\u00f6glichkeit an Kursgewinnen oder Kursverlusten zu partizipieren, dar\u00fcber hinaus besteht jedoch auch die Gefahr, dass der Anleger einen Totalverlust mit der Anlage in Hybridkapital erleidet. Es dem Fremdkapital oder dem Eigenkapital zuzuordnen ist deshalb unter Ber\u00fccksichtigung aller Funktionen [&hellip;]<\/p>\n","protected":false},"author":1,"featured_media":0,"parent":0,"menu_order":0,"comment_status":"closed","ping_status":"closed","template":"","meta":{"site-sidebar-layout":"default","site-content-layout":"","ast-site-content-layout":"","site-content-style":"default","site-sidebar-style":"default","ast-global-header-display":"","ast-banner-title-visibility":"","ast-main-header-display":"","ast-hfb-above-header-display":"","ast-hfb-below-header-display":"","ast-hfb-mobile-header-display":"","site-post-title":"","ast-breadcrumbs-content":"","ast-featured-img":"","footer-sml-layout":"","theme-transparent-header-meta":"","adv-header-id-meta":"","stick-header-meta":"","header-above-stick-meta":"","header-main-stick-meta":"","header-below-stick-meta":"","astra-migrate-meta-layouts":"default","ast-page-background-enabled":"default","ast-page-background-meta":{"desktop":{"background-color":"","background-image":"","background-repeat":"repeat","background-position":"center center","background-size":"auto","background-attachment":"scroll","background-type":"","background-media":"","overlay-type":"","overlay-color":"","overlay-opacity":"","overlay-gradient":""},"tablet":{"background-color":"","background-image":"","background-repeat":"repeat","background-position":"center center","background-size":"auto","background-attachment":"scroll","background-type":"","background-media":"","overlay-type":"","overlay-color":"","overlay-opacity":"","overlay-gradient":""},"mobile":{"background-color":"","background-image":"","background-repeat":"repeat","background-position":"center center","background-size":"auto","background-attachment":"scroll","background-type":"","background-media":"","overlay-type":"","overlay-color":"","overlay-opacity":"","overlay-gradient":""}},"ast-content-background-meta":{"desktop":{"background-color":"var(--ast-global-color-5)","background-image":"","background-repeat":"repeat","background-position":"center center","background-size":"auto","background-attachment":"scroll","background-type":"","background-media":"","overlay-type":"","overlay-color":"","overlay-opacity":"","overlay-gradient":""},"tablet":{"background-color":"var(--ast-global-color-5)","background-image":"","background-repeat":"repeat","background-position":"center center","background-size":"auto","background-attachment":"scroll","background-type":"","background-media":"","overlay-type":"","overlay-color":"","overlay-opacity":"","overlay-gradient":""},"mobile":{"background-color":"var(--ast-global-color-5)","background-image":"","background-repeat":"repeat","background-position":"center center","background-size":"auto","background-attachment":"scroll","background-type":"","background-media":"","overlay-type":"","overlay-color":"","overlay-opacity":"","overlay-gradient":""}},"footnotes":""},"class_list":["post-2906","page","type-page","status-publish","hentry"],"translation":{"provider":"WPGlobus","version":"3.0.2","language":"en","enabled_languages":["de","en"],"languages":{"de":{"title":true,"content":true,"excerpt":false},"en":{"title":false,"content":false,"excerpt":false}}},"featured_image_urls_v2":{"full":"","thumbnail":"","medium":"","medium_large":"","large":"","1536x1536":"","2048x2048":""},"post_excerpt_stackable_v2":"<p>Auch Mezzanine-Kapital Hybridkapital ist Fremdkapital, das jedoch eigenkapital\u00e4hnliche Strukturen besitzt. Es bietet eine regelm\u00e4\u00dfige Verzinsung und die M\u00f6glichkeit an Kursgewinnen oder Kursverlusten zu partizipieren, dar\u00fcber hinaus besteht jedoch auch die Gefahr, dass der Anleger einen Totalverlust mit der Anlage in Hybridkapital erleidet. Es dem Fremdkapital oder dem Eigenkapital zuzuordnen ist deshalb unter Ber\u00fccksichtigung aller Funktionen des Hybridkapitals schwer. Der Genussschein, die Hybridanleihe sowie die Nachranganleihe ist dem Hybridkapital zuzuordnen.<\/p>\n","category_list_v2":"","author_info_v2":{"name":"PrudentWater","url":"https:\/\/prudentwater.com\/en\/author\/niklas33\/"},"comments_num_v2":"0 comments","_links":{"self":[{"href":"https:\/\/prudentwater.com\/en\/wp-json\/wp\/v2\/pages\/2906","targetHints":{"allow":["GET"]}}],"collection":[{"href":"https:\/\/prudentwater.com\/en\/wp-json\/wp\/v2\/pages"}],"about":[{"href":"https:\/\/prudentwater.com\/en\/wp-json\/wp\/v2\/types\/page"}],"author":[{"embeddable":true,"href":"https:\/\/prudentwater.com\/en\/wp-json\/wp\/v2\/users\/1"}],"replies":[{"embeddable":true,"href":"https:\/\/prudentwater.com\/en\/wp-json\/wp\/v2\/comments?post=2906"}],"version-history":[{"count":0,"href":"https:\/\/prudentwater.com\/en\/wp-json\/wp\/v2\/pages\/2906\/revisions"}],"wp:attachment":[{"href":"https:\/\/prudentwater.com\/en\/wp-json\/wp\/v2\/media?parent=2906"}],"curies":[{"name":"wp","href":"https:\/\/api.w.org\/{rel}","templated":true}]}}