{"id":2908,"date":"2015-02-27T19:00:13","date_gmt":"2015-02-27T19:00:13","guid":{"rendered":"http:\/\/www.kunnskap.de\/?page_id=2908"},"modified":"2021-09-09T07:04:39","modified_gmt":"2021-09-09T05:04:39","slug":"kurs-umsatz-verhaltnis","status":"publish","type":"page","link":"https:\/\/prudentwater.com\/en\/kurs-umsatz-verhaltnis\/","title":{"rendered":"Kurs-Umsatz-Verh\u00e4ltnis"},"content":{"rendered":"<p>Auch <strong>KUV<\/strong><br \/>\nengl. <strong>Price-to-Sales Ratio (PSR)<\/strong><\/p>\n<p>Das Kurs-Umsatz-Verh\u00e4ltnis dient als Bewertungskennzahl der Aktienanalyse und zeigt das Verh\u00e4ltnis zwischen Marktkapitalisierung und Umsatzerl\u00f6se eines Unternehmens auf. Das Kurs-Umsatz-Verh\u00e4ltnis gibt somit an, mit welchem Vielfachen des Umsatzes das jeweilige Unternehmen an der B\u00f6rse aktuell gehandelt wird. Zur Berechnung wird die aktuelle Marktkapitalisierung durch die Umsatzerl\u00f6se der letzten 12 Monate oder eines Kalenderjahres geteilt.<\/p>\n<hr>\n<h6>Berechnung:<\/h6>\n<p><center><img loading=\"lazy\" decoding=\"async\" src=\"https:\/\/prudentwater.com\/wp-content\/uploads\/2021\/09\/KUV.png\" alt=\"KUV\" class=\"alignnone size-full wp-image-7061\" width=\"420\" height=\"62\" title=\"\"><\/center><\/p>\n<hr>\n<p style=\"margin-bottom: 49px;\">\n<h4>Interpretation des Kurs-Umsatz-Verh\u00e4ltnisses<\/h4>\n<p>Der Vorteil des Kurs-Umsatz-Verh\u00e4ltnisses liegt darin, dass der erzielte Umsatz &#8211; im Gegensatz zum Jahres\u00fcberschuss &#8211; nur schwer zu manipulieren ist. Ebenso kann das KUV herangezogen werden, falls das Unternehmen f\u00fcr den betrachteten Zeitraum einen Verlust erleidet. Das Kurs-Gewinn-Verh\u00e4ltnis w\u00e4re dann in diesem Fall nicht nutzbar. Die Aussagekraft des Kurs-Umsatz-Verh\u00e4ltnisses ist jedoch beschr\u00e4nkt, da es \u00fcber die Rentabilit\u00e4t keine Aussage treffen kann. Nichtsdestotrotz sollte die Kennzahl bei der Unternehmensbewertung Anwendung finden, da es auf eine \u00dcberbewertung eines Aktienunternehmens hinweisen kann. Dar\u00fcber hinaus k\u00f6nnen Vergleiche nur innerhalb einer Branche gezogen werden. Je niedriger das Kurs-Umsatz-Verh\u00e4ltnis, desto g\u00fcnstiger ist das Unternehmen im Verh\u00e4ltnis zum Umsatz bewertet. Als Faustregel gilt, dass ein Wert von 1.0 als fair und neutral bewertet wird. Demnach gelten Werte unter 1 als unterbewertet und Werte (deutlich) \u00fcber 1 als \u00fcberbewertet. Wie mit allen anderen Kennzahlen sollte das KUV niemals nur alleine und ohne das Heranziehen anderer Bewertungskennzahlen betrachtet werden.<\/p>\n","protected":false},"excerpt":{"rendered":"<p>Auch KUV engl. Price-to-Sales Ratio (PSR) Das Kurs-Umsatz-Verh\u00e4ltnis dient als Bewertungskennzahl der Aktienanalyse und zeigt das Verh\u00e4ltnis zwischen Marktkapitalisierung und Umsatzerl\u00f6se eines Unternehmens auf. Das Kurs-Umsatz-Verh\u00e4ltnis gibt somit an, mit welchem Vielfachen des Umsatzes das jeweilige Unternehmen an der B\u00f6rse aktuell gehandelt wird. Zur Berechnung wird die aktuelle Marktkapitalisierung durch die Umsatzerl\u00f6se der letzten 12 [&hellip;]<\/p>\n","protected":false},"author":1,"featured_media":0,"parent":0,"menu_order":0,"comment_status":"closed","ping_status":"closed","template":"","meta":{"site-sidebar-layout":"default","site-content-layout":"default","ast-site-content-layout":"","site-content-style":"default","site-sidebar-style":"default","ast-global-header-display":"","ast-banner-title-visibility":"","ast-main-header-display":"","ast-hfb-above-header-display":"","ast-hfb-below-header-display":"","ast-hfb-mobile-header-display":"","site-post-title":"","ast-breadcrumbs-content":"","ast-featured-img":"","footer-sml-layout":"","theme-transparent-header-meta":"default","adv-header-id-meta":"","stick-header-meta":"","header-above-stick-meta":"","header-main-stick-meta":"","header-below-stick-meta":"","astra-migrate-meta-layouts":"default","ast-page-background-enabled":"default","ast-page-background-meta":{"desktop":{"background-color":"","background-image":"","background-repeat":"repeat","background-position":"center center","background-size":"auto","background-attachment":"scroll","background-type":"","background-media":"","overlay-type":"","overlay-color":"","overlay-opacity":"","overlay-gradient":""},"tablet":{"background-color":"","background-image":"","background-repeat":"repeat","background-position":"center center","background-size":"auto","background-attachment":"scroll","background-type":"","background-media":"","overlay-type":"","overlay-color":"","overlay-opacity":"","overlay-gradient":""},"mobile":{"background-color":"","background-image":"","background-repeat":"repeat","background-position":"center center","background-size":"auto","background-attachment":"scroll","background-type":"","background-media":"","overlay-type":"","overlay-color":"","overlay-opacity":"","overlay-gradient":""}},"ast-content-background-meta":{"desktop":{"background-color":"var(--ast-global-color-5)","background-image":"","background-repeat":"repeat","background-position":"center center","background-size":"auto","background-attachment":"scroll","background-type":"","background-media":"","overlay-type":"","overlay-color":"","overlay-opacity":"","overlay-gradient":""},"tablet":{"background-color":"var(--ast-global-color-5)","background-image":"","background-repeat":"repeat","background-position":"center center","background-size":"auto","background-attachment":"scroll","background-type":"","background-media":"","overlay-type":"","overlay-color":"","overlay-opacity":"","overlay-gradient":""},"mobile":{"background-color":"var(--ast-global-color-5)","background-image":"","background-repeat":"repeat","background-position":"center center","background-size":"auto","background-attachment":"scroll","background-type":"","background-media":"","overlay-type":"","overlay-color":"","overlay-opacity":"","overlay-gradient":""}},"footnotes":""},"class_list":["post-2908","page","type-page","status-publish","hentry"],"translation":{"provider":"WPGlobus","version":"3.0.2","language":"en","enabled_languages":["de","en"],"languages":{"de":{"title":true,"content":true,"excerpt":false},"en":{"title":false,"content":false,"excerpt":false}}},"featured_image_urls_v2":{"full":"","thumbnail":"","medium":"","medium_large":"","large":"","1536x1536":"","2048x2048":""},"post_excerpt_stackable_v2":"<p>Auch KUV engl. Price-to-Sales Ratio (PSR) Das Kurs-Umsatz-Verh\u00e4ltnis dient als Bewertungskennzahl der Aktienanalyse und zeigt das Verh\u00e4ltnis zwischen Marktkapitalisierung und Umsatzerl\u00f6se eines Unternehmens auf. Das Kurs-Umsatz-Verh\u00e4ltnis gibt somit an, mit welchem Vielfachen des Umsatzes das jeweilige Unternehmen an der B\u00f6rse aktuell gehandelt wird. Zur Berechnung wird die aktuelle Marktkapitalisierung durch die Umsatzerl\u00f6se der letzten 12 Monate oder eines Kalenderjahres geteilt. Berechnung: Interpretation des Kurs-Umsatz-Verh\u00e4ltnisses Der Vorteil des Kurs-Umsatz-Verh\u00e4ltnisses liegt darin, dass der erzielte Umsatz &#8211; im Gegensatz zum Jahres\u00fcberschuss &#8211; nur schwer zu manipulieren ist. Ebenso kann das KUV herangezogen werden, falls das Unternehmen f\u00fcr den betrachteten Zeitraum einen Verlust&hellip;<\/p>\n","category_list_v2":"","author_info_v2":{"name":"PrudentWater","url":"https:\/\/prudentwater.com\/en\/author\/niklas33\/"},"comments_num_v2":"0 comments","_links":{"self":[{"href":"https:\/\/prudentwater.com\/en\/wp-json\/wp\/v2\/pages\/2908","targetHints":{"allow":["GET"]}}],"collection":[{"href":"https:\/\/prudentwater.com\/en\/wp-json\/wp\/v2\/pages"}],"about":[{"href":"https:\/\/prudentwater.com\/en\/wp-json\/wp\/v2\/types\/page"}],"author":[{"embeddable":true,"href":"https:\/\/prudentwater.com\/en\/wp-json\/wp\/v2\/users\/1"}],"replies":[{"embeddable":true,"href":"https:\/\/prudentwater.com\/en\/wp-json\/wp\/v2\/comments?post=2908"}],"version-history":[{"count":0,"href":"https:\/\/prudentwater.com\/en\/wp-json\/wp\/v2\/pages\/2908\/revisions"}],"wp:attachment":[{"href":"https:\/\/prudentwater.com\/en\/wp-json\/wp\/v2\/media?parent=2908"}],"curies":[{"name":"wp","href":"https:\/\/api.w.org\/{rel}","templated":true}]}}