{"id":2915,"date":"2015-02-27T19:38:40","date_gmt":"2015-02-27T19:38:40","guid":{"rendered":"http:\/\/www.kunnskap.de\/?page_id=2915"},"modified":"2021-06-25T12:49:33","modified_gmt":"2021-06-25T10:49:33","slug":"kurs-cashflow-verhaltnis","status":"publish","type":"page","link":"https:\/\/prudentwater.com\/en\/kurs-cashflow-verhaltnis\/","title":{"rendered":"Kurs-Cashflow-Verh\u00e4ltnis"},"content":{"rendered":"<p>Auch <strong>KCV<\/strong><br \/>\nengl. <strong>Price-to-Cash-Flow Ratio<\/strong><\/p>\n<p>Das Kurs-Cashflow-Verh\u00e4ltnis dient als Bewertungskennzahl der Aktienanalyse und sagt aus, in welchem Verh\u00e4ltnis der Aktienkurs zum operativen Cashflow bewertet ist. Der operative Cashflow gibt den Zahlungsstrom aus dem operativen Gesch\u00e4ft des Unternehmens an und zeigt somit den Erfolg des Kerngesch\u00e4ftes auf.<\/p>\n<hr>\n<h6>Berechnung:<\/h6>\n<p><center><img loading=\"lazy\" decoding=\"async\" src=\"https:\/\/prudentwater.com\/wp-content\/uploads\/2021\/05\/kcv.gif\" alt=\"kurs-cashflow-verh\u00e4ltnis\" class=\"alignnone size-full wp-image-7059\" width=\"500\" height=\"54\" title=\"\"><\/center><\/p>\n<hr>\n<p>Je h\u00f6her das KCV, desto teurer ist die Aktie im Verh\u00e4ltnis zum operativen Cashflow an der B\u00f6rse bewertet. Grob gelten Zahlen ab 15 f\u00fcr zu hoch bewertet, wohingegen Zahlen unter 10 als g\u00fcnstig bewertet werden k\u00f6nnen. Da bei dem operativen Cashflow nicht zahlungswirksame Aufwendungen (Abschreibungen und R\u00fcckstellungen) von dem Jahres\u00fcberschuss nicht subtrahiert werden, f\u00e4llt der operative Cashflow meistens h\u00f6her aus als der Jahres\u00fcberschuss und somit liegt das KCV oftmals unter dem Kurs-Gewinn-Verh\u00e4ltnis.<\/p>\n<h4>Vorteile des Kurs-Cashflow-Verh\u00e4ltnisses<\/h4>\n<p>Das KCV ist vor allem dann hilfreich, wenn ein Unternehmen auf seine Profitabilit\u00e4t bewertet werden soll, es jedoch in der laufenden Zeit keinen Gewinn erzielt hat. In diesem Fall kann das Kurs-Gewinn-Verh\u00e4ltnis nicht genutzt werden, das Kurs-Cashflow-Verh\u00e4ltnis ist jedoch auch dann nutzbar, wenn das Unternehmen einen Verlust erleidet. Zus\u00e4tzlich ist der Cashflow vom Unternehmen schwerer zu manipulieren<\/p>\n<h4>Nachteile des Kurs-Cashflow-Verh\u00e4ltnisses<\/h4>\n<p>Der operative Cashflow weist oftmals eine st\u00e4rkere Volatilit\u00e4t als der Jahres\u00fcberschuss auf, welcher bei der Berechnung des Kurs-Gewinn-Verh\u00e4ltnisses herangezogen wird. Dies hat vor allem mit der Kurzfristigkeit der einzelnen Posten des Net Working Capital zu tun. Deshalb sollten Anleger sich grunds\u00e4tzlich bei der Bewertung einer Aktie nicht ausschlie\u00dflich auf eine Kennzahl fokussieren, sondern es sollten immer m\u00f6glichst viele aussagekr\u00e4ftige Bewertungskennzahlen verwendet werden. So kann beispielsweise au\u00dferdem das Kurs-Umsatz-Verh\u00e4ltnis herangezogen werden, falls das jeweilige Unternehmen keinen Jahres\u00fcberschuss erzielt hat und der operative Cashflow durch einzelne Positionen zu stark verzerrt wurde.<\/p>\n","protected":false},"excerpt":{"rendered":"<p>Auch KCV engl. Price-to-Cash-Flow Ratio Das Kurs-Cashflow-Verh\u00e4ltnis dient als Bewertungskennzahl der Aktienanalyse und sagt aus, in welchem Verh\u00e4ltnis der Aktienkurs zum operativen Cashflow bewertet ist. Der operative Cashflow gibt den Zahlungsstrom aus dem operativen Gesch\u00e4ft des Unternehmens an und zeigt somit den Erfolg des Kerngesch\u00e4ftes auf. Berechnung: Je h\u00f6her das KCV, desto teurer ist die [&hellip;]<\/p>\n","protected":false},"author":1,"featured_media":0,"parent":0,"menu_order":0,"comment_status":"closed","ping_status":"closed","template":"","meta":{"site-sidebar-layout":"default","site-content-layout":"","ast-site-content-layout":"","site-content-style":"default","site-sidebar-style":"default","ast-global-header-display":"","ast-banner-title-visibility":"","ast-main-header-display":"","ast-hfb-above-header-display":"","ast-hfb-below-header-display":"","ast-hfb-mobile-header-display":"","site-post-title":"","ast-breadcrumbs-content":"","ast-featured-img":"","footer-sml-layout":"","theme-transparent-header-meta":"","adv-header-id-meta":"","stick-header-meta":"","header-above-stick-meta":"","header-main-stick-meta":"","header-below-stick-meta":"","astra-migrate-meta-layouts":"default","ast-page-background-enabled":"default","ast-page-background-meta":{"desktop":{"background-color":"","background-image":"","background-repeat":"repeat","background-position":"center center","background-size":"auto","background-attachment":"scroll","background-type":"","background-media":"","overlay-type":"","overlay-color":"","overlay-opacity":"","overlay-gradient":""},"tablet":{"background-color":"","background-image":"","background-repeat":"repeat","background-position":"center center","background-size":"auto","background-attachment":"scroll","background-type":"","background-media":"","overlay-type":"","overlay-color":"","overlay-opacity":"","overlay-gradient":""},"mobile":{"background-color":"","background-image":"","background-repeat":"repeat","background-position":"center center","background-size":"auto","background-attachment":"scroll","background-type":"","background-media":"","overlay-type":"","overlay-color":"","overlay-opacity":"","overlay-gradient":""}},"ast-content-background-meta":{"desktop":{"background-color":"var(--ast-global-color-5)","background-image":"","background-repeat":"repeat","background-position":"center center","background-size":"auto","background-attachment":"scroll","background-type":"","background-media":"","overlay-type":"","overlay-color":"","overlay-opacity":"","overlay-gradient":""},"tablet":{"background-color":"var(--ast-global-color-5)","background-image":"","background-repeat":"repeat","background-position":"center center","background-size":"auto","background-attachment":"scroll","background-type":"","background-media":"","overlay-type":"","overlay-color":"","overlay-opacity":"","overlay-gradient":""},"mobile":{"background-color":"var(--ast-global-color-5)","background-image":"","background-repeat":"repeat","background-position":"center center","background-size":"auto","background-attachment":"scroll","background-type":"","background-media":"","overlay-type":"","overlay-color":"","overlay-opacity":"","overlay-gradient":""}},"footnotes":""},"class_list":["post-2915","page","type-page","status-publish","hentry"],"translation":{"provider":"WPGlobus","version":"3.0.2","language":"en","enabled_languages":["de","en"],"languages":{"de":{"title":true,"content":true,"excerpt":false},"en":{"title":false,"content":false,"excerpt":false}}},"featured_image_urls_v2":{"full":"","thumbnail":"","medium":"","medium_large":"","large":"","1536x1536":"","2048x2048":""},"post_excerpt_stackable_v2":"<p>Auch KCV engl. Price-to-Cash-Flow Ratio Das Kurs-Cashflow-Verh\u00e4ltnis dient als Bewertungskennzahl der Aktienanalyse und sagt aus, in welchem Verh\u00e4ltnis der Aktienkurs zum operativen Cashflow bewertet ist. Der operative Cashflow gibt den Zahlungsstrom aus dem operativen Gesch\u00e4ft des Unternehmens an und zeigt somit den Erfolg des Kerngesch\u00e4ftes auf. Berechnung: Je h\u00f6her das KCV, desto teurer ist die Aktie im Verh\u00e4ltnis zum operativen Cashflow an der B\u00f6rse bewertet. Grob gelten Zahlen ab 15 f\u00fcr zu hoch bewertet, wohingegen Zahlen unter 10 als g\u00fcnstig bewertet werden k\u00f6nnen. Da bei dem operativen Cashflow nicht zahlungswirksame Aufwendungen (Abschreibungen und R\u00fcckstellungen) von dem Jahres\u00fcberschuss nicht subtrahiert werden,&hellip;<\/p>\n","category_list_v2":"","author_info_v2":{"name":"PrudentWater","url":"https:\/\/prudentwater.com\/en\/author\/niklas33\/"},"comments_num_v2":"0 comments","_links":{"self":[{"href":"https:\/\/prudentwater.com\/en\/wp-json\/wp\/v2\/pages\/2915","targetHints":{"allow":["GET"]}}],"collection":[{"href":"https:\/\/prudentwater.com\/en\/wp-json\/wp\/v2\/pages"}],"about":[{"href":"https:\/\/prudentwater.com\/en\/wp-json\/wp\/v2\/types\/page"}],"author":[{"embeddable":true,"href":"https:\/\/prudentwater.com\/en\/wp-json\/wp\/v2\/users\/1"}],"replies":[{"embeddable":true,"href":"https:\/\/prudentwater.com\/en\/wp-json\/wp\/v2\/comments?post=2915"}],"version-history":[{"count":0,"href":"https:\/\/prudentwater.com\/en\/wp-json\/wp\/v2\/pages\/2915\/revisions"}],"wp:attachment":[{"href":"https:\/\/prudentwater.com\/en\/wp-json\/wp\/v2\/media?parent=2915"}],"curies":[{"name":"wp","href":"https:\/\/api.w.org\/{rel}","templated":true}]}}