{"id":2965,"date":"2015-03-02T16:55:52","date_gmt":"2015-03-02T16:55:52","guid":{"rendered":"http:\/\/www.kunnskap.de\/?page_id=2965"},"modified":"2022-11-23T10:07:20","modified_gmt":"2022-11-23T09:07:20","slug":"nachteile-einer-schwachen-wahrung","status":"publish","type":"page","link":"https:\/\/prudentwater.com\/en\/nachteile-einer-schwachen-wahrung\/","title":{"rendered":"Nachteile einer schwachen W\u00e4hrung"},"content":{"rendered":"<p>Verliert die W\u00e4hrung eines Landes nachhaltig an Wert, so kann dies weitreichende Folgen f\u00fcr das Land und die B\u00fcrger haben. Die Nachteile einer abwertenden W\u00e4hrung sind Folgende:<\/p>\n<h3>Das Inflationsrisiko nimmt zu<\/h3>\n<p>Das Risiko einer steigenden und unkontrollierbaren Inflation nimmt mit abwertender W\u00e4hrung zu. Durch eine schwache W\u00e4hrung werden n\u00e4mlich die importierten Waren von nun an teurer. M\u00f6chte beispielsweise ein Unternehmen aus Deutschland ein Produkt aus den USA im Wert von $100 importieren, muss es nun eine h\u00f6here Euro-Summe aufwenden, da schlie\u00dflich der Euro an Wert verloren hat. Bei einer Parit\u00e4t (Wechselkurs 1:1) w\u00fcrde das deutsche Unternehmen 100 Euro aufnehmen, daf\u00fcr $100 bekommen und k\u00f6nnte anschlie\u00dfend das Produkt bezahlen. Schw\u00e4cht nun der Euro auf beispielsweise EUR\/USD 0.80 ab (f\u00fcr 1\u20ac bekommt man somit nur noch $0.80), so reichen die 100 Euro zum Kauf nicht mehr aus. Das Unternehmen m\u00fcsste somit nun bereits 125 Euro aufbringen, um das Produkt im Wert von $100 zu importieren.<br \/>\n<div class=\"perfect-pullquote vcard pullquote-align-full pullquote-border-placement-left\" style=\"border-color:#abb8c3 !important;font-size:22px !important;\"><blockquote><p style=\"font-size:22px !important;\">Ohne eine entsprechende Anhebung der L\u00f6hne wird die abwertende W\u00e4hrung den Haushalten aber auch den kleinen und mittleren Unternehmen finanzielle Schwierigkeiten durch steigende Kosten f\u00fcr Lebensmittel, Energie sowie G\u00fcter des t\u00e4glichen Bedarfs bereiten.<\/p><\/blockquote><\/div>Somit steigt langfristig die Inflation, verursacht durch eine schwache W\u00e4hrung, welche importierte G\u00fcter in der heimischen W\u00e4hrung teurer werden l\u00e4sst. Die Unternehmen reichen die erh\u00f6hten Kosten schlie\u00dflich an den Endkunden weiter, indem sie ihre Preise erh\u00f6hen (m\u00fcssen). Die Abwertung der heimischen W\u00e4hrung kann somit eine sogenannte importierte Inflation ausl\u00f6sen. Als Folgekonsequenz der steigenden Inflation k\u00f6nnte es au\u00dferdem vermehrt zu Kreditausf\u00e4llen kommen, wenn L\u00f6hne und Geh\u00e4lter nicht gleichzeitig mit ansteigen. Darunter w\u00fcrden dann wiederum die Kreditinstitute leiden. Mittel bis langfristig leidet darunter jedoch die gesamte Wirtschaft.<\/p>\n<h3>R\u00fcckgang von wichtigen Importg\u00fctern<\/h3>\n<p>Allgemein gehen (im Extremfall gar lebensnotwendige) Importe zur\u00fcck, da diese f\u00fcr die Unternehmen und B\u00fcrger durch die schwache W\u00e4hrung teurer werden und schlie\u00dflich nicht mehr bezahlt werden k\u00f6nnen. Eine W\u00e4hrungsabwertung schl\u00e4gt oftmals sehr schnell auf die Preise im Inland durch. Zu aller erst auf die Preise der importierten G\u00fcter, wodurch eine Abwertung der heimischen W\u00e4hrung schnell zu einem Anstieg des allgemeinen Preisniveaus und der Lebenshaltungskosten f\u00fchren kann. Importierte G\u00fcter werden, umgerechnet in heimischer W\u00e4hrung, teurer, wodurch schlie\u00dflich das kaufkraftm\u00e4\u00dfige Einkommen sinkt. Handelt es sich dabei jedoch um lebensnotwendige G\u00fcter wie medizinische Produkte oder Nahrungsmittel, so leiden darunter in erster Linie die \u00e4rmsten der Bev\u00f6lkerung.<\/p>\n<h3>Die Kosten f\u00fcr Rohstoffe und Benzin steigen<\/h3>\n<p>Rohstoffe werden weltweit in US Dollar gehandelt. Bei einer abwertenden W\u00e4hrung im Vergleich zum USD werden gleichzeitig Rohstoffe des t\u00e4glichen Bedarfs wie \u00d6l, Benzin, Gas und Kaffee f\u00fcr den B\u00fcrger teurer. Superm\u00e4rkte m\u00fcssen als Konsequenz oftmals die Preise f\u00fcr G\u00fcter anheben, welche sie aus dem Ausland importieren. Diese G\u00fcter werden nun f\u00fcr die M\u00e4rkte im Einkauf teurer. Aufgrund der engen Margen von Superm\u00e4rkten sind diese oftmals daraufhin gezwungen, die Preise f\u00fcr die entsprechenden Produkte anzupassen.<\/p>\n<h3>Der Urlaub wird teurer<\/h3>\n<p>Der Urlaub in einer anderen W\u00e4hrungszone wird f\u00fcr die B\u00fcrger teurer, wenn die heimische W\u00e4hrung abwertet. Denn nun m\u00fcssen die Ausgaben im Urlaubsland, welche dann in der Fremdw\u00e4hrung stattfinden, durch eine h\u00f6here Summe der heimischen W\u00e4hrung gedeckt werden.<\/p>\n<h3>W\u00e4hrungsverluste bei Kreditaufnahme in fremder W\u00e4hrung<\/h3>\n<p>Hat man sich in einer fremden W\u00e4hrung verschuldet und wertet diese fremde W\u00e4hrung im Vergleich zur heimischen W\u00e4hrung auf (und somit wertet die Heimatw\u00e4hrung ab), steigt die Schuldlast des Schuldners. Wurde ein Kredit in USD aufgenommen, so muss dieser auch in USD zur\u00fcckgezahlt werden. Wertet nun der Euro gegen\u00fcber den USD nach Krediterhalt ab, so muss der Schuldner in Deutschland eine h\u00f6here Euro-Summe aufbringen, als er es noch zu Beginn des Kredites h\u00e4tte machen m\u00fcssen, um die Schulden in USD zu begleichen. Die USD-Summe bleibt dabei immer gleich, allerdings steigt die Euro-Summe an, da der Wertverfall des Euros nun ausgeglichen werden muss.<\/p>\n","protected":false},"excerpt":{"rendered":"<p>Verliert die W\u00e4hrung eines Landes nachhaltig an Wert, so kann dies weitreichende Folgen f\u00fcr das Land und die B\u00fcrger haben. Die Nachteile einer abwertenden W\u00e4hrung sind Folgende: Das Inflationsrisiko nimmt zu Das Risiko einer steigenden und unkontrollierbaren Inflation nimmt mit abwertender W\u00e4hrung zu. Durch eine schwache W\u00e4hrung werden n\u00e4mlich die importierten Waren von nun an [&hellip;]<\/p>\n","protected":false},"author":1,"featured_media":0,"parent":0,"menu_order":0,"comment_status":"closed","ping_status":"closed","template":"","meta":{"site-sidebar-layout":"default","site-content-layout":"","ast-site-content-layout":"","site-content-style":"default","site-sidebar-style":"default","ast-global-header-display":"","ast-banner-title-visibility":"","ast-main-header-display":"","ast-hfb-above-header-display":"","ast-hfb-below-header-display":"","ast-hfb-mobile-header-display":"","site-post-title":"","ast-breadcrumbs-content":"","ast-featured-img":"","footer-sml-layout":"","theme-transparent-header-meta":"","adv-header-id-meta":"","stick-header-meta":"","header-above-stick-meta":"","header-main-stick-meta":"","header-below-stick-meta":"","astra-migrate-meta-layouts":"default","ast-page-background-enabled":"default","ast-page-background-meta":{"desktop":{"background-color":"","background-image":"","background-repeat":"repeat","background-position":"center center","background-size":"auto","background-attachment":"scroll","background-type":"","background-media":"","overlay-type":"","overlay-color":"","overlay-opacity":"","overlay-gradient":""},"tablet":{"background-color":"","background-image":"","background-repeat":"repeat","background-position":"center center","background-size":"auto","background-attachment":"scroll","background-type":"","background-media":"","overlay-type":"","overlay-color":"","overlay-opacity":"","overlay-gradient":""},"mobile":{"background-color":"","background-image":"","background-repeat":"repeat","background-position":"center center","background-size":"auto","background-attachment":"scroll","background-type":"","background-media":"","overlay-type":"","overlay-color":"","overlay-opacity":"","overlay-gradient":""}},"ast-content-background-meta":{"desktop":{"background-color":"var(--ast-global-color-5)","background-image":"","background-repeat":"repeat","background-position":"center center","background-size":"auto","background-attachment":"scroll","background-type":"","background-media":"","overlay-type":"","overlay-color":"","overlay-opacity":"","overlay-gradient":""},"tablet":{"background-color":"var(--ast-global-color-5)","background-image":"","background-repeat":"repeat","background-position":"center center","background-size":"auto","background-attachment":"scroll","background-type":"","background-media":"","overlay-type":"","overlay-color":"","overlay-opacity":"","overlay-gradient":""},"mobile":{"background-color":"var(--ast-global-color-5)","background-image":"","background-repeat":"repeat","background-position":"center center","background-size":"auto","background-attachment":"scroll","background-type":"","background-media":"","overlay-type":"","overlay-color":"","overlay-opacity":"","overlay-gradient":""}},"footnotes":""},"class_list":["post-2965","page","type-page","status-publish","hentry"],"translation":{"provider":"WPGlobus","version":"3.0.2","language":"en","enabled_languages":["de","en"],"languages":{"de":{"title":true,"content":true,"excerpt":false},"en":{"title":false,"content":false,"excerpt":false}}},"featured_image_urls_v2":{"full":"","thumbnail":"","medium":"","medium_large":"","large":"","1536x1536":"","2048x2048":""},"post_excerpt_stackable_v2":"<p>Verliert die W\u00e4hrung eines Landes nachhaltig an Wert, so kann dies weitreichende Folgen f\u00fcr das Land und die B\u00fcrger haben. Die Nachteile einer abwertenden W\u00e4hrung sind Folgende: Das Inflationsrisiko nimmt zu Das Risiko einer steigenden und unkontrollierbaren Inflation nimmt mit abwertender W\u00e4hrung zu. Durch eine schwache W\u00e4hrung werden n\u00e4mlich die importierten Waren von nun an teurer. M\u00f6chte beispielsweise ein Unternehmen aus Deutschland ein Produkt aus den USA im Wert von $100 importieren, muss es nun eine h\u00f6here Euro-Summe aufwenden, da schlie\u00dflich der Euro an Wert verloren hat. Bei einer Parit\u00e4t (Wechselkurs 1:1) w\u00fcrde das deutsche Unternehmen 100 Euro aufnehmen, daf\u00fcr&hellip;<\/p>\n","category_list_v2":"","author_info_v2":{"name":"PrudentWater","url":"https:\/\/prudentwater.com\/en\/author\/niklas33\/"},"comments_num_v2":"0 comments","_links":{"self":[{"href":"https:\/\/prudentwater.com\/en\/wp-json\/wp\/v2\/pages\/2965","targetHints":{"allow":["GET"]}}],"collection":[{"href":"https:\/\/prudentwater.com\/en\/wp-json\/wp\/v2\/pages"}],"about":[{"href":"https:\/\/prudentwater.com\/en\/wp-json\/wp\/v2\/types\/page"}],"author":[{"embeddable":true,"href":"https:\/\/prudentwater.com\/en\/wp-json\/wp\/v2\/users\/1"}],"replies":[{"embeddable":true,"href":"https:\/\/prudentwater.com\/en\/wp-json\/wp\/v2\/comments?post=2965"}],"version-history":[{"count":0,"href":"https:\/\/prudentwater.com\/en\/wp-json\/wp\/v2\/pages\/2965\/revisions"}],"wp:attachment":[{"href":"https:\/\/prudentwater.com\/en\/wp-json\/wp\/v2\/media?parent=2965"}],"curies":[{"name":"wp","href":"https:\/\/api.w.org\/{rel}","templated":true}]}}