{"id":2980,"date":"2015-03-03T08:22:05","date_gmt":"2015-03-03T08:22:05","guid":{"rendered":"http:\/\/www.kunnskap.de\/?page_id=2980"},"modified":"2022-08-05T17:45:41","modified_gmt":"2022-08-05T15:45:41","slug":"tracking-error","status":"publish","type":"page","link":"https:\/\/prudentwater.com\/en\/tracking-error\/","title":{"rendered":"Tracking Error"},"content":{"rendered":"<p>Auch <b>TE<\/b><\/p>\n\n\n<div class=\"wp-block-stackable-notification is-style-plain stk-block-notification stk-block stk-b3a7798\" data-block-id=\"b3a7798\"><style>.stk-b3a7798{box-shadow:0px 2px 20px rgba(153,153,153,0.2) !important}.stk-b3a7798-container{border-radius:20px !important;overflow:hidden !important;box-shadow:0px 10px 60px rgba(0,0,0,0.1) !important}.stk-b3a7798 .stk-block-notification__content{padding-top:32px !important;padding-right:32px !important;padding-bottom:32px !important;padding-left:32px !important}<\/style><div class=\"stk-block-notification__content stk-content-align stk-b3a7798-column stk-container stk-b3a7798-container stk--no-background stk--no-padding\"><div class=\"stk-block-content stk-inner-blocks\">\n<div class=\"wp-block-stackable-heading stk-block-heading stk-block stk-40c06f9\" id=\"strong-zentrale-kernaussagen-strong\" data-block-id=\"40c06f9\"><style>.stk-40c06f9{margin-bottom:15px !important}.stk-40c06f9 .stk-block-heading__text{font-size:17px !important;margin:0 !important;color:#da8611 !important;font-weight:400 !important;letter-spacing:1px !important}@media screen and (max-width:1023px){.stk-40c06f9 .stk-block-heading__text{font-size:17px !important}}<\/style><h2 class=\"stk-block-heading__text has-text-color\"><b>ZENTRALE KERNAUSSAGEN<\/b><\/h2><\/div>\n\n\n\n<ul class=\"has-ast-global-color-8-color has-text-color wp-block-list\" style=\"font-size:16px;font-style:normal;font-weight:500;line-height:2\"><li>Der Tracking Error beschreibt die Abweichung der Wertentwicklung zwischen einem ETF und seinem zugrunde liegenden Referenzindex.<\/li><li>Der Tracking Error liegt in der Praxis so gut wie nie bei 0 %, sondern bleibt in der Regel immer hinter dem Index zur\u00fcck.<\/li><\/ul>\n<\/div><\/div><\/div>\n\n\n<p>Der Tracking Error gibt an, wie stark ein ETF gegen\u00fcber seinem Referenzindex (welchen es eigentlich 1:1 abbilden soll) abweicht. Es handelt sich somit um die j\u00e4hrliche Standardabweichung der Performance zwischen ETF und Referenzindex. Dabei gilt, dass je niedriger der Tracking Error ist, desto genauer bildet der ETF den Index ab. Umgekehrt, je h\u00f6her der Tracking Error ist, desto schlechter wird die Wertentwicklung des zugrunde liegenden Index nachgebildet. Im besten Fall entspricht der Tracking Error der Verwaltungsgeb\u00fchr des ETFs, allerdings wird er oftmals noch durch andere Faktoren beeinflusst. So k\u00f6nnen die Indexanpassungen des Indexanbieters, die einzelnen Dividendenzahlungen der jeweiligen Aktien und die Art der Replikation zu einer Abweichung des ETFs gegen\u00fcber dem Referenzindex f\u00fchren. Um den Tracking Error zu minimieren, nutzen viele ETFs die sogenannte Wertpapierleihe, womit sich zus\u00e4tzlich durch das Verleihen von Wertpapieren Einnahmen erzielen lassen und dadurch ein Teil der Kosten wieder ausgeglichen werden k\u00f6nnen. Der Tracking Error ist in der Regel am geringsten bei einem ETF, welcher die synthetische Replikation verfolgt, wohingegen er bei einem ETF, welcher die physische Replikation verfolgt, h\u00f6her ausf\u00e4llt. Au\u00dferdem gilt, dass umso &#8216;exotischer&#8217; der zugrunde liegende Referenzindex ist, desto h\u00f6her im Allgemeinen auch der Tracking Error.<\/p>","protected":false},"excerpt":{"rendered":"<p>Auch TE ZENTRALE KERNAUSSAGEN Der Tracking Error beschreibt die Abweichung der Wertentwicklung zwischen einem ETF und seinem zugrunde liegenden Referenzindex. Der Tracking Error liegt in der Praxis so gut wie nie bei 0 %, sondern bleibt in der Regel immer hinter dem Index zur\u00fcck. Der Tracking Error gibt an, wie stark ein ETF gegen\u00fcber seinem [&hellip;]<\/p>\n","protected":false},"author":1,"featured_media":0,"parent":0,"menu_order":0,"comment_status":"closed","ping_status":"closed","template":"","meta":{"site-sidebar-layout":"default","site-content-layout":"","ast-site-content-layout":"","site-content-style":"default","site-sidebar-style":"default","ast-global-header-display":"","ast-banner-title-visibility":"","ast-main-header-display":"","ast-hfb-above-header-display":"","ast-hfb-below-header-display":"","ast-hfb-mobile-header-display":"","site-post-title":"","ast-breadcrumbs-content":"","ast-featured-img":"","footer-sml-layout":"","theme-transparent-header-meta":"","adv-header-id-meta":"","stick-header-meta":"","header-above-stick-meta":"","header-main-stick-meta":"","header-below-stick-meta":"","astra-migrate-meta-layouts":"default","ast-page-background-enabled":"default","ast-page-background-meta":{"desktop":{"background-color":"","background-image":"","background-repeat":"repeat","background-position":"center center","background-size":"auto","background-attachment":"scroll","background-type":"","background-media":"","overlay-type":"","overlay-color":"","overlay-opacity":"","overlay-gradient":""},"tablet":{"background-color":"","background-image":"","background-repeat":"repeat","background-position":"center center","background-size":"auto","background-attachment":"scroll","background-type":"","background-media":"","overlay-type":"","overlay-color":"","overlay-opacity":"","overlay-gradient":""},"mobile":{"background-color":"","background-image":"","background-repeat":"repeat","background-position":"center center","background-size":"auto","background-attachment":"scroll","background-type":"","background-media":"","overlay-type":"","overlay-color":"","overlay-opacity":"","overlay-gradient":""}},"ast-content-background-meta":{"desktop":{"background-color":"var(--ast-global-color-5)","background-image":"","background-repeat":"repeat","background-position":"center center","background-size":"auto","background-attachment":"scroll","background-type":"","background-media":"","overlay-type":"","overlay-color":"","overlay-opacity":"","overlay-gradient":""},"tablet":{"background-color":"var(--ast-global-color-5)","background-image":"","background-repeat":"repeat","background-position":"center center","background-size":"auto","background-attachment":"scroll","background-type":"","background-media":"","overlay-type":"","overlay-color":"","overlay-opacity":"","overlay-gradient":""},"mobile":{"background-color":"var(--ast-global-color-5)","background-image":"","background-repeat":"repeat","background-position":"center center","background-size":"auto","background-attachment":"scroll","background-type":"","background-media":"","overlay-type":"","overlay-color":"","overlay-opacity":"","overlay-gradient":""}},"footnotes":""},"class_list":["post-2980","page","type-page","status-publish","hentry"],"translation":{"provider":"WPGlobus","version":"3.0.2","language":"en","enabled_languages":["de","en"],"languages":{"de":{"title":true,"content":true,"excerpt":false},"en":{"title":false,"content":false,"excerpt":false}}},"featured_image_urls_v2":{"full":"","thumbnail":"","medium":"","medium_large":"","large":"","1536x1536":"","2048x2048":""},"post_excerpt_stackable_v2":"<p>Auch TE ZENTRALE KERNAUSSAGEN Der Tracking Error beschreibt die Abweichung der Wertentwicklung zwischen einem ETF und seinem zugrunde liegenden Referenzindex.Der Tracking Error liegt in der Praxis so gut wie nie bei 0 %, sondern bleibt in der Regel immer hinter dem Index zur\u00fcck. Der Tracking Error gibt an, wie stark ein ETF gegen\u00fcber seinem Referenzindex (welchen es eigentlich 1:1 abbilden soll) abweicht. Es handelt sich somit um die j\u00e4hrliche Standardabweichung der Performance zwischen ETF und Referenzindex. Dabei gilt, dass je niedriger der Tracking Error ist, desto genauer bildet der ETF den Index ab. Umgekehrt, je h\u00f6her der Tracking Error ist,&hellip;<\/p>\n","category_list_v2":"","author_info_v2":{"name":"PrudentWater","url":"https:\/\/prudentwater.com\/en\/author\/niklas33\/"},"comments_num_v2":"0 comments","_links":{"self":[{"href":"https:\/\/prudentwater.com\/en\/wp-json\/wp\/v2\/pages\/2980","targetHints":{"allow":["GET"]}}],"collection":[{"href":"https:\/\/prudentwater.com\/en\/wp-json\/wp\/v2\/pages"}],"about":[{"href":"https:\/\/prudentwater.com\/en\/wp-json\/wp\/v2\/types\/page"}],"author":[{"embeddable":true,"href":"https:\/\/prudentwater.com\/en\/wp-json\/wp\/v2\/users\/1"}],"replies":[{"embeddable":true,"href":"https:\/\/prudentwater.com\/en\/wp-json\/wp\/v2\/comments?post=2980"}],"version-history":[{"count":0,"href":"https:\/\/prudentwater.com\/en\/wp-json\/wp\/v2\/pages\/2980\/revisions"}],"wp:attachment":[{"href":"https:\/\/prudentwater.com\/en\/wp-json\/wp\/v2\/media?parent=2980"}],"curies":[{"name":"wp","href":"https:\/\/api.w.org\/{rel}","templated":true}]}}