{"id":2984,"date":"2015-03-03T09:56:22","date_gmt":"2015-03-03T09:56:22","guid":{"rendered":"http:\/\/www.kunnskap.de\/?page_id=2984"},"modified":"2021-06-25T12:50:12","modified_gmt":"2021-06-25T10:50:12","slug":"staatsfonds","status":"publish","type":"page","link":"https:\/\/prudentwater.com\/en\/staatsfonds\/","title":{"rendered":"Staatsfonds"},"content":{"rendered":"<p>engl. <strong>Sovereign Wealth Fund (SWF)<\/strong><\/p>\n<p>Ein Staatsfonds ist ein Investmentfonds, welcher vom jeweiligen Staat verwaltet und gemanagt wird. Das Kapital, welches sich im Fonds befindet, ist Eigentum des Staates, da es Staatseinnahmen sind, die in den Fonds flie\u00dfen. Privatanleger k\u00f6nnen jedoch nicht in den Staatsfonds investieren. Dieser ist auch nicht an der B\u00f6rse gelistet und kann auch nicht mittels ETF nachgebildet werden. Ein Staatsfonds investiert langfristig und dient in erster Linie als zus\u00e4tzliche Einnahmequelle f\u00fcr den Staat, dies bereits in der Gegenwart aber vor allem in der Zukunft. Pr\u00e4sent sind Staatsfonds vor allem von jenen L\u00e4ndern, die heute noch den gr\u00f6\u00dften Teil ihrer Einnahmen durch die \u00d6lf\u00f6rderung erzielen, wie es der Fall f\u00fcr Norwegen oder Saudi Arabien ist. Da es sich dabei jedoch um eine nicht erneuerbare Ressource handelt, versuchen die Regierungen schon heute durch den Staatsfonds eine neue und stabile Einnahmequelle f\u00fcr die in Zukunft wegfallenden \u00d6leinnahmen aufzubauen. Der Staatsfonds soll dann langfristig die vorherigen Geldeinnahmen aus den \u00d6lverk\u00e4ufen ad\u00e4quat ersetzen.<\/p>\n","protected":false},"excerpt":{"rendered":"<p>engl. Sovereign Wealth Fund (SWF) Ein Staatsfonds ist ein Investmentfonds, welcher vom jeweiligen Staat verwaltet und gemanagt wird. Das Kapital, welches sich im Fonds befindet, ist Eigentum des Staates, da es Staatseinnahmen sind, die in den Fonds flie\u00dfen. Privatanleger k\u00f6nnen jedoch nicht in den Staatsfonds investieren. Dieser ist auch nicht an der B\u00f6rse gelistet und [&hellip;]<\/p>\n","protected":false},"author":1,"featured_media":0,"parent":0,"menu_order":0,"comment_status":"closed","ping_status":"closed","template":"","meta":{"site-sidebar-layout":"default","site-content-layout":"","ast-site-content-layout":"","site-content-style":"default","site-sidebar-style":"default","ast-global-header-display":"","ast-banner-title-visibility":"","ast-main-header-display":"","ast-hfb-above-header-display":"","ast-hfb-below-header-display":"","ast-hfb-mobile-header-display":"","site-post-title":"","ast-breadcrumbs-content":"","ast-featured-img":"","footer-sml-layout":"","theme-transparent-header-meta":"","adv-header-id-meta":"","stick-header-meta":"","header-above-stick-meta":"","header-main-stick-meta":"","header-below-stick-meta":"","astra-migrate-meta-layouts":"default","ast-page-background-enabled":"default","ast-page-background-meta":{"desktop":{"background-color":"","background-image":"","background-repeat":"repeat","background-position":"center center","background-size":"auto","background-attachment":"scroll","background-type":"","background-media":"","overlay-type":"","overlay-color":"","overlay-opacity":"","overlay-gradient":""},"tablet":{"background-color":"","background-image":"","background-repeat":"repeat","background-position":"center center","background-size":"auto","background-attachment":"scroll","background-type":"","background-media":"","overlay-type":"","overlay-color":"","overlay-opacity":"","overlay-gradient":""},"mobile":{"background-color":"","background-image":"","background-repeat":"repeat","background-position":"center center","background-size":"auto","background-attachment":"scroll","background-type":"","background-media":"","overlay-type":"","overlay-color":"","overlay-opacity":"","overlay-gradient":""}},"ast-content-background-meta":{"desktop":{"background-color":"var(--ast-global-color-5)","background-image":"","background-repeat":"repeat","background-position":"center center","background-size":"auto","background-attachment":"scroll","background-type":"","background-media":"","overlay-type":"","overlay-color":"","overlay-opacity":"","overlay-gradient":""},"tablet":{"background-color":"var(--ast-global-color-5)","background-image":"","background-repeat":"repeat","background-position":"center center","background-size":"auto","background-attachment":"scroll","background-type":"","background-media":"","overlay-type":"","overlay-color":"","overlay-opacity":"","overlay-gradient":""},"mobile":{"background-color":"var(--ast-global-color-5)","background-image":"","background-repeat":"repeat","background-position":"center center","background-size":"auto","background-attachment":"scroll","background-type":"","background-media":"","overlay-type":"","overlay-color":"","overlay-opacity":"","overlay-gradient":""}},"footnotes":""},"class_list":["post-2984","page","type-page","status-publish","hentry"],"translation":{"provider":"WPGlobus","version":"3.0.2","language":"en","enabled_languages":["de","en"],"languages":{"de":{"title":true,"content":true,"excerpt":false},"en":{"title":false,"content":false,"excerpt":false}}},"featured_image_urls_v2":{"full":"","thumbnail":"","medium":"","medium_large":"","large":"","1536x1536":"","2048x2048":""},"post_excerpt_stackable_v2":"<p>engl. Sovereign Wealth Fund (SWF) Ein Staatsfonds ist ein Investmentfonds, welcher vom jeweiligen Staat verwaltet und gemanagt wird. Das Kapital, welches sich im Fonds befindet, ist Eigentum des Staates, da es Staatseinnahmen sind, die in den Fonds flie\u00dfen. Privatanleger k\u00f6nnen jedoch nicht in den Staatsfonds investieren. Dieser ist auch nicht an der B\u00f6rse gelistet und kann auch nicht mittels ETF nachgebildet werden. Ein Staatsfonds investiert langfristig und dient in erster Linie als zus\u00e4tzliche Einnahmequelle f\u00fcr den Staat, dies bereits in der Gegenwart aber vor allem in der Zukunft. Pr\u00e4sent sind Staatsfonds vor allem von jenen L\u00e4ndern, die heute noch den&hellip;<\/p>\n","category_list_v2":"","author_info_v2":{"name":"PrudentWater","url":"https:\/\/prudentwater.com\/en\/author\/niklas33\/"},"comments_num_v2":"0 comments","_links":{"self":[{"href":"https:\/\/prudentwater.com\/en\/wp-json\/wp\/v2\/pages\/2984","targetHints":{"allow":["GET"]}}],"collection":[{"href":"https:\/\/prudentwater.com\/en\/wp-json\/wp\/v2\/pages"}],"about":[{"href":"https:\/\/prudentwater.com\/en\/wp-json\/wp\/v2\/types\/page"}],"author":[{"embeddable":true,"href":"https:\/\/prudentwater.com\/en\/wp-json\/wp\/v2\/users\/1"}],"replies":[{"embeddable":true,"href":"https:\/\/prudentwater.com\/en\/wp-json\/wp\/v2\/comments?post=2984"}],"version-history":[{"count":0,"href":"https:\/\/prudentwater.com\/en\/wp-json\/wp\/v2\/pages\/2984\/revisions"}],"wp:attachment":[{"href":"https:\/\/prudentwater.com\/en\/wp-json\/wp\/v2\/media?parent=2984"}],"curies":[{"name":"wp","href":"https:\/\/api.w.org\/{rel}","templated":true}]}}