{"id":2987,"date":"2015-03-04T19:50:27","date_gmt":"2015-03-04T19:50:27","guid":{"rendered":"http:\/\/www.kunnskap.de\/?page_id=2987"},"modified":"2021-06-25T12:49:37","modified_gmt":"2021-06-25T10:49:37","slug":"negativerklarung","status":"publish","type":"page","link":"https:\/\/prudentwater.com\/en\/negativerklarung\/","title":{"rendered":"Negativerkl\u00e4rung"},"content":{"rendered":"<p>engl. <strong>Negative Nledge<\/strong><\/p>\n<p>Die Negativerkl\u00e4rung ist eine von mehreren m\u00f6glichen Covenants in Anleihenbedienungen oder Kreditvertr\u00e4gen.<br \/>\nDie Klausel verbietet es dem Schuldner der Anleihe bei sp\u00e4teren Kreditaufnahmen den neuen Schuldnern andere Sicherheiten zu gew\u00e4hren, ohne diese auch nicht den Gl\u00e4ubigern der aktuellen Anleihe zu gew\u00e4hren. Im Falle einer Neuverschuldung muss der Emittent den alten Gl\u00e4ubigern somit die gleichen Kreditsicherheiten anbieten. Zweck ist es, die Position des alten Gl\u00e4ubigers im Insolvenzfall nicht zu verschlechtern. Falls doch h\u00e4tte der neue Gl\u00e4ubiger im Insolvenzfall einen Vorteil gegen\u00fcber dem alten Gl\u00e4ubiger.<\/p>\n","protected":false},"excerpt":{"rendered":"<p>engl. Negative Nledge Die Negativerkl\u00e4rung ist eine von mehreren m\u00f6glichen Covenants in Anleihenbedienungen oder Kreditvertr\u00e4gen. Die Klausel verbietet es dem Schuldner der Anleihe bei sp\u00e4teren Kreditaufnahmen den neuen Schuldnern andere Sicherheiten zu gew\u00e4hren, ohne diese auch nicht den Gl\u00e4ubigern der aktuellen Anleihe zu gew\u00e4hren. Im Falle einer Neuverschuldung muss der Emittent den alten Gl\u00e4ubigern somit [&hellip;]<\/p>\n","protected":false},"author":1,"featured_media":0,"parent":0,"menu_order":0,"comment_status":"closed","ping_status":"closed","template":"","meta":{"site-sidebar-layout":"default","site-content-layout":"","ast-site-content-layout":"","site-content-style":"default","site-sidebar-style":"default","ast-global-header-display":"","ast-banner-title-visibility":"","ast-main-header-display":"","ast-hfb-above-header-display":"","ast-hfb-below-header-display":"","ast-hfb-mobile-header-display":"","site-post-title":"","ast-breadcrumbs-content":"","ast-featured-img":"","footer-sml-layout":"","theme-transparent-header-meta":"","adv-header-id-meta":"","stick-header-meta":"","header-above-stick-meta":"","header-main-stick-meta":"","header-below-stick-meta":"","astra-migrate-meta-layouts":"default","ast-page-background-enabled":"default","ast-page-background-meta":{"desktop":{"background-color":"","background-image":"","background-repeat":"repeat","background-position":"center center","background-size":"auto","background-attachment":"scroll","background-type":"","background-media":"","overlay-type":"","overlay-color":"","overlay-opacity":"","overlay-gradient":""},"tablet":{"background-color":"","background-image":"","background-repeat":"repeat","background-position":"center center","background-size":"auto","background-attachment":"scroll","background-type":"","background-media":"","overlay-type":"","overlay-color":"","overlay-opacity":"","overlay-gradient":""},"mobile":{"background-color":"","background-image":"","background-repeat":"repeat","background-position":"center center","background-size":"auto","background-attachment":"scroll","background-type":"","background-media":"","overlay-type":"","overlay-color":"","overlay-opacity":"","overlay-gradient":""}},"ast-content-background-meta":{"desktop":{"background-color":"var(--ast-global-color-5)","background-image":"","background-repeat":"repeat","background-position":"center center","background-size":"auto","background-attachment":"scroll","background-type":"","background-media":"","overlay-type":"","overlay-color":"","overlay-opacity":"","overlay-gradient":""},"tablet":{"background-color":"var(--ast-global-color-5)","background-image":"","background-repeat":"repeat","background-position":"center center","background-size":"auto","background-attachment":"scroll","background-type":"","background-media":"","overlay-type":"","overlay-color":"","overlay-opacity":"","overlay-gradient":""},"mobile":{"background-color":"var(--ast-global-color-5)","background-image":"","background-repeat":"repeat","background-position":"center center","background-size":"auto","background-attachment":"scroll","background-type":"","background-media":"","overlay-type":"","overlay-color":"","overlay-opacity":"","overlay-gradient":""}},"footnotes":""},"class_list":["post-2987","page","type-page","status-publish","hentry"],"translation":{"provider":"WPGlobus","version":"3.0.2","language":"en","enabled_languages":["de","en"],"languages":{"de":{"title":true,"content":true,"excerpt":false},"en":{"title":false,"content":false,"excerpt":false}}},"featured_image_urls_v2":{"full":"","thumbnail":"","medium":"","medium_large":"","large":"","1536x1536":"","2048x2048":""},"post_excerpt_stackable_v2":"<p>engl. Negative Nledge Die Negativerkl\u00e4rung ist eine von mehreren m\u00f6glichen Covenants in Anleihenbedienungen oder Kreditvertr\u00e4gen. Die Klausel verbietet es dem Schuldner der Anleihe bei sp\u00e4teren Kreditaufnahmen den neuen Schuldnern andere Sicherheiten zu gew\u00e4hren, ohne diese auch nicht den Gl\u00e4ubigern der aktuellen Anleihe zu gew\u00e4hren. Im Falle einer Neuverschuldung muss der Emittent den alten Gl\u00e4ubigern somit die gleichen Kreditsicherheiten anbieten. Zweck ist es, die Position des alten Gl\u00e4ubigers im Insolvenzfall nicht zu verschlechtern. Falls doch h\u00e4tte der neue Gl\u00e4ubiger im Insolvenzfall einen Vorteil gegen\u00fcber dem alten Gl\u00e4ubiger.<\/p>\n","category_list_v2":"","author_info_v2":{"name":"PrudentWater","url":"https:\/\/prudentwater.com\/en\/author\/niklas33\/"},"comments_num_v2":"0 comments","_links":{"self":[{"href":"https:\/\/prudentwater.com\/en\/wp-json\/wp\/v2\/pages\/2987","targetHints":{"allow":["GET"]}}],"collection":[{"href":"https:\/\/prudentwater.com\/en\/wp-json\/wp\/v2\/pages"}],"about":[{"href":"https:\/\/prudentwater.com\/en\/wp-json\/wp\/v2\/types\/page"}],"author":[{"embeddable":true,"href":"https:\/\/prudentwater.com\/en\/wp-json\/wp\/v2\/users\/1"}],"replies":[{"embeddable":true,"href":"https:\/\/prudentwater.com\/en\/wp-json\/wp\/v2\/comments?post=2987"}],"version-history":[{"count":0,"href":"https:\/\/prudentwater.com\/en\/wp-json\/wp\/v2\/pages\/2987\/revisions"}],"wp:attachment":[{"href":"https:\/\/prudentwater.com\/en\/wp-json\/wp\/v2\/media?parent=2987"}],"curies":[{"name":"wp","href":"https:\/\/api.w.org\/{rel}","templated":true}]}}