{"id":300,"date":"2014-08-19T22:46:38","date_gmt":"2014-08-19T22:46:38","guid":{"rendered":"http:\/\/www.kunnskap.de\/?page_id=300"},"modified":"2022-01-22T22:42:11","modified_gmt":"2022-01-22T21:42:11","slug":"geldkurs","status":"publish","type":"page","link":"https:\/\/prudentwater.com\/en\/geldkurs\/","title":{"rendered":"Geldkurs"},"content":{"rendered":"<p>Auch <strong>Ankaufskurs<\/strong><br \/>\nengl. <strong>Bid<\/strong><\/p>\n<p>Der Geldkurs ist der Preis, zu dem der potenzielle K\u00e4ufer aktuell bereit ist, ein Wertpapier zu kaufen. Der Geldkurs wird also vom gewillten K\u00e4ufer bereitgestellt und ist der Preis, zu dem er bereit ist, das entsprechende Wertpapier zu kaufen. Zu diesem Kurs bestand also eine Nachfrage, jedoch kein Angebot, da kein potenzieller Verk\u00e4ufer bereit war, zu diesem Kurs seine Wertpapiere zu verkaufen. Potenzielle Verk\u00e4ufer verlangen zu diesem Zeitpunkt einen h\u00f6heren Preis f\u00fcr das Wertpapier, was sich dann in einem Briefkurs widerspiegelt, welcher \u00fcber dem Geldkurs liegt. Dies ist der Grund, warum es zu einer Differenz zwischen Geldkurs und Briefkurs kommt, welche dann als Spread bezeichnet wird.<\/p>\n","protected":false},"excerpt":{"rendered":"<p>Auch Ankaufskurs engl. Bid Der Geldkurs ist der Preis, zu dem der potenzielle K\u00e4ufer aktuell bereit ist, ein Wertpapier zu kaufen. Der Geldkurs wird also vom gewillten K\u00e4ufer bereitgestellt und ist der Preis, zu dem er bereit ist, das entsprechende Wertpapier zu kaufen. Zu diesem Kurs bestand also eine Nachfrage, jedoch kein Angebot, da kein [&hellip;]<\/p>\n","protected":false},"author":1,"featured_media":0,"parent":0,"menu_order":0,"comment_status":"closed","ping_status":"closed","template":"","meta":{"site-sidebar-layout":"default","site-content-layout":"","ast-site-content-layout":"","site-content-style":"default","site-sidebar-style":"default","ast-global-header-display":"","ast-banner-title-visibility":"","ast-main-header-display":"","ast-hfb-above-header-display":"","ast-hfb-below-header-display":"","ast-hfb-mobile-header-display":"","site-post-title":"","ast-breadcrumbs-content":"","ast-featured-img":"","footer-sml-layout":"","theme-transparent-header-meta":"","adv-header-id-meta":"","stick-header-meta":"","header-above-stick-meta":"","header-main-stick-meta":"","header-below-stick-meta":"","astra-migrate-meta-layouts":"default","ast-page-background-enabled":"default","ast-page-background-meta":{"desktop":{"background-color":"","background-image":"","background-repeat":"repeat","background-position":"center center","background-size":"auto","background-attachment":"scroll","background-type":"","background-media":"","overlay-type":"","overlay-color":"","overlay-opacity":"","overlay-gradient":""},"tablet":{"background-color":"","background-image":"","background-repeat":"repeat","background-position":"center center","background-size":"auto","background-attachment":"scroll","background-type":"","background-media":"","overlay-type":"","overlay-color":"","overlay-opacity":"","overlay-gradient":""},"mobile":{"background-color":"","background-image":"","background-repeat":"repeat","background-position":"center center","background-size":"auto","background-attachment":"scroll","background-type":"","background-media":"","overlay-type":"","overlay-color":"","overlay-opacity":"","overlay-gradient":""}},"ast-content-background-meta":{"desktop":{"background-color":"var(--ast-global-color-5)","background-image":"","background-repeat":"repeat","background-position":"center center","background-size":"auto","background-attachment":"scroll","background-type":"","background-media":"","overlay-type":"","overlay-color":"","overlay-opacity":"","overlay-gradient":""},"tablet":{"background-color":"var(--ast-global-color-5)","background-image":"","background-repeat":"repeat","background-position":"center center","background-size":"auto","background-attachment":"scroll","background-type":"","background-media":"","overlay-type":"","overlay-color":"","overlay-opacity":"","overlay-gradient":""},"mobile":{"background-color":"var(--ast-global-color-5)","background-image":"","background-repeat":"repeat","background-position":"center center","background-size":"auto","background-attachment":"scroll","background-type":"","background-media":"","overlay-type":"","overlay-color":"","overlay-opacity":"","overlay-gradient":""}},"footnotes":""},"class_list":["post-300","page","type-page","status-publish","hentry"],"translation":{"provider":"WPGlobus","version":"3.0.2","language":"en","enabled_languages":["de","en"],"languages":{"de":{"title":true,"content":true,"excerpt":false},"en":{"title":false,"content":false,"excerpt":false}}},"featured_image_urls_v2":{"full":"","thumbnail":"","medium":"","medium_large":"","large":"","1536x1536":"","2048x2048":""},"post_excerpt_stackable_v2":"<p>Auch Ankaufskurs engl. Bid Der Geldkurs ist der Preis, zu dem der potenzielle K\u00e4ufer aktuell bereit ist, ein Wertpapier zu kaufen. Der Geldkurs wird also vom gewillten K\u00e4ufer bereitgestellt und ist der Preis, zu dem er bereit ist, das entsprechende Wertpapier zu kaufen. Zu diesem Kurs bestand also eine Nachfrage, jedoch kein Angebot, da kein potenzieller Verk\u00e4ufer bereit war, zu diesem Kurs seine Wertpapiere zu verkaufen. Potenzielle Verk\u00e4ufer verlangen zu diesem Zeitpunkt einen h\u00f6heren Preis f\u00fcr das Wertpapier, was sich dann in einem Briefkurs widerspiegelt, welcher \u00fcber dem Geldkurs liegt. Dies ist der Grund, warum es zu einer Differenz zwischen&hellip;<\/p>\n","category_list_v2":"","author_info_v2":{"name":"PrudentWater","url":"https:\/\/prudentwater.com\/en\/author\/niklas33\/"},"comments_num_v2":"0 comments","_links":{"self":[{"href":"https:\/\/prudentwater.com\/en\/wp-json\/wp\/v2\/pages\/300","targetHints":{"allow":["GET"]}}],"collection":[{"href":"https:\/\/prudentwater.com\/en\/wp-json\/wp\/v2\/pages"}],"about":[{"href":"https:\/\/prudentwater.com\/en\/wp-json\/wp\/v2\/types\/page"}],"author":[{"embeddable":true,"href":"https:\/\/prudentwater.com\/en\/wp-json\/wp\/v2\/users\/1"}],"replies":[{"embeddable":true,"href":"https:\/\/prudentwater.com\/en\/wp-json\/wp\/v2\/comments?post=300"}],"version-history":[{"count":0,"href":"https:\/\/prudentwater.com\/en\/wp-json\/wp\/v2\/pages\/300\/revisions"}],"wp:attachment":[{"href":"https:\/\/prudentwater.com\/en\/wp-json\/wp\/v2\/media?parent=300"}],"curies":[{"name":"wp","href":"https:\/\/api.w.org\/{rel}","templated":true}]}}