{"id":3009,"date":"2015-03-05T23:00:38","date_gmt":"2015-03-05T23:00:38","guid":{"rendered":"http:\/\/www.kunnskap.de\/?page_id=3009"},"modified":"2021-06-25T12:49:33","modified_gmt":"2021-06-25T10:49:33","slug":"knock-out-zertifikat","status":"publish","type":"page","link":"https:\/\/prudentwater.com\/en\/knock-out-zertifikat\/","title":{"rendered":"Knock-out-Zertifikat"},"content":{"rendered":"<p>Auch <strong>Turbo-Optionsschein<\/strong>, <strong>Mini Future Zertifikat<\/strong> oder <strong>Turbo-Zertifikat<\/strong><\/p>\n<p>Ein Knock-out-Zertifikat ist ein Hebelprodukt, mit dem \u00fcberproportional auf fallende oder auf steigende Kurse spekuliert werden kann. Dem Knock-out-Schein liegt immer ein Basiswert zugrunde. Die Entwicklung des Knock-outs richtet sich somit stets an die Entwicklung des Basiswertes. Unterschreitet (Call-Zertifikat) oder \u00fcberschreitet (Put-Zertifikat) der Basiswert eine vorher festgelegte Schwelle, wird das Zertifikat wertlos. Teilweise kann der Emittent beim Knock-Out-Ereignis einen Restbetrag zur\u00fcckzahlen. Daf\u00fcr sorgt die Stopp-Loss-Schwelle, welche bereits wenige Prozentpunkte vor der eigentlichen Knock-out-Schwelle liegt. Wird die Stopp-Loss-Schwelle erreicht, wird das Zertifikat vom Handel entfernt und der Anleger erh\u00e4lt einen minimalen Restbetrag zur\u00fcck. Auch zu wissen ist, dass je mehr sich der Schein der Schwelle n\u00e4hert, desto gr\u00f6\u00dfer wird der Hebel und desto st\u00e4rker die Kursschwankungen des Knock-out-Zertifikates.<\/p>\n<p>Knock-outs k\u00f6nnen ohne Laufzeitbegrenzung (open end) oder mit Laufzeitbegrenzung ausgestattet sein.<br \/>\nUm die Kosten zu decken, passt der Emittent die Knock-out-Schwelle bei Knock-outs ohne Laufzeitbegrenzung an. Bei Call-Scheinen wird die Schwelle schrittweise erh\u00f6ht, bei Put-Scheinen gesenkt. Die Erh\u00f6hung \/ Senkung findet nach einem geregelten Prinzip des Emittenten statt, welches auf seiner Internetpr\u00e4senz angegeben werden muss.<br \/>\nIm Gegensatz zu einem Optionsschein bieten Knock-out-Zertifikate konstantere, wenn auch sich ver\u00e4ndernde Hebel und eine quasi fehlende Volatilit\u00e4t. Die Kursentwicklung des Basiswertes wird somit nahezu 1:1 nachgebildet. Die fehlende Volatilit\u00e4t muss jedoch nicht immer ein Vorteil sein. So kann der Preis des Optionsscheines bei zunehmender Volatilit\u00e4t steigen, auch wenn sich der Kurs nicht ver\u00e4ndert. Das Knock-out-Zertifikat erzielt in diesem Fall keine Kurssteigerungen. <\/p>\n","protected":false},"excerpt":{"rendered":"<p>Auch Turbo-Optionsschein, Mini Future Zertifikat oder Turbo-Zertifikat Ein Knock-out-Zertifikat ist ein Hebelprodukt, mit dem \u00fcberproportional auf fallende oder auf steigende Kurse spekuliert werden kann. Dem Knock-out-Schein liegt immer ein Basiswert zugrunde. Die Entwicklung des Knock-outs richtet sich somit stets an die Entwicklung des Basiswertes. Unterschreitet (Call-Zertifikat) oder \u00fcberschreitet (Put-Zertifikat) der Basiswert eine vorher festgelegte Schwelle, [&hellip;]<\/p>\n","protected":false},"author":1,"featured_media":0,"parent":0,"menu_order":0,"comment_status":"closed","ping_status":"closed","template":"","meta":{"site-sidebar-layout":"default","site-content-layout":"","ast-site-content-layout":"","site-content-style":"default","site-sidebar-style":"default","ast-global-header-display":"","ast-banner-title-visibility":"","ast-main-header-display":"","ast-hfb-above-header-display":"","ast-hfb-below-header-display":"","ast-hfb-mobile-header-display":"","site-post-title":"","ast-breadcrumbs-content":"","ast-featured-img":"","footer-sml-layout":"","theme-transparent-header-meta":"","adv-header-id-meta":"","stick-header-meta":"","header-above-stick-meta":"","header-main-stick-meta":"","header-below-stick-meta":"","astra-migrate-meta-layouts":"default","ast-page-background-enabled":"default","ast-page-background-meta":{"desktop":{"background-color":"","background-image":"","background-repeat":"repeat","background-position":"center center","background-size":"auto","background-attachment":"scroll","background-type":"","background-media":"","overlay-type":"","overlay-color":"","overlay-opacity":"","overlay-gradient":""},"tablet":{"background-color":"","background-image":"","background-repeat":"repeat","background-position":"center center","background-size":"auto","background-attachment":"scroll","background-type":"","background-media":"","overlay-type":"","overlay-color":"","overlay-opacity":"","overlay-gradient":""},"mobile":{"background-color":"","background-image":"","background-repeat":"repeat","background-position":"center center","background-size":"auto","background-attachment":"scroll","background-type":"","background-media":"","overlay-type":"","overlay-color":"","overlay-opacity":"","overlay-gradient":""}},"ast-content-background-meta":{"desktop":{"background-color":"var(--ast-global-color-5)","background-image":"","background-repeat":"repeat","background-position":"center center","background-size":"auto","background-attachment":"scroll","background-type":"","background-media":"","overlay-type":"","overlay-color":"","overlay-opacity":"","overlay-gradient":""},"tablet":{"background-color":"var(--ast-global-color-5)","background-image":"","background-repeat":"repeat","background-position":"center center","background-size":"auto","background-attachment":"scroll","background-type":"","background-media":"","overlay-type":"","overlay-color":"","overlay-opacity":"","overlay-gradient":""},"mobile":{"background-color":"var(--ast-global-color-5)","background-image":"","background-repeat":"repeat","background-position":"center center","background-size":"auto","background-attachment":"scroll","background-type":"","background-media":"","overlay-type":"","overlay-color":"","overlay-opacity":"","overlay-gradient":""}},"footnotes":""},"class_list":["post-3009","page","type-page","status-publish","hentry"],"translation":{"provider":"WPGlobus","version":"3.0.2","language":"en","enabled_languages":["de","en"],"languages":{"de":{"title":true,"content":true,"excerpt":false},"en":{"title":false,"content":false,"excerpt":false}}},"featured_image_urls_v2":{"full":"","thumbnail":"","medium":"","medium_large":"","large":"","1536x1536":"","2048x2048":""},"post_excerpt_stackable_v2":"<p>Auch Turbo-Optionsschein, Mini Future Zertifikat oder Turbo-Zertifikat Ein Knock-out-Zertifikat ist ein Hebelprodukt, mit dem \u00fcberproportional auf fallende oder auf steigende Kurse spekuliert werden kann. Dem Knock-out-Schein liegt immer ein Basiswert zugrunde. Die Entwicklung des Knock-outs richtet sich somit stets an die Entwicklung des Basiswertes. Unterschreitet (Call-Zertifikat) oder \u00fcberschreitet (Put-Zertifikat) der Basiswert eine vorher festgelegte Schwelle, wird das Zertifikat wertlos. Teilweise kann der Emittent beim Knock-Out-Ereignis einen Restbetrag zur\u00fcckzahlen. Daf\u00fcr sorgt die Stopp-Loss-Schwelle, welche bereits wenige Prozentpunkte vor der eigentlichen Knock-out-Schwelle liegt. Wird die Stopp-Loss-Schwelle erreicht, wird das Zertifikat vom Handel entfernt und der Anleger erh\u00e4lt einen minimalen Restbetrag zur\u00fcck. Auch&hellip;<\/p>\n","category_list_v2":"","author_info_v2":{"name":"PrudentWater","url":"https:\/\/prudentwater.com\/en\/author\/niklas33\/"},"comments_num_v2":"0 comments","_links":{"self":[{"href":"https:\/\/prudentwater.com\/en\/wp-json\/wp\/v2\/pages\/3009","targetHints":{"allow":["GET"]}}],"collection":[{"href":"https:\/\/prudentwater.com\/en\/wp-json\/wp\/v2\/pages"}],"about":[{"href":"https:\/\/prudentwater.com\/en\/wp-json\/wp\/v2\/types\/page"}],"author":[{"embeddable":true,"href":"https:\/\/prudentwater.com\/en\/wp-json\/wp\/v2\/users\/1"}],"replies":[{"embeddable":true,"href":"https:\/\/prudentwater.com\/en\/wp-json\/wp\/v2\/comments?post=3009"}],"version-history":[{"count":0,"href":"https:\/\/prudentwater.com\/en\/wp-json\/wp\/v2\/pages\/3009\/revisions"}],"wp:attachment":[{"href":"https:\/\/prudentwater.com\/en\/wp-json\/wp\/v2\/media?parent=3009"}],"curies":[{"name":"wp","href":"https:\/\/api.w.org\/{rel}","templated":true}]}}