{"id":3019,"date":"2015-03-06T09:38:53","date_gmt":"2015-03-06T09:38:53","guid":{"rendered":"http:\/\/www.kunnskap.de\/?page_id=3019"},"modified":"2021-06-25T12:49:03","modified_gmt":"2021-06-25T10:49:03","slug":"going-private","status":"publish","type":"page","link":"https:\/\/prudentwater.com\/en\/going-private\/","title":{"rendered":"Going Private"},"content":{"rendered":"<p>Auch <strong>Delisting<\/strong><\/p>\n<p>Bei einem Going Private verl\u00e4sst eine Aktiengesellschaft die B\u00f6rse. Das Unternehmen ist hinterher an keiner B\u00f6rse mehr gelistet und dementsprechend werden die Aktien auch nicht mehr gehandelt. Das Unternehmen wird anschlie\u00dfend privat weitergef\u00fchrt. Von dem Unternehmen ausgegebene Anleihen k\u00f6nnen jedoch weiterhin an der B\u00f6rse gehandelt werden. Die Vorteile eines Going Private liegen in der Kostenreduzierung, da eine B\u00f6rsennotierung auch stets mit j\u00e4hrlich anfallenden Kosten verbunden ist sowie mit verpflichtenden regulatorischen Anforderungen, welche von der Aktiengesellschaft erf\u00fcllt werden m\u00fcssen. Ein weiterer Grund eines Going Private kann aber auch der zunehmende Druck ausgehend von Gro\u00dfinvestoren und institutionellen Anlegern auf die Aktiengesellschaft sein, welche kurzfristige Ma\u00dfnahmen wie h\u00f6here Dividendenzahlungen oder Aktienr\u00fcckk\u00e4ufe zum Zwecke der Aktienkurssteigerung fordern. Diese kurzfristigen Ma\u00dfnahmen dienen oftmals jedoch nicht der langfristigen und nachhaltigen Profitabilit\u00e4t des Unternehmens, weshalb Meinungsverschiedenheiten in Bezug auf die Gewinnaussch\u00fcttungspolitik gelegentlich auch der Grund eines Going Private ist.<\/p>\n","protected":false},"excerpt":{"rendered":"<p>Auch Delisting Bei einem Going Private verl\u00e4sst eine Aktiengesellschaft die B\u00f6rse. Das Unternehmen ist hinterher an keiner B\u00f6rse mehr gelistet und dementsprechend werden die Aktien auch nicht mehr gehandelt. Das Unternehmen wird anschlie\u00dfend privat weitergef\u00fchrt. Von dem Unternehmen ausgegebene Anleihen k\u00f6nnen jedoch weiterhin an der B\u00f6rse gehandelt werden. Die Vorteile eines Going Private liegen in [&hellip;]<\/p>\n","protected":false},"author":1,"featured_media":0,"parent":0,"menu_order":0,"comment_status":"closed","ping_status":"closed","template":"","meta":{"site-sidebar-layout":"default","site-content-layout":"","ast-site-content-layout":"","site-content-style":"default","site-sidebar-style":"default","ast-global-header-display":"","ast-banner-title-visibility":"","ast-main-header-display":"","ast-hfb-above-header-display":"","ast-hfb-below-header-display":"","ast-hfb-mobile-header-display":"","site-post-title":"","ast-breadcrumbs-content":"","ast-featured-img":"","footer-sml-layout":"","theme-transparent-header-meta":"","adv-header-id-meta":"","stick-header-meta":"","header-above-stick-meta":"","header-main-stick-meta":"","header-below-stick-meta":"","astra-migrate-meta-layouts":"default","ast-page-background-enabled":"default","ast-page-background-meta":{"desktop":{"background-color":"","background-image":"","background-repeat":"repeat","background-position":"center center","background-size":"auto","background-attachment":"scroll","background-type":"","background-media":"","overlay-type":"","overlay-color":"","overlay-opacity":"","overlay-gradient":""},"tablet":{"background-color":"","background-image":"","background-repeat":"repeat","background-position":"center center","background-size":"auto","background-attachment":"scroll","background-type":"","background-media":"","overlay-type":"","overlay-color":"","overlay-opacity":"","overlay-gradient":""},"mobile":{"background-color":"","background-image":"","background-repeat":"repeat","background-position":"center center","background-size":"auto","background-attachment":"scroll","background-type":"","background-media":"","overlay-type":"","overlay-color":"","overlay-opacity":"","overlay-gradient":""}},"ast-content-background-meta":{"desktop":{"background-color":"var(--ast-global-color-5)","background-image":"","background-repeat":"repeat","background-position":"center center","background-size":"auto","background-attachment":"scroll","background-type":"","background-media":"","overlay-type":"","overlay-color":"","overlay-opacity":"","overlay-gradient":""},"tablet":{"background-color":"var(--ast-global-color-5)","background-image":"","background-repeat":"repeat","background-position":"center center","background-size":"auto","background-attachment":"scroll","background-type":"","background-media":"","overlay-type":"","overlay-color":"","overlay-opacity":"","overlay-gradient":""},"mobile":{"background-color":"var(--ast-global-color-5)","background-image":"","background-repeat":"repeat","background-position":"center center","background-size":"auto","background-attachment":"scroll","background-type":"","background-media":"","overlay-type":"","overlay-color":"","overlay-opacity":"","overlay-gradient":""}},"footnotes":""},"class_list":["post-3019","page","type-page","status-publish","hentry"],"translation":{"provider":"WPGlobus","version":"3.0.2","language":"en","enabled_languages":["de","en"],"languages":{"de":{"title":true,"content":true,"excerpt":false},"en":{"title":false,"content":false,"excerpt":false}}},"featured_image_urls_v2":{"full":"","thumbnail":"","medium":"","medium_large":"","large":"","1536x1536":"","2048x2048":""},"post_excerpt_stackable_v2":"<p>Auch Delisting Bei einem Going Private verl\u00e4sst eine Aktiengesellschaft die B\u00f6rse. Das Unternehmen ist hinterher an keiner B\u00f6rse mehr gelistet und dementsprechend werden die Aktien auch nicht mehr gehandelt. Das Unternehmen wird anschlie\u00dfend privat weitergef\u00fchrt. Von dem Unternehmen ausgegebene Anleihen k\u00f6nnen jedoch weiterhin an der B\u00f6rse gehandelt werden. Die Vorteile eines Going Private liegen in der Kostenreduzierung, da eine B\u00f6rsennotierung auch stets mit j\u00e4hrlich anfallenden Kosten verbunden ist sowie mit verpflichtenden regulatorischen Anforderungen, welche von der Aktiengesellschaft erf\u00fcllt werden m\u00fcssen. Ein weiterer Grund eines Going Private kann aber auch der zunehmende Druck ausgehend von Gro\u00dfinvestoren und institutionellen Anlegern auf die&hellip;<\/p>\n","category_list_v2":"","author_info_v2":{"name":"PrudentWater","url":"https:\/\/prudentwater.com\/en\/author\/niklas33\/"},"comments_num_v2":"0 comments","_links":{"self":[{"href":"https:\/\/prudentwater.com\/en\/wp-json\/wp\/v2\/pages\/3019","targetHints":{"allow":["GET"]}}],"collection":[{"href":"https:\/\/prudentwater.com\/en\/wp-json\/wp\/v2\/pages"}],"about":[{"href":"https:\/\/prudentwater.com\/en\/wp-json\/wp\/v2\/types\/page"}],"author":[{"embeddable":true,"href":"https:\/\/prudentwater.com\/en\/wp-json\/wp\/v2\/users\/1"}],"replies":[{"embeddable":true,"href":"https:\/\/prudentwater.com\/en\/wp-json\/wp\/v2\/comments?post=3019"}],"version-history":[{"count":0,"href":"https:\/\/prudentwater.com\/en\/wp-json\/wp\/v2\/pages\/3019\/revisions"}],"wp:attachment":[{"href":"https:\/\/prudentwater.com\/en\/wp-json\/wp\/v2\/media?parent=3019"}],"curies":[{"name":"wp","href":"https:\/\/api.w.org\/{rel}","templated":true}]}}