{"id":3058,"date":"2015-03-16T10:20:08","date_gmt":"2015-03-16T10:20:08","guid":{"rendered":"http:\/\/www.kunnskap.de\/?page_id=3058"},"modified":"2021-06-25T12:49:36","modified_gmt":"2021-06-25T10:49:36","slug":"mundelsichere-geldanlage","status":"publish","type":"page","link":"https:\/\/prudentwater.com\/en\/mundelsichere-geldanlage\/","title":{"rendered":"M\u00fcndelsichere Geldanlage"},"content":{"rendered":"<p>Eine m\u00fcndelsichere Geldanlage ist praktisch vor Wertverlusten gesch\u00fctzt. Somit kann dem Anleger theoretisch bei m\u00fcndelsicheren Anlagen kein Verlust entstehen. M\u00fcndelsichere Geldanlagen gelten als \u00e4u\u00dferst sicher, eine 100-prozentige Sicherheit vor Wertverlusten kann jedoch nicht garantiert werden. Geldanlagen in Deutschland d\u00fcrfen nur dann als m\u00fcndelsicher bezeichnet werden, wenn ausgeschlossen werden kann, dass der Anleger bei der Anlage einen Verlust erleidet. Sind Einlagen auf einer Bank durch die Einlagensicherung abgesichert, gelten sie als m\u00fcndelsicher. Wirbt jedoch ein Investmentfonds hingegen mit dem Begriff &#8216;m\u00fcndelsicher&#8217;, so sind Wertverluste m\u00f6glich, da es sich oftmals um erlaubte Werbema\u00dfnahmen handelt.<\/p>\n","protected":false},"excerpt":{"rendered":"<p>Eine m\u00fcndelsichere Geldanlage ist praktisch vor Wertverlusten gesch\u00fctzt. Somit kann dem Anleger theoretisch bei m\u00fcndelsicheren Anlagen kein Verlust entstehen. M\u00fcndelsichere Geldanlagen gelten als \u00e4u\u00dferst sicher, eine 100-prozentige Sicherheit vor Wertverlusten kann jedoch nicht garantiert werden. Geldanlagen in Deutschland d\u00fcrfen nur dann als m\u00fcndelsicher bezeichnet werden, wenn ausgeschlossen werden kann, dass der Anleger bei der Anlage [&hellip;]<\/p>\n","protected":false},"author":1,"featured_media":0,"parent":0,"menu_order":0,"comment_status":"closed","ping_status":"closed","template":"","meta":{"site-sidebar-layout":"default","site-content-layout":"","ast-site-content-layout":"","site-content-style":"default","site-sidebar-style":"default","ast-global-header-display":"","ast-banner-title-visibility":"","ast-main-header-display":"","ast-hfb-above-header-display":"","ast-hfb-below-header-display":"","ast-hfb-mobile-header-display":"","site-post-title":"","ast-breadcrumbs-content":"","ast-featured-img":"","footer-sml-layout":"","theme-transparent-header-meta":"","adv-header-id-meta":"","stick-header-meta":"","header-above-stick-meta":"","header-main-stick-meta":"","header-below-stick-meta":"","astra-migrate-meta-layouts":"default","ast-page-background-enabled":"default","ast-page-background-meta":{"desktop":{"background-color":"","background-image":"","background-repeat":"repeat","background-position":"center center","background-size":"auto","background-attachment":"scroll","background-type":"","background-media":"","overlay-type":"","overlay-color":"","overlay-opacity":"","overlay-gradient":""},"tablet":{"background-color":"","background-image":"","background-repeat":"repeat","background-position":"center center","background-size":"auto","background-attachment":"scroll","background-type":"","background-media":"","overlay-type":"","overlay-color":"","overlay-opacity":"","overlay-gradient":""},"mobile":{"background-color":"","background-image":"","background-repeat":"repeat","background-position":"center center","background-size":"auto","background-attachment":"scroll","background-type":"","background-media":"","overlay-type":"","overlay-color":"","overlay-opacity":"","overlay-gradient":""}},"ast-content-background-meta":{"desktop":{"background-color":"var(--ast-global-color-5)","background-image":"","background-repeat":"repeat","background-position":"center center","background-size":"auto","background-attachment":"scroll","background-type":"","background-media":"","overlay-type":"","overlay-color":"","overlay-opacity":"","overlay-gradient":""},"tablet":{"background-color":"var(--ast-global-color-5)","background-image":"","background-repeat":"repeat","background-position":"center center","background-size":"auto","background-attachment":"scroll","background-type":"","background-media":"","overlay-type":"","overlay-color":"","overlay-opacity":"","overlay-gradient":""},"mobile":{"background-color":"var(--ast-global-color-5)","background-image":"","background-repeat":"repeat","background-position":"center center","background-size":"auto","background-attachment":"scroll","background-type":"","background-media":"","overlay-type":"","overlay-color":"","overlay-opacity":"","overlay-gradient":""}},"footnotes":""},"class_list":["post-3058","page","type-page","status-publish","hentry"],"translation":{"provider":"WPGlobus","version":"3.0.2","language":"en","enabled_languages":["de","en"],"languages":{"de":{"title":true,"content":true,"excerpt":false},"en":{"title":false,"content":false,"excerpt":false}}},"featured_image_urls_v2":{"full":"","thumbnail":"","medium":"","medium_large":"","large":"","1536x1536":"","2048x2048":""},"post_excerpt_stackable_v2":"<p>Eine m\u00fcndelsichere Geldanlage ist praktisch vor Wertverlusten gesch\u00fctzt. Somit kann dem Anleger theoretisch bei m\u00fcndelsicheren Anlagen kein Verlust entstehen. M\u00fcndelsichere Geldanlagen gelten als \u00e4u\u00dferst sicher, eine 100-prozentige Sicherheit vor Wertverlusten kann jedoch nicht garantiert werden. Geldanlagen in Deutschland d\u00fcrfen nur dann als m\u00fcndelsicher bezeichnet werden, wenn ausgeschlossen werden kann, dass der Anleger bei der Anlage einen Verlust erleidet. Sind Einlagen auf einer Bank durch die Einlagensicherung abgesichert, gelten sie als m\u00fcndelsicher. Wirbt jedoch ein Investmentfonds hingegen mit dem Begriff &#8216;m\u00fcndelsicher&#8217;, so sind Wertverluste m\u00f6glich, da es sich oftmals um erlaubte Werbema\u00dfnahmen handelt.<\/p>\n","category_list_v2":"","author_info_v2":{"name":"PrudentWater","url":"https:\/\/prudentwater.com\/en\/author\/niklas33\/"},"comments_num_v2":"0 comments","_links":{"self":[{"href":"https:\/\/prudentwater.com\/en\/wp-json\/wp\/v2\/pages\/3058","targetHints":{"allow":["GET"]}}],"collection":[{"href":"https:\/\/prudentwater.com\/en\/wp-json\/wp\/v2\/pages"}],"about":[{"href":"https:\/\/prudentwater.com\/en\/wp-json\/wp\/v2\/types\/page"}],"author":[{"embeddable":true,"href":"https:\/\/prudentwater.com\/en\/wp-json\/wp\/v2\/users\/1"}],"replies":[{"embeddable":true,"href":"https:\/\/prudentwater.com\/en\/wp-json\/wp\/v2\/comments?post=3058"}],"version-history":[{"count":0,"href":"https:\/\/prudentwater.com\/en\/wp-json\/wp\/v2\/pages\/3058\/revisions"}],"wp:attachment":[{"href":"https:\/\/prudentwater.com\/en\/wp-json\/wp\/v2\/media?parent=3058"}],"curies":[{"name":"wp","href":"https:\/\/api.w.org\/{rel}","templated":true}]}}