{"id":3070,"date":"2015-03-17T10:17:25","date_gmt":"2015-03-17T10:17:25","guid":{"rendered":"http:\/\/www.kunnskap.de\/?page_id=3070"},"modified":"2021-06-25T12:50:14","modified_gmt":"2021-06-25T10:50:14","slug":"trailing-pe","status":"publish","type":"page","link":"https:\/\/prudentwater.com\/en\/trailing-pe\/","title":{"rendered":"Trailing P\/E"},"content":{"rendered":"<p>Auch <strong>Trailing Price-To-Earnings<\/strong><\/p>\n<p>Trailing P\/E ist die englische Bezeichnung f\u00fcr das Kurs-Gewinn-Verh\u00e4ltnis der letzten zw\u00f6lf Monate. Bei der Berechnung werden also die bereits erzielten Gewinne herangezogen. Trailing P\/E gibt Aufschluss \u00fcber die Profitabilit\u00e4t des Unternehmens der zur\u00fcckliegenden letzten zw\u00f6lf Monate. In der Regel ist diese Kennzahl also jahres\u00fcbergreifend, da es eben das Kurs-Gewinn-Verh\u00e4tnis der letzten 12 Monate widerspiegelt und eben nicht ein bestimmtes Gesch\u00e4ftsjahr.<\/p>\n","protected":false},"excerpt":{"rendered":"<p>Auch Trailing Price-To-Earnings Trailing P\/E ist die englische Bezeichnung f\u00fcr das Kurs-Gewinn-Verh\u00e4ltnis der letzten zw\u00f6lf Monate. Bei der Berechnung werden also die bereits erzielten Gewinne herangezogen. Trailing P\/E gibt Aufschluss \u00fcber die Profitabilit\u00e4t des Unternehmens der zur\u00fcckliegenden letzten zw\u00f6lf Monate. In der Regel ist diese Kennzahl also jahres\u00fcbergreifend, da es eben das Kurs-Gewinn-Verh\u00e4tnis der letzten [&hellip;]<\/p>\n","protected":false},"author":1,"featured_media":0,"parent":0,"menu_order":0,"comment_status":"closed","ping_status":"closed","template":"","meta":{"site-sidebar-layout":"default","site-content-layout":"","ast-site-content-layout":"","site-content-style":"default","site-sidebar-style":"default","ast-global-header-display":"","ast-banner-title-visibility":"","ast-main-header-display":"","ast-hfb-above-header-display":"","ast-hfb-below-header-display":"","ast-hfb-mobile-header-display":"","site-post-title":"","ast-breadcrumbs-content":"","ast-featured-img":"","footer-sml-layout":"","theme-transparent-header-meta":"","adv-header-id-meta":"","stick-header-meta":"","header-above-stick-meta":"","header-main-stick-meta":"","header-below-stick-meta":"","astra-migrate-meta-layouts":"default","ast-page-background-enabled":"default","ast-page-background-meta":{"desktop":{"background-color":"","background-image":"","background-repeat":"repeat","background-position":"center center","background-size":"auto","background-attachment":"scroll","background-type":"","background-media":"","overlay-type":"","overlay-color":"","overlay-opacity":"","overlay-gradient":""},"tablet":{"background-color":"","background-image":"","background-repeat":"repeat","background-position":"center center","background-size":"auto","background-attachment":"scroll","background-type":"","background-media":"","overlay-type":"","overlay-color":"","overlay-opacity":"","overlay-gradient":""},"mobile":{"background-color":"","background-image":"","background-repeat":"repeat","background-position":"center center","background-size":"auto","background-attachment":"scroll","background-type":"","background-media":"","overlay-type":"","overlay-color":"","overlay-opacity":"","overlay-gradient":""}},"ast-content-background-meta":{"desktop":{"background-color":"var(--ast-global-color-5)","background-image":"","background-repeat":"repeat","background-position":"center center","background-size":"auto","background-attachment":"scroll","background-type":"","background-media":"","overlay-type":"","overlay-color":"","overlay-opacity":"","overlay-gradient":""},"tablet":{"background-color":"var(--ast-global-color-5)","background-image":"","background-repeat":"repeat","background-position":"center center","background-size":"auto","background-attachment":"scroll","background-type":"","background-media":"","overlay-type":"","overlay-color":"","overlay-opacity":"","overlay-gradient":""},"mobile":{"background-color":"var(--ast-global-color-5)","background-image":"","background-repeat":"repeat","background-position":"center center","background-size":"auto","background-attachment":"scroll","background-type":"","background-media":"","overlay-type":"","overlay-color":"","overlay-opacity":"","overlay-gradient":""}},"footnotes":""},"class_list":["post-3070","page","type-page","status-publish","hentry"],"translation":{"provider":"WPGlobus","version":"3.0.2","language":"en","enabled_languages":["de","en"],"languages":{"de":{"title":true,"content":true,"excerpt":false},"en":{"title":false,"content":false,"excerpt":false}}},"featured_image_urls_v2":{"full":"","thumbnail":"","medium":"","medium_large":"","large":"","1536x1536":"","2048x2048":""},"post_excerpt_stackable_v2":"<p>Auch Trailing Price-To-Earnings Trailing P\/E ist die englische Bezeichnung f\u00fcr das Kurs-Gewinn-Verh\u00e4ltnis der letzten zw\u00f6lf Monate. Bei der Berechnung werden also die bereits erzielten Gewinne herangezogen. Trailing P\/E gibt Aufschluss \u00fcber die Profitabilit\u00e4t des Unternehmens der zur\u00fcckliegenden letzten zw\u00f6lf Monate. In der Regel ist diese Kennzahl also jahres\u00fcbergreifend, da es eben das Kurs-Gewinn-Verh\u00e4tnis der letzten 12 Monate widerspiegelt und eben nicht ein bestimmtes Gesch\u00e4ftsjahr.<\/p>\n","category_list_v2":"","author_info_v2":{"name":"PrudentWater","url":"https:\/\/prudentwater.com\/en\/author\/niklas33\/"},"comments_num_v2":"0 comments","_links":{"self":[{"href":"https:\/\/prudentwater.com\/en\/wp-json\/wp\/v2\/pages\/3070","targetHints":{"allow":["GET"]}}],"collection":[{"href":"https:\/\/prudentwater.com\/en\/wp-json\/wp\/v2\/pages"}],"about":[{"href":"https:\/\/prudentwater.com\/en\/wp-json\/wp\/v2\/types\/page"}],"author":[{"embeddable":true,"href":"https:\/\/prudentwater.com\/en\/wp-json\/wp\/v2\/users\/1"}],"replies":[{"embeddable":true,"href":"https:\/\/prudentwater.com\/en\/wp-json\/wp\/v2\/comments?post=3070"}],"version-history":[{"count":0,"href":"https:\/\/prudentwater.com\/en\/wp-json\/wp\/v2\/pages\/3070\/revisions"}],"wp:attachment":[{"href":"https:\/\/prudentwater.com\/en\/wp-json\/wp\/v2\/media?parent=3070"}],"curies":[{"name":"wp","href":"https:\/\/api.w.org\/{rel}","templated":true}]}}