{"id":3084,"date":"2015-03-17T19:44:23","date_gmt":"2015-03-17T19:44:23","guid":{"rendered":"http:\/\/www.kunnskap.de\/?page_id=3084"},"modified":"2023-02-19T11:46:07","modified_gmt":"2023-02-19T10:46:07","slug":"anlagenintensitat","status":"publish","type":"page","link":"https:\/\/prudentwater.com\/en\/anlagenintensitat\/","title":{"rendered":"Anlagenintensit\u00e4t"},"content":{"rendered":"<p>Auch <b>Anlagequote<\/b><\/p>\n<p>Die Anlagenintensit\u00e4t ist eine Kennzahl, die das Verh\u00e4ltnis der Anlageverm\u00f6gen eines Unternehmens zu dessen Gesamtverm\u00f6gen ausdr\u00fcckt. Sie gibt an, welcher Anteil des Verm\u00f6gens eines Unternehmens in Sachanlagen, wie beispielsweise Geb\u00e4uden, Maschinen oder Fahrzeugen, investiert ist.<\/p>\n<hr>\n<p><b><small>Formel:<\/small><\/b><br \/>\n<center><img loading=\"lazy\" decoding=\"async\" src=\"https:\/\/prudentwater.com\/wp-content\/uploads\/2020\/03\/Anlageintensit\u00e4t2.bmp\" alt=\"Anlageintensit\u00e4t2\" class=\"alignnone size-full wp-image-6896\" width=\"500\" height=\"55\" title=\"\"><\/center><br \/>\nDas Anlageverm\u00f6gen steht dem Unternehmen langfristig zur Verf\u00fcgung und hat den Zweck, die betriebliche T\u00e4tigkeit aufrechtzuerhalten. Dazu geh\u00f6ren u. a. Grundst\u00fccke, Anlagen und Maschinen, Immobilien, Lizenzen und Finanzanlagen. Das Gesamtkapital hingegen setzt sich aus dem Eigenkapital und dem Fremdkapital zusammen.<\/p>\n<hr>\n<p>Betr\u00e4gt die Anlagenintensit\u00e4t beispielsweise 56 %, so macht das Anlageverm\u00f6gen 56 % am Gesamtverm\u00f6gen des Unternehmens aus. 44 % des Gesamtverm\u00f6gens entfallen demnach auf das Umlaufverm\u00f6gen. Die Quote ist jedoch auch sehr branchenabh\u00e4ngig. Eine hohe Anlageintensit\u00e4t hat eine geringere Flexibilit\u00e4t f\u00fcr das jeweilige Unternehmen zur Folge. Dieses kann dann nicht z\u00fcgig auf neue Trends am Markt reagieren, da erst Maschinen und Anlagen auf die neuen Produkttrends angepasst und m\u00f6glichweis eingekauft werden m\u00fcssen. Allerdings k\u00f6nnen hohe Anlagenintensit\u00e4ten auch bedeuten, dass ein Unternehmen seine liquiden Mittel nicht effektiv einsetzt oder dass es sich in einer Industrie mit hohen Kapitalanforderungen befindet. Versorger und Industrieunternehmen weisen oftmals eine hohe Anlagenintensit\u00e4t auf, wohingegen Technologie- und Softwareunternehmen eine vergleichsweise geringe Anlagenintensit\u00e4t besitzen.<\/p>\n","protected":false},"excerpt":{"rendered":"<p>Auch Anlagequote Die Anlagenintensit\u00e4t ist eine Kennzahl, die das Verh\u00e4ltnis der Anlageverm\u00f6gen eines Unternehmens zu dessen Gesamtverm\u00f6gen ausdr\u00fcckt. Sie gibt an, welcher Anteil des Verm\u00f6gens eines Unternehmens in Sachanlagen, wie beispielsweise Geb\u00e4uden, Maschinen oder Fahrzeugen, investiert ist. Formel: Das Anlageverm\u00f6gen steht dem Unternehmen langfristig zur Verf\u00fcgung und hat den Zweck, die betriebliche T\u00e4tigkeit aufrechtzuerhalten. Dazu [&hellip;]<\/p>\n","protected":false},"author":1,"featured_media":0,"parent":0,"menu_order":0,"comment_status":"closed","ping_status":"closed","template":"","meta":{"site-sidebar-layout":"default","site-content-layout":"","ast-site-content-layout":"","site-content-style":"default","site-sidebar-style":"default","ast-global-header-display":"","ast-banner-title-visibility":"","ast-main-header-display":"","ast-hfb-above-header-display":"","ast-hfb-below-header-display":"","ast-hfb-mobile-header-display":"","site-post-title":"","ast-breadcrumbs-content":"","ast-featured-img":"","footer-sml-layout":"","theme-transparent-header-meta":"","adv-header-id-meta":"","stick-header-meta":"","header-above-stick-meta":"","header-main-stick-meta":"","header-below-stick-meta":"","astra-migrate-meta-layouts":"default","ast-page-background-enabled":"default","ast-page-background-meta":{"desktop":{"background-color":"","background-image":"","background-repeat":"repeat","background-position":"center center","background-size":"auto","background-attachment":"scroll","background-type":"","background-media":"","overlay-type":"","overlay-color":"","overlay-opacity":"","overlay-gradient":""},"tablet":{"background-color":"","background-image":"","background-repeat":"repeat","background-position":"center center","background-size":"auto","background-attachment":"scroll","background-type":"","background-media":"","overlay-type":"","overlay-color":"","overlay-opacity":"","overlay-gradient":""},"mobile":{"background-color":"","background-image":"","background-repeat":"repeat","background-position":"center center","background-size":"auto","background-attachment":"scroll","background-type":"","background-media":"","overlay-type":"","overlay-color":"","overlay-opacity":"","overlay-gradient":""}},"ast-content-background-meta":{"desktop":{"background-color":"var(--ast-global-color-5)","background-image":"","background-repeat":"repeat","background-position":"center center","background-size":"auto","background-attachment":"scroll","background-type":"","background-media":"","overlay-type":"","overlay-color":"","overlay-opacity":"","overlay-gradient":""},"tablet":{"background-color":"var(--ast-global-color-5)","background-image":"","background-repeat":"repeat","background-position":"center center","background-size":"auto","background-attachment":"scroll","background-type":"","background-media":"","overlay-type":"","overlay-color":"","overlay-opacity":"","overlay-gradient":""},"mobile":{"background-color":"var(--ast-global-color-5)","background-image":"","background-repeat":"repeat","background-position":"center center","background-size":"auto","background-attachment":"scroll","background-type":"","background-media":"","overlay-type":"","overlay-color":"","overlay-opacity":"","overlay-gradient":""}},"footnotes":""},"class_list":["post-3084","page","type-page","status-publish","hentry"],"translation":{"provider":"WPGlobus","version":"3.0.2","language":"en","enabled_languages":["de","en"],"languages":{"de":{"title":true,"content":true,"excerpt":false},"en":{"title":false,"content":false,"excerpt":false}}},"featured_image_urls_v2":{"full":"","thumbnail":"","medium":"","medium_large":"","large":"","1536x1536":"","2048x2048":""},"post_excerpt_stackable_v2":"<p>Auch Anlagequote Die Anlagenintensit\u00e4t ist eine Kennzahl, die das Verh\u00e4ltnis der Anlageverm\u00f6gen eines Unternehmens zu dessen Gesamtverm\u00f6gen ausdr\u00fcckt. Sie gibt an, welcher Anteil des Verm\u00f6gens eines Unternehmens in Sachanlagen, wie beispielsweise Geb\u00e4uden, Maschinen oder Fahrzeugen, investiert ist. Formel: Das Anlageverm\u00f6gen steht dem Unternehmen langfristig zur Verf\u00fcgung und hat den Zweck, die betriebliche T\u00e4tigkeit aufrechtzuerhalten. Dazu geh\u00f6ren u. a. Grundst\u00fccke, Anlagen und Maschinen, Immobilien, Lizenzen und Finanzanlagen. Das Gesamtkapital hingegen setzt sich aus dem Eigenkapital und dem Fremdkapital zusammen. Betr\u00e4gt die Anlagenintensit\u00e4t beispielsweise 56 %, so macht das Anlageverm\u00f6gen 56 % am Gesamtverm\u00f6gen des Unternehmens aus. 44 % des Gesamtverm\u00f6gens entfallen&hellip;<\/p>\n","category_list_v2":"","author_info_v2":{"name":"PrudentWater","url":"https:\/\/prudentwater.com\/en\/author\/niklas33\/"},"comments_num_v2":"0 comments","_links":{"self":[{"href":"https:\/\/prudentwater.com\/en\/wp-json\/wp\/v2\/pages\/3084","targetHints":{"allow":["GET"]}}],"collection":[{"href":"https:\/\/prudentwater.com\/en\/wp-json\/wp\/v2\/pages"}],"about":[{"href":"https:\/\/prudentwater.com\/en\/wp-json\/wp\/v2\/types\/page"}],"author":[{"embeddable":true,"href":"https:\/\/prudentwater.com\/en\/wp-json\/wp\/v2\/users\/1"}],"replies":[{"embeddable":true,"href":"https:\/\/prudentwater.com\/en\/wp-json\/wp\/v2\/comments?post=3084"}],"version-history":[{"count":0,"href":"https:\/\/prudentwater.com\/en\/wp-json\/wp\/v2\/pages\/3084\/revisions"}],"wp:attachment":[{"href":"https:\/\/prudentwater.com\/en\/wp-json\/wp\/v2\/media?parent=3084"}],"curies":[{"name":"wp","href":"https:\/\/api.w.org\/{rel}","templated":true}]}}