{"id":3086,"date":"2015-03-17T21:29:09","date_gmt":"2015-03-17T21:29:09","guid":{"rendered":"http:\/\/www.kunnskap.de\/?page_id=3086"},"modified":"2021-06-25T12:49:40","modified_gmt":"2021-06-25T10:49:40","slug":"private-equity","status":"publish","type":"page","link":"https:\/\/prudentwater.com\/en\/private-equity\/","title":{"rendered":"Private Equity"},"content":{"rendered":"<p>Auch <strong>Beteiligungen an nicht b\u00f6rsennotierten Unternehmen<\/strong><\/p>\n<p>Private Equity ist au\u00dferb\u00f6rsliches Eigenkapital, welches in der Regel von institutionellen Investoren bereitgestellt wird, um es in junge Unternehmen oder Start-ups zu investieren. Der Investor bringt also Eigenkapital in ein Unternehmen ein, welches zu dieser Zeit nicht an der B\u00f6rse gelistet ist. Die Dauer der Bereitstellung des Geldes ist meistens auf ca. 10 Jahre begrenzt. Die Investoren, die Private Equity-Investitionen t\u00e4tigen, sind in der Regel Banken, Versicherungen oder spezialisierte Finanzinstitute, die dann dem z. B. in der Wachstumsphase befindlichen Unternehmen das Kapital zur Verf\u00fcgung stellen (Risikokapital). Im Gegensatz daf\u00fcr werden die Investoren an dem Unternehmen beteiligt. Private Equity kann h\u00f6here Renditen bieten, oftmals jedoch mit einem h\u00f6heren Risiko. Die Investoren versuchen nach dem Kauf des Unternehmens dieses oftmals sehr schnell profitabel zu machen, um die Anteile dann wieder gewinnbringend weiterzuverkaufen.<br \/>\nAuch Private-Equity-Fonds agieren oftmals stark am Markt. Der Kauf von Unternehmensanteilen wird jedoch dann von dem Fonds nur teilweise mit Eigenkapital finanziert. Ein gro\u00dfer Teil wird mit Krediten bezahlt, welche anschlie\u00dfend auf das aufgekaufte Unternehmen \u00fcbertragen werden. Dabei handelt es sich um eine sogenannte fremdfinanzierte \u00dcbernahme, welche zwar die Eigenkapitalrendite steigert, allerdings gleichzeitig auch die finanzielle Stabilit\u00e4t des Unternehmens schw\u00e4cht.<\/p>\n","protected":false},"excerpt":{"rendered":"<p>Auch Beteiligungen an nicht b\u00f6rsennotierten Unternehmen Private Equity ist au\u00dferb\u00f6rsliches Eigenkapital, welches in der Regel von institutionellen Investoren bereitgestellt wird, um es in junge Unternehmen oder Start-ups zu investieren. Der Investor bringt also Eigenkapital in ein Unternehmen ein, welches zu dieser Zeit nicht an der B\u00f6rse gelistet ist. Die Dauer der Bereitstellung des Geldes ist [&hellip;]<\/p>\n","protected":false},"author":1,"featured_media":0,"parent":0,"menu_order":0,"comment_status":"closed","ping_status":"closed","template":"","meta":{"site-sidebar-layout":"default","site-content-layout":"","ast-site-content-layout":"","site-content-style":"default","site-sidebar-style":"default","ast-global-header-display":"","ast-banner-title-visibility":"","ast-main-header-display":"","ast-hfb-above-header-display":"","ast-hfb-below-header-display":"","ast-hfb-mobile-header-display":"","site-post-title":"","ast-breadcrumbs-content":"","ast-featured-img":"","footer-sml-layout":"","theme-transparent-header-meta":"","adv-header-id-meta":"","stick-header-meta":"","header-above-stick-meta":"","header-main-stick-meta":"","header-below-stick-meta":"","astra-migrate-meta-layouts":"default","ast-page-background-enabled":"default","ast-page-background-meta":{"desktop":{"background-color":"","background-image":"","background-repeat":"repeat","background-position":"center center","background-size":"auto","background-attachment":"scroll","background-type":"","background-media":"","overlay-type":"","overlay-color":"","overlay-opacity":"","overlay-gradient":""},"tablet":{"background-color":"","background-image":"","background-repeat":"repeat","background-position":"center center","background-size":"auto","background-attachment":"scroll","background-type":"","background-media":"","overlay-type":"","overlay-color":"","overlay-opacity":"","overlay-gradient":""},"mobile":{"background-color":"","background-image":"","background-repeat":"repeat","background-position":"center center","background-size":"auto","background-attachment":"scroll","background-type":"","background-media":"","overlay-type":"","overlay-color":"","overlay-opacity":"","overlay-gradient":""}},"ast-content-background-meta":{"desktop":{"background-color":"var(--ast-global-color-5)","background-image":"","background-repeat":"repeat","background-position":"center center","background-size":"auto","background-attachment":"scroll","background-type":"","background-media":"","overlay-type":"","overlay-color":"","overlay-opacity":"","overlay-gradient":""},"tablet":{"background-color":"var(--ast-global-color-5)","background-image":"","background-repeat":"repeat","background-position":"center center","background-size":"auto","background-attachment":"scroll","background-type":"","background-media":"","overlay-type":"","overlay-color":"","overlay-opacity":"","overlay-gradient":""},"mobile":{"background-color":"var(--ast-global-color-5)","background-image":"","background-repeat":"repeat","background-position":"center center","background-size":"auto","background-attachment":"scroll","background-type":"","background-media":"","overlay-type":"","overlay-color":"","overlay-opacity":"","overlay-gradient":""}},"footnotes":""},"class_list":["post-3086","page","type-page","status-publish","hentry"],"translation":{"provider":"WPGlobus","version":"3.0.2","language":"en","enabled_languages":["de","en"],"languages":{"de":{"title":true,"content":true,"excerpt":false},"en":{"title":false,"content":false,"excerpt":false}}},"featured_image_urls_v2":{"full":"","thumbnail":"","medium":"","medium_large":"","large":"","1536x1536":"","2048x2048":""},"post_excerpt_stackable_v2":"<p>Auch Beteiligungen an nicht b\u00f6rsennotierten Unternehmen Private Equity ist au\u00dferb\u00f6rsliches Eigenkapital, welches in der Regel von institutionellen Investoren bereitgestellt wird, um es in junge Unternehmen oder Start-ups zu investieren. Der Investor bringt also Eigenkapital in ein Unternehmen ein, welches zu dieser Zeit nicht an der B\u00f6rse gelistet ist. Die Dauer der Bereitstellung des Geldes ist meistens auf ca. 10 Jahre begrenzt. Die Investoren, die Private Equity-Investitionen t\u00e4tigen, sind in der Regel Banken, Versicherungen oder spezialisierte Finanzinstitute, die dann dem z. B. in der Wachstumsphase befindlichen Unternehmen das Kapital zur Verf\u00fcgung stellen (Risikokapital). Im Gegensatz daf\u00fcr werden die Investoren an dem&hellip;<\/p>\n","category_list_v2":"","author_info_v2":{"name":"PrudentWater","url":"https:\/\/prudentwater.com\/en\/author\/niklas33\/"},"comments_num_v2":"0 comments","_links":{"self":[{"href":"https:\/\/prudentwater.com\/en\/wp-json\/wp\/v2\/pages\/3086","targetHints":{"allow":["GET"]}}],"collection":[{"href":"https:\/\/prudentwater.com\/en\/wp-json\/wp\/v2\/pages"}],"about":[{"href":"https:\/\/prudentwater.com\/en\/wp-json\/wp\/v2\/types\/page"}],"author":[{"embeddable":true,"href":"https:\/\/prudentwater.com\/en\/wp-json\/wp\/v2\/users\/1"}],"replies":[{"embeddable":true,"href":"https:\/\/prudentwater.com\/en\/wp-json\/wp\/v2\/comments?post=3086"}],"version-history":[{"count":0,"href":"https:\/\/prudentwater.com\/en\/wp-json\/wp\/v2\/pages\/3086\/revisions"}],"wp:attachment":[{"href":"https:\/\/prudentwater.com\/en\/wp-json\/wp\/v2\/media?parent=3086"}],"curies":[{"name":"wp","href":"https:\/\/api.w.org\/{rel}","templated":true}]}}