{"id":3088,"date":"2015-03-18T08:28:50","date_gmt":"2015-03-18T08:28:50","guid":{"rendered":"http:\/\/www.kunnskap.de\/?page_id=3088"},"modified":"2021-06-25T12:49:40","modified_gmt":"2021-06-25T10:49:40","slug":"private-equity-fonds","status":"publish","type":"page","link":"https:\/\/prudentwater.com\/en\/private-equity-fonds\/","title":{"rendered":"Private Equity Fonds"},"content":{"rendered":"<p>Ein Private Equity Fonds sammelt Geld bei Anlegern ein und investiert es geb\u00fcndelt in nicht b\u00f6rsennotierte Unternehmen. Somit ist der Fonds am Eigenkapital des Unternehmens beteiligt. Es handelt sich um private Unternehmen, welche zu diesem Zeitpunkt nicht an der B\u00f6rse gelistet sind, in die der Fonds investiert. Der Private Equity Fonds kann dann jedoch nicht einfach Anteile an dem Unternehmen erwerben, sondern muss vorher mit den Besitzern des Unternehmens \u00fcber das Verh\u00e4ltnis von Beteiligung und Kapitalgebung verhandeln. Die Laufzeit dieser Gesch\u00e4ftsbeziehung ist meistens auf ca. 10 Jahre beschr\u00e4nkt. Zum Ende erhofft sich der Fonds eine Wertsteigerung seiner Anteile, die er dann teurer ver\u00e4u\u00dfern kann. Meistens geschieht dies dann durch ein IPO, also indem das Unternehmen an die B\u00f6rse gebracht wird. <\/p>\n","protected":false},"excerpt":{"rendered":"<p>Ein Private Equity Fonds sammelt Geld bei Anlegern ein und investiert es geb\u00fcndelt in nicht b\u00f6rsennotierte Unternehmen. Somit ist der Fonds am Eigenkapital des Unternehmens beteiligt. Es handelt sich um private Unternehmen, welche zu diesem Zeitpunkt nicht an der B\u00f6rse gelistet sind, in die der Fonds investiert. Der Private Equity Fonds kann dann jedoch nicht [&hellip;]<\/p>\n","protected":false},"author":1,"featured_media":0,"parent":0,"menu_order":0,"comment_status":"closed","ping_status":"closed","template":"","meta":{"site-sidebar-layout":"default","site-content-layout":"","ast-site-content-layout":"","site-content-style":"default","site-sidebar-style":"default","ast-global-header-display":"","ast-banner-title-visibility":"","ast-main-header-display":"","ast-hfb-above-header-display":"","ast-hfb-below-header-display":"","ast-hfb-mobile-header-display":"","site-post-title":"","ast-breadcrumbs-content":"","ast-featured-img":"","footer-sml-layout":"","theme-transparent-header-meta":"","adv-header-id-meta":"","stick-header-meta":"","header-above-stick-meta":"","header-main-stick-meta":"","header-below-stick-meta":"","astra-migrate-meta-layouts":"default","ast-page-background-enabled":"default","ast-page-background-meta":{"desktop":{"background-color":"","background-image":"","background-repeat":"repeat","background-position":"center center","background-size":"auto","background-attachment":"scroll","background-type":"","background-media":"","overlay-type":"","overlay-color":"","overlay-opacity":"","overlay-gradient":""},"tablet":{"background-color":"","background-image":"","background-repeat":"repeat","background-position":"center center","background-size":"auto","background-attachment":"scroll","background-type":"","background-media":"","overlay-type":"","overlay-color":"","overlay-opacity":"","overlay-gradient":""},"mobile":{"background-color":"","background-image":"","background-repeat":"repeat","background-position":"center center","background-size":"auto","background-attachment":"scroll","background-type":"","background-media":"","overlay-type":"","overlay-color":"","overlay-opacity":"","overlay-gradient":""}},"ast-content-background-meta":{"desktop":{"background-color":"var(--ast-global-color-5)","background-image":"","background-repeat":"repeat","background-position":"center center","background-size":"auto","background-attachment":"scroll","background-type":"","background-media":"","overlay-type":"","overlay-color":"","overlay-opacity":"","overlay-gradient":""},"tablet":{"background-color":"var(--ast-global-color-5)","background-image":"","background-repeat":"repeat","background-position":"center center","background-size":"auto","background-attachment":"scroll","background-type":"","background-media":"","overlay-type":"","overlay-color":"","overlay-opacity":"","overlay-gradient":""},"mobile":{"background-color":"var(--ast-global-color-5)","background-image":"","background-repeat":"repeat","background-position":"center center","background-size":"auto","background-attachment":"scroll","background-type":"","background-media":"","overlay-type":"","overlay-color":"","overlay-opacity":"","overlay-gradient":""}},"footnotes":""},"class_list":["post-3088","page","type-page","status-publish","hentry"],"translation":{"provider":"WPGlobus","version":"3.0.2","language":"en","enabled_languages":["de","en"],"languages":{"de":{"title":true,"content":true,"excerpt":false},"en":{"title":false,"content":false,"excerpt":false}}},"featured_image_urls_v2":{"full":"","thumbnail":"","medium":"","medium_large":"","large":"","1536x1536":"","2048x2048":""},"post_excerpt_stackable_v2":"<p>Ein Private Equity Fonds sammelt Geld bei Anlegern ein und investiert es geb\u00fcndelt in nicht b\u00f6rsennotierte Unternehmen. Somit ist der Fonds am Eigenkapital des Unternehmens beteiligt. Es handelt sich um private Unternehmen, welche zu diesem Zeitpunkt nicht an der B\u00f6rse gelistet sind, in die der Fonds investiert. Der Private Equity Fonds kann dann jedoch nicht einfach Anteile an dem Unternehmen erwerben, sondern muss vorher mit den Besitzern des Unternehmens \u00fcber das Verh\u00e4ltnis von Beteiligung und Kapitalgebung verhandeln. Die Laufzeit dieser Gesch\u00e4ftsbeziehung ist meistens auf ca. 10 Jahre beschr\u00e4nkt. Zum Ende erhofft sich der Fonds eine Wertsteigerung seiner Anteile, die er&hellip;<\/p>\n","category_list_v2":"","author_info_v2":{"name":"PrudentWater","url":"https:\/\/prudentwater.com\/en\/author\/niklas33\/"},"comments_num_v2":"0 comments","_links":{"self":[{"href":"https:\/\/prudentwater.com\/en\/wp-json\/wp\/v2\/pages\/3088","targetHints":{"allow":["GET"]}}],"collection":[{"href":"https:\/\/prudentwater.com\/en\/wp-json\/wp\/v2\/pages"}],"about":[{"href":"https:\/\/prudentwater.com\/en\/wp-json\/wp\/v2\/types\/page"}],"author":[{"embeddable":true,"href":"https:\/\/prudentwater.com\/en\/wp-json\/wp\/v2\/users\/1"}],"replies":[{"embeddable":true,"href":"https:\/\/prudentwater.com\/en\/wp-json\/wp\/v2\/comments?post=3088"}],"version-history":[{"count":0,"href":"https:\/\/prudentwater.com\/en\/wp-json\/wp\/v2\/pages\/3088\/revisions"}],"wp:attachment":[{"href":"https:\/\/prudentwater.com\/en\/wp-json\/wp\/v2\/media?parent=3088"}],"curies":[{"name":"wp","href":"https:\/\/api.w.org\/{rel}","templated":true}]}}