{"id":3105,"date":"2015-03-18T17:47:53","date_gmt":"2015-03-18T17:47:53","guid":{"rendered":"http:\/\/www.kunnskap.de\/?page_id=3105"},"modified":"2021-06-25T12:50:08","modified_gmt":"2021-06-25T10:50:08","slug":"quanto","status":"publish","type":"page","link":"https:\/\/prudentwater.com\/en\/quanto\/","title":{"rendered":"Quanto"},"content":{"rendered":"<p><strong>Quantity Adjusted Option<\/strong><\/p>\n<p>Der Begriff &#8216;Quanto&#8217; kennzeichnet alle Arten von Derivaten oder Zertifikaten daraufhin, dass es sich um ein w\u00e4hrungsgesichertes Produkt handelt. Dies bedeutet, dass die Entwicklung des Produktes nicht von einem Wechselkurs und dessen Ver\u00e4nderungen mitbeeinflusst wird, sondern ausschlie\u00dflich vom Basiswert. Die meisten Zertifikate sind jedoch nicht w\u00e4hrungsgesichert, also ohne den Zusatz Quanto. In diesem Fall ist der Anleger dem W\u00e4hrungsrisiko ausgesetzt. Aufgrund der Absicherung sind Quanto-Zertifikate jedoch etwas teurer als Standard-Zertifikate. Die zus\u00e4tzlichen Kosten h\u00e4ngen dabei von der Zinsdifferenz zwischen den beiden involvierten W\u00e4hrungen, der Volatilit\u00e4t des Basiswertes und auch von der Korrelation zwischen dem Basiswert und dem Wechselkurs ab. Je h\u00f6her das Zinsniveau der Fremdw\u00e4hrung gegen\u00fcber dem der Eurozone bzw. der heimischen W\u00e4hrung, desto teurer ist die Absicherung \u00fcber das Quanto Zertifikat. Je h\u00f6her die Korrelation zwischen dem Wechselkurs und der Entwicklung des Basiswertes, desto h\u00f6her auch hier die Kosten f\u00fcr die W\u00e4hrungsabsicherung \u00fcber das Quanto-Zertifikat.<\/p>\n<h6>Zum Beispiel<\/h6>\n<p>Rohstoffpreise notieren allgemein in US-Dollar. Kauft ein Anleger aus Deutschland nun ein nicht-w\u00e4hrungsgesichertes Zertifikat auf Gold, so h\u00e4ngt die Entwicklung des Zertifikates gr\u00f6\u00dftenteils von der Entwicklung des Basiswertes (Gold) ab, jedoch aber auch von der Entwicklung des W\u00e4hrungspaares EUR\/USD. Der Anleger realisiert zus\u00e4tzliche Gewinne, wenn EUR\/USD beim Verkauf des Zertifikates niedriger notiert als beim Kauf des Zertifikates. Der USD muss in der Zwischenzeit also an Wert gegen\u00fcber dem Euro gewinnen, um (zus\u00e4tzlich) W\u00e4hrungsgewinne zu erzielen. Steigt der Kurs EUR\/USD jedoch und verliert der USD damit an Wert, erleidet der Anleger W\u00e4hrungsverluste. Der Besitzer des Zertifikates bekommt beim Verkauf den inneren Wert in USD, dieser Wert wird dann in EURO umgerechnet. Mit einem Quanto-Zertifikat spielen diese W\u00e4hrungsver\u00e4nderungen f\u00fcr den Besitzer des Zertifikates jedoch keine Rolle. Denn dann kommt es zu 100 Prozent auf die Entwicklung des Basiswertes Gold an.<\/p>\n","protected":false},"excerpt":{"rendered":"<p>Quantity Adjusted Option Der Begriff &#8216;Quanto&#8217; kennzeichnet alle Arten von Derivaten oder Zertifikaten daraufhin, dass es sich um ein w\u00e4hrungsgesichertes Produkt handelt. Dies bedeutet, dass die Entwicklung des Produktes nicht von einem Wechselkurs und dessen Ver\u00e4nderungen mitbeeinflusst wird, sondern ausschlie\u00dflich vom Basiswert. Die meisten Zertifikate sind jedoch nicht w\u00e4hrungsgesichert, also ohne den Zusatz Quanto. In [&hellip;]<\/p>\n","protected":false},"author":1,"featured_media":0,"parent":0,"menu_order":0,"comment_status":"closed","ping_status":"closed","template":"","meta":{"site-sidebar-layout":"default","site-content-layout":"","ast-site-content-layout":"","site-content-style":"default","site-sidebar-style":"default","ast-global-header-display":"","ast-banner-title-visibility":"","ast-main-header-display":"","ast-hfb-above-header-display":"","ast-hfb-below-header-display":"","ast-hfb-mobile-header-display":"","site-post-title":"","ast-breadcrumbs-content":"","ast-featured-img":"","footer-sml-layout":"","theme-transparent-header-meta":"","adv-header-id-meta":"","stick-header-meta":"","header-above-stick-meta":"","header-main-stick-meta":"","header-below-stick-meta":"","astra-migrate-meta-layouts":"default","ast-page-background-enabled":"default","ast-page-background-meta":{"desktop":{"background-color":"","background-image":"","background-repeat":"repeat","background-position":"center center","background-size":"auto","background-attachment":"scroll","background-type":"","background-media":"","overlay-type":"","overlay-color":"","overlay-opacity":"","overlay-gradient":""},"tablet":{"background-color":"","background-image":"","background-repeat":"repeat","background-position":"center center","background-size":"auto","background-attachment":"scroll","background-type":"","background-media":"","overlay-type":"","overlay-color":"","overlay-opacity":"","overlay-gradient":""},"mobile":{"background-color":"","background-image":"","background-repeat":"repeat","background-position":"center center","background-size":"auto","background-attachment":"scroll","background-type":"","background-media":"","overlay-type":"","overlay-color":"","overlay-opacity":"","overlay-gradient":""}},"ast-content-background-meta":{"desktop":{"background-color":"var(--ast-global-color-5)","background-image":"","background-repeat":"repeat","background-position":"center center","background-size":"auto","background-attachment":"scroll","background-type":"","background-media":"","overlay-type":"","overlay-color":"","overlay-opacity":"","overlay-gradient":""},"tablet":{"background-color":"var(--ast-global-color-5)","background-image":"","background-repeat":"repeat","background-position":"center center","background-size":"auto","background-attachment":"scroll","background-type":"","background-media":"","overlay-type":"","overlay-color":"","overlay-opacity":"","overlay-gradient":""},"mobile":{"background-color":"var(--ast-global-color-5)","background-image":"","background-repeat":"repeat","background-position":"center center","background-size":"auto","background-attachment":"scroll","background-type":"","background-media":"","overlay-type":"","overlay-color":"","overlay-opacity":"","overlay-gradient":""}},"footnotes":""},"class_list":["post-3105","page","type-page","status-publish","hentry"],"translation":{"provider":"WPGlobus","version":"3.0.2","language":"en","enabled_languages":["de","en"],"languages":{"de":{"title":true,"content":true,"excerpt":false},"en":{"title":false,"content":false,"excerpt":false}}},"featured_image_urls_v2":{"full":"","thumbnail":"","medium":"","medium_large":"","large":"","1536x1536":"","2048x2048":""},"post_excerpt_stackable_v2":"<p>Quantity Adjusted Option Der Begriff &#8216;Quanto&#8217; kennzeichnet alle Arten von Derivaten oder Zertifikaten daraufhin, dass es sich um ein w\u00e4hrungsgesichertes Produkt handelt. Dies bedeutet, dass die Entwicklung des Produktes nicht von einem Wechselkurs und dessen Ver\u00e4nderungen mitbeeinflusst wird, sondern ausschlie\u00dflich vom Basiswert. Die meisten Zertifikate sind jedoch nicht w\u00e4hrungsgesichert, also ohne den Zusatz Quanto. In diesem Fall ist der Anleger dem W\u00e4hrungsrisiko ausgesetzt. Aufgrund der Absicherung sind Quanto-Zertifikate jedoch etwas teurer als Standard-Zertifikate. Die zus\u00e4tzlichen Kosten h\u00e4ngen dabei von der Zinsdifferenz zwischen den beiden involvierten W\u00e4hrungen, der Volatilit\u00e4t des Basiswertes und auch von der Korrelation zwischen dem Basiswert und dem&hellip;<\/p>\n","category_list_v2":"","author_info_v2":{"name":"PrudentWater","url":"https:\/\/prudentwater.com\/en\/author\/niklas33\/"},"comments_num_v2":"0 comments","_links":{"self":[{"href":"https:\/\/prudentwater.com\/en\/wp-json\/wp\/v2\/pages\/3105","targetHints":{"allow":["GET"]}}],"collection":[{"href":"https:\/\/prudentwater.com\/en\/wp-json\/wp\/v2\/pages"}],"about":[{"href":"https:\/\/prudentwater.com\/en\/wp-json\/wp\/v2\/types\/page"}],"author":[{"embeddable":true,"href":"https:\/\/prudentwater.com\/en\/wp-json\/wp\/v2\/users\/1"}],"replies":[{"embeddable":true,"href":"https:\/\/prudentwater.com\/en\/wp-json\/wp\/v2\/comments?post=3105"}],"version-history":[{"count":0,"href":"https:\/\/prudentwater.com\/en\/wp-json\/wp\/v2\/pages\/3105\/revisions"}],"wp:attachment":[{"href":"https:\/\/prudentwater.com\/en\/wp-json\/wp\/v2\/media?parent=3105"}],"curies":[{"name":"wp","href":"https:\/\/api.w.org\/{rel}","templated":true}]}}