{"id":3111,"date":"2015-03-18T19:21:54","date_gmt":"2015-03-18T19:21:54","guid":{"rendered":"http:\/\/www.kunnskap.de\/?page_id=3111"},"modified":"2021-06-25T12:48:57","modified_gmt":"2021-06-25T10:48:57","slug":"discount-zertifikat","status":"publish","type":"page","link":"https:\/\/prudentwater.com\/en\/discount-zertifikat\/","title":{"rendered":"Discount-Zertifikat"},"content":{"rendered":"<p>engl. <strong>Discount Certificate<\/strong><\/p>\n<p>Mit einem Discount-Zertifikat hat der Anleger die M\u00f6glichkeit in eine Aktie oder einen Index mit einem Abschlag (Rabatt) zu investieren, daf\u00fcr jedoch ist seine Gewinnm\u00f6glichkeit von vornherein begrenzt.<br \/>\nEin Discount-Zertifikat ist ein Derivat, dass sich auf einen festgelegten Basiswert bezieht. Die Wertentwicklung des Discount-Zertifikates h\u00e4ngt somit von der Entwicklung des Basiswertes ab. Das Entscheidende ist nun, dass man den Basiswert \u00fcber das Zertifikat zu einem g\u00fcnstigeren Kurs einkauft, als der Basiswert momentan an der B\u00f6rse notiert. F\u00fcr diesen Discount (Preisabschlag) sind die Gewinne jedoch durch den Cap begrenzt.<br \/>\nSchlie\u00dft der Aktienkurs am Laufzeitende unter dem Cap, erfolgt die R\u00fcckzahlung meistens durch Lieferung der zugrunde liegenden Aktie. Handelt es sich bei dem Basiswert um einen Index, erfolgt die R\u00fcckzahlung durch Indexzertifikate oder durch eine Zahlung in H\u00f6he des Indexstandes. Schlie\u00dft die Aktie auf oder oberhalb des Caps, erzielt das Discount Zertifikat seinen maximalen Ertrag und die R\u00fcckzahlung erfolgt in bar zum H\u00f6chstbetrag.<\/p>\n<p><u>Zum Beispiel<\/u><br \/>\nEin Discount-Zertifikat auf Aktie XY wird f\u00fcr 20 Euro gekauft. Der Cap des Zertifikates liegt bei 35 Euro.<br \/>\nDer Kurs der Aktie liegt zu diesem Zeitpunkt jedoch bei 30 Euro. F\u00fcr diesen Preisabschlag von 10 Euro ist der Gewinn, den der K\u00e4ufer mit dem Zertifikat erzielen kann, begrenzt und beim Kauf bereits festgelegt. Jedes Discount-Zertifikat hat eine begrenzte Laufzeit. Die Auszahlung findet am Ende der Laufzeit statt. Liegt die Aktie XY am Bewertungstag bei 35 Euro oder dar\u00fcber, erh\u00e4lt der Anleger 35 Euro f\u00fcr sein Zertifikat. Dies ist der Maximalgewinn, den der Anleger erreichen kann. Auch wenn Aktie XY am Ende bei 75 Euro liegt, erh\u00e4lt der Anleger &#8216;nur&#8217; 35 Euro. Der Cap ist somit immer der Maximalgewinn, den der Anleger erzielen kann.<br \/>\nHat sich nun jedoch die Aktie bis zum Bewertungstag im Aktienkurs nicht ver\u00e4ndert, steht also immer noch bei 30 Euro, erzielt der Besitzer des Zertifikates im Vergleich zum tats\u00e4chlichen Aktienk\u00e4ufer trotzdem einen Gewinn, da das Zertifikat f\u00fcr 20 Euro gekauft wurde und der Anleger nun die Aktie im Wert von 30 Euro bekommt. Sogar, wenn der Kurs der Aktie auf 25 Euro f\u00e4llt (der Kauf der tats\u00e4chlichen Aktie h\u00e4tte in diesem Fall bereits einen Verlust von 5 Euro verursacht) erzielt der Besitzer des Zertifikates immer noch einen Gewinn von 5 Euro. Erst wenn der Aktienkurs unter 20 Euro f\u00e4llt, erleidet auch er Verluste. Liegt der Aktienkurs am Bewertungstag bei 18 Euro, macht das Discount-Zertifikat einen Verlust von 2 Euro. Der direkte Aktienkauf h\u00e4tte zu diesem Zeitpunkt jedoch bereits einen Verlust von 12 Euro generiert.<\/p>\n","protected":false},"excerpt":{"rendered":"<p>engl. Discount Certificate Mit einem Discount-Zertifikat hat der Anleger die M\u00f6glichkeit in eine Aktie oder einen Index mit einem Abschlag (Rabatt) zu investieren, daf\u00fcr jedoch ist seine Gewinnm\u00f6glichkeit von vornherein begrenzt. Ein Discount-Zertifikat ist ein Derivat, dass sich auf einen festgelegten Basiswert bezieht. Die Wertentwicklung des Discount-Zertifikates h\u00e4ngt somit von der Entwicklung des Basiswertes ab. [&hellip;]<\/p>\n","protected":false},"author":1,"featured_media":0,"parent":0,"menu_order":0,"comment_status":"closed","ping_status":"closed","template":"","meta":{"site-sidebar-layout":"default","site-content-layout":"","ast-site-content-layout":"","site-content-style":"default","site-sidebar-style":"default","ast-global-header-display":"","ast-banner-title-visibility":"","ast-main-header-display":"","ast-hfb-above-header-display":"","ast-hfb-below-header-display":"","ast-hfb-mobile-header-display":"","site-post-title":"","ast-breadcrumbs-content":"","ast-featured-img":"","footer-sml-layout":"","theme-transparent-header-meta":"","adv-header-id-meta":"","stick-header-meta":"","header-above-stick-meta":"","header-main-stick-meta":"","header-below-stick-meta":"","astra-migrate-meta-layouts":"default","ast-page-background-enabled":"default","ast-page-background-meta":{"desktop":{"background-color":"","background-image":"","background-repeat":"repeat","background-position":"center center","background-size":"auto","background-attachment":"scroll","background-type":"","background-media":"","overlay-type":"","overlay-color":"","overlay-opacity":"","overlay-gradient":""},"tablet":{"background-color":"","background-image":"","background-repeat":"repeat","background-position":"center center","background-size":"auto","background-attachment":"scroll","background-type":"","background-media":"","overlay-type":"","overlay-color":"","overlay-opacity":"","overlay-gradient":""},"mobile":{"background-color":"","background-image":"","background-repeat":"repeat","background-position":"center center","background-size":"auto","background-attachment":"scroll","background-type":"","background-media":"","overlay-type":"","overlay-color":"","overlay-opacity":"","overlay-gradient":""}},"ast-content-background-meta":{"desktop":{"background-color":"var(--ast-global-color-5)","background-image":"","background-repeat":"repeat","background-position":"center center","background-size":"auto","background-attachment":"scroll","background-type":"","background-media":"","overlay-type":"","overlay-color":"","overlay-opacity":"","overlay-gradient":""},"tablet":{"background-color":"var(--ast-global-color-5)","background-image":"","background-repeat":"repeat","background-position":"center center","background-size":"auto","background-attachment":"scroll","background-type":"","background-media":"","overlay-type":"","overlay-color":"","overlay-opacity":"","overlay-gradient":""},"mobile":{"background-color":"var(--ast-global-color-5)","background-image":"","background-repeat":"repeat","background-position":"center center","background-size":"auto","background-attachment":"scroll","background-type":"","background-media":"","overlay-type":"","overlay-color":"","overlay-opacity":"","overlay-gradient":""}},"footnotes":""},"class_list":["post-3111","page","type-page","status-publish","hentry"],"translation":{"provider":"WPGlobus","version":"3.0.2","language":"en","enabled_languages":["de","en"],"languages":{"de":{"title":true,"content":true,"excerpt":false},"en":{"title":false,"content":false,"excerpt":false}}},"featured_image_urls_v2":{"full":"","thumbnail":"","medium":"","medium_large":"","large":"","1536x1536":"","2048x2048":""},"post_excerpt_stackable_v2":"<p>engl. Discount Certificate Mit einem Discount-Zertifikat hat der Anleger die M\u00f6glichkeit in eine Aktie oder einen Index mit einem Abschlag (Rabatt) zu investieren, daf\u00fcr jedoch ist seine Gewinnm\u00f6glichkeit von vornherein begrenzt. Ein Discount-Zertifikat ist ein Derivat, dass sich auf einen festgelegten Basiswert bezieht. Die Wertentwicklung des Discount-Zertifikates h\u00e4ngt somit von der Entwicklung des Basiswertes ab. Das Entscheidende ist nun, dass man den Basiswert \u00fcber das Zertifikat zu einem g\u00fcnstigeren Kurs einkauft, als der Basiswert momentan an der B\u00f6rse notiert. F\u00fcr diesen Discount (Preisabschlag) sind die Gewinne jedoch durch den Cap begrenzt. Schlie\u00dft der Aktienkurs am Laufzeitende unter dem Cap, erfolgt&hellip;<\/p>\n","category_list_v2":"","author_info_v2":{"name":"PrudentWater","url":"https:\/\/prudentwater.com\/en\/author\/niklas33\/"},"comments_num_v2":"0 comments","_links":{"self":[{"href":"https:\/\/prudentwater.com\/en\/wp-json\/wp\/v2\/pages\/3111","targetHints":{"allow":["GET"]}}],"collection":[{"href":"https:\/\/prudentwater.com\/en\/wp-json\/wp\/v2\/pages"}],"about":[{"href":"https:\/\/prudentwater.com\/en\/wp-json\/wp\/v2\/types\/page"}],"author":[{"embeddable":true,"href":"https:\/\/prudentwater.com\/en\/wp-json\/wp\/v2\/users\/1"}],"replies":[{"embeddable":true,"href":"https:\/\/prudentwater.com\/en\/wp-json\/wp\/v2\/comments?post=3111"}],"version-history":[{"count":0,"href":"https:\/\/prudentwater.com\/en\/wp-json\/wp\/v2\/pages\/3111\/revisions"}],"wp:attachment":[{"href":"https:\/\/prudentwater.com\/en\/wp-json\/wp\/v2\/media?parent=3111"}],"curies":[{"name":"wp","href":"https:\/\/api.w.org\/{rel}","templated":true}]}}