{"id":3118,"date":"2015-03-19T10:22:06","date_gmt":"2015-03-19T10:22:06","guid":{"rendered":"http:\/\/www.kunnskap.de\/?page_id=3118"},"modified":"2021-07-13T22:19:15","modified_gmt":"2021-07-13T20:19:15","slug":"aktienkapital","status":"publish","type":"page","link":"https:\/\/prudentwater.com\/en\/aktienkapital\/","title":{"rendered":"Aktienkapital"},"content":{"rendered":"<p>engl. <strong>Share Capital<\/strong><\/p>\n<p>Das Aktienkapital ist das Grundkapital einer Aktiengesellschaft und geh\u00f6rt zum Eigenkapital des Unternehmens. Generiert wurde das Aktienkapital durch die Emission (Ausgabe) von Aktien. Das Aktienkapital besteht aus allen Geldmitteln, die in der Vergangenheit vom Unternehmen im Austausch f\u00fcr Vorzugsaktien oder Stammaktien eingenommen wurden. Die H\u00f6he des Aktienkapitals kann sich w\u00e4hrend der Zeit jedoch \u00e4ndern. Dies passiert, wenn das Unternehmen eine Kapitalerh\u00f6hung (Erh\u00f6hung des Aktienkapitals) oder einen Aktienr\u00fcckkauf (Verringerung des Aktienkapitals) durchf\u00fchrt. Im Gegensatz zum Fremdkapital ist das Aktienkapital zeitleich ungebunden, es muss also nicht wieder zur\u00fcckgezahlt werden zu einem bestimmten Zeitpunkt in der Zukunft.<\/p>\n","protected":false},"excerpt":{"rendered":"<p>engl. Share Capital Das Aktienkapital ist das Grundkapital einer Aktiengesellschaft und geh\u00f6rt zum Eigenkapital des Unternehmens. Generiert wurde das Aktienkapital durch die Emission (Ausgabe) von Aktien. Das Aktienkapital besteht aus allen Geldmitteln, die in der Vergangenheit vom Unternehmen im Austausch f\u00fcr Vorzugsaktien oder Stammaktien eingenommen wurden. Die H\u00f6he des Aktienkapitals kann sich w\u00e4hrend der Zeit [&hellip;]<\/p>\n","protected":false},"author":1,"featured_media":0,"parent":0,"menu_order":0,"comment_status":"closed","ping_status":"closed","template":"","meta":{"site-sidebar-layout":"default","site-content-layout":"default","ast-site-content-layout":"","site-content-style":"default","site-sidebar-style":"default","ast-global-header-display":"","ast-banner-title-visibility":"","ast-main-header-display":"","ast-hfb-above-header-display":"","ast-hfb-below-header-display":"","ast-hfb-mobile-header-display":"","site-post-title":"","ast-breadcrumbs-content":"","ast-featured-img":"","footer-sml-layout":"","theme-transparent-header-meta":"default","adv-header-id-meta":"","stick-header-meta":"","header-above-stick-meta":"","header-main-stick-meta":"","header-below-stick-meta":"","astra-migrate-meta-layouts":"default","ast-page-background-enabled":"default","ast-page-background-meta":{"desktop":{"background-color":"","background-image":"","background-repeat":"repeat","background-position":"center center","background-size":"auto","background-attachment":"scroll","background-type":"","background-media":"","overlay-type":"","overlay-color":"","overlay-opacity":"","overlay-gradient":""},"tablet":{"background-color":"","background-image":"","background-repeat":"repeat","background-position":"center center","background-size":"auto","background-attachment":"scroll","background-type":"","background-media":"","overlay-type":"","overlay-color":"","overlay-opacity":"","overlay-gradient":""},"mobile":{"background-color":"","background-image":"","background-repeat":"repeat","background-position":"center center","background-size":"auto","background-attachment":"scroll","background-type":"","background-media":"","overlay-type":"","overlay-color":"","overlay-opacity":"","overlay-gradient":""}},"ast-content-background-meta":{"desktop":{"background-color":"var(--ast-global-color-5)","background-image":"","background-repeat":"repeat","background-position":"center center","background-size":"auto","background-attachment":"scroll","background-type":"","background-media":"","overlay-type":"","overlay-color":"","overlay-opacity":"","overlay-gradient":""},"tablet":{"background-color":"var(--ast-global-color-5)","background-image":"","background-repeat":"repeat","background-position":"center center","background-size":"auto","background-attachment":"scroll","background-type":"","background-media":"","overlay-type":"","overlay-color":"","overlay-opacity":"","overlay-gradient":""},"mobile":{"background-color":"var(--ast-global-color-5)","background-image":"","background-repeat":"repeat","background-position":"center center","background-size":"auto","background-attachment":"scroll","background-type":"","background-media":"","overlay-type":"","overlay-color":"","overlay-opacity":"","overlay-gradient":""}},"footnotes":""},"class_list":["post-3118","page","type-page","status-publish","hentry"],"translation":{"provider":"WPGlobus","version":"3.0.2","language":"en","enabled_languages":["de","en"],"languages":{"de":{"title":true,"content":true,"excerpt":false},"en":{"title":false,"content":false,"excerpt":false}}},"featured_image_urls_v2":{"full":"","thumbnail":"","medium":"","medium_large":"","large":"","1536x1536":"","2048x2048":""},"post_excerpt_stackable_v2":"<p>engl. Share Capital Das Aktienkapital ist das Grundkapital einer Aktiengesellschaft und geh\u00f6rt zum Eigenkapital des Unternehmens. Generiert wurde das Aktienkapital durch die Emission (Ausgabe) von Aktien. Das Aktienkapital besteht aus allen Geldmitteln, die in der Vergangenheit vom Unternehmen im Austausch f\u00fcr Vorzugsaktien oder Stammaktien eingenommen wurden. Die H\u00f6he des Aktienkapitals kann sich w\u00e4hrend der Zeit jedoch \u00e4ndern. Dies passiert, wenn das Unternehmen eine Kapitalerh\u00f6hung (Erh\u00f6hung des Aktienkapitals) oder einen Aktienr\u00fcckkauf (Verringerung des Aktienkapitals) durchf\u00fchrt. Im Gegensatz zum Fremdkapital ist das Aktienkapital zeitleich ungebunden, es muss also nicht wieder zur\u00fcckgezahlt werden zu einem bestimmten Zeitpunkt in der Zukunft.<\/p>\n","category_list_v2":"","author_info_v2":{"name":"PrudentWater","url":"https:\/\/prudentwater.com\/en\/author\/niklas33\/"},"comments_num_v2":"0 comments","_links":{"self":[{"href":"https:\/\/prudentwater.com\/en\/wp-json\/wp\/v2\/pages\/3118","targetHints":{"allow":["GET"]}}],"collection":[{"href":"https:\/\/prudentwater.com\/en\/wp-json\/wp\/v2\/pages"}],"about":[{"href":"https:\/\/prudentwater.com\/en\/wp-json\/wp\/v2\/types\/page"}],"author":[{"embeddable":true,"href":"https:\/\/prudentwater.com\/en\/wp-json\/wp\/v2\/users\/1"}],"replies":[{"embeddable":true,"href":"https:\/\/prudentwater.com\/en\/wp-json\/wp\/v2\/comments?post=3118"}],"version-history":[{"count":0,"href":"https:\/\/prudentwater.com\/en\/wp-json\/wp\/v2\/pages\/3118\/revisions"}],"wp:attachment":[{"href":"https:\/\/prudentwater.com\/en\/wp-json\/wp\/v2\/media?parent=3118"}],"curies":[{"name":"wp","href":"https:\/\/api.w.org\/{rel}","templated":true}]}}