{"id":3125,"date":"2015-03-19T14:03:41","date_gmt":"2015-03-19T14:03:41","guid":{"rendered":"http:\/\/www.kunnskap.de\/?page_id=3125"},"modified":"2023-01-20T22:24:27","modified_gmt":"2023-01-20T21:24:27","slug":"gold-wahrend-einer-deflation-und-inflation","status":"publish","type":"page","link":"https:\/\/prudentwater.com\/en\/gold-wahrend-einer-deflation-und-inflation\/","title":{"rendered":"Gold w\u00e4hrend einer Deflation und Inflation"},"content":{"rendered":"<p>Gold dient weder in der Deflation noch in der Inflation als wirksamer Schutz. Der Goldkurs ist mittlerweile starken Schwankungen ausgesetzt und kann vor allem in der Inflation nicht vor einem vollkommenden Kaufkraftverlust sch\u00fctzen. Zu beachten ist auch, dass Gold keine Zinsen oder Dividenden abwirft, jedoch m\u00f6glicherweise noch Kosten f\u00fcr das Lagern anfallen. Da Gold in US-Dollar gehandelt wird, sind Anleger au\u00dferhalb des US-Dollar-Raumes zus\u00e4tzlich einem Wechselkursrisiko ausgesetzt, wenn sie Gold kaufen. Verliert der US-Dollar gegen\u00fcber dem Euro im Zeitraum von Kauf bis Verkauf an Wert, erh\u00e4lt der Anleger beim Verkauf seines Goldes einen geringeren Euro-Betrag zur\u00fcck, wenn sich der Goldpreis im Zeitraum von Kauf bis Verkauf nicht ver\u00e4ndert hat. Nur ein m\u00f6glicher Anstieg des Goldes k\u00f6nnte den W\u00e4hrungsverlust dann ausgleichen.<br>\nVielmehr wird Gold als Krisenschutz angesehen. Bei der Krise muss es sich jedoch nicht zwangl\u00e4ufig um eine starke Inflation oder Deflation handeln, sondern kann auch aufgrund eines Kriegsausbruchs als Schutz gekauft werden.<\/p>\n\n\n<!-- TradingView Widget BEGIN -->\n<div class=\"tradingview-widget-container\">\n  <div id=\"tradingview_105dc\"><\/div>\n  <div class=\"tradingview-widget-copyright\"><a href=\"https:\/\/de.tradingview.com\/symbols\/INDEX-DXY\/\" rel=\"noopener\" target=\"_blank\"><span class=\"blue-text\"><\/span><\/a><\/div>\n  <script type=\"text\/javascript\" src=\"https:\/\/s3.tradingview.com\/tv.js\"><\/script>\n  <script type=\"text\/javascript\">\n  new TradingView.MediumWidget(\n  {\n  \"symbols\": [\n    [\n      \"GOLD\",\n      \"CURRENCYCOM:GOLD|12M\"\n    ]\n  ],\n  \"chartOnly\": false,\n  \"width\": \"100%\",\n  \"height\": 550,\n  \"locale\": \"de_DE\",\n  \"colorTheme\": \"light\",\n  \"autosize\": false,\n  \"showVolume\": false,\n  \"hideDateRanges\": false,\n  \"scalePosition\": \"right\",\n  \"scaleMode\": \"Normal\",\n  \"fontFamily\": \"-apple-system, BlinkMacSystemFont, Trebuchet MS, Roboto, Ubuntu, sans-serif\",\n  \"fontSize\": \"10\",\n  \"noTimeScale\": false,\n  \"valuesTracking\": \"1\",\n  \"chartType\": \"line\",\n  \"container_id\": \"tradingview_105dc\"\n}\n  );\n  <\/script>\n<\/div>\n<!-- TradingView Widget END -->\n\n\n<h3>Gold in der Deflation<\/h3>\n<p>In der Deflation steigt der Wert des Geldes, was Bargeld gegen\u00fcber Gold in einer Deflation zun\u00e4chst favorisiert. Die Nachfrage nach G\u00fctern und Rohstoffen geht in der Deflation zur\u00fcck. Von diesem Nachfrager\u00fcckgang ist auch Gold betroffen. Dies sollte vor dem Kauf von Gold als Deflationsschutz beachtet werden.<\/p>\n<h3>Gold in der Inflation<\/h3>\n<p>Gold wird immer noch als hoffnungsvoller Inflationsschutz angesehen. Das Edelmetall wird in der Geldentwertung (Inflation) als Schutz wahrgenommen, weshalb die Preise f\u00fcr Gold in dieser Zeit oftmals einer hohen Volatilit\u00e4t ausgesetzt sind. In der Praxis steigt der Goldpreis jedoch eher im Vorfeld einer aufkommenden Inflation als zum Zeitpunkt einer hohen Inflation selbst. Kauft der Anleger somit auf dem H\u00f6hepunkt der Inflation das Gold, dient es wahrscheinlich nicht als ausreichender Schutz vor der Geldentwertung.<\/p>\n<p>Gold verliert an der B\u00f6rse an Attraktivit\u00e4t, sobald die Zinsen am Markt steigen. Hierf\u00fcr werden dann US-amerikanische oder deutsche Staatsanleihen mit erstklassiger Bonit\u00e4t als Referenz genommen. Steigen die Renditen auf diese Wertpapiere, erh\u00f6hen sich die Opportunit\u00e4tskosten f\u00fcr Anleger, die in Gold investieren. Gold &#8216;wirft&#8217; schlie\u00dflich keine Zinsen ab, deshalb gilt, je h\u00f6her der Marktzins, desto unattraktiver wird Gold als Geldanlage angesehen. Au\u00dferdem ger\u00e4t der Goldpreis oft mit einem steigenden US-Dollar unter Druck, da Gold weltweit in USD notiert und nun mit einem aufwertenden USD der Kauf von Gold f\u00fcr Anleger mit einer anderen W\u00e4hrung teurer wird. Die Nachfrage f\u00fcr K\u00e4ufer au\u00dferhalb des USD-Raumes geht dadurch zur\u00fcck, woraufhin der Goldpreis unter Druck ger\u00e4t.<\/p>","protected":false},"excerpt":{"rendered":"<p>Gold dient weder in der Deflation noch in der Inflation als wirksamer Schutz. Der Goldkurs ist mittlerweile starken Schwankungen ausgesetzt und kann vor allem in der Inflation nicht vor einem vollkommenden Kaufkraftverlust sch\u00fctzen. Zu beachten ist auch, dass Gold keine Zinsen oder Dividenden abwirft, jedoch m\u00f6glicherweise noch Kosten f\u00fcr das Lagern anfallen. Da Gold in [&hellip;]<\/p>\n","protected":false},"author":1,"featured_media":0,"parent":0,"menu_order":0,"comment_status":"closed","ping_status":"closed","template":"","meta":{"site-sidebar-layout":"default","site-content-layout":"","ast-site-content-layout":"","site-content-style":"default","site-sidebar-style":"default","ast-global-header-display":"","ast-banner-title-visibility":"","ast-main-header-display":"","ast-hfb-above-header-display":"","ast-hfb-below-header-display":"","ast-hfb-mobile-header-display":"","site-post-title":"","ast-breadcrumbs-content":"","ast-featured-img":"","footer-sml-layout":"","theme-transparent-header-meta":"","adv-header-id-meta":"","stick-header-meta":"","header-above-stick-meta":"","header-main-stick-meta":"","header-below-stick-meta":"","astra-migrate-meta-layouts":"default","ast-page-background-enabled":"default","ast-page-background-meta":{"desktop":{"background-color":"","background-image":"","background-repeat":"repeat","background-position":"center center","background-size":"auto","background-attachment":"scroll","background-type":"","background-media":"","overlay-type":"","overlay-color":"","overlay-opacity":"","overlay-gradient":""},"tablet":{"background-color":"","background-image":"","background-repeat":"repeat","background-position":"center center","background-size":"auto","background-attachment":"scroll","background-type":"","background-media":"","overlay-type":"","overlay-color":"","overlay-opacity":"","overlay-gradient":""},"mobile":{"background-color":"","background-image":"","background-repeat":"repeat","background-position":"center center","background-size":"auto","background-attachment":"scroll","background-type":"","background-media":"","overlay-type":"","overlay-color":"","overlay-opacity":"","overlay-gradient":""}},"ast-content-background-meta":{"desktop":{"background-color":"var(--ast-global-color-5)","background-image":"","background-repeat":"repeat","background-position":"center center","background-size":"auto","background-attachment":"scroll","background-type":"","background-media":"","overlay-type":"","overlay-color":"","overlay-opacity":"","overlay-gradient":""},"tablet":{"background-color":"var(--ast-global-color-5)","background-image":"","background-repeat":"repeat","background-position":"center center","background-size":"auto","background-attachment":"scroll","background-type":"","background-media":"","overlay-type":"","overlay-color":"","overlay-opacity":"","overlay-gradient":""},"mobile":{"background-color":"var(--ast-global-color-5)","background-image":"","background-repeat":"repeat","background-position":"center center","background-size":"auto","background-attachment":"scroll","background-type":"","background-media":"","overlay-type":"","overlay-color":"","overlay-opacity":"","overlay-gradient":""}},"footnotes":""},"class_list":["post-3125","page","type-page","status-publish","hentry"],"translation":{"provider":"WPGlobus","version":"3.0.2","language":"en","enabled_languages":["de","en"],"languages":{"de":{"title":true,"content":true,"excerpt":false},"en":{"title":false,"content":false,"excerpt":false}}},"featured_image_urls_v2":{"full":"","thumbnail":"","medium":"","medium_large":"","large":"","1536x1536":"","2048x2048":""},"post_excerpt_stackable_v2":"<p>Gold dient weder in der Deflation noch in der Inflation als wirksamer Schutz. Der Goldkurs ist mittlerweile starken Schwankungen ausgesetzt und kann vor allem in der Inflation nicht vor einem vollkommenden Kaufkraftverlust sch\u00fctzen. Zu beachten ist auch, dass Gold keine Zinsen oder Dividenden abwirft, jedoch m\u00f6glicherweise noch Kosten f\u00fcr das Lagern anfallen. Da Gold in US-Dollar gehandelt wird, sind Anleger au\u00dferhalb des US-Dollar-Raumes zus\u00e4tzlich einem Wechselkursrisiko ausgesetzt, wenn sie Gold kaufen. Verliert der US-Dollar gegen\u00fcber dem Euro im Zeitraum von Kauf bis Verkauf an Wert, erh\u00e4lt der Anleger beim Verkauf seines Goldes einen geringeren Euro-Betrag zur\u00fcck, wenn sich der Goldpreis&hellip;<\/p>\n","category_list_v2":"","author_info_v2":{"name":"PrudentWater","url":"https:\/\/prudentwater.com\/en\/author\/niklas33\/"},"comments_num_v2":"0 comments","_links":{"self":[{"href":"https:\/\/prudentwater.com\/en\/wp-json\/wp\/v2\/pages\/3125","targetHints":{"allow":["GET"]}}],"collection":[{"href":"https:\/\/prudentwater.com\/en\/wp-json\/wp\/v2\/pages"}],"about":[{"href":"https:\/\/prudentwater.com\/en\/wp-json\/wp\/v2\/types\/page"}],"author":[{"embeddable":true,"href":"https:\/\/prudentwater.com\/en\/wp-json\/wp\/v2\/users\/1"}],"replies":[{"embeddable":true,"href":"https:\/\/prudentwater.com\/en\/wp-json\/wp\/v2\/comments?post=3125"}],"version-history":[{"count":0,"href":"https:\/\/prudentwater.com\/en\/wp-json\/wp\/v2\/pages\/3125\/revisions"}],"wp:attachment":[{"href":"https:\/\/prudentwater.com\/en\/wp-json\/wp\/v2\/media?parent=3125"}],"curies":[{"name":"wp","href":"https:\/\/api.w.org\/{rel}","templated":true}]}}