{"id":3140,"date":"2015-03-19T21:43:11","date_gmt":"2015-03-19T21:43:11","guid":{"rendered":"http:\/\/www.kunnskap.de\/?page_id=3140"},"modified":"2021-06-25T12:49:01","modified_gmt":"2021-06-25T10:49:01","slug":"forward","status":"publish","type":"page","link":"https:\/\/prudentwater.com\/en\/forward\/","title":{"rendered":"Forward"},"content":{"rendered":"<p>Ein Forward ist ein Termingesch\u00e4ft, welches in der Gegenwart abgeschlossen wird, die Erf\u00fcllung des Gesch\u00e4ftes findet jedoch erst in der Zukunft statt. Ein Forward-Kontrakt ist ein Derivat, das nicht \u00fcber die B\u00f6rse, sondern ausschlie\u00dflich im au\u00dferb\u00f6rslichen Handel gehandelt wird (oftmals zwischen Banken). Ein Forward bezieht sich immer auf einen Basiswert, ist im Gegensatz zu einem Future jedoch nicht standardisiert. Dies bedeutet, dass Preis, Menge, Qualit\u00e4t und Lieferdatum individuell zwischen den beiden Vertragsparteien ausgehandelt werden. Zudem ist es ein unbedingtes Termingesch\u00e4ft, sprich, sowohl K\u00e4ufer als auch Verk\u00e4ufer m\u00fcssen das Termingesch\u00e4ft auf jeden Fall erf\u00fcllen.<\/p>\n","protected":false},"excerpt":{"rendered":"<p>Ein Forward ist ein Termingesch\u00e4ft, welches in der Gegenwart abgeschlossen wird, die Erf\u00fcllung des Gesch\u00e4ftes findet jedoch erst in der Zukunft statt. Ein Forward-Kontrakt ist ein Derivat, das nicht \u00fcber die B\u00f6rse, sondern ausschlie\u00dflich im au\u00dferb\u00f6rslichen Handel gehandelt wird (oftmals zwischen Banken). Ein Forward bezieht sich immer auf einen Basiswert, ist im Gegensatz zu einem [&hellip;]<\/p>\n","protected":false},"author":1,"featured_media":0,"parent":0,"menu_order":0,"comment_status":"closed","ping_status":"closed","template":"","meta":{"site-sidebar-layout":"default","site-content-layout":"","ast-site-content-layout":"","site-content-style":"default","site-sidebar-style":"default","ast-global-header-display":"","ast-banner-title-visibility":"","ast-main-header-display":"","ast-hfb-above-header-display":"","ast-hfb-below-header-display":"","ast-hfb-mobile-header-display":"","site-post-title":"","ast-breadcrumbs-content":"","ast-featured-img":"","footer-sml-layout":"","theme-transparent-header-meta":"","adv-header-id-meta":"","stick-header-meta":"","header-above-stick-meta":"","header-main-stick-meta":"","header-below-stick-meta":"","astra-migrate-meta-layouts":"default","ast-page-background-enabled":"default","ast-page-background-meta":{"desktop":{"background-color":"","background-image":"","background-repeat":"repeat","background-position":"center center","background-size":"auto","background-attachment":"scroll","background-type":"","background-media":"","overlay-type":"","overlay-color":"","overlay-opacity":"","overlay-gradient":""},"tablet":{"background-color":"","background-image":"","background-repeat":"repeat","background-position":"center center","background-size":"auto","background-attachment":"scroll","background-type":"","background-media":"","overlay-type":"","overlay-color":"","overlay-opacity":"","overlay-gradient":""},"mobile":{"background-color":"","background-image":"","background-repeat":"repeat","background-position":"center center","background-size":"auto","background-attachment":"scroll","background-type":"","background-media":"","overlay-type":"","overlay-color":"","overlay-opacity":"","overlay-gradient":""}},"ast-content-background-meta":{"desktop":{"background-color":"var(--ast-global-color-5)","background-image":"","background-repeat":"repeat","background-position":"center center","background-size":"auto","background-attachment":"scroll","background-type":"","background-media":"","overlay-type":"","overlay-color":"","overlay-opacity":"","overlay-gradient":""},"tablet":{"background-color":"var(--ast-global-color-5)","background-image":"","background-repeat":"repeat","background-position":"center center","background-size":"auto","background-attachment":"scroll","background-type":"","background-media":"","overlay-type":"","overlay-color":"","overlay-opacity":"","overlay-gradient":""},"mobile":{"background-color":"var(--ast-global-color-5)","background-image":"","background-repeat":"repeat","background-position":"center center","background-size":"auto","background-attachment":"scroll","background-type":"","background-media":"","overlay-type":"","overlay-color":"","overlay-opacity":"","overlay-gradient":""}},"footnotes":""},"class_list":["post-3140","page","type-page","status-publish","hentry"],"translation":{"provider":"WPGlobus","version":"3.0.2","language":"en","enabled_languages":["de","en"],"languages":{"de":{"title":true,"content":true,"excerpt":false},"en":{"title":false,"content":false,"excerpt":false}}},"featured_image_urls_v2":{"full":"","thumbnail":"","medium":"","medium_large":"","large":"","1536x1536":"","2048x2048":""},"post_excerpt_stackable_v2":"<p>Ein Forward ist ein Termingesch\u00e4ft, welches in der Gegenwart abgeschlossen wird, die Erf\u00fcllung des Gesch\u00e4ftes findet jedoch erst in der Zukunft statt. Ein Forward-Kontrakt ist ein Derivat, das nicht \u00fcber die B\u00f6rse, sondern ausschlie\u00dflich im au\u00dferb\u00f6rslichen Handel gehandelt wird (oftmals zwischen Banken). Ein Forward bezieht sich immer auf einen Basiswert, ist im Gegensatz zu einem Future jedoch nicht standardisiert. Dies bedeutet, dass Preis, Menge, Qualit\u00e4t und Lieferdatum individuell zwischen den beiden Vertragsparteien ausgehandelt werden. Zudem ist es ein unbedingtes Termingesch\u00e4ft, sprich, sowohl K\u00e4ufer als auch Verk\u00e4ufer m\u00fcssen das Termingesch\u00e4ft auf jeden Fall erf\u00fcllen.<\/p>\n","category_list_v2":"","author_info_v2":{"name":"PrudentWater","url":"https:\/\/prudentwater.com\/en\/author\/niklas33\/"},"comments_num_v2":"0 comments","_links":{"self":[{"href":"https:\/\/prudentwater.com\/en\/wp-json\/wp\/v2\/pages\/3140","targetHints":{"allow":["GET"]}}],"collection":[{"href":"https:\/\/prudentwater.com\/en\/wp-json\/wp\/v2\/pages"}],"about":[{"href":"https:\/\/prudentwater.com\/en\/wp-json\/wp\/v2\/types\/page"}],"author":[{"embeddable":true,"href":"https:\/\/prudentwater.com\/en\/wp-json\/wp\/v2\/users\/1"}],"replies":[{"embeddable":true,"href":"https:\/\/prudentwater.com\/en\/wp-json\/wp\/v2\/comments?post=3140"}],"version-history":[{"count":0,"href":"https:\/\/prudentwater.com\/en\/wp-json\/wp\/v2\/pages\/3140\/revisions"}],"wp:attachment":[{"href":"https:\/\/prudentwater.com\/en\/wp-json\/wp\/v2\/media?parent=3140"}],"curies":[{"name":"wp","href":"https:\/\/api.w.org\/{rel}","templated":true}]}}