{"id":3160,"date":"2015-03-20T13:39:04","date_gmt":"2015-03-20T13:39:04","guid":{"rendered":"http:\/\/www.kunnskap.de\/?page_id=3160"},"modified":"2021-06-25T12:49:35","modified_gmt":"2021-06-25T10:49:35","slug":"long-put","status":"publish","type":"page","link":"https:\/\/prudentwater.com\/en\/long-put\/","title":{"rendered":"Long Put"},"content":{"rendered":"<p>Auch <strong>Kauf einer Verkaufsoption<\/strong><br \/>\nErwartung: Fallende Kurse<\/p>\n<p>Long Put ist eine der vier Basisstrategien im Optionshandel. Mit einem Long Put erwirbt der K\u00e4ufer das Recht, einen bestimmten Basiswert, zu einer bestimmten Menge, zu einem bestimmten Preis, innerhalb einer bestimmten Laufzeit zu verkaufen. Es handelt sich jedoch nur um das Recht, der K\u00e4ufer des Long Put ist nicht verpflichtet, die Option auszu\u00fcben. F\u00fcr dieses Recht bezahlt der K\u00e4ufer des Long Put dem Verk\u00e4ufer eine Pr\u00e4mie. Diese Pr\u00e4mie ist der Optionspreis. Der K\u00e4ufer kann den Long Put auch verfallen lassen. In diesem Fall kommt es zu keinem Gesch\u00e4ft. Den Optionspreis erh\u00e4lt er in beiden F\u00e4llen jedoch nicht zur\u00fcck. Der K\u00e4ufer des Long Put wird sein Recht jedoch wahrnehmen, wenn der Preis des Basiswertes innerhalb der Laufzeit der Option gefallen ist und unter dem Basispreis liegt. Der Basispreis ist in dem Fall der Preis, zu dem der Besitzer des Long Put berechtigt ist, den Basiswert an den Verk\u00e4ufer des Long Put zu verkaufen. Besteht bspw. eine Long Put-Option mit dem Basispreis von 20 Euro auf Aktie XY, wird diese Aktie jedoch aktuell f\u00fcr 15 Euro an der B\u00f6rse gehandelt, erzielt der Long Put-Besitzer einen Gewinn. Durch sein Optionsrecht kann er nun die Aktie f\u00fcr 20 Euro an den Verk\u00e4ufer des Long Put verkaufen. Wenn er vorher die Aktie regul\u00e4r an der B\u00f6rse f\u00fcr 15 Euo einkauft, erzielt er einen Gewinn von 5 Euro. Von den 5 Euro Gewinn muss er nun noch den Optionspreis, den er anfangs an den Verk\u00e4ufer bezahlt hat, abziehen. Hat er f\u00fcr die Option 1,50 Euro bezahlt, erzielt er einen Gewinn von 3,50 Euro.<br \/>\nDie tats\u00e4chliche Aus\u00fcbung einer Option, bei der der Basiswert auch geliefert wird, ist jedoch eher un\u00fcblich. In der Regel wird nur die Differenz zwischen Basispreis und aktuellem Marktwert des Basiswertes ausgezahlt (Barausgleich).<\/p>\n","protected":false},"excerpt":{"rendered":"<p>Auch Kauf einer Verkaufsoption Erwartung: Fallende Kurse Long Put ist eine der vier Basisstrategien im Optionshandel. Mit einem Long Put erwirbt der K\u00e4ufer das Recht, einen bestimmten Basiswert, zu einer bestimmten Menge, zu einem bestimmten Preis, innerhalb einer bestimmten Laufzeit zu verkaufen. Es handelt sich jedoch nur um das Recht, der K\u00e4ufer des Long Put [&hellip;]<\/p>\n","protected":false},"author":1,"featured_media":0,"parent":0,"menu_order":0,"comment_status":"closed","ping_status":"closed","template":"","meta":{"site-sidebar-layout":"default","site-content-layout":"","ast-site-content-layout":"","site-content-style":"default","site-sidebar-style":"default","ast-global-header-display":"","ast-banner-title-visibility":"","ast-main-header-display":"","ast-hfb-above-header-display":"","ast-hfb-below-header-display":"","ast-hfb-mobile-header-display":"","site-post-title":"","ast-breadcrumbs-content":"","ast-featured-img":"","footer-sml-layout":"","theme-transparent-header-meta":"","adv-header-id-meta":"","stick-header-meta":"","header-above-stick-meta":"","header-main-stick-meta":"","header-below-stick-meta":"","astra-migrate-meta-layouts":"default","ast-page-background-enabled":"default","ast-page-background-meta":{"desktop":{"background-color":"","background-image":"","background-repeat":"repeat","background-position":"center center","background-size":"auto","background-attachment":"scroll","background-type":"","background-media":"","overlay-type":"","overlay-color":"","overlay-opacity":"","overlay-gradient":""},"tablet":{"background-color":"","background-image":"","background-repeat":"repeat","background-position":"center center","background-size":"auto","background-attachment":"scroll","background-type":"","background-media":"","overlay-type":"","overlay-color":"","overlay-opacity":"","overlay-gradient":""},"mobile":{"background-color":"","background-image":"","background-repeat":"repeat","background-position":"center center","background-size":"auto","background-attachment":"scroll","background-type":"","background-media":"","overlay-type":"","overlay-color":"","overlay-opacity":"","overlay-gradient":""}},"ast-content-background-meta":{"desktop":{"background-color":"var(--ast-global-color-5)","background-image":"","background-repeat":"repeat","background-position":"center center","background-size":"auto","background-attachment":"scroll","background-type":"","background-media":"","overlay-type":"","overlay-color":"","overlay-opacity":"","overlay-gradient":""},"tablet":{"background-color":"var(--ast-global-color-5)","background-image":"","background-repeat":"repeat","background-position":"center center","background-size":"auto","background-attachment":"scroll","background-type":"","background-media":"","overlay-type":"","overlay-color":"","overlay-opacity":"","overlay-gradient":""},"mobile":{"background-color":"var(--ast-global-color-5)","background-image":"","background-repeat":"repeat","background-position":"center center","background-size":"auto","background-attachment":"scroll","background-type":"","background-media":"","overlay-type":"","overlay-color":"","overlay-opacity":"","overlay-gradient":""}},"footnotes":""},"class_list":["post-3160","page","type-page","status-publish","hentry"],"translation":{"provider":"WPGlobus","version":"3.0.2","language":"en","enabled_languages":["de","en"],"languages":{"de":{"title":true,"content":true,"excerpt":false},"en":{"title":false,"content":false,"excerpt":false}}},"featured_image_urls_v2":{"full":"","thumbnail":"","medium":"","medium_large":"","large":"","1536x1536":"","2048x2048":""},"post_excerpt_stackable_v2":"<p>Auch Kauf einer Verkaufsoption Erwartung: Fallende Kurse Long Put ist eine der vier Basisstrategien im Optionshandel. Mit einem Long Put erwirbt der K\u00e4ufer das Recht, einen bestimmten Basiswert, zu einer bestimmten Menge, zu einem bestimmten Preis, innerhalb einer bestimmten Laufzeit zu verkaufen. Es handelt sich jedoch nur um das Recht, der K\u00e4ufer des Long Put ist nicht verpflichtet, die Option auszu\u00fcben. F\u00fcr dieses Recht bezahlt der K\u00e4ufer des Long Put dem Verk\u00e4ufer eine Pr\u00e4mie. Diese Pr\u00e4mie ist der Optionspreis. Der K\u00e4ufer kann den Long Put auch verfallen lassen. In diesem Fall kommt es zu keinem Gesch\u00e4ft. Den Optionspreis erh\u00e4lt er&hellip;<\/p>\n","category_list_v2":"","author_info_v2":{"name":"PrudentWater","url":"https:\/\/prudentwater.com\/en\/author\/niklas33\/"},"comments_num_v2":"0 comments","_links":{"self":[{"href":"https:\/\/prudentwater.com\/en\/wp-json\/wp\/v2\/pages\/3160","targetHints":{"allow":["GET"]}}],"collection":[{"href":"https:\/\/prudentwater.com\/en\/wp-json\/wp\/v2\/pages"}],"about":[{"href":"https:\/\/prudentwater.com\/en\/wp-json\/wp\/v2\/types\/page"}],"author":[{"embeddable":true,"href":"https:\/\/prudentwater.com\/en\/wp-json\/wp\/v2\/users\/1"}],"replies":[{"embeddable":true,"href":"https:\/\/prudentwater.com\/en\/wp-json\/wp\/v2\/comments?post=3160"}],"version-history":[{"count":0,"href":"https:\/\/prudentwater.com\/en\/wp-json\/wp\/v2\/pages\/3160\/revisions"}],"wp:attachment":[{"href":"https:\/\/prudentwater.com\/en\/wp-json\/wp\/v2\/media?parent=3160"}],"curies":[{"name":"wp","href":"https:\/\/api.w.org\/{rel}","templated":true}]}}