{"id":3171,"date":"2015-03-20T14:30:40","date_gmt":"2015-03-20T14:30:40","guid":{"rendered":"http:\/\/www.kunnskap.de\/?page_id=3171"},"modified":"2021-06-25T12:50:11","modified_gmt":"2021-06-25T10:50:11","slug":"short-put","status":"publish","type":"page","link":"https:\/\/prudentwater.com\/en\/short-put\/","title":{"rendered":"Short Put"},"content":{"rendered":"<p>Auch <strong>Verkauf einer Verkaufsoption<\/strong><br \/>\nErwartung: steigende oder konstante Kurse<\/p>\n<p>Short Put ist eine der vier Basisstrategien im Optionshandel. Bei einem Short Put besitzt ein Optionshalter (Person A) einen Put (Verkaufsoption), diese m\u00f6chte er jedoch an einen anderen Marktteilnehmer (Person B) verkaufen. Der Optionshalter verkauft also seine Verkaufsoption. Anschlie\u00dfend ist er Stillhalter, da er bei Aus\u00fcbung der Option durch den neuen Besitzer des Short Put den zugrunde liegenden Basiswert in der vereinbarten Menge kaufen muss.<br \/>\nPerson A erhofft sich bei diesem Gesch\u00e4ft, dass die Put-Option wertlos verf\u00e4llt und er somit den Optionspreis (Pr\u00e4mie) komplett als Gewinn verbuchen kann. Die Option verf\u00e4llt wertlos, wenn am Verfallstag der Kurs des Basiswertes \u00fcber dem Kurs des Basispreises der Option liegt. Unabh\u00e4ngig davon, ob die Option ausgef\u00fchrt wird oder nicht, Person A kann auf jeden Fall die Pr\u00e4mie (den Optionspreis) behalten. <\/p>\n<p><u>Zum Beispiel:<\/u><br \/>\nOptionspreis: 4 Euro<br \/>\nBasiswert der Option: Aktie XY<br \/>\nBasispreis: 100 Euro<\/p>\n<p>Steht am F\u00e4lligkeitstag der Kurs der AKtie XY an der B\u00f6rse \u00fcber 100 Euro, wird Person B die Option nicht aus\u00fcben. Er kann die Aktie schlie\u00dflich jederzeit teurer \u00fcber die B\u00f6rse verkaufen und somit einen h\u00f6heren Gewinn erzielen. Der Schein verf\u00e4llt somit wertlos. Der Optionspreis kann von Person A komplett als Gewinn verbucht werden.<br \/>\nSteht hingegen am F\u00e4lligkeitstag der Kurs der Aktie XY unter 100 Euro, so wird Person B die Option aus\u00fcben, da er nun die Aktie teurer verkaufen kann, als er f\u00fcr sie momentan regul\u00e4r an der B\u00f6rse bekommen w\u00fcrde. Liegt der Kurs der Aktie XY momentan bei 94 Euro, ist Person A verpflichtet, die Aktie f\u00fcr 100 Euro von Person B zu erwerben. Nun muss noch der Optionspreis ber\u00fccksichtigt werden. Person A bekam von Person B 4 Euro f\u00fcr das Optionsgesch\u00e4ft. Die kann er auch behalten, erleidet trotzdem einen Verlust von 2 Euro. Person B hingegen erzielt einen Gewinn von 2 Euro.<br \/>\nDie tats\u00e4chliche Aus\u00fcbung einer Option, bei der der Basiswert auch geliefert wird, ist jedoch eher un\u00fcblich. In der Regel wird nur die Differenz zwischen Basispreis und aktuellem Marktwert des Basiswertes ausgezahlt (Barausgleich).<\/p>\n","protected":false},"excerpt":{"rendered":"<p>Auch Verkauf einer Verkaufsoption Erwartung: steigende oder konstante Kurse Short Put ist eine der vier Basisstrategien im Optionshandel. Bei einem Short Put besitzt ein Optionshalter (Person A) einen Put (Verkaufsoption), diese m\u00f6chte er jedoch an einen anderen Marktteilnehmer (Person B) verkaufen. Der Optionshalter verkauft also seine Verkaufsoption. Anschlie\u00dfend ist er Stillhalter, da er bei Aus\u00fcbung [&hellip;]<\/p>\n","protected":false},"author":1,"featured_media":0,"parent":0,"menu_order":0,"comment_status":"closed","ping_status":"closed","template":"","meta":{"site-sidebar-layout":"default","site-content-layout":"","ast-site-content-layout":"","site-content-style":"default","site-sidebar-style":"default","ast-global-header-display":"","ast-banner-title-visibility":"","ast-main-header-display":"","ast-hfb-above-header-display":"","ast-hfb-below-header-display":"","ast-hfb-mobile-header-display":"","site-post-title":"","ast-breadcrumbs-content":"","ast-featured-img":"","footer-sml-layout":"","theme-transparent-header-meta":"","adv-header-id-meta":"","stick-header-meta":"","header-above-stick-meta":"","header-main-stick-meta":"","header-below-stick-meta":"","astra-migrate-meta-layouts":"default","ast-page-background-enabled":"default","ast-page-background-meta":{"desktop":{"background-color":"","background-image":"","background-repeat":"repeat","background-position":"center center","background-size":"auto","background-attachment":"scroll","background-type":"","background-media":"","overlay-type":"","overlay-color":"","overlay-opacity":"","overlay-gradient":""},"tablet":{"background-color":"","background-image":"","background-repeat":"repeat","background-position":"center center","background-size":"auto","background-attachment":"scroll","background-type":"","background-media":"","overlay-type":"","overlay-color":"","overlay-opacity":"","overlay-gradient":""},"mobile":{"background-color":"","background-image":"","background-repeat":"repeat","background-position":"center center","background-size":"auto","background-attachment":"scroll","background-type":"","background-media":"","overlay-type":"","overlay-color":"","overlay-opacity":"","overlay-gradient":""}},"ast-content-background-meta":{"desktop":{"background-color":"var(--ast-global-color-5)","background-image":"","background-repeat":"repeat","background-position":"center center","background-size":"auto","background-attachment":"scroll","background-type":"","background-media":"","overlay-type":"","overlay-color":"","overlay-opacity":"","overlay-gradient":""},"tablet":{"background-color":"var(--ast-global-color-5)","background-image":"","background-repeat":"repeat","background-position":"center center","background-size":"auto","background-attachment":"scroll","background-type":"","background-media":"","overlay-type":"","overlay-color":"","overlay-opacity":"","overlay-gradient":""},"mobile":{"background-color":"var(--ast-global-color-5)","background-image":"","background-repeat":"repeat","background-position":"center center","background-size":"auto","background-attachment":"scroll","background-type":"","background-media":"","overlay-type":"","overlay-color":"","overlay-opacity":"","overlay-gradient":""}},"footnotes":""},"class_list":["post-3171","page","type-page","status-publish","hentry"],"translation":{"provider":"WPGlobus","version":"3.0.2","language":"en","enabled_languages":["de","en"],"languages":{"de":{"title":true,"content":true,"excerpt":false},"en":{"title":false,"content":false,"excerpt":false}}},"featured_image_urls_v2":{"full":"","thumbnail":"","medium":"","medium_large":"","large":"","1536x1536":"","2048x2048":""},"post_excerpt_stackable_v2":"<p>Auch Verkauf einer Verkaufsoption Erwartung: steigende oder konstante Kurse Short Put ist eine der vier Basisstrategien im Optionshandel. Bei einem Short Put besitzt ein Optionshalter (Person A) einen Put (Verkaufsoption), diese m\u00f6chte er jedoch an einen anderen Marktteilnehmer (Person B) verkaufen. Der Optionshalter verkauft also seine Verkaufsoption. Anschlie\u00dfend ist er Stillhalter, da er bei Aus\u00fcbung der Option durch den neuen Besitzer des Short Put den zugrunde liegenden Basiswert in der vereinbarten Menge kaufen muss. Person A erhofft sich bei diesem Gesch\u00e4ft, dass die Put-Option wertlos verf\u00e4llt und er somit den Optionspreis (Pr\u00e4mie) komplett als Gewinn verbuchen kann. Die Option verf\u00e4llt&hellip;<\/p>\n","category_list_v2":"","author_info_v2":{"name":"PrudentWater","url":"https:\/\/prudentwater.com\/en\/author\/niklas33\/"},"comments_num_v2":"0 comments","_links":{"self":[{"href":"https:\/\/prudentwater.com\/en\/wp-json\/wp\/v2\/pages\/3171","targetHints":{"allow":["GET"]}}],"collection":[{"href":"https:\/\/prudentwater.com\/en\/wp-json\/wp\/v2\/pages"}],"about":[{"href":"https:\/\/prudentwater.com\/en\/wp-json\/wp\/v2\/types\/page"}],"author":[{"embeddable":true,"href":"https:\/\/prudentwater.com\/en\/wp-json\/wp\/v2\/users\/1"}],"replies":[{"embeddable":true,"href":"https:\/\/prudentwater.com\/en\/wp-json\/wp\/v2\/comments?post=3171"}],"version-history":[{"count":0,"href":"https:\/\/prudentwater.com\/en\/wp-json\/wp\/v2\/pages\/3171\/revisions"}],"wp:attachment":[{"href":"https:\/\/prudentwater.com\/en\/wp-json\/wp\/v2\/media?parent=3171"}],"curies":[{"name":"wp","href":"https:\/\/api.w.org\/{rel}","templated":true}]}}