{"id":3178,"date":"2015-03-20T23:10:06","date_gmt":"2015-03-20T23:10:06","guid":{"rendered":"http:\/\/www.kunnskap.de\/?page_id=3178"},"modified":"2021-06-25T12:50:09","modified_gmt":"2021-06-25T10:50:09","slug":"repo-rate","status":"publish","type":"page","link":"https:\/\/prudentwater.com\/en\/repo-rate\/","title":{"rendered":"Repo Rate"},"content":{"rendered":"<p>engl. <strong>Repurchase Rate<\/strong><\/p>\n<p>Die repo rate ist der Zinssatz, zu dem sich eine Bank bei der heimischen Zentralbank f\u00fcr eine Dauer von nicht mehr als einem Jahr Geld leihen kann. Dabei hinterlegen Banken Wertpapiere (Anleihen) als Sicherheiten bei der Zentralbank, um anschlie\u00dfend einen Kredit zu erhalten. Die Repo Rate ist dabei der Zinssatz, der f\u00fcr diesen Kredit mit einer gebundenen R\u00fcckkaufvereinbarung beider Seiten zu bezahlen ist. Allgemein bewegt sich die repo rate stets in H\u00f6he des Leitzinses des jeweiligen Landes \/ W\u00e4hrungsraumes. Der Sinn eines solchen Kreditgesch\u00e4fts f\u00fcr die Zentralbank besteht unter anderem darin, Inflation und Deflation zu steuern. In deflation\u00e4ren Tendenzen wird die Repo Rate gesenkt, wohingegen sie in inflation\u00e4ren Tendenzen angehoben wird. F\u00fcr die Bank hingegen ist das Gesch\u00e4ft ein Mittel, um sich kurzfristig g\u00fcnstig Geld zu besorgen. Die Repo Rate ist der Zinssatz f\u00fcr ein Wertpapierpensionsgesch\u00e4ft und liegt in der Regel unter dem vergleichbaren (unbesicherten) Geldmarktzins, da diese Gesch\u00e4fte durch die zu hinterlegenden Wertpapiere besichert sind. Die Repo Rate h\u00e4ngt jedoch auch von der Qualit\u00e4t der Anleihe ab. Je h\u00f6her die Liquidit\u00e4t und Sicherheit der Anleihe sowie des entsprechenden Emittenten, desto niedriger wird die Repo Rate sein. Bei der Buy\/Sell Back-Variante eines Pensionsgesch\u00e4ftes ist es die Differenz zwischen An- und Verkaufskurs der Wertpapiere, die den Zinssatz (Repo Rate) f\u00fcr den Kredit bestimmt. Bei dem klassischen Repo Gesch\u00e4ft werden die Zinsen separat bezahlt.<\/p>\n","protected":false},"excerpt":{"rendered":"<p>engl. Repurchase Rate Die repo rate ist der Zinssatz, zu dem sich eine Bank bei der heimischen Zentralbank f\u00fcr eine Dauer von nicht mehr als einem Jahr Geld leihen kann. Dabei hinterlegen Banken Wertpapiere (Anleihen) als Sicherheiten bei der Zentralbank, um anschlie\u00dfend einen Kredit zu erhalten. Die Repo Rate ist dabei der Zinssatz, der f\u00fcr [&hellip;]<\/p>\n","protected":false},"author":1,"featured_media":0,"parent":0,"menu_order":0,"comment_status":"closed","ping_status":"closed","template":"","meta":{"site-sidebar-layout":"default","site-content-layout":"","ast-site-content-layout":"","site-content-style":"default","site-sidebar-style":"default","ast-global-header-display":"","ast-banner-title-visibility":"","ast-main-header-display":"","ast-hfb-above-header-display":"","ast-hfb-below-header-display":"","ast-hfb-mobile-header-display":"","site-post-title":"","ast-breadcrumbs-content":"","ast-featured-img":"","footer-sml-layout":"","theme-transparent-header-meta":"","adv-header-id-meta":"","stick-header-meta":"","header-above-stick-meta":"","header-main-stick-meta":"","header-below-stick-meta":"","astra-migrate-meta-layouts":"default","ast-page-background-enabled":"default","ast-page-background-meta":{"desktop":{"background-color":"","background-image":"","background-repeat":"repeat","background-position":"center center","background-size":"auto","background-attachment":"scroll","background-type":"","background-media":"","overlay-type":"","overlay-color":"","overlay-opacity":"","overlay-gradient":""},"tablet":{"background-color":"","background-image":"","background-repeat":"repeat","background-position":"center center","background-size":"auto","background-attachment":"scroll","background-type":"","background-media":"","overlay-type":"","overlay-color":"","overlay-opacity":"","overlay-gradient":""},"mobile":{"background-color":"","background-image":"","background-repeat":"repeat","background-position":"center center","background-size":"auto","background-attachment":"scroll","background-type":"","background-media":"","overlay-type":"","overlay-color":"","overlay-opacity":"","overlay-gradient":""}},"ast-content-background-meta":{"desktop":{"background-color":"var(--ast-global-color-5)","background-image":"","background-repeat":"repeat","background-position":"center center","background-size":"auto","background-attachment":"scroll","background-type":"","background-media":"","overlay-type":"","overlay-color":"","overlay-opacity":"","overlay-gradient":""},"tablet":{"background-color":"var(--ast-global-color-5)","background-image":"","background-repeat":"repeat","background-position":"center center","background-size":"auto","background-attachment":"scroll","background-type":"","background-media":"","overlay-type":"","overlay-color":"","overlay-opacity":"","overlay-gradient":""},"mobile":{"background-color":"var(--ast-global-color-5)","background-image":"","background-repeat":"repeat","background-position":"center center","background-size":"auto","background-attachment":"scroll","background-type":"","background-media":"","overlay-type":"","overlay-color":"","overlay-opacity":"","overlay-gradient":""}},"footnotes":""},"class_list":["post-3178","page","type-page","status-publish","hentry"],"translation":{"provider":"WPGlobus","version":"3.0.2","language":"en","enabled_languages":["de","en"],"languages":{"de":{"title":true,"content":true,"excerpt":false},"en":{"title":false,"content":false,"excerpt":false}}},"featured_image_urls_v2":{"full":"","thumbnail":"","medium":"","medium_large":"","large":"","1536x1536":"","2048x2048":""},"post_excerpt_stackable_v2":"<p>engl. Repurchase Rate Die repo rate ist der Zinssatz, zu dem sich eine Bank bei der heimischen Zentralbank f\u00fcr eine Dauer von nicht mehr als einem Jahr Geld leihen kann. Dabei hinterlegen Banken Wertpapiere (Anleihen) als Sicherheiten bei der Zentralbank, um anschlie\u00dfend einen Kredit zu erhalten. Die Repo Rate ist dabei der Zinssatz, der f\u00fcr diesen Kredit mit einer gebundenen R\u00fcckkaufvereinbarung beider Seiten zu bezahlen ist. Allgemein bewegt sich die repo rate stets in H\u00f6he des Leitzinses des jeweiligen Landes \/ W\u00e4hrungsraumes. Der Sinn eines solchen Kreditgesch\u00e4fts f\u00fcr die Zentralbank besteht unter anderem darin, Inflation und Deflation zu steuern. In&hellip;<\/p>\n","category_list_v2":"","author_info_v2":{"name":"PrudentWater","url":"https:\/\/prudentwater.com\/en\/author\/niklas33\/"},"comments_num_v2":"0 comments","_links":{"self":[{"href":"https:\/\/prudentwater.com\/en\/wp-json\/wp\/v2\/pages\/3178","targetHints":{"allow":["GET"]}}],"collection":[{"href":"https:\/\/prudentwater.com\/en\/wp-json\/wp\/v2\/pages"}],"about":[{"href":"https:\/\/prudentwater.com\/en\/wp-json\/wp\/v2\/types\/page"}],"author":[{"embeddable":true,"href":"https:\/\/prudentwater.com\/en\/wp-json\/wp\/v2\/users\/1"}],"replies":[{"embeddable":true,"href":"https:\/\/prudentwater.com\/en\/wp-json\/wp\/v2\/comments?post=3178"}],"version-history":[{"count":0,"href":"https:\/\/prudentwater.com\/en\/wp-json\/wp\/v2\/pages\/3178\/revisions"}],"wp:attachment":[{"href":"https:\/\/prudentwater.com\/en\/wp-json\/wp\/v2\/media?parent=3178"}],"curies":[{"name":"wp","href":"https:\/\/api.w.org\/{rel}","templated":true}]}}