{"id":318,"date":"2014-08-20T09:29:20","date_gmt":"2014-08-20T09:29:20","guid":{"rendered":"http:\/\/www.kunnskap.de\/?page_id=318"},"modified":"2023-04-27T17:34:48","modified_gmt":"2023-04-27T15:34:48","slug":"ex-dividende","status":"publish","type":"page","link":"https:\/\/prudentwater.com\/en\/ex-dividende\/","title":{"rendered":"Ex Dividende"},"content":{"rendered":"<p>Auch <strong> Ex Div<\/strong><\/p>\n<p style=\"margin-bottom: 50px;\">\n<h2>Ex Dividende in Deutschland<\/h2>\n<p>Der Ex Dividende Tag ist in Deutschland der Tag nach der Hauptversammlung. Auf der Hauptversammlung wird beschlossen, wie hoch die Dividende pro Aktie ausfallen soll. Die H\u00f6he der Dividende wird jedoch schon vorher festgelegt, auf der Hauptversammlung wird sie in der Regel nur noch best\u00e4tigt. Einen Tag nach der Hauptversammlung &#8211; dem Ex Dividende Tag &#8211; wird die Dividende dann an die Aktion\u00e4re ausgesch\u00fcttet. Dementsprechend sinkt der Kurs der Aktie am Ex Dividende Tag um den Wert der ausgesch\u00fctteten Dividende pro Aktie. Jedoch wird der Kurs wie an allen anderen Tagen im Jahr durch Angebot und Nachfrage bestimmt, weshalb der Aktienkurs nicht exakt um die ausgesch\u00fcttete Dividende pro Aktie fallen muss. Ab dem Ex Dividende Tag wird die Aktie jedoch ohne Dividendenanspruch f\u00fcr das abgelaufene Gesch\u00e4ftsjahr gehandelt.<br \/>\n<div class=\"perfect-pullquote vcard pullquote-align-full pullquote-border-placement-left\" style=\"border-color:#3A434F !important;font-size:21px !important;\"><blockquote><p style=\"font-size:21px !important;\">F\u00fcr deutsche Aktien gilt, dass der Anleger die Aktie sp\u00e4testens am Tag der Hauptversammlung kaufen muss, um Anspruch auf die kommende Dividende zu haben. <\/p><\/blockquote><\/div><\/p>\n<p>Kauft ein Investor die Aktie jedoch erst am Ex-Dividende Tag, so erh\u00e4lt er die Dividende f\u00fcr das abgelaufene Gesch\u00e4ftsjahr <b>nicht mehr<\/b>. Er h\u00e4tte sie entsprechend einen Tag vorher kaufen m\u00fcssen, um Anspruch auf die Dividende aus dem vergangenen Gesch\u00e4ftsjahr zu haben. Dividenden werden in Deutschland in der Regel immer einen Tag nach der Hauptversammlung f\u00fcr das zur\u00fcckliegende Gesch\u00e4ftsjahr ausgesch\u00fcttet.<\/p>\n<h2>Ex Dividende international \/ im Ausland<\/h2>\n<p>International ist der Ex Dividende-Tag entscheidend f\u00fcr die Zuweisung der kommenden Dividende und liegt in der Regel zwei Tage vor dem Record Date. Anleger, die ausl\u00e4ndische Aktien am Ex Dividende-Tag kaufen oder gar einen Tag danach, erhalten <b>nicht<\/b> die kommende Dividende. Diese geht dann an den Verk\u00e4ufer der Aktien, auch wenn er selber die Aktien am Tag der Dividendenaussch\u00fcttung gar nicht mehr h\u00e4lt.<br \/>\n<div class=\"perfect-pullquote vcard pullquote-align-full pullquote-border-placement-left\" style=\"border-color:#3A434F !important;font-size:21px !important;\"><blockquote><p style=\"font-size:21px !important;\">Anleger m\u00fcssen die entsprechenden Aktien sp\u00e4testens einen Tag vor dem Ex Dividende-Tag kaufen, um die kommende Dividende zu erhalten. <\/p><\/blockquote><\/div><\/p>\n<p>Die Dividende wird dann bei ausl\u00e4ndischen Aktiengesellschaften in der Regel erst einige Wochen nach dem Ex Dividende-Tag ausgesch\u00fcttet. Im Aktienkurs erfolgt der Dividendenabschlag jedoch nicht am Tag der tats\u00e4chlichen Aussch\u00fcttung, sondern am Ex-Dividende-Tag, welcher wie bereits erw\u00e4hnt, in der Regel einige Wochen davor liegt. Vor allem bei US-amerikanischen Aktiengesellschaften sind Quartalsdividenden \u00fcblich &#8211; sprich &#8211; die Unternehmen sch\u00fctten ihre Dividenden viertelj\u00e4hrlich aus, wodurch jeweils ein Viertel der Jahresdividende ausgesch\u00fcttet wird.<\/p>\n<h2>Ex Dividende bei Anleihen<\/h2>\n<p>Bei Anleihen ist gelegentlich von der Ex-Dividend Period die Rede. Das ist der Zeitraum zwischen der Trennung des Kupons von der Anleihe und dem Zeitpunkt der Kuponzahlung. Anleger, die Anleihen w\u00e4hrend dieses Zeitraumes kaufen, erhalten nicht den Kupon, m\u00fcssen jedoch auch keine St\u00fcckzinsen bezahlen.<\/p>\n","protected":false},"excerpt":{"rendered":"<p>Auch Ex Div Ex Dividende in Deutschland Der Ex Dividende Tag ist in Deutschland der Tag nach der Hauptversammlung. Auf der Hauptversammlung wird beschlossen, wie hoch die Dividende pro Aktie ausfallen soll. Die H\u00f6he der Dividende wird jedoch schon vorher festgelegt, auf der Hauptversammlung wird sie in der Regel nur noch best\u00e4tigt. Einen Tag nach [&hellip;]<\/p>\n","protected":false},"author":1,"featured_media":0,"parent":0,"menu_order":0,"comment_status":"closed","ping_status":"closed","template":"","meta":{"site-sidebar-layout":"default","site-content-layout":"default","ast-site-content-layout":"","site-content-style":"default","site-sidebar-style":"default","ast-global-header-display":"","ast-banner-title-visibility":"","ast-main-header-display":"","ast-hfb-above-header-display":"","ast-hfb-below-header-display":"","ast-hfb-mobile-header-display":"","site-post-title":"","ast-breadcrumbs-content":"","ast-featured-img":"","footer-sml-layout":"","theme-transparent-header-meta":"default","adv-header-id-meta":"","stick-header-meta":"","header-above-stick-meta":"","header-main-stick-meta":"","header-below-stick-meta":"","astra-migrate-meta-layouts":"default","ast-page-background-enabled":"default","ast-page-background-meta":{"desktop":{"background-color":"","background-image":"","background-repeat":"repeat","background-position":"center center","background-size":"auto","background-attachment":"scroll","background-type":"","background-media":"","overlay-type":"","overlay-color":"","overlay-opacity":"","overlay-gradient":""},"tablet":{"background-color":"","background-image":"","background-repeat":"repeat","background-position":"center center","background-size":"auto","background-attachment":"scroll","background-type":"","background-media":"","overlay-type":"","overlay-color":"","overlay-opacity":"","overlay-gradient":""},"mobile":{"background-color":"","background-image":"","background-repeat":"repeat","background-position":"center center","background-size":"auto","background-attachment":"scroll","background-type":"","background-media":"","overlay-type":"","overlay-color":"","overlay-opacity":"","overlay-gradient":""}},"ast-content-background-meta":{"desktop":{"background-color":"var(--ast-global-color-5)","background-image":"","background-repeat":"repeat","background-position":"center center","background-size":"auto","background-attachment":"scroll","background-type":"","background-media":"","overlay-type":"","overlay-color":"","overlay-opacity":"","overlay-gradient":""},"tablet":{"background-color":"var(--ast-global-color-5)","background-image":"","background-repeat":"repeat","background-position":"center center","background-size":"auto","background-attachment":"scroll","background-type":"","background-media":"","overlay-type":"","overlay-color":"","overlay-opacity":"","overlay-gradient":""},"mobile":{"background-color":"var(--ast-global-color-5)","background-image":"","background-repeat":"repeat","background-position":"center center","background-size":"auto","background-attachment":"scroll","background-type":"","background-media":"","overlay-type":"","overlay-color":"","overlay-opacity":"","overlay-gradient":""}},"footnotes":""},"class_list":["post-318","page","type-page","status-publish","hentry"],"translation":{"provider":"WPGlobus","version":"3.0.2","language":"en","enabled_languages":["de","en"],"languages":{"de":{"title":true,"content":true,"excerpt":false},"en":{"title":false,"content":false,"excerpt":false}}},"featured_image_urls_v2":{"full":"","thumbnail":"","medium":"","medium_large":"","large":"","1536x1536":"","2048x2048":""},"post_excerpt_stackable_v2":"<p>Auch Ex Div Ex Dividende in Deutschland Der Ex Dividende Tag ist in Deutschland der Tag nach der Hauptversammlung. Auf der Hauptversammlung wird beschlossen, wie hoch die Dividende pro Aktie ausfallen soll. Die H\u00f6he der Dividende wird jedoch schon vorher festgelegt, auf der Hauptversammlung wird sie in der Regel nur noch best\u00e4tigt. Einen Tag nach der Hauptversammlung &#8211; dem Ex Dividende Tag &#8211; wird die Dividende dann an die Aktion\u00e4re ausgesch\u00fcttet. Dementsprechend sinkt der Kurs der Aktie am Ex Dividende Tag um den Wert der ausgesch\u00fctteten Dividende pro Aktie. Jedoch wird der Kurs wie an allen anderen Tagen im Jahr&hellip;<\/p>\n","category_list_v2":"","author_info_v2":{"name":"PrudentWater","url":"https:\/\/prudentwater.com\/en\/author\/niklas33\/"},"comments_num_v2":"0 comments","_links":{"self":[{"href":"https:\/\/prudentwater.com\/en\/wp-json\/wp\/v2\/pages\/318","targetHints":{"allow":["GET"]}}],"collection":[{"href":"https:\/\/prudentwater.com\/en\/wp-json\/wp\/v2\/pages"}],"about":[{"href":"https:\/\/prudentwater.com\/en\/wp-json\/wp\/v2\/types\/page"}],"author":[{"embeddable":true,"href":"https:\/\/prudentwater.com\/en\/wp-json\/wp\/v2\/users\/1"}],"replies":[{"embeddable":true,"href":"https:\/\/prudentwater.com\/en\/wp-json\/wp\/v2\/comments?post=318"}],"version-history":[{"count":0,"href":"https:\/\/prudentwater.com\/en\/wp-json\/wp\/v2\/pages\/318\/revisions"}],"wp:attachment":[{"href":"https:\/\/prudentwater.com\/en\/wp-json\/wp\/v2\/media?parent=318"}],"curies":[{"name":"wp","href":"https:\/\/api.w.org\/{rel}","templated":true}]}}