{"id":3212,"date":"2015-03-23T17:56:54","date_gmt":"2015-03-23T17:56:54","guid":{"rendered":"http:\/\/www.kunnskap.de\/?page_id=3212"},"modified":"2021-08-13T19:54:11","modified_gmt":"2021-08-13T17:54:11","slug":"zweitplatzierung","status":"publish","type":"page","link":"https:\/\/prudentwater.com\/en\/zweitplatzierung\/","title":{"rendered":"Zweitplatzierung"},"content":{"rendered":"<p>engl. <strong>Secondary Offering<\/strong><\/p>\n<p>Bei einer Zweitplatzierung verkauft ein Gro\u00dfaktion\u00e4r seine noch im Festbesitz befindlichen Aktien an einen anderen institutionellen Gro\u00dfinvestor oder verkauft sie \u00fcber die B\u00f6rse an alle interessierten Anleger weiter. Dabei handelt es sich in der Regel um einen relativ hohen Anteil aller ausstehenden Aktien, welche der Gro\u00dfaktion\u00e4r bei der Zweitplatzierung verkaufen m\u00f6chte. Bietet der Gro\u00dfaktion\u00e4r sein Aktienpaket institutionellen Investoren an, so geschieht dies oftmals mit einem Preisbaschlag, um das Angebot attraktiver zu machen.<br \/>\n<div class=\"perfect-pullquote vcard pullquote-align-full pullquote-border-placement-left\" style=\"border-color:#9cd3db !important;font-size:22px !important;\"><blockquote><p style=\"font-size:22px !important;\">Im Gegensatz zu einer Kapitalerh\u00f6hung, flie\u00dft der Erl\u00f6s aus einer Zweitplatzierung den abgebenden Aktion\u00e4ren zu und nicht dem Unternehmen.<\/p><\/blockquote><\/div><\/p>\n<p>Bei der Zweitplatzierung werden keine neuen Aktien ausgegeben, somit findet auch kein Verw\u00e4sserungseffekt f\u00fcr die Altaktion\u00e4re statt. Die Aktien wechseln lediglich seinen Besitzer, nach der Zweitplatzierung befinden sich jedoch mehr Aktien des Unternehmens im Streubesitz, falls die Aktien \u00fcber die B\u00f6rse allen interessierten Marktteilnehmern angeboten werden. Diese Art der Zweitplatzierung w\u00fcrde dann zu einer h\u00f6heren Liquidit\u00e4t des Wertpapieres f\u00fchren. Bleiben die Aktien jedoch im Festbesitz, weil sie hinterher weiterhin im Besitz eines Gro\u00dfinvestors sind, so \u00e4ndert sich nicht der Streubesitz und folglich erh\u00f6ht sich auch nicht die Handelbarkeit der Wertpapiere. Aktienpakete unter 5 % geh\u00f6ren zum Streubesitz. Besitzt der Gro\u00dfaktion\u00e4r jedoch mehr als 5 % der Aktien eines Unternehmens, so werden diese Aktien zum Festbesitz gez\u00e4hlt.<\/p>\n","protected":false},"excerpt":{"rendered":"<p>engl. Secondary Offering Bei einer Zweitplatzierung verkauft ein Gro\u00dfaktion\u00e4r seine noch im Festbesitz befindlichen Aktien an einen anderen institutionellen Gro\u00dfinvestor oder verkauft sie \u00fcber die B\u00f6rse an alle interessierten Anleger weiter. Dabei handelt es sich in der Regel um einen relativ hohen Anteil aller ausstehenden Aktien, welche der Gro\u00dfaktion\u00e4r bei der Zweitplatzierung verkaufen m\u00f6chte. Bietet [&hellip;]<\/p>\n","protected":false},"author":1,"featured_media":0,"parent":0,"menu_order":0,"comment_status":"closed","ping_status":"closed","template":"","meta":{"site-sidebar-layout":"default","site-content-layout":"default","ast-site-content-layout":"","site-content-style":"default","site-sidebar-style":"default","ast-global-header-display":"","ast-banner-title-visibility":"","ast-main-header-display":"","ast-hfb-above-header-display":"","ast-hfb-below-header-display":"","ast-hfb-mobile-header-display":"","site-post-title":"","ast-breadcrumbs-content":"","ast-featured-img":"","footer-sml-layout":"","theme-transparent-header-meta":"default","adv-header-id-meta":"","stick-header-meta":"","header-above-stick-meta":"","header-main-stick-meta":"","header-below-stick-meta":"","astra-migrate-meta-layouts":"default","ast-page-background-enabled":"default","ast-page-background-meta":{"desktop":{"background-color":"","background-image":"","background-repeat":"repeat","background-position":"center center","background-size":"auto","background-attachment":"scroll","background-type":"","background-media":"","overlay-type":"","overlay-color":"","overlay-opacity":"","overlay-gradient":""},"tablet":{"background-color":"","background-image":"","background-repeat":"repeat","background-position":"center center","background-size":"auto","background-attachment":"scroll","background-type":"","background-media":"","overlay-type":"","overlay-color":"","overlay-opacity":"","overlay-gradient":""},"mobile":{"background-color":"","background-image":"","background-repeat":"repeat","background-position":"center center","background-size":"auto","background-attachment":"scroll","background-type":"","background-media":"","overlay-type":"","overlay-color":"","overlay-opacity":"","overlay-gradient":""}},"ast-content-background-meta":{"desktop":{"background-color":"var(--ast-global-color-5)","background-image":"","background-repeat":"repeat","background-position":"center center","background-size":"auto","background-attachment":"scroll","background-type":"","background-media":"","overlay-type":"","overlay-color":"","overlay-opacity":"","overlay-gradient":""},"tablet":{"background-color":"var(--ast-global-color-5)","background-image":"","background-repeat":"repeat","background-position":"center center","background-size":"auto","background-attachment":"scroll","background-type":"","background-media":"","overlay-type":"","overlay-color":"","overlay-opacity":"","overlay-gradient":""},"mobile":{"background-color":"var(--ast-global-color-5)","background-image":"","background-repeat":"repeat","background-position":"center center","background-size":"auto","background-attachment":"scroll","background-type":"","background-media":"","overlay-type":"","overlay-color":"","overlay-opacity":"","overlay-gradient":""}},"footnotes":""},"class_list":["post-3212","page","type-page","status-publish","hentry"],"translation":{"provider":"WPGlobus","version":"3.0.2","language":"en","enabled_languages":["de","en"],"languages":{"de":{"title":true,"content":true,"excerpt":false},"en":{"title":false,"content":false,"excerpt":false}}},"featured_image_urls_v2":{"full":"","thumbnail":"","medium":"","medium_large":"","large":"","1536x1536":"","2048x2048":""},"post_excerpt_stackable_v2":"<p>engl. Secondary Offering Bei einer Zweitplatzierung verkauft ein Gro\u00dfaktion\u00e4r seine noch im Festbesitz befindlichen Aktien an einen anderen institutionellen Gro\u00dfinvestor oder verkauft sie \u00fcber die B\u00f6rse an alle interessierten Anleger weiter. Dabei handelt es sich in der Regel um einen relativ hohen Anteil aller ausstehenden Aktien, welche der Gro\u00dfaktion\u00e4r bei der Zweitplatzierung verkaufen m\u00f6chte. Bietet der Gro\u00dfaktion\u00e4r sein Aktienpaket institutionellen Investoren an, so geschieht dies oftmals mit einem Preisbaschlag, um das Angebot attraktiver zu machen. Im Gegensatz zu einer Kapitalerh\u00f6hung, flie\u00dft der Erl\u00f6s aus einer Zweitplatzierung den abgebenden Aktion\u00e4ren zu und nicht dem Unternehmen. Bei der Zweitplatzierung werden keine neuen&hellip;<\/p>\n","category_list_v2":"","author_info_v2":{"name":"PrudentWater","url":"https:\/\/prudentwater.com\/en\/author\/niklas33\/"},"comments_num_v2":"0 comments","_links":{"self":[{"href":"https:\/\/prudentwater.com\/en\/wp-json\/wp\/v2\/pages\/3212","targetHints":{"allow":["GET"]}}],"collection":[{"href":"https:\/\/prudentwater.com\/en\/wp-json\/wp\/v2\/pages"}],"about":[{"href":"https:\/\/prudentwater.com\/en\/wp-json\/wp\/v2\/types\/page"}],"author":[{"embeddable":true,"href":"https:\/\/prudentwater.com\/en\/wp-json\/wp\/v2\/users\/1"}],"replies":[{"embeddable":true,"href":"https:\/\/prudentwater.com\/en\/wp-json\/wp\/v2\/comments?post=3212"}],"version-history":[{"count":0,"href":"https:\/\/prudentwater.com\/en\/wp-json\/wp\/v2\/pages\/3212\/revisions"}],"wp:attachment":[{"href":"https:\/\/prudentwater.com\/en\/wp-json\/wp\/v2\/media?parent=3212"}],"curies":[{"name":"wp","href":"https:\/\/api.w.org\/{rel}","templated":true}]}}