{"id":3230,"date":"2015-03-25T10:29:29","date_gmt":"2015-03-25T10:29:29","guid":{"rendered":"http:\/\/www.kunnskap.de\/?page_id=3230"},"modified":"2021-06-25T12:50:09","modified_gmt":"2021-06-25T10:50:09","slug":"ruckzahlungspreis","status":"publish","type":"page","link":"https:\/\/prudentwater.com\/en\/ruckzahlungspreis\/","title":{"rendered":"R\u00fcckzahlungspreis"},"content":{"rendered":"<p>Der R\u00fcckzahlungspreis einer Anleihe ist der Preis, zu dem die Anleihe bei F\u00e4lligkeit zur\u00fcckgezahlt wird. In den meisten F\u00e4llen betr\u00e4gt der R\u00fcckzahlungspreis 100 Prozent. Kauft somit ein Anleger eine Anleihe zum Kurs von 102 Prozent (1,02\u20ac), so erh\u00e4lt er bei F\u00e4lligkeit trotzdem &#8216;nur&#8217; 100 Prozent (1,00\u20ac) pro Anleihe. Die zwischenzeitlichen Abweichungen vom R\u00fcckzahlungspreis entstehen durch Angebot und Nachfrage, mit abnehmender Laufzeit n\u00e4hert sich die Anleihe jedoch immer weiter ihrem R\u00fcckzahlungspreis (100 %) an. Diese schrittweise Ann\u00e4herung wird auch Pull to Par-Effekt genannt. <\/p>\n","protected":false},"excerpt":{"rendered":"<p>Der R\u00fcckzahlungspreis einer Anleihe ist der Preis, zu dem die Anleihe bei F\u00e4lligkeit zur\u00fcckgezahlt wird. In den meisten F\u00e4llen betr\u00e4gt der R\u00fcckzahlungspreis 100 Prozent. Kauft somit ein Anleger eine Anleihe zum Kurs von 102 Prozent (1,02\u20ac), so erh\u00e4lt er bei F\u00e4lligkeit trotzdem &#8216;nur&#8217; 100 Prozent (1,00\u20ac) pro Anleihe. Die zwischenzeitlichen Abweichungen vom R\u00fcckzahlungspreis entstehen durch [&hellip;]<\/p>\n","protected":false},"author":1,"featured_media":0,"parent":0,"menu_order":0,"comment_status":"closed","ping_status":"closed","template":"","meta":{"site-sidebar-layout":"default","site-content-layout":"","ast-site-content-layout":"","site-content-style":"default","site-sidebar-style":"default","ast-global-header-display":"","ast-banner-title-visibility":"","ast-main-header-display":"","ast-hfb-above-header-display":"","ast-hfb-below-header-display":"","ast-hfb-mobile-header-display":"","site-post-title":"","ast-breadcrumbs-content":"","ast-featured-img":"","footer-sml-layout":"","theme-transparent-header-meta":"","adv-header-id-meta":"","stick-header-meta":"","header-above-stick-meta":"","header-main-stick-meta":"","header-below-stick-meta":"","astra-migrate-meta-layouts":"default","ast-page-background-enabled":"default","ast-page-background-meta":{"desktop":{"background-color":"","background-image":"","background-repeat":"repeat","background-position":"center center","background-size":"auto","background-attachment":"scroll","background-type":"","background-media":"","overlay-type":"","overlay-color":"","overlay-opacity":"","overlay-gradient":""},"tablet":{"background-color":"","background-image":"","background-repeat":"repeat","background-position":"center center","background-size":"auto","background-attachment":"scroll","background-type":"","background-media":"","overlay-type":"","overlay-color":"","overlay-opacity":"","overlay-gradient":""},"mobile":{"background-color":"","background-image":"","background-repeat":"repeat","background-position":"center center","background-size":"auto","background-attachment":"scroll","background-type":"","background-media":"","overlay-type":"","overlay-color":"","overlay-opacity":"","overlay-gradient":""}},"ast-content-background-meta":{"desktop":{"background-color":"var(--ast-global-color-5)","background-image":"","background-repeat":"repeat","background-position":"center center","background-size":"auto","background-attachment":"scroll","background-type":"","background-media":"","overlay-type":"","overlay-color":"","overlay-opacity":"","overlay-gradient":""},"tablet":{"background-color":"var(--ast-global-color-5)","background-image":"","background-repeat":"repeat","background-position":"center center","background-size":"auto","background-attachment":"scroll","background-type":"","background-media":"","overlay-type":"","overlay-color":"","overlay-opacity":"","overlay-gradient":""},"mobile":{"background-color":"var(--ast-global-color-5)","background-image":"","background-repeat":"repeat","background-position":"center center","background-size":"auto","background-attachment":"scroll","background-type":"","background-media":"","overlay-type":"","overlay-color":"","overlay-opacity":"","overlay-gradient":""}},"footnotes":""},"class_list":["post-3230","page","type-page","status-publish","hentry"],"translation":{"provider":"WPGlobus","version":"3.0.2","language":"en","enabled_languages":["de","en"],"languages":{"de":{"title":true,"content":true,"excerpt":false},"en":{"title":false,"content":false,"excerpt":false}}},"featured_image_urls_v2":{"full":"","thumbnail":"","medium":"","medium_large":"","large":"","1536x1536":"","2048x2048":""},"post_excerpt_stackable_v2":"<p>Der R\u00fcckzahlungspreis einer Anleihe ist der Preis, zu dem die Anleihe bei F\u00e4lligkeit zur\u00fcckgezahlt wird. In den meisten F\u00e4llen betr\u00e4gt der R\u00fcckzahlungspreis 100 Prozent. Kauft somit ein Anleger eine Anleihe zum Kurs von 102 Prozent (1,02\u20ac), so erh\u00e4lt er bei F\u00e4lligkeit trotzdem &#8216;nur&#8217; 100 Prozent (1,00\u20ac) pro Anleihe. Die zwischenzeitlichen Abweichungen vom R\u00fcckzahlungspreis entstehen durch Angebot und Nachfrage, mit abnehmender Laufzeit n\u00e4hert sich die Anleihe jedoch immer weiter ihrem R\u00fcckzahlungspreis (100 %) an. Diese schrittweise Ann\u00e4herung wird auch Pull to Par-Effekt genannt.<\/p>\n","category_list_v2":"","author_info_v2":{"name":"PrudentWater","url":"https:\/\/prudentwater.com\/en\/author\/niklas33\/"},"comments_num_v2":"0 comments","_links":{"self":[{"href":"https:\/\/prudentwater.com\/en\/wp-json\/wp\/v2\/pages\/3230","targetHints":{"allow":["GET"]}}],"collection":[{"href":"https:\/\/prudentwater.com\/en\/wp-json\/wp\/v2\/pages"}],"about":[{"href":"https:\/\/prudentwater.com\/en\/wp-json\/wp\/v2\/types\/page"}],"author":[{"embeddable":true,"href":"https:\/\/prudentwater.com\/en\/wp-json\/wp\/v2\/users\/1"}],"replies":[{"embeddable":true,"href":"https:\/\/prudentwater.com\/en\/wp-json\/wp\/v2\/comments?post=3230"}],"version-history":[{"count":0,"href":"https:\/\/prudentwater.com\/en\/wp-json\/wp\/v2\/pages\/3230\/revisions"}],"wp:attachment":[{"href":"https:\/\/prudentwater.com\/en\/wp-json\/wp\/v2\/media?parent=3230"}],"curies":[{"name":"wp","href":"https:\/\/api.w.org\/{rel}","templated":true}]}}