{"id":3278,"date":"2015-03-26T22:29:31","date_gmt":"2015-03-26T22:29:31","guid":{"rendered":"http:\/\/www.kunnskap.de\/?page_id=3278"},"modified":"2021-06-25T12:48:22","modified_gmt":"2021-06-25T10:48:22","slug":"buffett-indikator","status":"publish","type":"page","link":"https:\/\/prudentwater.com\/en\/buffett-indikator\/","title":{"rendered":"Buffett-Indikator"},"content":{"rendered":"<p>engl. <strong>Warren Buffett Indicator<\/strong> oder <strong>Total Market Cap to GDP Ratio<\/strong><\/p>\n<p>Der Buffett-Indikator &#8211; sehr gesch\u00e4tzt jedoch nicht entwickelt von Warren Buffett &#8211; zeigt an, in welchem Bewertungsverh\u00e4ltnis sich der Aktienmarkt eines Landes zur Wirtschaftsleistung des Landes befindet. Der Buffett-Indikator gibt dabei an, ob ein Aktienmarkt \u00fcberbewertet, unterbewertet oder ausgeglichen im Verh\u00e4ltnis zum Bruttoinlandsprodukt des Landes ist. Zur Berechnung wird die Marktkapitalisierung aller b\u00f6rsennotierten Unternehmen eines Landes ins Verh\u00e4ltnis zum Bruttoinlandsprodukt des Landes gesetzt.<\/p>\n<hr>\n<h6>Berechnung:<\/h6>\n<p style=\"margin-bottom: 33px;\">\n<p><center><img loading=\"lazy\" decoding=\"async\" src=\"https:\/\/prudentwater.com\/wp-content\/uploads\/2021\/05\/Buffett-Indikator.png\" alt=\"Buffett Indikator\" class=\"alignnone size-full wp-image-7235\" width=\"792\" height=\"55\" title=\"\"><\/center><\/p>\n<hr>\n<p style=\"margin-bottom: 55px;\">\n<h5>Interpretation des Buffett-indikators<\/h5>\n<p>\u00dcber 1 bzw. \u00fcber 100 %  = B\u00f6rsenwert der Unternehmen \u00fcbersteigt die nationale Wirtschaftsleistung<\/p>\n<hr>\n<p>1 bzw. 100 %        = B\u00f6rsenwert der Unternehmen und nationale Wirtschaftsleistung sind identisch<\/p>\n<hr>\n<p>Unter 1 bzw. unter 100 % = B\u00f6rsenwert der Unternehmen ist geringer als nationale Wirtschaftsleistung<\/p>\n","protected":false},"excerpt":{"rendered":"<p>engl. Warren Buffett Indicator oder Total Market Cap to GDP Ratio Der Buffett-Indikator &#8211; sehr gesch\u00e4tzt jedoch nicht entwickelt von Warren Buffett &#8211; zeigt an, in welchem Bewertungsverh\u00e4ltnis sich der Aktienmarkt eines Landes zur Wirtschaftsleistung des Landes befindet. Der Buffett-Indikator gibt dabei an, ob ein Aktienmarkt \u00fcberbewertet, unterbewertet oder ausgeglichen im Verh\u00e4ltnis zum Bruttoinlandsprodukt des [&hellip;]<\/p>\n","protected":false},"author":1,"featured_media":0,"parent":0,"menu_order":0,"comment_status":"closed","ping_status":"closed","template":"","meta":{"site-sidebar-layout":"default","site-content-layout":"","ast-site-content-layout":"","site-content-style":"default","site-sidebar-style":"default","ast-global-header-display":"","ast-banner-title-visibility":"","ast-main-header-display":"","ast-hfb-above-header-display":"","ast-hfb-below-header-display":"","ast-hfb-mobile-header-display":"","site-post-title":"","ast-breadcrumbs-content":"","ast-featured-img":"","footer-sml-layout":"","theme-transparent-header-meta":"","adv-header-id-meta":"","stick-header-meta":"","header-above-stick-meta":"","header-main-stick-meta":"","header-below-stick-meta":"","astra-migrate-meta-layouts":"default","ast-page-background-enabled":"default","ast-page-background-meta":{"desktop":{"background-color":"","background-image":"","background-repeat":"repeat","background-position":"center center","background-size":"auto","background-attachment":"scroll","background-type":"","background-media":"","overlay-type":"","overlay-color":"","overlay-opacity":"","overlay-gradient":""},"tablet":{"background-color":"","background-image":"","background-repeat":"repeat","background-position":"center center","background-size":"auto","background-attachment":"scroll","background-type":"","background-media":"","overlay-type":"","overlay-color":"","overlay-opacity":"","overlay-gradient":""},"mobile":{"background-color":"","background-image":"","background-repeat":"repeat","background-position":"center center","background-size":"auto","background-attachment":"scroll","background-type":"","background-media":"","overlay-type":"","overlay-color":"","overlay-opacity":"","overlay-gradient":""}},"ast-content-background-meta":{"desktop":{"background-color":"var(--ast-global-color-5)","background-image":"","background-repeat":"repeat","background-position":"center center","background-size":"auto","background-attachment":"scroll","background-type":"","background-media":"","overlay-type":"","overlay-color":"","overlay-opacity":"","overlay-gradient":""},"tablet":{"background-color":"var(--ast-global-color-5)","background-image":"","background-repeat":"repeat","background-position":"center center","background-size":"auto","background-attachment":"scroll","background-type":"","background-media":"","overlay-type":"","overlay-color":"","overlay-opacity":"","overlay-gradient":""},"mobile":{"background-color":"var(--ast-global-color-5)","background-image":"","background-repeat":"repeat","background-position":"center center","background-size":"auto","background-attachment":"scroll","background-type":"","background-media":"","overlay-type":"","overlay-color":"","overlay-opacity":"","overlay-gradient":""}},"footnotes":""},"class_list":["post-3278","page","type-page","status-publish","hentry"],"translation":{"provider":"WPGlobus","version":"3.0.2","language":"en","enabled_languages":["de","en"],"languages":{"de":{"title":true,"content":true,"excerpt":false},"en":{"title":false,"content":false,"excerpt":false}}},"featured_image_urls_v2":{"full":"","thumbnail":"","medium":"","medium_large":"","large":"","1536x1536":"","2048x2048":""},"post_excerpt_stackable_v2":"<p>engl. Warren Buffett Indicator oder Total Market Cap to GDP Ratio Der Buffett-Indikator &#8211; sehr gesch\u00e4tzt jedoch nicht entwickelt von Warren Buffett &#8211; zeigt an, in welchem Bewertungsverh\u00e4ltnis sich der Aktienmarkt eines Landes zur Wirtschaftsleistung des Landes befindet. Der Buffett-Indikator gibt dabei an, ob ein Aktienmarkt \u00fcberbewertet, unterbewertet oder ausgeglichen im Verh\u00e4ltnis zum Bruttoinlandsprodukt des Landes ist. Zur Berechnung wird die Marktkapitalisierung aller b\u00f6rsennotierten Unternehmen eines Landes ins Verh\u00e4ltnis zum Bruttoinlandsprodukt des Landes gesetzt. Berechnung: Interpretation des Buffett-indikators \u00dcber 1 bzw. \u00fcber 100 % = B\u00f6rsenwert der Unternehmen \u00fcbersteigt die nationale Wirtschaftsleistung 1 bzw. 100 % = B\u00f6rsenwert der Unternehmen&hellip;<\/p>\n","category_list_v2":"","author_info_v2":{"name":"PrudentWater","url":"https:\/\/prudentwater.com\/en\/author\/niklas33\/"},"comments_num_v2":"0 comments","_links":{"self":[{"href":"https:\/\/prudentwater.com\/en\/wp-json\/wp\/v2\/pages\/3278","targetHints":{"allow":["GET"]}}],"collection":[{"href":"https:\/\/prudentwater.com\/en\/wp-json\/wp\/v2\/pages"}],"about":[{"href":"https:\/\/prudentwater.com\/en\/wp-json\/wp\/v2\/types\/page"}],"author":[{"embeddable":true,"href":"https:\/\/prudentwater.com\/en\/wp-json\/wp\/v2\/users\/1"}],"replies":[{"embeddable":true,"href":"https:\/\/prudentwater.com\/en\/wp-json\/wp\/v2\/comments?post=3278"}],"version-history":[{"count":0,"href":"https:\/\/prudentwater.com\/en\/wp-json\/wp\/v2\/pages\/3278\/revisions"}],"wp:attachment":[{"href":"https:\/\/prudentwater.com\/en\/wp-json\/wp\/v2\/media?parent=3278"}],"curies":[{"name":"wp","href":"https:\/\/api.w.org\/{rel}","templated":true}]}}