{"id":328,"date":"2014-08-20T19:13:40","date_gmt":"2014-08-20T19:13:40","guid":{"rendered":"http:\/\/www.kunnskap.de\/?page_id=328"},"modified":"2021-06-25T12:48:58","modified_gmt":"2021-06-25T10:48:58","slug":"ebitda","status":"publish","type":"page","link":"https:\/\/prudentwater.com\/en\/ebitda\/","title":{"rendered":"EBITDA"},"content":{"rendered":"<p><strong>Earning before Interests, Taxes, Depreciation and Amortisation<\/strong><\/p>\n<p>Das EBITDA ist der Gewinn eines Unternehmens vor Zinsen, Steuern, Abschreibungen auf Sachanlagen und Abschreibungen auf immaterielle Verm\u00f6genswerte. Das EBITDA gibt somit den Erfolg des operativen Gesch\u00e4ftes (Tagesgesch\u00e4ft) an, indem es <b>nicht<\/b> um sogenannte verzerrende St\u00f6rfaktoren wie Zinsen, Steuern und Abschreibungen gemindert wird.<\/p>\n<hr>\n<h6>Berechnung:<\/h6>\n<p style=\"margin-bottom: 25px\">\n<p><img loading=\"lazy\" decoding=\"async\" src=\"https:\/\/prudentwater.com\/wp-content\/uploads\/2021\/05\/EBITDA.png\" alt=\"ebitda\" class=\"aligncenter size-full wp-image-10747\" width=\"720\" height=\"35\" title=\"\"><\/p>\n<hr>\n<p>Um einen Vergleich zwischen Unternehmen aus verschiedenen L\u00e4ndern mit unterschiedlichen Bilanzmethoden heranzuziehen, wird oft die EBITDA-Kennzahl verwendet. Jedoch ist die Kennzahl aufgrund der Vielzahl der einzelnen Posten nicht sehr aussagekr\u00e4ftig und leicht manipulierbar. Mehr Aussagekraft hat das EBITDA f\u00fcr die Gl\u00e4ubiger des Unternehmens, da es angibt, welcher Betrag dem Unternehmen zur Verf\u00fcgung steht, um Fremdkapital zur\u00fcckzuzahlen. Das EBITDA wird nicht gemindert um die H\u00f6he der Depreciation sowie die H\u00f6he der Amortization, beim EBIT hingegen hat dann der Abzug dieser beiden Abschreibungsposten stattgefunden. Da Abschreibungen in der Regel negativ sind, f\u00e4llt deshalb das EBIT geringer aus als das EBITDA. Jedoch ist weder das EBITDA noch das EBIT nach IFRS oder HGB determiniert, es handelt sich eher um Kennzahlen, die \u00fcber die Jahre vom Markt entwickelt wurden.<\/p>\n","protected":false},"excerpt":{"rendered":"<p>Earning before Interests, Taxes, Depreciation and Amortisation Das EBITDA ist der Gewinn eines Unternehmens vor Zinsen, Steuern, Abschreibungen auf Sachanlagen und Abschreibungen auf immaterielle Verm\u00f6genswerte. Das EBITDA gibt somit den Erfolg des operativen Gesch\u00e4ftes (Tagesgesch\u00e4ft) an, indem es nicht um sogenannte verzerrende St\u00f6rfaktoren wie Zinsen, Steuern und Abschreibungen gemindert wird. Berechnung: Um einen Vergleich zwischen [&hellip;]<\/p>\n","protected":false},"author":1,"featured_media":0,"parent":0,"menu_order":0,"comment_status":"closed","ping_status":"closed","template":"","meta":{"site-sidebar-layout":"default","site-content-layout":"","ast-site-content-layout":"","site-content-style":"default","site-sidebar-style":"default","ast-global-header-display":"","ast-banner-title-visibility":"","ast-main-header-display":"","ast-hfb-above-header-display":"","ast-hfb-below-header-display":"","ast-hfb-mobile-header-display":"","site-post-title":"","ast-breadcrumbs-content":"","ast-featured-img":"","footer-sml-layout":"","theme-transparent-header-meta":"","adv-header-id-meta":"","stick-header-meta":"","header-above-stick-meta":"","header-main-stick-meta":"","header-below-stick-meta":"","astra-migrate-meta-layouts":"default","ast-page-background-enabled":"default","ast-page-background-meta":{"desktop":{"background-color":"","background-image":"","background-repeat":"repeat","background-position":"center center","background-size":"auto","background-attachment":"scroll","background-type":"","background-media":"","overlay-type":"","overlay-color":"","overlay-opacity":"","overlay-gradient":""},"tablet":{"background-color":"","background-image":"","background-repeat":"repeat","background-position":"center center","background-size":"auto","background-attachment":"scroll","background-type":"","background-media":"","overlay-type":"","overlay-color":"","overlay-opacity":"","overlay-gradient":""},"mobile":{"background-color":"","background-image":"","background-repeat":"repeat","background-position":"center center","background-size":"auto","background-attachment":"scroll","background-type":"","background-media":"","overlay-type":"","overlay-color":"","overlay-opacity":"","overlay-gradient":""}},"ast-content-background-meta":{"desktop":{"background-color":"var(--ast-global-color-5)","background-image":"","background-repeat":"repeat","background-position":"center center","background-size":"auto","background-attachment":"scroll","background-type":"","background-media":"","overlay-type":"","overlay-color":"","overlay-opacity":"","overlay-gradient":""},"tablet":{"background-color":"var(--ast-global-color-5)","background-image":"","background-repeat":"repeat","background-position":"center center","background-size":"auto","background-attachment":"scroll","background-type":"","background-media":"","overlay-type":"","overlay-color":"","overlay-opacity":"","overlay-gradient":""},"mobile":{"background-color":"var(--ast-global-color-5)","background-image":"","background-repeat":"repeat","background-position":"center center","background-size":"auto","background-attachment":"scroll","background-type":"","background-media":"","overlay-type":"","overlay-color":"","overlay-opacity":"","overlay-gradient":""}},"footnotes":""},"class_list":["post-328","page","type-page","status-publish","hentry"],"translation":{"provider":"WPGlobus","version":"3.0.2","language":"en","enabled_languages":["de","en"],"languages":{"de":{"title":true,"content":true,"excerpt":false},"en":{"title":false,"content":false,"excerpt":false}}},"featured_image_urls_v2":{"full":"","thumbnail":"","medium":"","medium_large":"","large":"","1536x1536":"","2048x2048":""},"post_excerpt_stackable_v2":"<p>Earning before Interests, Taxes, Depreciation and Amortisation Das EBITDA ist der Gewinn eines Unternehmens vor Zinsen, Steuern, Abschreibungen auf Sachanlagen und Abschreibungen auf immaterielle Verm\u00f6genswerte. Das EBITDA gibt somit den Erfolg des operativen Gesch\u00e4ftes (Tagesgesch\u00e4ft) an, indem es nicht um sogenannte verzerrende St\u00f6rfaktoren wie Zinsen, Steuern und Abschreibungen gemindert wird. Berechnung: Um einen Vergleich zwischen Unternehmen aus verschiedenen L\u00e4ndern mit unterschiedlichen Bilanzmethoden heranzuziehen, wird oft die EBITDA-Kennzahl verwendet. Jedoch ist die Kennzahl aufgrund der Vielzahl der einzelnen Posten nicht sehr aussagekr\u00e4ftig und leicht manipulierbar. Mehr Aussagekraft hat das EBITDA f\u00fcr die Gl\u00e4ubiger des Unternehmens, da es angibt, welcher Betrag dem&hellip;<\/p>\n","category_list_v2":"","author_info_v2":{"name":"PrudentWater","url":"https:\/\/prudentwater.com\/en\/author\/niklas33\/"},"comments_num_v2":"0 comments","_links":{"self":[{"href":"https:\/\/prudentwater.com\/en\/wp-json\/wp\/v2\/pages\/328","targetHints":{"allow":["GET"]}}],"collection":[{"href":"https:\/\/prudentwater.com\/en\/wp-json\/wp\/v2\/pages"}],"about":[{"href":"https:\/\/prudentwater.com\/en\/wp-json\/wp\/v2\/types\/page"}],"author":[{"embeddable":true,"href":"https:\/\/prudentwater.com\/en\/wp-json\/wp\/v2\/users\/1"}],"replies":[{"embeddable":true,"href":"https:\/\/prudentwater.com\/en\/wp-json\/wp\/v2\/comments?post=328"}],"version-history":[{"count":0,"href":"https:\/\/prudentwater.com\/en\/wp-json\/wp\/v2\/pages\/328\/revisions"}],"wp:attachment":[{"href":"https:\/\/prudentwater.com\/en\/wp-json\/wp\/v2\/media?parent=328"}],"curies":[{"name":"wp","href":"https:\/\/api.w.org\/{rel}","templated":true}]}}