{"id":3312,"date":"2015-03-30T11:32:48","date_gmt":"2015-03-30T11:32:48","guid":{"rendered":"http:\/\/www.kunnskap.de\/?page_id=3312"},"modified":"2021-06-25T12:48:19","modified_gmt":"2021-06-25T10:48:19","slug":"auslandsschulden","status":"publish","type":"page","link":"https:\/\/prudentwater.com\/en\/auslandsschulden\/","title":{"rendered":"Auslandsschulden"},"content":{"rendered":"<p>engl. <strong>External Debts<\/strong><\/p>\n<p>Die Ausschlandsschulden sind die Summe aller Verbindlichkeiten eines Staates gegen\u00fcber dem Ausland. Auslandsschulden eines Staates entstehen durch ein Leistungsbilanzdefizit gegen\u00fcber eines anderen Staates. Die Schuldlast sowie die f\u00e4lligen Zinsen m\u00fcssen in der Regel in der W\u00e4hrung zur\u00fcckgezahlt werden, in der der jeweilige Kredit auch erhalten wurde. F\u00fcr Unternehmen birgt eine hohe Verschuldung in einer Fremdw\u00e4hrung Gefahren, denn bei einer Abwertung der heimischen W\u00e4hrung nimmt die Schuldlast des Schuldners real zu.<\/p>\n<h6>Zum Beispiel:<\/h6>\n<p>Ein deutsches Unternehmen erh\u00e4lt von einer amerikanischen Bank einen Kredit in US-Dollar. Falls nicht anders vereinbart, finden R\u00fcckzahlung des Kredites sowie Zinszahlungen auch in US-Dollar statt. Steht beispielsweise das W\u00e4hrungspaar Euro \/ US-Dollar bei Erhalt des Kredites bei 1:1, so hat eine Kreditsumme von 100.000 USD einen Euro-Wert von 100.000 Euro. Liegt der Wechselkurs am Tag der R\u00fcckzahlung jedoch bei Euro \/ US Dollar 0,80, so erh\u00e4lt der Kreditnehmer bei Umtausch der 100.000 Euro lediglich 80.000 US Dollar. Er schuldet der amerikanischen Bank jedoch 100.000 USD. Deshalb muss er 125.000 Euro aufbringen, um den Kredit zu tilgen, obwohl er damals nur einen Kredit in H\u00f6he von 100.000 Euro erhalten hat. Schuld daran ist die Entwicklung des Euro, der in der Zwischenzeit an Wert verloren hat. Nat\u00fcrlich besteht aber jederzeit die M\u00f6glichkeit, \u00fcber Derivate den Kreditbetrag gegen das Wechselkursrisiko abzusichern.<\/p>\n","protected":false},"excerpt":{"rendered":"<p>engl. External Debts Die Ausschlandsschulden sind die Summe aller Verbindlichkeiten eines Staates gegen\u00fcber dem Ausland. Auslandsschulden eines Staates entstehen durch ein Leistungsbilanzdefizit gegen\u00fcber eines anderen Staates. Die Schuldlast sowie die f\u00e4lligen Zinsen m\u00fcssen in der Regel in der W\u00e4hrung zur\u00fcckgezahlt werden, in der der jeweilige Kredit auch erhalten wurde. F\u00fcr Unternehmen birgt eine hohe Verschuldung [&hellip;]<\/p>\n","protected":false},"author":1,"featured_media":0,"parent":0,"menu_order":0,"comment_status":"closed","ping_status":"closed","template":"","meta":{"site-sidebar-layout":"default","site-content-layout":"","ast-site-content-layout":"","site-content-style":"default","site-sidebar-style":"default","ast-global-header-display":"","ast-banner-title-visibility":"","ast-main-header-display":"","ast-hfb-above-header-display":"","ast-hfb-below-header-display":"","ast-hfb-mobile-header-display":"","site-post-title":"","ast-breadcrumbs-content":"","ast-featured-img":"","footer-sml-layout":"","theme-transparent-header-meta":"","adv-header-id-meta":"","stick-header-meta":"","header-above-stick-meta":"","header-main-stick-meta":"","header-below-stick-meta":"","astra-migrate-meta-layouts":"default","ast-page-background-enabled":"default","ast-page-background-meta":{"desktop":{"background-color":"","background-image":"","background-repeat":"repeat","background-position":"center center","background-size":"auto","background-attachment":"scroll","background-type":"","background-media":"","overlay-type":"","overlay-color":"","overlay-opacity":"","overlay-gradient":""},"tablet":{"background-color":"","background-image":"","background-repeat":"repeat","background-position":"center center","background-size":"auto","background-attachment":"scroll","background-type":"","background-media":"","overlay-type":"","overlay-color":"","overlay-opacity":"","overlay-gradient":""},"mobile":{"background-color":"","background-image":"","background-repeat":"repeat","background-position":"center center","background-size":"auto","background-attachment":"scroll","background-type":"","background-media":"","overlay-type":"","overlay-color":"","overlay-opacity":"","overlay-gradient":""}},"ast-content-background-meta":{"desktop":{"background-color":"var(--ast-global-color-5)","background-image":"","background-repeat":"repeat","background-position":"center center","background-size":"auto","background-attachment":"scroll","background-type":"","background-media":"","overlay-type":"","overlay-color":"","overlay-opacity":"","overlay-gradient":""},"tablet":{"background-color":"var(--ast-global-color-5)","background-image":"","background-repeat":"repeat","background-position":"center center","background-size":"auto","background-attachment":"scroll","background-type":"","background-media":"","overlay-type":"","overlay-color":"","overlay-opacity":"","overlay-gradient":""},"mobile":{"background-color":"var(--ast-global-color-5)","background-image":"","background-repeat":"repeat","background-position":"center center","background-size":"auto","background-attachment":"scroll","background-type":"","background-media":"","overlay-type":"","overlay-color":"","overlay-opacity":"","overlay-gradient":""}},"footnotes":""},"class_list":["post-3312","page","type-page","status-publish","hentry"],"translation":{"provider":"WPGlobus","version":"3.0.2","language":"en","enabled_languages":["de","en"],"languages":{"de":{"title":true,"content":true,"excerpt":false},"en":{"title":false,"content":false,"excerpt":false}}},"featured_image_urls_v2":{"full":"","thumbnail":"","medium":"","medium_large":"","large":"","1536x1536":"","2048x2048":""},"post_excerpt_stackable_v2":"<p>engl. External Debts Die Ausschlandsschulden sind die Summe aller Verbindlichkeiten eines Staates gegen\u00fcber dem Ausland. Auslandsschulden eines Staates entstehen durch ein Leistungsbilanzdefizit gegen\u00fcber eines anderen Staates. Die Schuldlast sowie die f\u00e4lligen Zinsen m\u00fcssen in der Regel in der W\u00e4hrung zur\u00fcckgezahlt werden, in der der jeweilige Kredit auch erhalten wurde. F\u00fcr Unternehmen birgt eine hohe Verschuldung in einer Fremdw\u00e4hrung Gefahren, denn bei einer Abwertung der heimischen W\u00e4hrung nimmt die Schuldlast des Schuldners real zu. Zum Beispiel: Ein deutsches Unternehmen erh\u00e4lt von einer amerikanischen Bank einen Kredit in US-Dollar. Falls nicht anders vereinbart, finden R\u00fcckzahlung des Kredites sowie Zinszahlungen auch in US-Dollar&hellip;<\/p>\n","category_list_v2":"","author_info_v2":{"name":"PrudentWater","url":"https:\/\/prudentwater.com\/en\/author\/niklas33\/"},"comments_num_v2":"0 comments","_links":{"self":[{"href":"https:\/\/prudentwater.com\/en\/wp-json\/wp\/v2\/pages\/3312","targetHints":{"allow":["GET"]}}],"collection":[{"href":"https:\/\/prudentwater.com\/en\/wp-json\/wp\/v2\/pages"}],"about":[{"href":"https:\/\/prudentwater.com\/en\/wp-json\/wp\/v2\/types\/page"}],"author":[{"embeddable":true,"href":"https:\/\/prudentwater.com\/en\/wp-json\/wp\/v2\/users\/1"}],"replies":[{"embeddable":true,"href":"https:\/\/prudentwater.com\/en\/wp-json\/wp\/v2\/comments?post=3312"}],"version-history":[{"count":0,"href":"https:\/\/prudentwater.com\/en\/wp-json\/wp\/v2\/pages\/3312\/revisions"}],"wp:attachment":[{"href":"https:\/\/prudentwater.com\/en\/wp-json\/wp\/v2\/media?parent=3312"}],"curies":[{"name":"wp","href":"https:\/\/api.w.org\/{rel}","templated":true}]}}