{"id":3317,"date":"2015-03-30T14:02:20","date_gmt":"2015-03-30T14:02:20","guid":{"rendered":"http:\/\/www.kunnskap.de\/?page_id=3317"},"modified":"2021-06-25T12:49:02","modified_gmt":"2021-06-25T10:49:02","slug":"genussschein","status":"publish","type":"page","link":"https:\/\/prudentwater.com\/en\/genussschein\/","title":{"rendered":"Genussschein"},"content":{"rendered":"<p>Ein Genussschein ist ein Wertpapier, welches \u00c4hnlichkeiten mit einer Aktie als auch mit einer Anleihe aufweist. Genussscheine k\u00f6nnen unterschiedlich gestaltet sein, es handelt sich jedoch oftmals um ein Produkt, welches Komponenten einer Anleihe und einer Aktie in einem Wertpapier zusammenfasst.<br \/>\nMit einem Genussschein erwirbt der Anleger keine Unternehmensanteile. Im Falle einer Insolvenz wird der Genussscheininhaber zwar vor den Aktion\u00e4ren bedient, jedoch erst nach den Gl\u00e4ubigern. Seine Forderungen sind somit nachrangig gegen\u00fcber Gl\u00e4ubigern mit nicht nachrangigen Forderungen. Au\u00dferdem besitzt der Inhaber eines Genussscheines kein Stimmrecht.<br \/>\n\u00c4hnlich wie bei der Anleihe, bietet ein Genussschein regelm\u00e4\u00dfige j\u00e4hrliche Zinszahlungen. Diese k\u00f6nnen jedoch auch In Form eines Kursaufschlages stattfinden. Die Zahlungen k\u00f6nnen jedoch variieren und sogar komplett aussetzen. Die H\u00f6he der j\u00e4hrlichen Auszahlung bzw. ob \u00fcberhaupt eine Auszahlung stattfindet, richtet sich nach der Gewinnsituation des Unternehmens. Erleidet das Unternehmen in einem Gesch\u00e4ftsjahr Verluste, so finden keine Zinszahlungen statt. Je nach Schein kann die ausgesetzte Zinszahlung im folgenden Jahr jedoch nachgeholt werden, wenn dann das Unternehmen wieder Gewinne erzielen konnte. Die Nachzahlungspflicht besteht jedoch nur w\u00e4hrend der Laufzeit des Genussscheines.<br \/>\nErleidet das entsprechende Unternehmen einen Verlust, so verringert sich auch automatisch der R\u00fcckzahlungsanspruch des Genussscheines. Dies bedeutet, dass der Nominalwert des Scheines herabgesetzt wird. Der Nominalwert ist hier der Kurs, zu dem der Schein nach der Laufzeit vom Emittenten zur\u00fcckgenommen wird. Erzielt das Unternehmen jedoch in den n\u00e4chsten Jahren wieder Gewinne, so wird auch wieder der R\u00fcckzahlungspreis Jahr f\u00fcr Jahr schrittweise bis maximal zum Ausgangspreis erh\u00f6ht.<br \/>\nDie Laufzeit eines Genussscheines endet mit dem Ende des Gesch\u00e4ftsjahres des Unternehmens. Dann wird jedoch noch nicht der Zins bzw. der Nominalwert zur\u00fcckgezahlt. Zins und Nominalwert werden erst nach der Hauptversammlung gezahlt. Denn dann wei\u00df auch erst das Unternehmen, ob ein Verlust im letzten Gesch\u00e4ftsjahr angefallen ist. Dieser Zeitraum, von Ende des Gesch\u00e4ftsjahres bis nach der Hauptversammlung, wird zus\u00e4tzlich verzinst. Die letzte Zinszahlung ist somit ein langer Kupon. Ein Genussschein hat immer eine begrenzte Laufzeit.<br \/>\nGenussscheine k\u00f6nnen vom Emittenten fast beliebig ausgestaltet und zusammengesetzt werden. Daher gelten sie zu Recht als intransparent und undurchschaubar f\u00fcr den privaten Anleger. Genussscheine k\u00f6nnen sehr komplex strukturiert sein. Ob eine Zinszahlung stattfindet, kann auch von einzelnen Unternehmenskennziffern, wie der Eigenkapitalrendite oder der Rentabilit\u00e4t, abh\u00e4ngen. Die Strukturierung kann von Schein zu Schein unterschiedlich sein und muss deshalb vor dem Kauf genau untersucht werden. <\/p>\n<p><b>Vorteile f\u00fcr Unternehmen:<\/b><br \/>\nEs kann sich Geld am Markt besorgt werden, ohne dabei dem Geldgeber Unternehmensanteile zu \u00fcberlassen. Zudem m\u00fcssen nur dann Zinsen bezahlt werden, wenn auch das Unternehmen Gewinne erzielt. Genussscheine k\u00f6nnen, wenn bestimmte Bedienungen erf\u00fcllt sind, dem haftenden Eigenkapital zugerechnet werden. <\/p>\n<p><b>Vorteile f\u00fcr Investoren:<\/b><br \/>\nIm Vergleich zu einer &#8216;normalen&#8217; Anleihe sowie einer Nachranganleihe ist das Risiko bei einem Genussschein deutlich gr\u00f6\u00dfer. Der Inhaber muss jederzeit damit rechnen, dass Zinszahlungen ausgesetzt werden oder dass der R\u00fcckzahlungskurs herabgesetzt wird. Dieses erh\u00f6hte Risiko auf Verluste wird daf\u00fcr jedoch mit einem oftmals deutlich h\u00f6heren Kupon &#8216;ausgeglichen&#8217;.<\/p>\n","protected":false},"excerpt":{"rendered":"<p>Ein Genussschein ist ein Wertpapier, welches \u00c4hnlichkeiten mit einer Aktie als auch mit einer Anleihe aufweist. Genussscheine k\u00f6nnen unterschiedlich gestaltet sein, es handelt sich jedoch oftmals um ein Produkt, welches Komponenten einer Anleihe und einer Aktie in einem Wertpapier zusammenfasst. Mit einem Genussschein erwirbt der Anleger keine Unternehmensanteile. Im Falle einer Insolvenz wird der Genussscheininhaber [&hellip;]<\/p>\n","protected":false},"author":1,"featured_media":0,"parent":0,"menu_order":0,"comment_status":"closed","ping_status":"closed","template":"","meta":{"site-sidebar-layout":"default","site-content-layout":"","ast-site-content-layout":"","site-content-style":"default","site-sidebar-style":"default","ast-global-header-display":"","ast-banner-title-visibility":"","ast-main-header-display":"","ast-hfb-above-header-display":"","ast-hfb-below-header-display":"","ast-hfb-mobile-header-display":"","site-post-title":"","ast-breadcrumbs-content":"","ast-featured-img":"","footer-sml-layout":"","theme-transparent-header-meta":"","adv-header-id-meta":"","stick-header-meta":"","header-above-stick-meta":"","header-main-stick-meta":"","header-below-stick-meta":"","astra-migrate-meta-layouts":"default","ast-page-background-enabled":"default","ast-page-background-meta":{"desktop":{"background-color":"","background-image":"","background-repeat":"repeat","background-position":"center center","background-size":"auto","background-attachment":"scroll","background-type":"","background-media":"","overlay-type":"","overlay-color":"","overlay-opacity":"","overlay-gradient":""},"tablet":{"background-color":"","background-image":"","background-repeat":"repeat","background-position":"center center","background-size":"auto","background-attachment":"scroll","background-type":"","background-media":"","overlay-type":"","overlay-color":"","overlay-opacity":"","overlay-gradient":""},"mobile":{"background-color":"","background-image":"","background-repeat":"repeat","background-position":"center center","background-size":"auto","background-attachment":"scroll","background-type":"","background-media":"","overlay-type":"","overlay-color":"","overlay-opacity":"","overlay-gradient":""}},"ast-content-background-meta":{"desktop":{"background-color":"var(--ast-global-color-5)","background-image":"","background-repeat":"repeat","background-position":"center center","background-size":"auto","background-attachment":"scroll","background-type":"","background-media":"","overlay-type":"","overlay-color":"","overlay-opacity":"","overlay-gradient":""},"tablet":{"background-color":"var(--ast-global-color-5)","background-image":"","background-repeat":"repeat","background-position":"center center","background-size":"auto","background-attachment":"scroll","background-type":"","background-media":"","overlay-type":"","overlay-color":"","overlay-opacity":"","overlay-gradient":""},"mobile":{"background-color":"var(--ast-global-color-5)","background-image":"","background-repeat":"repeat","background-position":"center center","background-size":"auto","background-attachment":"scroll","background-type":"","background-media":"","overlay-type":"","overlay-color":"","overlay-opacity":"","overlay-gradient":""}},"footnotes":""},"class_list":["post-3317","page","type-page","status-publish","hentry"],"translation":{"provider":"WPGlobus","version":"3.0.2","language":"en","enabled_languages":["de","en"],"languages":{"de":{"title":true,"content":true,"excerpt":false},"en":{"title":false,"content":false,"excerpt":false}}},"featured_image_urls_v2":{"full":"","thumbnail":"","medium":"","medium_large":"","large":"","1536x1536":"","2048x2048":""},"post_excerpt_stackable_v2":"<p>Ein Genussschein ist ein Wertpapier, welches \u00c4hnlichkeiten mit einer Aktie als auch mit einer Anleihe aufweist. Genussscheine k\u00f6nnen unterschiedlich gestaltet sein, es handelt sich jedoch oftmals um ein Produkt, welches Komponenten einer Anleihe und einer Aktie in einem Wertpapier zusammenfasst. Mit einem Genussschein erwirbt der Anleger keine Unternehmensanteile. Im Falle einer Insolvenz wird der Genussscheininhaber zwar vor den Aktion\u00e4ren bedient, jedoch erst nach den Gl\u00e4ubigern. Seine Forderungen sind somit nachrangig gegen\u00fcber Gl\u00e4ubigern mit nicht nachrangigen Forderungen. Au\u00dferdem besitzt der Inhaber eines Genussscheines kein Stimmrecht. \u00c4hnlich wie bei der Anleihe, bietet ein Genussschein regelm\u00e4\u00dfige j\u00e4hrliche Zinszahlungen. Diese k\u00f6nnen jedoch auch In&hellip;<\/p>\n","category_list_v2":"","author_info_v2":{"name":"PrudentWater","url":"https:\/\/prudentwater.com\/en\/author\/niklas33\/"},"comments_num_v2":"0 comments","_links":{"self":[{"href":"https:\/\/prudentwater.com\/en\/wp-json\/wp\/v2\/pages\/3317","targetHints":{"allow":["GET"]}}],"collection":[{"href":"https:\/\/prudentwater.com\/en\/wp-json\/wp\/v2\/pages"}],"about":[{"href":"https:\/\/prudentwater.com\/en\/wp-json\/wp\/v2\/types\/page"}],"author":[{"embeddable":true,"href":"https:\/\/prudentwater.com\/en\/wp-json\/wp\/v2\/users\/1"}],"replies":[{"embeddable":true,"href":"https:\/\/prudentwater.com\/en\/wp-json\/wp\/v2\/comments?post=3317"}],"version-history":[{"count":0,"href":"https:\/\/prudentwater.com\/en\/wp-json\/wp\/v2\/pages\/3317\/revisions"}],"wp:attachment":[{"href":"https:\/\/prudentwater.com\/en\/wp-json\/wp\/v2\/media?parent=3317"}],"curies":[{"name":"wp","href":"https:\/\/api.w.org\/{rel}","templated":true}]}}