{"id":3363,"date":"2015-04-01T14:47:46","date_gmt":"2015-04-01T14:47:46","guid":{"rendered":"http:\/\/www.kunnskap.de\/?page_id=3363"},"modified":"2021-06-25T12:49:39","modified_gmt":"2021-06-25T10:49:39","slug":"pink-sheets","status":"publish","type":"page","link":"https:\/\/prudentwater.com\/en\/pink-sheets\/","title":{"rendered":"Pink Sheets"},"content":{"rendered":"<p>Pink Sheets ist eine Plattform f\u00fcr den au\u00dferb\u00f6rslichen Handel mit Wertpapieren in den USA. Aktien, die dort gehandelt werden, m\u00fcssen keine Mindestanforderungen erf\u00fcllen. Deshalb gilt der Handel \u00fcber Pink Sheets als \u00e4u\u00dferst riskant, vor allem auch deshalb, weil dort in der Regel nur sogenannte Pennystock-Aktien gehandelt werden, welche au\u00dferdem eine geringe Liquidit\u00e4t (Handelsvolumen) aufweisen. <\/p>\n","protected":false},"excerpt":{"rendered":"<p>Pink Sheets ist eine Plattform f\u00fcr den au\u00dferb\u00f6rslichen Handel mit Wertpapieren in den USA. Aktien, die dort gehandelt werden, m\u00fcssen keine Mindestanforderungen erf\u00fcllen. Deshalb gilt der Handel \u00fcber Pink Sheets als \u00e4u\u00dferst riskant, vor allem auch deshalb, weil dort in der Regel nur sogenannte Pennystock-Aktien gehandelt werden, welche au\u00dferdem eine geringe Liquidit\u00e4t (Handelsvolumen) aufweisen.<\/p>\n","protected":false},"author":1,"featured_media":0,"parent":0,"menu_order":0,"comment_status":"closed","ping_status":"closed","template":"","meta":{"site-sidebar-layout":"default","site-content-layout":"","ast-site-content-layout":"","site-content-style":"default","site-sidebar-style":"default","ast-global-header-display":"","ast-banner-title-visibility":"","ast-main-header-display":"","ast-hfb-above-header-display":"","ast-hfb-below-header-display":"","ast-hfb-mobile-header-display":"","site-post-title":"","ast-breadcrumbs-content":"","ast-featured-img":"","footer-sml-layout":"","theme-transparent-header-meta":"","adv-header-id-meta":"","stick-header-meta":"","header-above-stick-meta":"","header-main-stick-meta":"","header-below-stick-meta":"","astra-migrate-meta-layouts":"default","ast-page-background-enabled":"default","ast-page-background-meta":{"desktop":{"background-color":"","background-image":"","background-repeat":"repeat","background-position":"center center","background-size":"auto","background-attachment":"scroll","background-type":"","background-media":"","overlay-type":"","overlay-color":"","overlay-opacity":"","overlay-gradient":""},"tablet":{"background-color":"","background-image":"","background-repeat":"repeat","background-position":"center center","background-size":"auto","background-attachment":"scroll","background-type":"","background-media":"","overlay-type":"","overlay-color":"","overlay-opacity":"","overlay-gradient":""},"mobile":{"background-color":"","background-image":"","background-repeat":"repeat","background-position":"center center","background-size":"auto","background-attachment":"scroll","background-type":"","background-media":"","overlay-type":"","overlay-color":"","overlay-opacity":"","overlay-gradient":""}},"ast-content-background-meta":{"desktop":{"background-color":"var(--ast-global-color-5)","background-image":"","background-repeat":"repeat","background-position":"center center","background-size":"auto","background-attachment":"scroll","background-type":"","background-media":"","overlay-type":"","overlay-color":"","overlay-opacity":"","overlay-gradient":""},"tablet":{"background-color":"var(--ast-global-color-5)","background-image":"","background-repeat":"repeat","background-position":"center center","background-size":"auto","background-attachment":"scroll","background-type":"","background-media":"","overlay-type":"","overlay-color":"","overlay-opacity":"","overlay-gradient":""},"mobile":{"background-color":"var(--ast-global-color-5)","background-image":"","background-repeat":"repeat","background-position":"center center","background-size":"auto","background-attachment":"scroll","background-type":"","background-media":"","overlay-type":"","overlay-color":"","overlay-opacity":"","overlay-gradient":""}},"footnotes":""},"class_list":["post-3363","page","type-page","status-publish","hentry"],"translation":{"provider":"WPGlobus","version":"3.0.2","language":"en","enabled_languages":["de","en"],"languages":{"de":{"title":true,"content":true,"excerpt":false},"en":{"title":false,"content":false,"excerpt":false}}},"featured_image_urls_v2":{"full":"","thumbnail":"","medium":"","medium_large":"","large":"","1536x1536":"","2048x2048":""},"post_excerpt_stackable_v2":"<p>Pink Sheets ist eine Plattform f\u00fcr den au\u00dferb\u00f6rslichen Handel mit Wertpapieren in den USA. Aktien, die dort gehandelt werden, m\u00fcssen keine Mindestanforderungen erf\u00fcllen. Deshalb gilt der Handel \u00fcber Pink Sheets als \u00e4u\u00dferst riskant, vor allem auch deshalb, weil dort in der Regel nur sogenannte Pennystock-Aktien gehandelt werden, welche au\u00dferdem eine geringe Liquidit\u00e4t (Handelsvolumen) aufweisen.<\/p>\n","category_list_v2":"","author_info_v2":{"name":"PrudentWater","url":"https:\/\/prudentwater.com\/en\/author\/niklas33\/"},"comments_num_v2":"0 comments","_links":{"self":[{"href":"https:\/\/prudentwater.com\/en\/wp-json\/wp\/v2\/pages\/3363","targetHints":{"allow":["GET"]}}],"collection":[{"href":"https:\/\/prudentwater.com\/en\/wp-json\/wp\/v2\/pages"}],"about":[{"href":"https:\/\/prudentwater.com\/en\/wp-json\/wp\/v2\/types\/page"}],"author":[{"embeddable":true,"href":"https:\/\/prudentwater.com\/en\/wp-json\/wp\/v2\/users\/1"}],"replies":[{"embeddable":true,"href":"https:\/\/prudentwater.com\/en\/wp-json\/wp\/v2\/comments?post=3363"}],"version-history":[{"count":0,"href":"https:\/\/prudentwater.com\/en\/wp-json\/wp\/v2\/pages\/3363\/revisions"}],"wp:attachment":[{"href":"https:\/\/prudentwater.com\/en\/wp-json\/wp\/v2\/media?parent=3363"}],"curies":[{"name":"wp","href":"https:\/\/api.w.org\/{rel}","templated":true}]}}