{"id":3367,"date":"2015-04-01T15:07:00","date_gmt":"2015-04-01T15:07:00","guid":{"rendered":"http:\/\/www.kunnskap.de\/?page_id=3367"},"modified":"2023-01-24T11:51:46","modified_gmt":"2023-01-24T10:51:46","slug":"contango","status":"publish","type":"page","link":"https:\/\/prudentwater.com\/en\/contango\/","title":{"rendered":"Contango"},"content":{"rendered":"<p>Die Contango-Preissituation liegt am Terminmarkt dann vor, wenn Futures mit einer l\u00e4ngeren Laufzeit teurer sind als dieselben Futures mit einer k\u00fcrzeren Laufzeit. Der Basiswert ist dabei identisch, der Future ist jedoch aktuell am Terminmarkt teurer, als wenn man ihn heute am Kassamarkt kaufen w\u00fcrde. Eine Contango-Situation deutet auf ein aktuelles \u00dcberangebot am Markt des jeweiligen Rohstoffes hin. Ein Grund f\u00fcr eine Contango-Situation bei Rohstoffen sind die Lagerkosten, f\u00fcr die der Verk\u00e4ufer des Future noch bis zum endg\u00fcltigen Verkauf &#8211; welcher teilweise noch weit in der Zukunft liegen kann &#8211; aufkommen muss. Der Future in der Zukunft ist somit teurer, da der Verk\u00e4ufer vor allem eine Art Entsch\u00e4digung f\u00fcr die Lagerkosten haben m\u00f6chte. Backwardation ist das Gegenteil von Contango. Backwardation liegt am Terminmarkt vor, wenn ein Future mit einer l\u00e4ngeren Laufzeit g\u00fcnstiger ist als der Future mit einer k\u00fcrzeren Laufzeit.<br \/>\n<center><img loading=\"lazy\" decoding=\"async\" src=\"https:\/\/prudentwater.com\/wp-content\/uploads\/2023\/01\/Contango.png\" alt=\"contango\" class=\"alignnone size-full wp-image-6845\" width=\"560\" height=\"26\" title=\"\"><\/center><br \/>\nDie Terminkurve hat in der Contango-Situation also eine positive Neigung. Die Terminkurse des Rohstoffes liegen deshalb umso h\u00f6her, je l\u00e4nger die Laufzeit eines Future ist. Folglich liegt bei Contango der Terminkurs \u00fcber dem Kassakurs und der Anleger erleidet bei dem sogenannten Roll Over-Vorgang, also beim Wechseln vom alten in den neuen Future, einen Rollverlust. Einem sogenannten ETC beispielsweise k\u00f6nnen durch eine st\u00e4ndige Contango-Situation enorme zus\u00e4tzliche Kosten aufgeladen werden, welche schlie\u00dflich die Performance des ETCs mindern. Teilweise versucht das Management in solchen F\u00e4llen die Contango-Kosten zu senken, indem es Futures mit l\u00e4ngerer Laufzeit kauft. Dadurch muss der Roll Over-Vorgang weniger h\u00e4ufig durchgef\u00fchrt werden, der Nachteil liegt jedoch darin, dass Futures mit l\u00e4ngerer Laufzeit weniger liquide sind als Futures mit kurzer Laufzeit.<\/p>\n","protected":false},"excerpt":{"rendered":"<p>Die Contango-Preissituation liegt am Terminmarkt dann vor, wenn Futures mit einer l\u00e4ngeren Laufzeit teurer sind als dieselben Futures mit einer k\u00fcrzeren Laufzeit. Der Basiswert ist dabei identisch, der Future ist jedoch aktuell am Terminmarkt teurer, als wenn man ihn heute am Kassamarkt kaufen w\u00fcrde. Eine Contango-Situation deutet auf ein aktuelles \u00dcberangebot am Markt des jeweiligen [&hellip;]<\/p>\n","protected":false},"author":1,"featured_media":0,"parent":0,"menu_order":0,"comment_status":"closed","ping_status":"closed","template":"","meta":{"site-sidebar-layout":"default","site-content-layout":"","ast-site-content-layout":"","site-content-style":"default","site-sidebar-style":"default","ast-global-header-display":"","ast-banner-title-visibility":"","ast-main-header-display":"","ast-hfb-above-header-display":"","ast-hfb-below-header-display":"","ast-hfb-mobile-header-display":"","site-post-title":"","ast-breadcrumbs-content":"","ast-featured-img":"","footer-sml-layout":"","theme-transparent-header-meta":"","adv-header-id-meta":"","stick-header-meta":"","header-above-stick-meta":"","header-main-stick-meta":"","header-below-stick-meta":"","astra-migrate-meta-layouts":"default","ast-page-background-enabled":"default","ast-page-background-meta":{"desktop":{"background-color":"","background-image":"","background-repeat":"repeat","background-position":"center center","background-size":"auto","background-attachment":"scroll","background-type":"","background-media":"","overlay-type":"","overlay-color":"","overlay-opacity":"","overlay-gradient":""},"tablet":{"background-color":"","background-image":"","background-repeat":"repeat","background-position":"center center","background-size":"auto","background-attachment":"scroll","background-type":"","background-media":"","overlay-type":"","overlay-color":"","overlay-opacity":"","overlay-gradient":""},"mobile":{"background-color":"","background-image":"","background-repeat":"repeat","background-position":"center center","background-size":"auto","background-attachment":"scroll","background-type":"","background-media":"","overlay-type":"","overlay-color":"","overlay-opacity":"","overlay-gradient":""}},"ast-content-background-meta":{"desktop":{"background-color":"var(--ast-global-color-5)","background-image":"","background-repeat":"repeat","background-position":"center center","background-size":"auto","background-attachment":"scroll","background-type":"","background-media":"","overlay-type":"","overlay-color":"","overlay-opacity":"","overlay-gradient":""},"tablet":{"background-color":"var(--ast-global-color-5)","background-image":"","background-repeat":"repeat","background-position":"center center","background-size":"auto","background-attachment":"scroll","background-type":"","background-media":"","overlay-type":"","overlay-color":"","overlay-opacity":"","overlay-gradient":""},"mobile":{"background-color":"var(--ast-global-color-5)","background-image":"","background-repeat":"repeat","background-position":"center center","background-size":"auto","background-attachment":"scroll","background-type":"","background-media":"","overlay-type":"","overlay-color":"","overlay-opacity":"","overlay-gradient":""}},"footnotes":""},"class_list":["post-3367","page","type-page","status-publish","hentry"],"translation":{"provider":"WPGlobus","version":"3.0.2","language":"en","enabled_languages":["de","en"],"languages":{"de":{"title":true,"content":true,"excerpt":false},"en":{"title":false,"content":false,"excerpt":false}}},"featured_image_urls_v2":{"full":"","thumbnail":"","medium":"","medium_large":"","large":"","1536x1536":"","2048x2048":""},"post_excerpt_stackable_v2":"<p>Die Contango-Preissituation liegt am Terminmarkt dann vor, wenn Futures mit einer l\u00e4ngeren Laufzeit teurer sind als dieselben Futures mit einer k\u00fcrzeren Laufzeit. Der Basiswert ist dabei identisch, der Future ist jedoch aktuell am Terminmarkt teurer, als wenn man ihn heute am Kassamarkt kaufen w\u00fcrde. Eine Contango-Situation deutet auf ein aktuelles \u00dcberangebot am Markt des jeweiligen Rohstoffes hin. Ein Grund f\u00fcr eine Contango-Situation bei Rohstoffen sind die Lagerkosten, f\u00fcr die der Verk\u00e4ufer des Future noch bis zum endg\u00fcltigen Verkauf &#8211; welcher teilweise noch weit in der Zukunft liegen kann &#8211; aufkommen muss. Der Future in der Zukunft ist somit teurer, da&hellip;<\/p>\n","category_list_v2":"","author_info_v2":{"name":"PrudentWater","url":"https:\/\/prudentwater.com\/en\/author\/niklas33\/"},"comments_num_v2":"0 comments","_links":{"self":[{"href":"https:\/\/prudentwater.com\/en\/wp-json\/wp\/v2\/pages\/3367","targetHints":{"allow":["GET"]}}],"collection":[{"href":"https:\/\/prudentwater.com\/en\/wp-json\/wp\/v2\/pages"}],"about":[{"href":"https:\/\/prudentwater.com\/en\/wp-json\/wp\/v2\/types\/page"}],"author":[{"embeddable":true,"href":"https:\/\/prudentwater.com\/en\/wp-json\/wp\/v2\/users\/1"}],"replies":[{"embeddable":true,"href":"https:\/\/prudentwater.com\/en\/wp-json\/wp\/v2\/comments?post=3367"}],"version-history":[{"count":0,"href":"https:\/\/prudentwater.com\/en\/wp-json\/wp\/v2\/pages\/3367\/revisions"}],"wp:attachment":[{"href":"https:\/\/prudentwater.com\/en\/wp-json\/wp\/v2\/media?parent=3367"}],"curies":[{"name":"wp","href":"https:\/\/api.w.org\/{rel}","templated":true}]}}