{"id":3369,"date":"2015-04-01T20:46:48","date_gmt":"2015-04-01T20:46:48","guid":{"rendered":"http:\/\/www.kunnskap.de\/?page_id=3369"},"modified":"2021-06-25T12:49:00","modified_gmt":"2021-06-25T10:49:00","slug":"express-zertifikat","status":"publish","type":"page","link":"https:\/\/prudentwater.com\/en\/express-zertifikat\/","title":{"rendered":"Express-Zertifikat"},"content":{"rendered":"<p>engl. <strong>Express Certificate<\/strong><\/p>\n<p>Ein Express-Zertifikat dient dazu, in Seitw\u00e4rtsphasen, bei leicht steigenden oder leicht fallenden B\u00f6rsenkursen h\u00f6here Gewinne als mit dem zugrunde liegenden Basiswert zu erzielen. Die Entwicklung des Express-Zertifikates richtet sich dabei vollkommen an die Entwicklung des Basiswertes. Express-Zertifikate haben immer eine begrenzte Laufzeit von in der Regel mehreren Jahren. Jedes Jahr zu einem vorher festgelegten Datum gibt es einen Bewertungstag f\u00fcr das Zertifikat. Zus\u00e4tzlich ist es mit einer R\u00fcckzahlungsschwelle ausgestattet. Liegt nun am Bewertungstag der Kurs des Basiswertes mindestens auf oder \u00fcber der R\u00fcckzahlungsschwelle, so erh\u00e4lt der Anleger den Nominalwert des Zertifikates plus eine zus\u00e4tzliche Rendite \/ Bonus (oft zwischen 5 bis 8 Prozent) zur\u00fcck.<br \/>\nLiegt der Kurs des Basiswertes unter dieser Schwelle, verl\u00e4ngert sich das Zertifikat automatisch um ein weiteres Jahr. Liegt der Kurs des Basiswertes im zweiten Jahr \u00fcber der R\u00fcckzahlungsschwelle, so erh\u00e4lt der Anleger zus\u00e4tzlich zum Nominalwert des Zertifikates die Rendite aus dem ersten Jahr und dem zweiten Jahr. Die &#8216;verpasste&#8217; Rendite aus dem ersten Jahr wird somit nachgeholt. So verh\u00e4lt sich das Zertifikat bis zum Ende seiner Laufzeit. Wurde bis F\u00e4lligkeit die Schwelle nie erreicht, erh\u00e4lt der Anleger den Nominalbetrag ohne zus\u00e4tzliche Rendite. Liegt das Zertifikat bei F\u00e4lligkeit jedoch unter einer zus\u00e4tzlich eingebauten Sicherheitsbarriere (oftmals ca. 75 % des Nominalwertes), so orientiert sich die R\u00fcckzahlung des Zertifikats an der Kursentwicklung des Basiswertes. Dann wird eine dem Bezugsverh\u00e4ltnis (Ratio) entsprechende Anzahl Aktien geliefert (oder es findet ein Barausgleich statt) oder bei einem Index als Basiswert erfolgt die R\u00fcckzahlung zum Indexschlusskurs multipliziert mit dem Bezugsverh\u00e4ltnis in EUR.<br \/>\nDie Sicherheitsbarriere liegt immer unter der R\u00fcckzahlungsschwelle.<br \/>\nBei Express-Zertifikaten handelt es sich um Schuldverschreibungen. Diese sind somit im Falle einer Insolvenz des Emittenten nicht gesch\u00fctzt. <\/p>\n","protected":false},"excerpt":{"rendered":"<p>engl. Express Certificate Ein Express-Zertifikat dient dazu, in Seitw\u00e4rtsphasen, bei leicht steigenden oder leicht fallenden B\u00f6rsenkursen h\u00f6here Gewinne als mit dem zugrunde liegenden Basiswert zu erzielen. Die Entwicklung des Express-Zertifikates richtet sich dabei vollkommen an die Entwicklung des Basiswertes. Express-Zertifikate haben immer eine begrenzte Laufzeit von in der Regel mehreren Jahren. Jedes Jahr zu einem [&hellip;]<\/p>\n","protected":false},"author":1,"featured_media":0,"parent":0,"menu_order":0,"comment_status":"closed","ping_status":"closed","template":"","meta":{"site-sidebar-layout":"default","site-content-layout":"","ast-site-content-layout":"","site-content-style":"default","site-sidebar-style":"default","ast-global-header-display":"","ast-banner-title-visibility":"","ast-main-header-display":"","ast-hfb-above-header-display":"","ast-hfb-below-header-display":"","ast-hfb-mobile-header-display":"","site-post-title":"","ast-breadcrumbs-content":"","ast-featured-img":"","footer-sml-layout":"","theme-transparent-header-meta":"","adv-header-id-meta":"","stick-header-meta":"","header-above-stick-meta":"","header-main-stick-meta":"","header-below-stick-meta":"","astra-migrate-meta-layouts":"default","ast-page-background-enabled":"default","ast-page-background-meta":{"desktop":{"background-color":"","background-image":"","background-repeat":"repeat","background-position":"center center","background-size":"auto","background-attachment":"scroll","background-type":"","background-media":"","overlay-type":"","overlay-color":"","overlay-opacity":"","overlay-gradient":""},"tablet":{"background-color":"","background-image":"","background-repeat":"repeat","background-position":"center center","background-size":"auto","background-attachment":"scroll","background-type":"","background-media":"","overlay-type":"","overlay-color":"","overlay-opacity":"","overlay-gradient":""},"mobile":{"background-color":"","background-image":"","background-repeat":"repeat","background-position":"center center","background-size":"auto","background-attachment":"scroll","background-type":"","background-media":"","overlay-type":"","overlay-color":"","overlay-opacity":"","overlay-gradient":""}},"ast-content-background-meta":{"desktop":{"background-color":"var(--ast-global-color-5)","background-image":"","background-repeat":"repeat","background-position":"center center","background-size":"auto","background-attachment":"scroll","background-type":"","background-media":"","overlay-type":"","overlay-color":"","overlay-opacity":"","overlay-gradient":""},"tablet":{"background-color":"var(--ast-global-color-5)","background-image":"","background-repeat":"repeat","background-position":"center center","background-size":"auto","background-attachment":"scroll","background-type":"","background-media":"","overlay-type":"","overlay-color":"","overlay-opacity":"","overlay-gradient":""},"mobile":{"background-color":"var(--ast-global-color-5)","background-image":"","background-repeat":"repeat","background-position":"center center","background-size":"auto","background-attachment":"scroll","background-type":"","background-media":"","overlay-type":"","overlay-color":"","overlay-opacity":"","overlay-gradient":""}},"footnotes":""},"class_list":["post-3369","page","type-page","status-publish","hentry"],"translation":{"provider":"WPGlobus","version":"3.0.2","language":"en","enabled_languages":["de","en"],"languages":{"de":{"title":true,"content":true,"excerpt":false},"en":{"title":false,"content":false,"excerpt":false}}},"featured_image_urls_v2":{"full":"","thumbnail":"","medium":"","medium_large":"","large":"","1536x1536":"","2048x2048":""},"post_excerpt_stackable_v2":"<p>engl. Express Certificate Ein Express-Zertifikat dient dazu, in Seitw\u00e4rtsphasen, bei leicht steigenden oder leicht fallenden B\u00f6rsenkursen h\u00f6here Gewinne als mit dem zugrunde liegenden Basiswert zu erzielen. Die Entwicklung des Express-Zertifikates richtet sich dabei vollkommen an die Entwicklung des Basiswertes. Express-Zertifikate haben immer eine begrenzte Laufzeit von in der Regel mehreren Jahren. Jedes Jahr zu einem vorher festgelegten Datum gibt es einen Bewertungstag f\u00fcr das Zertifikat. Zus\u00e4tzlich ist es mit einer R\u00fcckzahlungsschwelle ausgestattet. Liegt nun am Bewertungstag der Kurs des Basiswertes mindestens auf oder \u00fcber der R\u00fcckzahlungsschwelle, so erh\u00e4lt der Anleger den Nominalwert des Zertifikates plus eine zus\u00e4tzliche Rendite \/ Bonus&hellip;<\/p>\n","category_list_v2":"","author_info_v2":{"name":"PrudentWater","url":"https:\/\/prudentwater.com\/en\/author\/niklas33\/"},"comments_num_v2":"0 comments","_links":{"self":[{"href":"https:\/\/prudentwater.com\/en\/wp-json\/wp\/v2\/pages\/3369","targetHints":{"allow":["GET"]}}],"collection":[{"href":"https:\/\/prudentwater.com\/en\/wp-json\/wp\/v2\/pages"}],"about":[{"href":"https:\/\/prudentwater.com\/en\/wp-json\/wp\/v2\/types\/page"}],"author":[{"embeddable":true,"href":"https:\/\/prudentwater.com\/en\/wp-json\/wp\/v2\/users\/1"}],"replies":[{"embeddable":true,"href":"https:\/\/prudentwater.com\/en\/wp-json\/wp\/v2\/comments?post=3369"}],"version-history":[{"count":0,"href":"https:\/\/prudentwater.com\/en\/wp-json\/wp\/v2\/pages\/3369\/revisions"}],"wp:attachment":[{"href":"https:\/\/prudentwater.com\/en\/wp-json\/wp\/v2\/media?parent=3369"}],"curies":[{"name":"wp","href":"https:\/\/api.w.org\/{rel}","templated":true}]}}