{"id":338,"date":"2014-08-20T20:10:57","date_gmt":"2014-08-20T20:10:57","guid":{"rendered":"http:\/\/www.kunnskap.de\/?page_id=338"},"modified":"2023-03-10T20:21:42","modified_gmt":"2023-03-10T19:21:42","slug":"nettofinanzverbindlichkeiten","status":"publish","type":"page","link":"https:\/\/prudentwater.com\/en\/nettofinanzverbindlichkeiten\/","title":{"rendered":"Nettofinanzverbindlichkeiten"},"content":{"rendered":"<p>Auch <b>Nettoverschuldung<\/b><br \/>\nengl. <b>Net Debt<\/b><\/p>\n<p>Die Nettofinanzverbindlichkeiten ergeben sich aus den zinstragenden Verbindlichkeiten abz\u00fcglich der liquiden Mittel eines Unternehmens.<\/p>\n<hr>\n<p><b><small>Berechnung:<\/small><\/b><\/p>\n<p style=\"margin-bottom: 25px;\">\n<p><center><img loading=\"lazy\" decoding=\"async\" src=\"https:\/\/prudentwater.com\/wp-content\/uploads\/2021\/05\/Nettofinanzverbindlichkeiten.png\" alt=\"Nettofinanzverbindlichkeiten\" class=\"alignnone size-full wp-image-6827\" width=\"900\" height=\"99\" title=\"\"><\/center><\/p>\n<hr>\n<p>Die Finanzverbindlichkeiten stellen Bankkredite, Anleihen oder Schuldscheindarlehen dar &#8211; also alle Verbindlichkeiten auf die das Unternehmen Zinsen zahlen muss. Die fl\u00fcssigen Mittel und kurzfristigen Finanzanlagen stellen vor allem Barbest\u00e4nde \/ Cashbest\u00e4nde und kurzfristige, hochliquide Posten dar, welche jederzeit in Bargeld umgewandelt werden k\u00f6nnen. Dazu geh\u00f6ren beispielsweise auch liquide Devisen oder Geldmarktfonds. Die fl\u00fcssigen Mittel sowie kurzfristigen Finanzanlagen werden von den Verbindlichkeiten abgezogen, da diese beiden Posten jederzeit dazu genutzt werden k\u00f6nnen, um Schulden zur\u00fcckzuzahlen. Anschlie\u00dfend ergeben sich die Nettofinanzverbindlichkeiten.<\/p>\n<h3>Was sagen die Nettofinanzverbindlichkeiten aus?<\/h3>\n<p>Die Nettofinanzverbindlichkeiten eines Unternehmens geben einen wichtigen Hinweis auf die finanzielle Stabilit\u00e4t und die Schuldenlast des Unternehmens. Wenn die Nettofinanzverbindlichkeiten hoch sind, kann dies darauf hindeuten, dass das Unternehmen m\u00f6glicherweise Schwierigkeiten hat, seine Schulden zur\u00fcckzuzahlen oder zuk\u00fcnftige Verpflichtungen zu erf\u00fcllen. Ein weiterer wichtiger Aspekt der Nettofinanzverbindlichkeiten ist, dass sie zeigen, wie viel Spielraum ein Unternehmen hat, um neue Schulden aufzunehmen oder Investitionen zu t\u00e4tigen. Wenn die Nettofinanzverbindlichkeiten hoch sind, kann dies bedeuten, dass das Unternehmen nicht mehr in der Lage ist, neue Schulden aufzunehmen, um zuk\u00fcnftiges Wachstum oder Investitionen zu finanzieren. Daher ist es f\u00fcr Investoren und Kreditgeber wichtig, die Nettofinanzverbindlichkeiten eines Unternehmens zu kennen, um das Risiko und die Stabilit\u00e4t des Unternehmens einsch\u00e4tzen zu k\u00f6nnen. Ein niedriger Wert der Nettofinanzverbindlichkeiten kann ein Zeichen f\u00fcr eine starke Bilanz und gute finanzielle Stabilit\u00e4t sein, w\u00e4hrend ein hoher Wert auf ein h\u00f6heres Risiko und eine h\u00f6here Schuldenlast hinweisen kann.<\/p>\n","protected":false},"excerpt":{"rendered":"<p>Auch Nettoverschuldung engl. Net Debt Die Nettofinanzverbindlichkeiten ergeben sich aus den zinstragenden Verbindlichkeiten abz\u00fcglich der liquiden Mittel eines Unternehmens. Berechnung: Die Finanzverbindlichkeiten stellen Bankkredite, Anleihen oder Schuldscheindarlehen dar &#8211; also alle Verbindlichkeiten auf die das Unternehmen Zinsen zahlen muss. Die fl\u00fcssigen Mittel und kurzfristigen Finanzanlagen stellen vor allem Barbest\u00e4nde \/ Cashbest\u00e4nde und kurzfristige, hochliquide Posten [&hellip;]<\/p>\n","protected":false},"author":1,"featured_media":0,"parent":0,"menu_order":0,"comment_status":"closed","ping_status":"closed","template":"","meta":{"site-sidebar-layout":"default","site-content-layout":"","ast-site-content-layout":"","site-content-style":"default","site-sidebar-style":"default","ast-global-header-display":"","ast-banner-title-visibility":"","ast-main-header-display":"","ast-hfb-above-header-display":"","ast-hfb-below-header-display":"","ast-hfb-mobile-header-display":"","site-post-title":"","ast-breadcrumbs-content":"","ast-featured-img":"","footer-sml-layout":"","theme-transparent-header-meta":"","adv-header-id-meta":"","stick-header-meta":"","header-above-stick-meta":"","header-main-stick-meta":"","header-below-stick-meta":"","astra-migrate-meta-layouts":"default","ast-page-background-enabled":"default","ast-page-background-meta":{"desktop":{"background-color":"","background-image":"","background-repeat":"repeat","background-position":"center center","background-size":"auto","background-attachment":"scroll","background-type":"","background-media":"","overlay-type":"","overlay-color":"","overlay-opacity":"","overlay-gradient":""},"tablet":{"background-color":"","background-image":"","background-repeat":"repeat","background-position":"center center","background-size":"auto","background-attachment":"scroll","background-type":"","background-media":"","overlay-type":"","overlay-color":"","overlay-opacity":"","overlay-gradient":""},"mobile":{"background-color":"","background-image":"","background-repeat":"repeat","background-position":"center center","background-size":"auto","background-attachment":"scroll","background-type":"","background-media":"","overlay-type":"","overlay-color":"","overlay-opacity":"","overlay-gradient":""}},"ast-content-background-meta":{"desktop":{"background-color":"var(--ast-global-color-5)","background-image":"","background-repeat":"repeat","background-position":"center center","background-size":"auto","background-attachment":"scroll","background-type":"","background-media":"","overlay-type":"","overlay-color":"","overlay-opacity":"","overlay-gradient":""},"tablet":{"background-color":"var(--ast-global-color-5)","background-image":"","background-repeat":"repeat","background-position":"center center","background-size":"auto","background-attachment":"scroll","background-type":"","background-media":"","overlay-type":"","overlay-color":"","overlay-opacity":"","overlay-gradient":""},"mobile":{"background-color":"var(--ast-global-color-5)","background-image":"","background-repeat":"repeat","background-position":"center center","background-size":"auto","background-attachment":"scroll","background-type":"","background-media":"","overlay-type":"","overlay-color":"","overlay-opacity":"","overlay-gradient":""}},"footnotes":""},"class_list":["post-338","page","type-page","status-publish","hentry"],"translation":{"provider":"WPGlobus","version":"3.0.2","language":"en","enabled_languages":["de","en"],"languages":{"de":{"title":true,"content":true,"excerpt":false},"en":{"title":false,"content":false,"excerpt":false}}},"featured_image_urls_v2":{"full":"","thumbnail":"","medium":"","medium_large":"","large":"","1536x1536":"","2048x2048":""},"post_excerpt_stackable_v2":"<p>Auch Nettoverschuldung engl. Net Debt Die Nettofinanzverbindlichkeiten ergeben sich aus den zinstragenden Verbindlichkeiten abz\u00fcglich der liquiden Mittel eines Unternehmens. Berechnung: Die Finanzverbindlichkeiten stellen Bankkredite, Anleihen oder Schuldscheindarlehen dar &#8211; also alle Verbindlichkeiten auf die das Unternehmen Zinsen zahlen muss. Die fl\u00fcssigen Mittel und kurzfristigen Finanzanlagen stellen vor allem Barbest\u00e4nde \/ Cashbest\u00e4nde und kurzfristige, hochliquide Posten dar, welche jederzeit in Bargeld umgewandelt werden k\u00f6nnen. Dazu geh\u00f6ren beispielsweise auch liquide Devisen oder Geldmarktfonds. Die fl\u00fcssigen Mittel sowie kurzfristigen Finanzanlagen werden von den Verbindlichkeiten abgezogen, da diese beiden Posten jederzeit dazu genutzt werden k\u00f6nnen, um Schulden zur\u00fcckzuzahlen. Anschlie\u00dfend ergeben sich die Nettofinanzverbindlichkeiten. Was&hellip;<\/p>\n","category_list_v2":"","author_info_v2":{"name":"PrudentWater","url":"https:\/\/prudentwater.com\/en\/author\/niklas33\/"},"comments_num_v2":"0 comments","_links":{"self":[{"href":"https:\/\/prudentwater.com\/en\/wp-json\/wp\/v2\/pages\/338","targetHints":{"allow":["GET"]}}],"collection":[{"href":"https:\/\/prudentwater.com\/en\/wp-json\/wp\/v2\/pages"}],"about":[{"href":"https:\/\/prudentwater.com\/en\/wp-json\/wp\/v2\/types\/page"}],"author":[{"embeddable":true,"href":"https:\/\/prudentwater.com\/en\/wp-json\/wp\/v2\/users\/1"}],"replies":[{"embeddable":true,"href":"https:\/\/prudentwater.com\/en\/wp-json\/wp\/v2\/comments?post=338"}],"version-history":[{"count":0,"href":"https:\/\/prudentwater.com\/en\/wp-json\/wp\/v2\/pages\/338\/revisions"}],"wp:attachment":[{"href":"https:\/\/prudentwater.com\/en\/wp-json\/wp\/v2\/media?parent=338"}],"curies":[{"name":"wp","href":"https:\/\/api.w.org\/{rel}","templated":true}]}}