{"id":3387,"date":"2015-04-02T10:25:06","date_gmt":"2015-04-02T10:25:06","guid":{"rendered":"http:\/\/www.kunnskap.de\/?page_id=3387"},"modified":"2021-06-25T12:50:17","modified_gmt":"2021-06-25T10:50:17","slug":"wertpapierleihe","status":"publish","type":"page","link":"https:\/\/prudentwater.com\/en\/wertpapierleihe\/","title":{"rendered":"Wertpapierleihe"},"content":{"rendered":"<p>engl. <strong>Securities Lending<\/strong><\/p>\n<p>Die Wertpapierleihe bezeichnet einen Prozess, bei dem Wertpapiere an einen anderen Marktteilnehmer f\u00fcr eine bestimmte Zeit verliehen werden. Meistens wird die Wertpapierleihe von Investmentfonds oder ETFs durchgef\u00fchrt, da das Fondsmanagement so zus\u00e4tzlich Einnahmen erzielen kann. Verleiht der Fondsmanager die in einem Fonds oder ETF befindlichen Wertpapiere an einen anderen Marktteilnehmer, erh\u00e4lt er daf\u00fcr eine Geb\u00fchr. Am Ende des Gesch\u00e4ftes erh\u00e4lt er die Wertpapiere in gleicher Anzahl zur\u00fcck, die Geb\u00fchr kann er jedoch behalten. Der Marktteilnehmer, welcher sich die Wertpapiere ausgeliehen hat, spekuliert damit auf fallende Kurse oder aber kann die Wertpapiere als Sicherheit f\u00fcr andere B\u00f6rsengesch\u00e4fte nutzen. Oft ist jedoch Ersteres der Fall, da er in der Regel nachdem er sich die Wertpapiere ausgeleihen hat diese direkt weiterverkauft. Dieser Vorgang wird Leerverkauf genannt. Kommt es jedoch zu einem starken Kursanstieg, so besteht das Risiko f\u00fcr den Fondsmanager darin, dass die Wertpapiere vom Marktteilnehmer nicht mehr zur\u00fcckgeliefert werden k\u00f6nnen. Aus diesem Grund m\u00fcssen vom Marktteilnehmer selbst Sicherheiten hinterlegt werden. <\/p>\n<p><u>Zum Beispiel:<\/u><br \/>\nMarktteilnehmer A verleiht seine Aktien an Marktteilnehmer B f\u00fcr eine vorher festgelegte Zeit. B muss A daf\u00fcr eine Geb\u00fchr bezahlen und zus\u00e4tzlich Sicherheiten zur Verf\u00fcgung stellen. Wirft das Wertpapier in der Zwischenzeit Zinsen oder Dividenden ab, stehen diese Marktteilnehmer A zu. Zum Ende werden die Wertpapiere an A zur\u00fcckgegeben. Die Wertpapierleihe wird oftmals von B genutzt, um einen Leerverkauf durchzuf\u00fchren. <\/p>\n","protected":false},"excerpt":{"rendered":"<p>engl. Securities Lending Die Wertpapierleihe bezeichnet einen Prozess, bei dem Wertpapiere an einen anderen Marktteilnehmer f\u00fcr eine bestimmte Zeit verliehen werden. Meistens wird die Wertpapierleihe von Investmentfonds oder ETFs durchgef\u00fchrt, da das Fondsmanagement so zus\u00e4tzlich Einnahmen erzielen kann. Verleiht der Fondsmanager die in einem Fonds oder ETF befindlichen Wertpapiere an einen anderen Marktteilnehmer, erh\u00e4lt er [&hellip;]<\/p>\n","protected":false},"author":1,"featured_media":0,"parent":0,"menu_order":0,"comment_status":"closed","ping_status":"closed","template":"","meta":{"site-sidebar-layout":"default","site-content-layout":"","ast-site-content-layout":"","site-content-style":"default","site-sidebar-style":"default","ast-global-header-display":"","ast-banner-title-visibility":"","ast-main-header-display":"","ast-hfb-above-header-display":"","ast-hfb-below-header-display":"","ast-hfb-mobile-header-display":"","site-post-title":"","ast-breadcrumbs-content":"","ast-featured-img":"","footer-sml-layout":"","theme-transparent-header-meta":"","adv-header-id-meta":"","stick-header-meta":"","header-above-stick-meta":"","header-main-stick-meta":"","header-below-stick-meta":"","astra-migrate-meta-layouts":"default","ast-page-background-enabled":"default","ast-page-background-meta":{"desktop":{"background-color":"","background-image":"","background-repeat":"repeat","background-position":"center center","background-size":"auto","background-attachment":"scroll","background-type":"","background-media":"","overlay-type":"","overlay-color":"","overlay-opacity":"","overlay-gradient":""},"tablet":{"background-color":"","background-image":"","background-repeat":"repeat","background-position":"center center","background-size":"auto","background-attachment":"scroll","background-type":"","background-media":"","overlay-type":"","overlay-color":"","overlay-opacity":"","overlay-gradient":""},"mobile":{"background-color":"","background-image":"","background-repeat":"repeat","background-position":"center center","background-size":"auto","background-attachment":"scroll","background-type":"","background-media":"","overlay-type":"","overlay-color":"","overlay-opacity":"","overlay-gradient":""}},"ast-content-background-meta":{"desktop":{"background-color":"var(--ast-global-color-5)","background-image":"","background-repeat":"repeat","background-position":"center center","background-size":"auto","background-attachment":"scroll","background-type":"","background-media":"","overlay-type":"","overlay-color":"","overlay-opacity":"","overlay-gradient":""},"tablet":{"background-color":"var(--ast-global-color-5)","background-image":"","background-repeat":"repeat","background-position":"center center","background-size":"auto","background-attachment":"scroll","background-type":"","background-media":"","overlay-type":"","overlay-color":"","overlay-opacity":"","overlay-gradient":""},"mobile":{"background-color":"var(--ast-global-color-5)","background-image":"","background-repeat":"repeat","background-position":"center center","background-size":"auto","background-attachment":"scroll","background-type":"","background-media":"","overlay-type":"","overlay-color":"","overlay-opacity":"","overlay-gradient":""}},"footnotes":""},"class_list":["post-3387","page","type-page","status-publish","hentry"],"translation":{"provider":"WPGlobus","version":"3.0.2","language":"en","enabled_languages":["de","en"],"languages":{"de":{"title":true,"content":true,"excerpt":false},"en":{"title":false,"content":false,"excerpt":false}}},"featured_image_urls_v2":{"full":"","thumbnail":"","medium":"","medium_large":"","large":"","1536x1536":"","2048x2048":""},"post_excerpt_stackable_v2":"<p>engl. Securities Lending Die Wertpapierleihe bezeichnet einen Prozess, bei dem Wertpapiere an einen anderen Marktteilnehmer f\u00fcr eine bestimmte Zeit verliehen werden. Meistens wird die Wertpapierleihe von Investmentfonds oder ETFs durchgef\u00fchrt, da das Fondsmanagement so zus\u00e4tzlich Einnahmen erzielen kann. Verleiht der Fondsmanager die in einem Fonds oder ETF befindlichen Wertpapiere an einen anderen Marktteilnehmer, erh\u00e4lt er daf\u00fcr eine Geb\u00fchr. Am Ende des Gesch\u00e4ftes erh\u00e4lt er die Wertpapiere in gleicher Anzahl zur\u00fcck, die Geb\u00fchr kann er jedoch behalten. Der Marktteilnehmer, welcher sich die Wertpapiere ausgeliehen hat, spekuliert damit auf fallende Kurse oder aber kann die Wertpapiere als Sicherheit f\u00fcr andere B\u00f6rsengesch\u00e4fte nutzen.&hellip;<\/p>\n","category_list_v2":"","author_info_v2":{"name":"PrudentWater","url":"https:\/\/prudentwater.com\/en\/author\/niklas33\/"},"comments_num_v2":"0 comments","_links":{"self":[{"href":"https:\/\/prudentwater.com\/en\/wp-json\/wp\/v2\/pages\/3387","targetHints":{"allow":["GET"]}}],"collection":[{"href":"https:\/\/prudentwater.com\/en\/wp-json\/wp\/v2\/pages"}],"about":[{"href":"https:\/\/prudentwater.com\/en\/wp-json\/wp\/v2\/types\/page"}],"author":[{"embeddable":true,"href":"https:\/\/prudentwater.com\/en\/wp-json\/wp\/v2\/users\/1"}],"replies":[{"embeddable":true,"href":"https:\/\/prudentwater.com\/en\/wp-json\/wp\/v2\/comments?post=3387"}],"version-history":[{"count":0,"href":"https:\/\/prudentwater.com\/en\/wp-json\/wp\/v2\/pages\/3387\/revisions"}],"wp:attachment":[{"href":"https:\/\/prudentwater.com\/en\/wp-json\/wp\/v2\/media?parent=3387"}],"curies":[{"name":"wp","href":"https:\/\/api.w.org\/{rel}","templated":true}]}}