{"id":347,"date":"2014-08-21T10:32:15","date_gmt":"2014-08-21T10:32:15","guid":{"rendered":"http:\/\/www.kunnskap.de\/?page_id=347"},"modified":"2021-06-25T12:48:58","modified_gmt":"2021-06-25T10:48:58","slug":"eigenkapitalquote","status":"publish","type":"page","link":"https:\/\/prudentwater.com\/en\/eigenkapitalquote\/","title":{"rendered":"Eigenkapitalquote"},"content":{"rendered":"<p>engl. <strong>Equity Ratio<\/strong><\/p>\n<p>Die Eigenkapitalquote bezeichnet den Anteil des Eigenkapitals am Gesamtkapital. Diese wird in Prozent ausgedr\u00fcckt. Sie gibt somit das Verh\u00e4ltnis von Eigenkapital und Fremdkapital auf der Passivseite der Bilanz an. Je h\u00f6her die Eigenkapitalquote, desto besser in der Regel die Kreditf\u00e4higkeit des Unternehmens und somit auch die finanzielle Stabilit\u00e4t. Je h\u00f6her die EKQ, desto geringer die Verschuldung, wodurch sich eine h\u00f6here Bonit\u00e4t ergibt und folglich ein geringeres Risiko eines Zahlungsausfalles. Ein hoher Anteil an Eigenkapital spricht au\u00dferdem f\u00fcr ein solides und sicheres Unternehmen, welches in der Lage ist, eine gewisse Verlustzeit durchzustehen. Andersherum gilt, dass je geringer die Eigenkapitalquote ist, desto h\u00f6her ist die Eigenkapitalrendite. Unternehmen und vor allem Banken, versuchen deshalb immer die Eigenkapitalquote im Mittelma\u00df zu halten.<\/p>\n<h6>Berechnung:<\/h6>\n<p><center><img loading=\"lazy\" decoding=\"async\" src=\"https:\/\/prudentwater.com\/wp-content\/uploads\/2020\/03\/EKQ.bmp\" alt=\"EKQ\" class=\"alignnone size-full wp-image-7533\" width=\"378\" height=\"55\" title=\"\"><\/center><br \/>\nDie durchschnittliche Eigenkapitalquote in Deutschland liegt bei ca. 20 % bis 23 %. Die H\u00f6he der Eigenkapitalquote ist jedoch stark branchenabh\u00e4ngig. W\u00e4hrend Chemieunternehmen eine durchschnittliche Eigenkapitalquote von ca. 35 Prozent aufweisen, liegt diese bei Finanzinstituten in der Regel in der N\u00e4he der 10 %-Marke. Weist ein Unternehmen eine zu geringe Eigenkapitalquote auf, wird es in Krisen oder in Zeiten steigender Zinsen Probleme bekommen. Die Bilanz besteht dann gr\u00f6\u00dftenteils aus Schulden und der Handlungsspielraum des Unternehmens ist deutlich eingeschr\u00e4nkt. Denn je geringer die EKQ, desto h\u00f6her ist der Anteil des Fremdkapitals und dadurch entsprechend auch die Zinslast, die das Unternehmen zu tragen hat. Eine hohe Eigenkapitalquote verringert jedoch auch die Eigenkapitalrendite, au\u00dferdem f\u00fchrt eine zu hohe EKQ zu h\u00f6heren Kapitalkosten, da Eigenkapital teurer als Fremdkapital ist. Deshalb ist es sinnvoll, die Eigenkapitalquote stets in einer f\u00fcr die Branche angemessene Balance zu halten.<\/p>\n","protected":false},"excerpt":{"rendered":"<p>engl. Equity Ratio Die Eigenkapitalquote bezeichnet den Anteil des Eigenkapitals am Gesamtkapital. Diese wird in Prozent ausgedr\u00fcckt. Sie gibt somit das Verh\u00e4ltnis von Eigenkapital und Fremdkapital auf der Passivseite der Bilanz an. Je h\u00f6her die Eigenkapitalquote, desto besser in der Regel die Kreditf\u00e4higkeit des Unternehmens und somit auch die finanzielle Stabilit\u00e4t. Je h\u00f6her die EKQ, [&hellip;]<\/p>\n","protected":false},"author":1,"featured_media":0,"parent":0,"menu_order":0,"comment_status":"closed","ping_status":"closed","template":"","meta":{"site-sidebar-layout":"default","site-content-layout":"","ast-site-content-layout":"","site-content-style":"default","site-sidebar-style":"default","ast-global-header-display":"","ast-banner-title-visibility":"","ast-main-header-display":"","ast-hfb-above-header-display":"","ast-hfb-below-header-display":"","ast-hfb-mobile-header-display":"","site-post-title":"","ast-breadcrumbs-content":"","ast-featured-img":"","footer-sml-layout":"","theme-transparent-header-meta":"","adv-header-id-meta":"","stick-header-meta":"","header-above-stick-meta":"","header-main-stick-meta":"","header-below-stick-meta":"","astra-migrate-meta-layouts":"default","ast-page-background-enabled":"default","ast-page-background-meta":{"desktop":{"background-color":"","background-image":"","background-repeat":"repeat","background-position":"center center","background-size":"auto","background-attachment":"scroll","background-type":"","background-media":"","overlay-type":"","overlay-color":"","overlay-opacity":"","overlay-gradient":""},"tablet":{"background-color":"","background-image":"","background-repeat":"repeat","background-position":"center center","background-size":"auto","background-attachment":"scroll","background-type":"","background-media":"","overlay-type":"","overlay-color":"","overlay-opacity":"","overlay-gradient":""},"mobile":{"background-color":"","background-image":"","background-repeat":"repeat","background-position":"center center","background-size":"auto","background-attachment":"scroll","background-type":"","background-media":"","overlay-type":"","overlay-color":"","overlay-opacity":"","overlay-gradient":""}},"ast-content-background-meta":{"desktop":{"background-color":"var(--ast-global-color-5)","background-image":"","background-repeat":"repeat","background-position":"center center","background-size":"auto","background-attachment":"scroll","background-type":"","background-media":"","overlay-type":"","overlay-color":"","overlay-opacity":"","overlay-gradient":""},"tablet":{"background-color":"var(--ast-global-color-5)","background-image":"","background-repeat":"repeat","background-position":"center center","background-size":"auto","background-attachment":"scroll","background-type":"","background-media":"","overlay-type":"","overlay-color":"","overlay-opacity":"","overlay-gradient":""},"mobile":{"background-color":"var(--ast-global-color-5)","background-image":"","background-repeat":"repeat","background-position":"center center","background-size":"auto","background-attachment":"scroll","background-type":"","background-media":"","overlay-type":"","overlay-color":"","overlay-opacity":"","overlay-gradient":""}},"footnotes":""},"class_list":["post-347","page","type-page","status-publish","hentry"],"translation":{"provider":"WPGlobus","version":"3.0.2","language":"en","enabled_languages":["de","en"],"languages":{"de":{"title":true,"content":true,"excerpt":false},"en":{"title":false,"content":false,"excerpt":false}}},"featured_image_urls_v2":{"full":"","thumbnail":"","medium":"","medium_large":"","large":"","1536x1536":"","2048x2048":""},"post_excerpt_stackable_v2":"<p>engl. Equity Ratio Die Eigenkapitalquote bezeichnet den Anteil des Eigenkapitals am Gesamtkapital. Diese wird in Prozent ausgedr\u00fcckt. Sie gibt somit das Verh\u00e4ltnis von Eigenkapital und Fremdkapital auf der Passivseite der Bilanz an. Je h\u00f6her die Eigenkapitalquote, desto besser in der Regel die Kreditf\u00e4higkeit des Unternehmens und somit auch die finanzielle Stabilit\u00e4t. Je h\u00f6her die EKQ, desto geringer die Verschuldung, wodurch sich eine h\u00f6here Bonit\u00e4t ergibt und folglich ein geringeres Risiko eines Zahlungsausfalles. Ein hoher Anteil an Eigenkapital spricht au\u00dferdem f\u00fcr ein solides und sicheres Unternehmen, welches in der Lage ist, eine gewisse Verlustzeit durchzustehen. Andersherum gilt, dass je geringer die&hellip;<\/p>\n","category_list_v2":"","author_info_v2":{"name":"PrudentWater","url":"https:\/\/prudentwater.com\/en\/author\/niklas33\/"},"comments_num_v2":"0 comments","_links":{"self":[{"href":"https:\/\/prudentwater.com\/en\/wp-json\/wp\/v2\/pages\/347","targetHints":{"allow":["GET"]}}],"collection":[{"href":"https:\/\/prudentwater.com\/en\/wp-json\/wp\/v2\/pages"}],"about":[{"href":"https:\/\/prudentwater.com\/en\/wp-json\/wp\/v2\/types\/page"}],"author":[{"embeddable":true,"href":"https:\/\/prudentwater.com\/en\/wp-json\/wp\/v2\/users\/1"}],"replies":[{"embeddable":true,"href":"https:\/\/prudentwater.com\/en\/wp-json\/wp\/v2\/comments?post=347"}],"version-history":[{"count":0,"href":"https:\/\/prudentwater.com\/en\/wp-json\/wp\/v2\/pages\/347\/revisions"}],"wp:attachment":[{"href":"https:\/\/prudentwater.com\/en\/wp-json\/wp\/v2\/media?parent=347"}],"curies":[{"name":"wp","href":"https:\/\/api.w.org\/{rel}","templated":true}]}}