{"id":3489,"date":"2015-04-12T19:03:06","date_gmt":"2015-04-12T19:03:06","guid":{"rendered":"http:\/\/www.kunnskap.de\/?page_id=3489"},"modified":"2021-06-25T12:48:58","modified_gmt":"2021-06-25T10:48:58","slug":"emissionsvolumen","status":"publish","type":"page","link":"https:\/\/prudentwater.com\/en\/emissionsvolumen\/","title":{"rendered":"Emissionsvolumen"},"content":{"rendered":"<p>engl. <strong>Issue Volume<\/strong><\/p>\n<p>Das Emissionsvolumen ist entweder die Gesamtst\u00fcckzahl aller ausgegebenen Wertpapiere oder aber der Gesamtbetrag aller ausgegebenen Wertpapiere. Um den Gesamtbetrag zu berechnen, wird die Anzahl der Wertpapiere mit dem Emissionskurs multipliziert.<br \/>\nDas Emissionsvolumen spielt bei der Emission von Anleihen eine wichtige Rolle. Ist das Volumen hoch, ist gleichzeitig die Liquidit\u00e4t der Anleihe hoch. Dann k\u00f6nnen Anleihen am Markt problemlos ge- und verkauft werden. Dies wiederum kann zu einem h\u00f6heren Kurs der Anleihe f\u00fchren, da der Investor so mehr Sicherheit erh\u00e4lt. Andererseits bedeutet ein hohes Volumen ein hohes Angebot der entsprechenden Anleihen. Es m\u00fcssen somit gen\u00fcgend K\u00e4ufer f\u00fcr die Anleihen gefunden werden. Finden sich jedoch aufgrund des hohen Volumens nicht gen\u00fcgend K\u00e4ufer, so kann dies negative Auswirkungen auf den Kurs der Anleihe haben. <\/p>\n","protected":false},"excerpt":{"rendered":"<p>engl. Issue Volume Das Emissionsvolumen ist entweder die Gesamtst\u00fcckzahl aller ausgegebenen Wertpapiere oder aber der Gesamtbetrag aller ausgegebenen Wertpapiere. Um den Gesamtbetrag zu berechnen, wird die Anzahl der Wertpapiere mit dem Emissionskurs multipliziert. Das Emissionsvolumen spielt bei der Emission von Anleihen eine wichtige Rolle. Ist das Volumen hoch, ist gleichzeitig die Liquidit\u00e4t der Anleihe hoch. [&hellip;]<\/p>\n","protected":false},"author":1,"featured_media":0,"parent":0,"menu_order":0,"comment_status":"closed","ping_status":"closed","template":"","meta":{"site-sidebar-layout":"default","site-content-layout":"","ast-site-content-layout":"","site-content-style":"default","site-sidebar-style":"default","ast-global-header-display":"","ast-banner-title-visibility":"","ast-main-header-display":"","ast-hfb-above-header-display":"","ast-hfb-below-header-display":"","ast-hfb-mobile-header-display":"","site-post-title":"","ast-breadcrumbs-content":"","ast-featured-img":"","footer-sml-layout":"","theme-transparent-header-meta":"","adv-header-id-meta":"","stick-header-meta":"","header-above-stick-meta":"","header-main-stick-meta":"","header-below-stick-meta":"","astra-migrate-meta-layouts":"default","ast-page-background-enabled":"default","ast-page-background-meta":{"desktop":{"background-color":"","background-image":"","background-repeat":"repeat","background-position":"center center","background-size":"auto","background-attachment":"scroll","background-type":"","background-media":"","overlay-type":"","overlay-color":"","overlay-opacity":"","overlay-gradient":""},"tablet":{"background-color":"","background-image":"","background-repeat":"repeat","background-position":"center center","background-size":"auto","background-attachment":"scroll","background-type":"","background-media":"","overlay-type":"","overlay-color":"","overlay-opacity":"","overlay-gradient":""},"mobile":{"background-color":"","background-image":"","background-repeat":"repeat","background-position":"center center","background-size":"auto","background-attachment":"scroll","background-type":"","background-media":"","overlay-type":"","overlay-color":"","overlay-opacity":"","overlay-gradient":""}},"ast-content-background-meta":{"desktop":{"background-color":"var(--ast-global-color-5)","background-image":"","background-repeat":"repeat","background-position":"center center","background-size":"auto","background-attachment":"scroll","background-type":"","background-media":"","overlay-type":"","overlay-color":"","overlay-opacity":"","overlay-gradient":""},"tablet":{"background-color":"var(--ast-global-color-5)","background-image":"","background-repeat":"repeat","background-position":"center center","background-size":"auto","background-attachment":"scroll","background-type":"","background-media":"","overlay-type":"","overlay-color":"","overlay-opacity":"","overlay-gradient":""},"mobile":{"background-color":"var(--ast-global-color-5)","background-image":"","background-repeat":"repeat","background-position":"center center","background-size":"auto","background-attachment":"scroll","background-type":"","background-media":"","overlay-type":"","overlay-color":"","overlay-opacity":"","overlay-gradient":""}},"footnotes":""},"class_list":["post-3489","page","type-page","status-publish","hentry"],"translation":{"provider":"WPGlobus","version":"3.0.2","language":"en","enabled_languages":["de","en"],"languages":{"de":{"title":true,"content":true,"excerpt":false},"en":{"title":false,"content":false,"excerpt":false}}},"featured_image_urls_v2":{"full":"","thumbnail":"","medium":"","medium_large":"","large":"","1536x1536":"","2048x2048":""},"post_excerpt_stackable_v2":"<p>engl. Issue Volume Das Emissionsvolumen ist entweder die Gesamtst\u00fcckzahl aller ausgegebenen Wertpapiere oder aber der Gesamtbetrag aller ausgegebenen Wertpapiere. Um den Gesamtbetrag zu berechnen, wird die Anzahl der Wertpapiere mit dem Emissionskurs multipliziert. Das Emissionsvolumen spielt bei der Emission von Anleihen eine wichtige Rolle. Ist das Volumen hoch, ist gleichzeitig die Liquidit\u00e4t der Anleihe hoch. Dann k\u00f6nnen Anleihen am Markt problemlos ge- und verkauft werden. Dies wiederum kann zu einem h\u00f6heren Kurs der Anleihe f\u00fchren, da der Investor so mehr Sicherheit erh\u00e4lt. Andererseits bedeutet ein hohes Volumen ein hohes Angebot der entsprechenden Anleihen. Es m\u00fcssen somit gen\u00fcgend K\u00e4ufer f\u00fcr die&hellip;<\/p>\n","category_list_v2":"","author_info_v2":{"name":"PrudentWater","url":"https:\/\/prudentwater.com\/en\/author\/niklas33\/"},"comments_num_v2":"0 comments","_links":{"self":[{"href":"https:\/\/prudentwater.com\/en\/wp-json\/wp\/v2\/pages\/3489","targetHints":{"allow":["GET"]}}],"collection":[{"href":"https:\/\/prudentwater.com\/en\/wp-json\/wp\/v2\/pages"}],"about":[{"href":"https:\/\/prudentwater.com\/en\/wp-json\/wp\/v2\/types\/page"}],"author":[{"embeddable":true,"href":"https:\/\/prudentwater.com\/en\/wp-json\/wp\/v2\/users\/1"}],"replies":[{"embeddable":true,"href":"https:\/\/prudentwater.com\/en\/wp-json\/wp\/v2\/comments?post=3489"}],"version-history":[{"count":0,"href":"https:\/\/prudentwater.com\/en\/wp-json\/wp\/v2\/pages\/3489\/revisions"}],"wp:attachment":[{"href":"https:\/\/prudentwater.com\/en\/wp-json\/wp\/v2\/media?parent=3489"}],"curies":[{"name":"wp","href":"https:\/\/api.w.org\/{rel}","templated":true}]}}