{"id":3504,"date":"2015-04-13T18:45:05","date_gmt":"2015-04-13T18:45:05","guid":{"rendered":"http:\/\/www.kunnskap.de\/?page_id=3504"},"modified":"2021-06-25T12:50:15","modified_gmt":"2021-06-25T10:50:15","slug":"unternehmensanleihe","status":"publish","type":"page","link":"https:\/\/prudentwater.com\/en\/unternehmensanleihe\/","title":{"rendered":"Unternehmensanleihe"},"content":{"rendered":"<p>engl. <strong>Corporate Bond<\/strong><\/p>\n<p>Die Unternehmensanleihe ist ein festverzinsliches Wertpapier, welches von einem Unternehmen emittiert wurde. Eine Unternehmensanleihe hat den Zweck der Unternehmensfinanzierung, weiterhin kann sie aus Sicht des Unternehmens dazu dienen, \u00dcbernahmen zu finanzieren oder Schulden umzustrukturieren. F\u00fcr das aufgenommene Fremdkapital muss das Unternehmen seinen Gl\u00e4ubigern einen Zinssatz bezahlen, der sich in erster Line, jedoch nicht ausschlie\u00dflich, nach der Bonit\u00e4t des Unternehmens richtet. Je schlechter die Bonit\u00e4t des Emittenten dabei ist, desto h\u00f6her wird auch der Credit Spread sein, also der Zinsaufschlag gegen\u00fcber einer beinahen risikofreien Anleihe mit bester Bonit\u00e4t. Unternehmensanleihen mit einem schlechten Rating bieten dementsprechend einen h\u00f6heren Kupon. Dieser h\u00f6here Kupon ist jedoch gleichzeitig immer mit einem h\u00f6heren Ausfallrisiko verbunden. Bei der Auswahl der Unternehmensanleihe muss deshalb neben den allgemeinen wirtschaftlichen Bedienungen, noch die Bilanz, die Gewinnkennzahlen, die Profitabilit\u00e4tskennzahlen (Gewinnmarge, Eigenkapitalrendite, Cashflow) sowie das Schuldenprofil des Unternehmens ber\u00fccksichtigt werden. <\/p>\n","protected":false},"excerpt":{"rendered":"<p>engl. Corporate Bond Die Unternehmensanleihe ist ein festverzinsliches Wertpapier, welches von einem Unternehmen emittiert wurde. Eine Unternehmensanleihe hat den Zweck der Unternehmensfinanzierung, weiterhin kann sie aus Sicht des Unternehmens dazu dienen, \u00dcbernahmen zu finanzieren oder Schulden umzustrukturieren. F\u00fcr das aufgenommene Fremdkapital muss das Unternehmen seinen Gl\u00e4ubigern einen Zinssatz bezahlen, der sich in erster Line, jedoch [&hellip;]<\/p>\n","protected":false},"author":1,"featured_media":0,"parent":0,"menu_order":0,"comment_status":"closed","ping_status":"closed","template":"","meta":{"site-sidebar-layout":"default","site-content-layout":"","ast-site-content-layout":"","site-content-style":"default","site-sidebar-style":"default","ast-global-header-display":"","ast-banner-title-visibility":"","ast-main-header-display":"","ast-hfb-above-header-display":"","ast-hfb-below-header-display":"","ast-hfb-mobile-header-display":"","site-post-title":"","ast-breadcrumbs-content":"","ast-featured-img":"","footer-sml-layout":"","theme-transparent-header-meta":"","adv-header-id-meta":"","stick-header-meta":"","header-above-stick-meta":"","header-main-stick-meta":"","header-below-stick-meta":"","astra-migrate-meta-layouts":"default","ast-page-background-enabled":"default","ast-page-background-meta":{"desktop":{"background-color":"","background-image":"","background-repeat":"repeat","background-position":"center center","background-size":"auto","background-attachment":"scroll","background-type":"","background-media":"","overlay-type":"","overlay-color":"","overlay-opacity":"","overlay-gradient":""},"tablet":{"background-color":"","background-image":"","background-repeat":"repeat","background-position":"center center","background-size":"auto","background-attachment":"scroll","background-type":"","background-media":"","overlay-type":"","overlay-color":"","overlay-opacity":"","overlay-gradient":""},"mobile":{"background-color":"","background-image":"","background-repeat":"repeat","background-position":"center center","background-size":"auto","background-attachment":"scroll","background-type":"","background-media":"","overlay-type":"","overlay-color":"","overlay-opacity":"","overlay-gradient":""}},"ast-content-background-meta":{"desktop":{"background-color":"var(--ast-global-color-5)","background-image":"","background-repeat":"repeat","background-position":"center center","background-size":"auto","background-attachment":"scroll","background-type":"","background-media":"","overlay-type":"","overlay-color":"","overlay-opacity":"","overlay-gradient":""},"tablet":{"background-color":"var(--ast-global-color-5)","background-image":"","background-repeat":"repeat","background-position":"center center","background-size":"auto","background-attachment":"scroll","background-type":"","background-media":"","overlay-type":"","overlay-color":"","overlay-opacity":"","overlay-gradient":""},"mobile":{"background-color":"var(--ast-global-color-5)","background-image":"","background-repeat":"repeat","background-position":"center center","background-size":"auto","background-attachment":"scroll","background-type":"","background-media":"","overlay-type":"","overlay-color":"","overlay-opacity":"","overlay-gradient":""}},"footnotes":""},"class_list":["post-3504","page","type-page","status-publish","hentry"],"translation":{"provider":"WPGlobus","version":"3.0.2","language":"en","enabled_languages":["de","en"],"languages":{"de":{"title":true,"content":true,"excerpt":false},"en":{"title":false,"content":false,"excerpt":false}}},"featured_image_urls_v2":{"full":"","thumbnail":"","medium":"","medium_large":"","large":"","1536x1536":"","2048x2048":""},"post_excerpt_stackable_v2":"<p>engl. Corporate Bond Die Unternehmensanleihe ist ein festverzinsliches Wertpapier, welches von einem Unternehmen emittiert wurde. Eine Unternehmensanleihe hat den Zweck der Unternehmensfinanzierung, weiterhin kann sie aus Sicht des Unternehmens dazu dienen, \u00dcbernahmen zu finanzieren oder Schulden umzustrukturieren. F\u00fcr das aufgenommene Fremdkapital muss das Unternehmen seinen Gl\u00e4ubigern einen Zinssatz bezahlen, der sich in erster Line, jedoch nicht ausschlie\u00dflich, nach der Bonit\u00e4t des Unternehmens richtet. Je schlechter die Bonit\u00e4t des Emittenten dabei ist, desto h\u00f6her wird auch der Credit Spread sein, also der Zinsaufschlag gegen\u00fcber einer beinahen risikofreien Anleihe mit bester Bonit\u00e4t. Unternehmensanleihen mit einem schlechten Rating bieten dementsprechend einen h\u00f6heren Kupon.&hellip;<\/p>\n","category_list_v2":"","author_info_v2":{"name":"PrudentWater","url":"https:\/\/prudentwater.com\/en\/author\/niklas33\/"},"comments_num_v2":"0 comments","_links":{"self":[{"href":"https:\/\/prudentwater.com\/en\/wp-json\/wp\/v2\/pages\/3504","targetHints":{"allow":["GET"]}}],"collection":[{"href":"https:\/\/prudentwater.com\/en\/wp-json\/wp\/v2\/pages"}],"about":[{"href":"https:\/\/prudentwater.com\/en\/wp-json\/wp\/v2\/types\/page"}],"author":[{"embeddable":true,"href":"https:\/\/prudentwater.com\/en\/wp-json\/wp\/v2\/users\/1"}],"replies":[{"embeddable":true,"href":"https:\/\/prudentwater.com\/en\/wp-json\/wp\/v2\/comments?post=3504"}],"version-history":[{"count":0,"href":"https:\/\/prudentwater.com\/en\/wp-json\/wp\/v2\/pages\/3504\/revisions"}],"wp:attachment":[{"href":"https:\/\/prudentwater.com\/en\/wp-json\/wp\/v2\/media?parent=3504"}],"curies":[{"name":"wp","href":"https:\/\/api.w.org\/{rel}","templated":true}]}}