{"id":3512,"date":"2015-04-13T20:53:47","date_gmt":"2015-04-13T20:53:47","guid":{"rendered":"http:\/\/www.kunnskap.de\/?page_id=3512"},"modified":"2021-06-25T12:50:08","modified_gmt":"2021-06-25T10:50:08","slug":"refinanzierung","status":"publish","type":"page","link":"https:\/\/prudentwater.com\/en\/refinanzierung\/","title":{"rendered":"Refinanzierung"},"content":{"rendered":"<p>engl. <strong>Refinancing<\/strong><\/p>\n<p>Vergeben Banken und Finanzinstitute Kredite an Kunden, so m\u00fcssen Sie zun\u00e4chst selbst das daf\u00fcr ben\u00f6tigte Geld herbeziehen. Um ausreichend Kredite vergeben zu k\u00f6nnen, besorgen sich Kreditinstitute selbst zuvor die notwendigen Geldmittel bei der jeweiligen Zentralbank oder durch die Emission von Anleihen. Dieser Vorgang wird Refinanzierung genannt. Dabei verdient das Kreditinstitut an dem Zins\u00fcberschuss, da es als Kreditgeber einen h\u00f6heren Zinssatz verlangt als es selbst an seine Gl\u00e4ubiger bezahlen muss.<\/p>\n","protected":false},"excerpt":{"rendered":"<p>engl. Refinancing Vergeben Banken und Finanzinstitute Kredite an Kunden, so m\u00fcssen Sie zun\u00e4chst selbst das daf\u00fcr ben\u00f6tigte Geld herbeziehen. Um ausreichend Kredite vergeben zu k\u00f6nnen, besorgen sich Kreditinstitute selbst zuvor die notwendigen Geldmittel bei der jeweiligen Zentralbank oder durch die Emission von Anleihen. Dieser Vorgang wird Refinanzierung genannt. Dabei verdient das Kreditinstitut an dem Zins\u00fcberschuss, [&hellip;]<\/p>\n","protected":false},"author":1,"featured_media":0,"parent":0,"menu_order":0,"comment_status":"closed","ping_status":"closed","template":"","meta":{"site-sidebar-layout":"default","site-content-layout":"","ast-site-content-layout":"","site-content-style":"default","site-sidebar-style":"default","ast-global-header-display":"","ast-banner-title-visibility":"","ast-main-header-display":"","ast-hfb-above-header-display":"","ast-hfb-below-header-display":"","ast-hfb-mobile-header-display":"","site-post-title":"","ast-breadcrumbs-content":"","ast-featured-img":"","footer-sml-layout":"","theme-transparent-header-meta":"","adv-header-id-meta":"","stick-header-meta":"","header-above-stick-meta":"","header-main-stick-meta":"","header-below-stick-meta":"","astra-migrate-meta-layouts":"default","ast-page-background-enabled":"default","ast-page-background-meta":{"desktop":{"background-color":"","background-image":"","background-repeat":"repeat","background-position":"center center","background-size":"auto","background-attachment":"scroll","background-type":"","background-media":"","overlay-type":"","overlay-color":"","overlay-opacity":"","overlay-gradient":""},"tablet":{"background-color":"","background-image":"","background-repeat":"repeat","background-position":"center center","background-size":"auto","background-attachment":"scroll","background-type":"","background-media":"","overlay-type":"","overlay-color":"","overlay-opacity":"","overlay-gradient":""},"mobile":{"background-color":"","background-image":"","background-repeat":"repeat","background-position":"center center","background-size":"auto","background-attachment":"scroll","background-type":"","background-media":"","overlay-type":"","overlay-color":"","overlay-opacity":"","overlay-gradient":""}},"ast-content-background-meta":{"desktop":{"background-color":"var(--ast-global-color-5)","background-image":"","background-repeat":"repeat","background-position":"center center","background-size":"auto","background-attachment":"scroll","background-type":"","background-media":"","overlay-type":"","overlay-color":"","overlay-opacity":"","overlay-gradient":""},"tablet":{"background-color":"var(--ast-global-color-5)","background-image":"","background-repeat":"repeat","background-position":"center center","background-size":"auto","background-attachment":"scroll","background-type":"","background-media":"","overlay-type":"","overlay-color":"","overlay-opacity":"","overlay-gradient":""},"mobile":{"background-color":"var(--ast-global-color-5)","background-image":"","background-repeat":"repeat","background-position":"center center","background-size":"auto","background-attachment":"scroll","background-type":"","background-media":"","overlay-type":"","overlay-color":"","overlay-opacity":"","overlay-gradient":""}},"footnotes":""},"class_list":["post-3512","page","type-page","status-publish","hentry"],"translation":{"provider":"WPGlobus","version":"3.0.2","language":"en","enabled_languages":["de","en"],"languages":{"de":{"title":true,"content":true,"excerpt":false},"en":{"title":false,"content":false,"excerpt":false}}},"featured_image_urls_v2":{"full":"","thumbnail":"","medium":"","medium_large":"","large":"","1536x1536":"","2048x2048":""},"post_excerpt_stackable_v2":"<p>engl. Refinancing Vergeben Banken und Finanzinstitute Kredite an Kunden, so m\u00fcssen Sie zun\u00e4chst selbst das daf\u00fcr ben\u00f6tigte Geld herbeziehen. Um ausreichend Kredite vergeben zu k\u00f6nnen, besorgen sich Kreditinstitute selbst zuvor die notwendigen Geldmittel bei der jeweiligen Zentralbank oder durch die Emission von Anleihen. Dieser Vorgang wird Refinanzierung genannt. Dabei verdient das Kreditinstitut an dem Zins\u00fcberschuss, da es als Kreditgeber einen h\u00f6heren Zinssatz verlangt als es selbst an seine Gl\u00e4ubiger bezahlen muss.<\/p>\n","category_list_v2":"","author_info_v2":{"name":"PrudentWater","url":"https:\/\/prudentwater.com\/en\/author\/niklas33\/"},"comments_num_v2":"0 comments","_links":{"self":[{"href":"https:\/\/prudentwater.com\/en\/wp-json\/wp\/v2\/pages\/3512","targetHints":{"allow":["GET"]}}],"collection":[{"href":"https:\/\/prudentwater.com\/en\/wp-json\/wp\/v2\/pages"}],"about":[{"href":"https:\/\/prudentwater.com\/en\/wp-json\/wp\/v2\/types\/page"}],"author":[{"embeddable":true,"href":"https:\/\/prudentwater.com\/en\/wp-json\/wp\/v2\/users\/1"}],"replies":[{"embeddable":true,"href":"https:\/\/prudentwater.com\/en\/wp-json\/wp\/v2\/comments?post=3512"}],"version-history":[{"count":0,"href":"https:\/\/prudentwater.com\/en\/wp-json\/wp\/v2\/pages\/3512\/revisions"}],"wp:attachment":[{"href":"https:\/\/prudentwater.com\/en\/wp-json\/wp\/v2\/media?parent=3512"}],"curies":[{"name":"wp","href":"https:\/\/api.w.org\/{rel}","templated":true}]}}