{"id":353,"date":"2014-08-21T11:32:43","date_gmt":"2014-08-21T11:32:43","guid":{"rendered":"http:\/\/www.kunnskap.de\/?page_id=353"},"modified":"2022-08-10T22:02:16","modified_gmt":"2022-08-10T20:02:16","slug":"stuckzinsen","status":"publish","type":"page","link":"https:\/\/prudentwater.com\/en\/stuckzinsen\/","title":{"rendered":"St\u00fcckzinsen"},"content":{"rendered":"<p>engl. <b>Accrued Interest<\/b><\/p>\n\n\n<div class=\"wp-block-stackable-notification is-style-plain stk-block-notification stk-block stk-b3a7798\" data-block-id=\"b3a7798\"><style>.stk-b3a7798{box-shadow:0px 2px 20px rgba(153,153,153,0.2) !important}.stk-b3a7798-container{border-radius:20px !important;overflow:hidden !important;box-shadow:0px 10px 60px rgba(0,0,0,0.1) !important}.stk-b3a7798 .stk-block-notification__content{padding-top:32px !important;padding-right:32px !important;padding-bottom:32px !important;padding-left:32px !important}<\/style><div class=\"stk-block-notification__content stk-content-align stk-b3a7798-column stk-container stk-b3a7798-container stk--no-background stk--no-padding\"><div class=\"stk-block-content stk-inner-blocks\">\n<div class=\"wp-block-stackable-heading stk-block-heading stk-block stk-40c06f9\" id=\"strong-zentrale-kernaussagen-strong\" data-block-id=\"40c06f9\"><style>.stk-40c06f9{margin-bottom:15px !important}.stk-40c06f9 .stk-block-heading__text{font-size:17px !important;margin:0 !important;color:#da8611 !important;font-weight:400 !important;letter-spacing:1px !important}@media screen and (max-width:1023px){.stk-40c06f9 .stk-block-heading__text{font-size:17px !important}}<\/style><h2 class=\"stk-block-heading__text has-text-color\"><b>ZENTRALE KERNAUSSAGEN<\/b><\/h2><\/div>\n\n\n\n<ul class=\"has-ast-global-color-8-color has-text-color wp-block-list\" style=\"font-size:16px;font-style:normal;font-weight:500;line-height:2\"><li>Bei den St\u00fcckzinsen handelt es sich um die aufgelaufenen aber noch nicht ausgesch\u00fctteten Zinsen zwischen zwei Zinsterminen.<\/li><li>Der K\u00e4ufer einer Anleihe muss die St\u00fcckzinsen zun\u00e4chst zus\u00e4tzlich bezahlen, beim n\u00e4chsten Zinstermin werden sie ihm aber im vollen Umfang gutgeschrieben.<\/li><\/ul>\n<\/div><\/div><\/div>\n\n\n<p>St\u00fcckzinsen sind jene Zinsen, die bei einer Anleihe seit der letzten Zinsauszahlung neu aufgelaufen sind aber bis dato noch nicht ausgesch\u00fcttet wurden. Kauft der Anleger eine Anleihe zwischen zwei Zinsterminen, so muss er die neu aufgelaufenen St\u00fcckzinsen an den Verk\u00e4ufer der Anleihe bezahlen, da er bei dem n\u00e4chsten Zinstermin den vollen Kupon erh\u00e4lt und somit auch die vor seinem Kauf aufgelaufenen St\u00fcckzinsen. Der Anleger kann aber nat\u00fcrlich nur die Zinsen f\u00fcr den Zeitraum beanspruchen, in dem er die Anleihe auch gehalten hat. St\u00fcckzinsen sind immer im Dirty Price einer Anleihe enthalten. Auf Finanzportalen und in der Orderanfrage beim Broker wird jedoch immer der Clean Price angezeigt, also der Preis ohne aufgelaufene St\u00fcckzinsen. Die St\u00fcckzinsen werden beim Kauf der Anleihe trotzdem automatisch aufgerechnet. Der K\u00e4ufer der Anleihe kann dies hinterher in der Abrechnung zum Wertpapierkauf einsehen.<\/p>\n<h3>Steuerliche Behandlung<\/h3>\n<p>Die steuerliche Behandlung von St\u00fcckzinsen hat sich zuletzt 2009 ge\u00e4ndert. F\u00fcr den K\u00e4ufer der Anleihe gelten St\u00fcckzinsen als negative Ertr\u00e4ge bzw. als Ver\u00e4u\u00dferungsverluste. Die St\u00fcckzinsen vermindern also seine positiven Kapitalertr\u00e4ge. Diese Verrechnung erfolgt durch den Broker \u00fcber den sogenannten Verlustverrechnungstopf. Die gezahlten St\u00fcckzinsen z\u00e4hlen also beim K\u00e4ufer der Anleihe nicht zu den Anschaffungskosten, mindern dann jedoch beim sp\u00e4teren Verkauf der Anleihe nicht mehr dessen steuerpflichtigen Verkaufserl\u00f6s. Denn f\u00fcr den Verk\u00e4ufer der Anleihe z\u00e4hlen die vom K\u00e4ufer gezahlten St\u00fcckzinsen zum Ver\u00e4u\u00dferungsgewinn. Wie f\u00fcr jeden Kursgewinn muss der Verk\u00e4ufer auf die St\u00fcckzinsen die Abgeltungssteuer leisten.<\/p>","protected":false},"excerpt":{"rendered":"<p>engl. Accrued Interest ZENTRALE KERNAUSSAGEN Bei den St\u00fcckzinsen handelt es sich um die aufgelaufenen aber noch nicht ausgesch\u00fctteten Zinsen zwischen zwei Zinsterminen. Der K\u00e4ufer einer Anleihe muss die St\u00fcckzinsen zun\u00e4chst zus\u00e4tzlich bezahlen, beim n\u00e4chsten Zinstermin werden sie ihm aber im vollen Umfang gutgeschrieben. St\u00fcckzinsen sind jene Zinsen, die bei einer Anleihe seit der letzten Zinsauszahlung [&hellip;]<\/p>\n","protected":false},"author":1,"featured_media":0,"parent":0,"menu_order":0,"comment_status":"closed","ping_status":"closed","template":"","meta":{"site-sidebar-layout":"default","site-content-layout":"","ast-site-content-layout":"","site-content-style":"default","site-sidebar-style":"default","ast-global-header-display":"","ast-banner-title-visibility":"","ast-main-header-display":"","ast-hfb-above-header-display":"","ast-hfb-below-header-display":"","ast-hfb-mobile-header-display":"","site-post-title":"","ast-breadcrumbs-content":"","ast-featured-img":"","footer-sml-layout":"","theme-transparent-header-meta":"","adv-header-id-meta":"","stick-header-meta":"","header-above-stick-meta":"","header-main-stick-meta":"","header-below-stick-meta":"","astra-migrate-meta-layouts":"default","ast-page-background-enabled":"default","ast-page-background-meta":{"desktop":{"background-color":"","background-image":"","background-repeat":"repeat","background-position":"center center","background-size":"auto","background-attachment":"scroll","background-type":"","background-media":"","overlay-type":"","overlay-color":"","overlay-opacity":"","overlay-gradient":""},"tablet":{"background-color":"","background-image":"","background-repeat":"repeat","background-position":"center center","background-size":"auto","background-attachment":"scroll","background-type":"","background-media":"","overlay-type":"","overlay-color":"","overlay-opacity":"","overlay-gradient":""},"mobile":{"background-color":"","background-image":"","background-repeat":"repeat","background-position":"center center","background-size":"auto","background-attachment":"scroll","background-type":"","background-media":"","overlay-type":"","overlay-color":"","overlay-opacity":"","overlay-gradient":""}},"ast-content-background-meta":{"desktop":{"background-color":"var(--ast-global-color-5)","background-image":"","background-repeat":"repeat","background-position":"center center","background-size":"auto","background-attachment":"scroll","background-type":"","background-media":"","overlay-type":"","overlay-color":"","overlay-opacity":"","overlay-gradient":""},"tablet":{"background-color":"var(--ast-global-color-5)","background-image":"","background-repeat":"repeat","background-position":"center center","background-size":"auto","background-attachment":"scroll","background-type":"","background-media":"","overlay-type":"","overlay-color":"","overlay-opacity":"","overlay-gradient":""},"mobile":{"background-color":"var(--ast-global-color-5)","background-image":"","background-repeat":"repeat","background-position":"center center","background-size":"auto","background-attachment":"scroll","background-type":"","background-media":"","overlay-type":"","overlay-color":"","overlay-opacity":"","overlay-gradient":""}},"footnotes":""},"class_list":["post-353","page","type-page","status-publish","hentry"],"translation":{"provider":"WPGlobus","version":"3.0.2","language":"en","enabled_languages":["de","en"],"languages":{"de":{"title":true,"content":true,"excerpt":false},"en":{"title":false,"content":false,"excerpt":false}}},"featured_image_urls_v2":{"full":"","thumbnail":"","medium":"","medium_large":"","large":"","1536x1536":"","2048x2048":""},"post_excerpt_stackable_v2":"<p>engl. Accrued Interest ZENTRALE KERNAUSSAGEN Bei den St\u00fcckzinsen handelt es sich um die aufgelaufenen aber noch nicht ausgesch\u00fctteten Zinsen zwischen zwei Zinsterminen.Der K\u00e4ufer einer Anleihe muss die St\u00fcckzinsen zun\u00e4chst zus\u00e4tzlich bezahlen, beim n\u00e4chsten Zinstermin werden sie ihm aber im vollen Umfang gutgeschrieben. St\u00fcckzinsen sind jene Zinsen, die bei einer Anleihe seit der letzten Zinsauszahlung neu aufgelaufen sind aber bis dato noch nicht ausgesch\u00fcttet wurden. Kauft der Anleger eine Anleihe zwischen zwei Zinsterminen, so muss er die neu aufgelaufenen St\u00fcckzinsen an den Verk\u00e4ufer der Anleihe bezahlen, da er bei dem n\u00e4chsten Zinstermin den vollen Kupon erh\u00e4lt und somit auch die vor&hellip;<\/p>\n","category_list_v2":"","author_info_v2":{"name":"PrudentWater","url":"https:\/\/prudentwater.com\/en\/author\/niklas33\/"},"comments_num_v2":"0 comments","_links":{"self":[{"href":"https:\/\/prudentwater.com\/en\/wp-json\/wp\/v2\/pages\/353","targetHints":{"allow":["GET"]}}],"collection":[{"href":"https:\/\/prudentwater.com\/en\/wp-json\/wp\/v2\/pages"}],"about":[{"href":"https:\/\/prudentwater.com\/en\/wp-json\/wp\/v2\/types\/page"}],"author":[{"embeddable":true,"href":"https:\/\/prudentwater.com\/en\/wp-json\/wp\/v2\/users\/1"}],"replies":[{"embeddable":true,"href":"https:\/\/prudentwater.com\/en\/wp-json\/wp\/v2\/comments?post=353"}],"version-history":[{"count":0,"href":"https:\/\/prudentwater.com\/en\/wp-json\/wp\/v2\/pages\/353\/revisions"}],"wp:attachment":[{"href":"https:\/\/prudentwater.com\/en\/wp-json\/wp\/v2\/media?parent=353"}],"curies":[{"name":"wp","href":"https:\/\/api.w.org\/{rel}","templated":true}]}}