{"id":3599,"date":"2015-04-22T18:07:52","date_gmt":"2015-04-22T18:07:52","guid":{"rendered":"http:\/\/www.kunnskap.de\/?page_id=3599"},"modified":"2021-06-25T12:49:02","modified_gmt":"2021-06-25T10:49:02","slug":"geldmarktpapier","status":"publish","type":"page","link":"https:\/\/prudentwater.com\/en\/geldmarktpapier\/","title":{"rendered":"Geldmarktpapier"},"content":{"rendered":"<p>engl. <strong>Money Market Instrument<\/strong><\/p>\n<p>Ein Geldmarktpapier ist ein Schuldtitel mit einer Laufzeit von bis zu einem Jahr, welches auf dem Geldmarkt gehandelt wird. Bei den Schuldtiteln handelt es sich oftmals um nicht b\u00f6rsennotierte, \u00f6ffentliche Schuldverschreibungen, die zur Staatsfinanzierung von der \u00f6ffentlichen Hand herausgegeben werden. Ebenso kann die jeweilige Zentralbank eines Landes \/ einer W\u00e4hrungsunion Geldmarktpapiere in Form von Schuldverschreibungen herausgeben.<br \/>\nEin Commercial Paper, ein Certificate of Deposit oder auch U-Sch\u00e4tze sind Geldmarktpapiere. All diese Arten werden in der Regel abgezinst (Diskontpapier) herausgegeben und zeichnen sich durch ihre in der Regel sehr hohen Bonit\u00e4t aus. Der Privatanleger kann in Geldmarktpapiere \u00fcber Geldmarktfonds investieren. <\/p>\n","protected":false},"excerpt":{"rendered":"<p>engl. Money Market Instrument Ein Geldmarktpapier ist ein Schuldtitel mit einer Laufzeit von bis zu einem Jahr, welches auf dem Geldmarkt gehandelt wird. Bei den Schuldtiteln handelt es sich oftmals um nicht b\u00f6rsennotierte, \u00f6ffentliche Schuldverschreibungen, die zur Staatsfinanzierung von der \u00f6ffentlichen Hand herausgegeben werden. Ebenso kann die jeweilige Zentralbank eines Landes \/ einer W\u00e4hrungsunion Geldmarktpapiere [&hellip;]<\/p>\n","protected":false},"author":1,"featured_media":0,"parent":0,"menu_order":0,"comment_status":"closed","ping_status":"closed","template":"","meta":{"site-sidebar-layout":"default","site-content-layout":"","ast-site-content-layout":"","site-content-style":"default","site-sidebar-style":"default","ast-global-header-display":"","ast-banner-title-visibility":"","ast-main-header-display":"","ast-hfb-above-header-display":"","ast-hfb-below-header-display":"","ast-hfb-mobile-header-display":"","site-post-title":"","ast-breadcrumbs-content":"","ast-featured-img":"","footer-sml-layout":"","theme-transparent-header-meta":"","adv-header-id-meta":"","stick-header-meta":"","header-above-stick-meta":"","header-main-stick-meta":"","header-below-stick-meta":"","astra-migrate-meta-layouts":"default","ast-page-background-enabled":"default","ast-page-background-meta":{"desktop":{"background-color":"","background-image":"","background-repeat":"repeat","background-position":"center center","background-size":"auto","background-attachment":"scroll","background-type":"","background-media":"","overlay-type":"","overlay-color":"","overlay-opacity":"","overlay-gradient":""},"tablet":{"background-color":"","background-image":"","background-repeat":"repeat","background-position":"center center","background-size":"auto","background-attachment":"scroll","background-type":"","background-media":"","overlay-type":"","overlay-color":"","overlay-opacity":"","overlay-gradient":""},"mobile":{"background-color":"","background-image":"","background-repeat":"repeat","background-position":"center center","background-size":"auto","background-attachment":"scroll","background-type":"","background-media":"","overlay-type":"","overlay-color":"","overlay-opacity":"","overlay-gradient":""}},"ast-content-background-meta":{"desktop":{"background-color":"var(--ast-global-color-5)","background-image":"","background-repeat":"repeat","background-position":"center center","background-size":"auto","background-attachment":"scroll","background-type":"","background-media":"","overlay-type":"","overlay-color":"","overlay-opacity":"","overlay-gradient":""},"tablet":{"background-color":"var(--ast-global-color-5)","background-image":"","background-repeat":"repeat","background-position":"center center","background-size":"auto","background-attachment":"scroll","background-type":"","background-media":"","overlay-type":"","overlay-color":"","overlay-opacity":"","overlay-gradient":""},"mobile":{"background-color":"var(--ast-global-color-5)","background-image":"","background-repeat":"repeat","background-position":"center center","background-size":"auto","background-attachment":"scroll","background-type":"","background-media":"","overlay-type":"","overlay-color":"","overlay-opacity":"","overlay-gradient":""}},"footnotes":""},"class_list":["post-3599","page","type-page","status-publish","hentry"],"translation":{"provider":"WPGlobus","version":"3.0.2","language":"en","enabled_languages":["de","en"],"languages":{"de":{"title":true,"content":true,"excerpt":false},"en":{"title":false,"content":false,"excerpt":false}}},"featured_image_urls_v2":{"full":"","thumbnail":"","medium":"","medium_large":"","large":"","1536x1536":"","2048x2048":""},"post_excerpt_stackable_v2":"<p>engl. Money Market Instrument Ein Geldmarktpapier ist ein Schuldtitel mit einer Laufzeit von bis zu einem Jahr, welches auf dem Geldmarkt gehandelt wird. Bei den Schuldtiteln handelt es sich oftmals um nicht b\u00f6rsennotierte, \u00f6ffentliche Schuldverschreibungen, die zur Staatsfinanzierung von der \u00f6ffentlichen Hand herausgegeben werden. Ebenso kann die jeweilige Zentralbank eines Landes \/ einer W\u00e4hrungsunion Geldmarktpapiere in Form von Schuldverschreibungen herausgeben. Ein Commercial Paper, ein Certificate of Deposit oder auch U-Sch\u00e4tze sind Geldmarktpapiere. All diese Arten werden in der Regel abgezinst (Diskontpapier) herausgegeben und zeichnen sich durch ihre in der Regel sehr hohen Bonit\u00e4t aus. Der Privatanleger kann in Geldmarktpapiere \u00fcber&hellip;<\/p>\n","category_list_v2":"","author_info_v2":{"name":"PrudentWater","url":"https:\/\/prudentwater.com\/en\/author\/niklas33\/"},"comments_num_v2":"0 comments","_links":{"self":[{"href":"https:\/\/prudentwater.com\/en\/wp-json\/wp\/v2\/pages\/3599","targetHints":{"allow":["GET"]}}],"collection":[{"href":"https:\/\/prudentwater.com\/en\/wp-json\/wp\/v2\/pages"}],"about":[{"href":"https:\/\/prudentwater.com\/en\/wp-json\/wp\/v2\/types\/page"}],"author":[{"embeddable":true,"href":"https:\/\/prudentwater.com\/en\/wp-json\/wp\/v2\/users\/1"}],"replies":[{"embeddable":true,"href":"https:\/\/prudentwater.com\/en\/wp-json\/wp\/v2\/comments?post=3599"}],"version-history":[{"count":0,"href":"https:\/\/prudentwater.com\/en\/wp-json\/wp\/v2\/pages\/3599\/revisions"}],"wp:attachment":[{"href":"https:\/\/prudentwater.com\/en\/wp-json\/wp\/v2\/media?parent=3599"}],"curies":[{"name":"wp","href":"https:\/\/api.w.org\/{rel}","templated":true}]}}