{"id":3640,"date":"2015-04-24T10:40:20","date_gmt":"2015-04-24T10:40:20","guid":{"rendered":"http:\/\/www.kunnskap.de\/?page_id=3640"},"modified":"2023-01-19T15:48:08","modified_gmt":"2023-01-19T14:48:08","slug":"abgeltungssteuer","status":"publish","type":"page","link":"https:\/\/prudentwater.com\/en\/abgeltungssteuer\/","title":{"rendered":"Abgeltungssteuer"},"content":{"rendered":"<p>Die Abgeltungssteuer ist eine gesetzlich festgelegte Steuer, die auf Kapitalertr\u00e4ge erhoben wird. Sie betr\u00e4gt aktuell 25 Prozent und gilt in Deutschland seit dem 1. Januar 2009. Die Abgeltungssteuer ist eine Quellensteuer. Dies bedeutet, dass sie direkt von der depotf\u00fchrenden Bank an das Finanzamt abgef\u00fchrt wird. Der Anleger kann dies nicht verhindern oder umgehen. Sie f\u00e4llt jedoch nur auf einen tats\u00e4chlich realisierten Kursgewinn an und nicht auf einen Buchgewinn. Die Abgeltungssteuer f\u00e4llt jedoch auf jegliche Art von erzielten Gewinnen an, also auf Kursgewinne bei Wertpapieren wie Aktien oder Anleihen, Dividendenzahlungen oder auch auf Zinsertr\u00e4ge. Jede Privatperson in Deutschland hat jedoch einen Freibetrag auf Kapitalertr\u00e4ge in H\u00f6he von 1.000 Euro. Dies bedeutet, dass Kapitalgewinne erst oberhalb von 1.000 Euro pro Person und pro Jahr mit der Abgeltungssteuer besteuert werden. Kapitalgewinne bis 1.000 Euro sind somit f\u00fcr deutsche Bundesb\u00fcrger steuerfrei. Zudem gilt, dass Aktien oder andere Wertpapiere, die vor dem 1. Januar 2009 gekauft wurden, nicht der Abgeltungssteuer unterliegen. Diese k\u00f6nnen heute noch steuerfrei verkauft werden.<\/p>\n","protected":false},"excerpt":{"rendered":"<p>Die Abgeltungssteuer ist eine gesetzlich festgelegte Steuer, die auf Kapitalertr\u00e4ge erhoben wird. Sie betr\u00e4gt aktuell 25 Prozent und gilt in Deutschland seit dem 1. Januar 2009. Die Abgeltungssteuer ist eine Quellensteuer. Dies bedeutet, dass sie direkt von der depotf\u00fchrenden Bank an das Finanzamt abgef\u00fchrt wird. Der Anleger kann dies nicht verhindern oder umgehen. Sie f\u00e4llt [&hellip;]<\/p>\n","protected":false},"author":1,"featured_media":0,"parent":0,"menu_order":0,"comment_status":"closed","ping_status":"closed","template":"","meta":{"site-sidebar-layout":"default","site-content-layout":"","ast-site-content-layout":"","site-content-style":"default","site-sidebar-style":"default","ast-global-header-display":"","ast-banner-title-visibility":"","ast-main-header-display":"","ast-hfb-above-header-display":"","ast-hfb-below-header-display":"","ast-hfb-mobile-header-display":"","site-post-title":"","ast-breadcrumbs-content":"","ast-featured-img":"","footer-sml-layout":"","theme-transparent-header-meta":"","adv-header-id-meta":"","stick-header-meta":"","header-above-stick-meta":"","header-main-stick-meta":"","header-below-stick-meta":"","astra-migrate-meta-layouts":"default","ast-page-background-enabled":"default","ast-page-background-meta":{"desktop":{"background-color":"","background-image":"","background-repeat":"repeat","background-position":"center center","background-size":"auto","background-attachment":"scroll","background-type":"","background-media":"","overlay-type":"","overlay-color":"","overlay-opacity":"","overlay-gradient":""},"tablet":{"background-color":"","background-image":"","background-repeat":"repeat","background-position":"center center","background-size":"auto","background-attachment":"scroll","background-type":"","background-media":"","overlay-type":"","overlay-color":"","overlay-opacity":"","overlay-gradient":""},"mobile":{"background-color":"","background-image":"","background-repeat":"repeat","background-position":"center center","background-size":"auto","background-attachment":"scroll","background-type":"","background-media":"","overlay-type":"","overlay-color":"","overlay-opacity":"","overlay-gradient":""}},"ast-content-background-meta":{"desktop":{"background-color":"var(--ast-global-color-5)","background-image":"","background-repeat":"repeat","background-position":"center center","background-size":"auto","background-attachment":"scroll","background-type":"","background-media":"","overlay-type":"","overlay-color":"","overlay-opacity":"","overlay-gradient":""},"tablet":{"background-color":"var(--ast-global-color-5)","background-image":"","background-repeat":"repeat","background-position":"center center","background-size":"auto","background-attachment":"scroll","background-type":"","background-media":"","overlay-type":"","overlay-color":"","overlay-opacity":"","overlay-gradient":""},"mobile":{"background-color":"var(--ast-global-color-5)","background-image":"","background-repeat":"repeat","background-position":"center center","background-size":"auto","background-attachment":"scroll","background-type":"","background-media":"","overlay-type":"","overlay-color":"","overlay-opacity":"","overlay-gradient":""}},"footnotes":""},"class_list":["post-3640","page","type-page","status-publish","hentry"],"translation":{"provider":"WPGlobus","version":"3.0.2","language":"en","enabled_languages":["de","en"],"languages":{"de":{"title":true,"content":true,"excerpt":false},"en":{"title":false,"content":false,"excerpt":false}}},"featured_image_urls_v2":{"full":"","thumbnail":"","medium":"","medium_large":"","large":"","1536x1536":"","2048x2048":""},"post_excerpt_stackable_v2":"<p>Die Abgeltungssteuer ist eine gesetzlich festgelegte Steuer, die auf Kapitalertr\u00e4ge erhoben wird. Sie betr\u00e4gt aktuell 25 Prozent und gilt in Deutschland seit dem 1. Januar 2009. Die Abgeltungssteuer ist eine Quellensteuer. Dies bedeutet, dass sie direkt von der depotf\u00fchrenden Bank an das Finanzamt abgef\u00fchrt wird. Der Anleger kann dies nicht verhindern oder umgehen. Sie f\u00e4llt jedoch nur auf einen tats\u00e4chlich realisierten Kursgewinn an und nicht auf einen Buchgewinn. Die Abgeltungssteuer f\u00e4llt jedoch auf jegliche Art von erzielten Gewinnen an, also auf Kursgewinne bei Wertpapieren wie Aktien oder Anleihen, Dividendenzahlungen oder auch auf Zinsertr\u00e4ge. Jede Privatperson in Deutschland hat jedoch einen&hellip;<\/p>\n","category_list_v2":"","author_info_v2":{"name":"PrudentWater","url":"https:\/\/prudentwater.com\/en\/author\/niklas33\/"},"comments_num_v2":"0 comments","_links":{"self":[{"href":"https:\/\/prudentwater.com\/en\/wp-json\/wp\/v2\/pages\/3640","targetHints":{"allow":["GET"]}}],"collection":[{"href":"https:\/\/prudentwater.com\/en\/wp-json\/wp\/v2\/pages"}],"about":[{"href":"https:\/\/prudentwater.com\/en\/wp-json\/wp\/v2\/types\/page"}],"author":[{"embeddable":true,"href":"https:\/\/prudentwater.com\/en\/wp-json\/wp\/v2\/users\/1"}],"replies":[{"embeddable":true,"href":"https:\/\/prudentwater.com\/en\/wp-json\/wp\/v2\/comments?post=3640"}],"version-history":[{"count":0,"href":"https:\/\/prudentwater.com\/en\/wp-json\/wp\/v2\/pages\/3640\/revisions"}],"wp:attachment":[{"href":"https:\/\/prudentwater.com\/en\/wp-json\/wp\/v2\/media?parent=3640"}],"curies":[{"name":"wp","href":"https:\/\/api.w.org\/{rel}","templated":true}]}}