{"id":3642,"date":"2015-04-24T10:59:11","date_gmt":"2015-04-24T10:59:11","guid":{"rendered":"http:\/\/www.kunnskap.de\/?page_id=3642"},"modified":"2021-06-25T12:50:11","modified_gmt":"2021-06-25T10:50:11","slug":"solidaritatszuschlag","status":"publish","type":"page","link":"https:\/\/prudentwater.com\/en\/solidaritatszuschlag\/","title":{"rendered":"Solidarit\u00e4tszuschlag"},"content":{"rendered":"<p>Auch <strong>Soli<\/strong><\/p>\n<p>Der Solidarit\u00e4tszuschlag ist eine Aufschlagssteuer auf die Einkommensteuer, die Abgeltungssteuer und die K\u00f6rperschaftsteuer in Deutschland. Sie wurde 1991 eingef\u00fchrt, um die Kosten der Wiedervereinigung zu finanzieren. Seit dem 01.01.2021 wurde der Solidarit\u00e4tszuschlag jedoch f\u00fcr die meisten Menschen komplett oder teilweise abgeschafft. Rund 90 Prozent aller Einkommenssteuerpflichtigen m\u00fcssen somit seit Januar 2021 die eingef\u00fchrte Zusatzabgabe nicht mehr zahlen. F\u00fcr weitere rund 6,5 Prozent der Zahler gilt, dass der Solidarit\u00e4tszuschlag in Stufen von bislang 5,5 Prozent auf 3,5 Prozent gesenkt wurde. F\u00fcr diejenigen, die weiterhin den Solidarit\u00e4tszuschlag zahlen m\u00fcssen, gilt, dass der Soli auf die Abgeltungssteuer anf\u00e4llt und nicht auf den gesamten Gewinn, welcher an der B\u00f6rse erzielt wurde. Der Soli muss f\u00fcr die verbleibenden B\u00fcrger auf Kapitalgewinne jeglicher Art bezahlt werden &#8211; also auf Ver\u00e4u\u00dferungsgewinne, Dividenden und Zinsen. Somit besteht auch nach 2021 weiterhin, dass der Solidarit\u00e4tszuschlag auf Kapitalertr\u00e4ge gezahlt werden muss.<\/p>\n","protected":false},"excerpt":{"rendered":"<p>Auch Soli Der Solidarit\u00e4tszuschlag ist eine Aufschlagssteuer auf die Einkommensteuer, die Abgeltungssteuer und die K\u00f6rperschaftsteuer in Deutschland. Sie wurde 1991 eingef\u00fchrt, um die Kosten der Wiedervereinigung zu finanzieren. Seit dem 01.01.2021 wurde der Solidarit\u00e4tszuschlag jedoch f\u00fcr die meisten Menschen komplett oder teilweise abgeschafft. Rund 90 Prozent aller Einkommenssteuerpflichtigen m\u00fcssen somit seit Januar 2021 die eingef\u00fchrte [&hellip;]<\/p>\n","protected":false},"author":1,"featured_media":0,"parent":0,"menu_order":0,"comment_status":"closed","ping_status":"closed","template":"","meta":{"site-sidebar-layout":"default","site-content-layout":"","ast-site-content-layout":"","site-content-style":"default","site-sidebar-style":"default","ast-global-header-display":"","ast-banner-title-visibility":"","ast-main-header-display":"","ast-hfb-above-header-display":"","ast-hfb-below-header-display":"","ast-hfb-mobile-header-display":"","site-post-title":"","ast-breadcrumbs-content":"","ast-featured-img":"","footer-sml-layout":"","theme-transparent-header-meta":"","adv-header-id-meta":"","stick-header-meta":"","header-above-stick-meta":"","header-main-stick-meta":"","header-below-stick-meta":"","astra-migrate-meta-layouts":"default","ast-page-background-enabled":"default","ast-page-background-meta":{"desktop":{"background-color":"","background-image":"","background-repeat":"repeat","background-position":"center center","background-size":"auto","background-attachment":"scroll","background-type":"","background-media":"","overlay-type":"","overlay-color":"","overlay-opacity":"","overlay-gradient":""},"tablet":{"background-color":"","background-image":"","background-repeat":"repeat","background-position":"center center","background-size":"auto","background-attachment":"scroll","background-type":"","background-media":"","overlay-type":"","overlay-color":"","overlay-opacity":"","overlay-gradient":""},"mobile":{"background-color":"","background-image":"","background-repeat":"repeat","background-position":"center center","background-size":"auto","background-attachment":"scroll","background-type":"","background-media":"","overlay-type":"","overlay-color":"","overlay-opacity":"","overlay-gradient":""}},"ast-content-background-meta":{"desktop":{"background-color":"var(--ast-global-color-5)","background-image":"","background-repeat":"repeat","background-position":"center center","background-size":"auto","background-attachment":"scroll","background-type":"","background-media":"","overlay-type":"","overlay-color":"","overlay-opacity":"","overlay-gradient":""},"tablet":{"background-color":"var(--ast-global-color-5)","background-image":"","background-repeat":"repeat","background-position":"center center","background-size":"auto","background-attachment":"scroll","background-type":"","background-media":"","overlay-type":"","overlay-color":"","overlay-opacity":"","overlay-gradient":""},"mobile":{"background-color":"var(--ast-global-color-5)","background-image":"","background-repeat":"repeat","background-position":"center center","background-size":"auto","background-attachment":"scroll","background-type":"","background-media":"","overlay-type":"","overlay-color":"","overlay-opacity":"","overlay-gradient":""}},"footnotes":""},"class_list":["post-3642","page","type-page","status-publish","hentry"],"translation":{"provider":"WPGlobus","version":"3.0.2","language":"en","enabled_languages":["de","en"],"languages":{"de":{"title":true,"content":true,"excerpt":false},"en":{"title":false,"content":false,"excerpt":false}}},"featured_image_urls_v2":{"full":"","thumbnail":"","medium":"","medium_large":"","large":"","1536x1536":"","2048x2048":""},"post_excerpt_stackable_v2":"<p>Auch Soli Der Solidarit\u00e4tszuschlag ist eine Aufschlagssteuer auf die Einkommensteuer, die Abgeltungssteuer und die K\u00f6rperschaftsteuer in Deutschland. Sie wurde 1991 eingef\u00fchrt, um die Kosten der Wiedervereinigung zu finanzieren. Seit dem 01.01.2021 wurde der Solidarit\u00e4tszuschlag jedoch f\u00fcr die meisten Menschen komplett oder teilweise abgeschafft. Rund 90 Prozent aller Einkommenssteuerpflichtigen m\u00fcssen somit seit Januar 2021 die eingef\u00fchrte Zusatzabgabe nicht mehr zahlen. F\u00fcr weitere rund 6,5 Prozent der Zahler gilt, dass der Solidarit\u00e4tszuschlag in Stufen von bislang 5,5 Prozent auf 3,5 Prozent gesenkt wurde. F\u00fcr diejenigen, die weiterhin den Solidarit\u00e4tszuschlag zahlen m\u00fcssen, gilt, dass der Soli auf die Abgeltungssteuer anf\u00e4llt und nicht auf&hellip;<\/p>\n","category_list_v2":"","author_info_v2":{"name":"PrudentWater","url":"https:\/\/prudentwater.com\/en\/author\/niklas33\/"},"comments_num_v2":"0 comments","_links":{"self":[{"href":"https:\/\/prudentwater.com\/en\/wp-json\/wp\/v2\/pages\/3642","targetHints":{"allow":["GET"]}}],"collection":[{"href":"https:\/\/prudentwater.com\/en\/wp-json\/wp\/v2\/pages"}],"about":[{"href":"https:\/\/prudentwater.com\/en\/wp-json\/wp\/v2\/types\/page"}],"author":[{"embeddable":true,"href":"https:\/\/prudentwater.com\/en\/wp-json\/wp\/v2\/users\/1"}],"replies":[{"embeddable":true,"href":"https:\/\/prudentwater.com\/en\/wp-json\/wp\/v2\/comments?post=3642"}],"version-history":[{"count":0,"href":"https:\/\/prudentwater.com\/en\/wp-json\/wp\/v2\/pages\/3642\/revisions"}],"wp:attachment":[{"href":"https:\/\/prudentwater.com\/en\/wp-json\/wp\/v2\/media?parent=3642"}],"curies":[{"name":"wp","href":"https:\/\/api.w.org\/{rel}","templated":true}]}}