{"id":3669,"date":"2015-04-27T07:13:25","date_gmt":"2015-04-27T07:13:25","guid":{"rendered":"http:\/\/www.kunnskap.de\/?page_id=3669"},"modified":"2021-06-25T12:48:23","modified_gmt":"2021-06-25T10:48:23","slug":"commercial-paper","status":"publish","type":"page","link":"https:\/\/prudentwater.com\/en\/commercial-paper\/","title":{"rendered":"Commercial Paper"},"content":{"rendered":"<p>Auch <strong>CP<\/strong><\/p>\n<p>Ein Commercial Paper ist ein unbesichertes und kurzfristiges Geldmarktpapier. Sie dienen Unternehmen dazu, sich kurzfristig Geld zu beschaffen und haben eine Laufzeit von wenigen Tagen bis zu einem Jahr. Ausgegeben werden Commercial Papers von Unternehmen mit einem guten bis sehr guten Rating, also Unternehmen mit einer hohen Bonit\u00e4t. K\u00e4ufer von Commercial Papers hingegen sind oftmals Geldmarktfonds.<br \/>\nBei einem Commercial Paper handelt sich in den meisten F\u00e4llen um ein Diskontpapier. Dies bedeutet, dass es abgezinst begeben wird und zum Nominalwert zur\u00fcckgezahlt wird. Der Zinsertrag f\u00fcr den Gl\u00e4ubiger entsteht so durch die Differenz zwischen Ausgabepreis und R\u00fccknahmepreis. CPs dienen in erster Linie dazu, den kurzfristigen Finanzierungsbedarf des Unternehmens zu decken. Generell ist der Commercial Paper-Market ein nicht lokalisierbarer Marktplatz und eine wichtige Finanzierungsquelle f\u00fcr gro\u00dfe Unternehmen, um kurzfristig Geld aufzunehmen, falls eben kurzfristige Liquidit\u00e4tsengp\u00e4sse aufkommen sollten und um Geh\u00e4lter, Vorr\u00e4te und andere kurzfristige Verbindlichkeiten fristgerecht zu finanzieren.<\/p>\n","protected":false},"excerpt":{"rendered":"<p>Auch CP Ein Commercial Paper ist ein unbesichertes und kurzfristiges Geldmarktpapier. Sie dienen Unternehmen dazu, sich kurzfristig Geld zu beschaffen und haben eine Laufzeit von wenigen Tagen bis zu einem Jahr. Ausgegeben werden Commercial Papers von Unternehmen mit einem guten bis sehr guten Rating, also Unternehmen mit einer hohen Bonit\u00e4t. K\u00e4ufer von Commercial Papers hingegen [&hellip;]<\/p>\n","protected":false},"author":1,"featured_media":0,"parent":0,"menu_order":0,"comment_status":"closed","ping_status":"closed","template":"","meta":{"site-sidebar-layout":"default","site-content-layout":"","ast-site-content-layout":"","site-content-style":"default","site-sidebar-style":"default","ast-global-header-display":"","ast-banner-title-visibility":"","ast-main-header-display":"","ast-hfb-above-header-display":"","ast-hfb-below-header-display":"","ast-hfb-mobile-header-display":"","site-post-title":"","ast-breadcrumbs-content":"","ast-featured-img":"","footer-sml-layout":"","theme-transparent-header-meta":"","adv-header-id-meta":"","stick-header-meta":"","header-above-stick-meta":"","header-main-stick-meta":"","header-below-stick-meta":"","astra-migrate-meta-layouts":"default","ast-page-background-enabled":"default","ast-page-background-meta":{"desktop":{"background-color":"","background-image":"","background-repeat":"repeat","background-position":"center center","background-size":"auto","background-attachment":"scroll","background-type":"","background-media":"","overlay-type":"","overlay-color":"","overlay-opacity":"","overlay-gradient":""},"tablet":{"background-color":"","background-image":"","background-repeat":"repeat","background-position":"center center","background-size":"auto","background-attachment":"scroll","background-type":"","background-media":"","overlay-type":"","overlay-color":"","overlay-opacity":"","overlay-gradient":""},"mobile":{"background-color":"","background-image":"","background-repeat":"repeat","background-position":"center center","background-size":"auto","background-attachment":"scroll","background-type":"","background-media":"","overlay-type":"","overlay-color":"","overlay-opacity":"","overlay-gradient":""}},"ast-content-background-meta":{"desktop":{"background-color":"var(--ast-global-color-5)","background-image":"","background-repeat":"repeat","background-position":"center center","background-size":"auto","background-attachment":"scroll","background-type":"","background-media":"","overlay-type":"","overlay-color":"","overlay-opacity":"","overlay-gradient":""},"tablet":{"background-color":"var(--ast-global-color-5)","background-image":"","background-repeat":"repeat","background-position":"center center","background-size":"auto","background-attachment":"scroll","background-type":"","background-media":"","overlay-type":"","overlay-color":"","overlay-opacity":"","overlay-gradient":""},"mobile":{"background-color":"var(--ast-global-color-5)","background-image":"","background-repeat":"repeat","background-position":"center center","background-size":"auto","background-attachment":"scroll","background-type":"","background-media":"","overlay-type":"","overlay-color":"","overlay-opacity":"","overlay-gradient":""}},"footnotes":""},"class_list":["post-3669","page","type-page","status-publish","hentry"],"translation":{"provider":"WPGlobus","version":"3.0.2","language":"en","enabled_languages":["de","en"],"languages":{"de":{"title":true,"content":true,"excerpt":false},"en":{"title":false,"content":false,"excerpt":false}}},"featured_image_urls_v2":{"full":"","thumbnail":"","medium":"","medium_large":"","large":"","1536x1536":"","2048x2048":""},"post_excerpt_stackable_v2":"<p>Auch CP Ein Commercial Paper ist ein unbesichertes und kurzfristiges Geldmarktpapier. Sie dienen Unternehmen dazu, sich kurzfristig Geld zu beschaffen und haben eine Laufzeit von wenigen Tagen bis zu einem Jahr. Ausgegeben werden Commercial Papers von Unternehmen mit einem guten bis sehr guten Rating, also Unternehmen mit einer hohen Bonit\u00e4t. K\u00e4ufer von Commercial Papers hingegen sind oftmals Geldmarktfonds. Bei einem Commercial Paper handelt sich in den meisten F\u00e4llen um ein Diskontpapier. Dies bedeutet, dass es abgezinst begeben wird und zum Nominalwert zur\u00fcckgezahlt wird. Der Zinsertrag f\u00fcr den Gl\u00e4ubiger entsteht so durch die Differenz zwischen Ausgabepreis und R\u00fccknahmepreis. CPs dienen in&hellip;<\/p>\n","category_list_v2":"","author_info_v2":{"name":"PrudentWater","url":"https:\/\/prudentwater.com\/en\/author\/niklas33\/"},"comments_num_v2":"0 comments","_links":{"self":[{"href":"https:\/\/prudentwater.com\/en\/wp-json\/wp\/v2\/pages\/3669","targetHints":{"allow":["GET"]}}],"collection":[{"href":"https:\/\/prudentwater.com\/en\/wp-json\/wp\/v2\/pages"}],"about":[{"href":"https:\/\/prudentwater.com\/en\/wp-json\/wp\/v2\/types\/page"}],"author":[{"embeddable":true,"href":"https:\/\/prudentwater.com\/en\/wp-json\/wp\/v2\/users\/1"}],"replies":[{"embeddable":true,"href":"https:\/\/prudentwater.com\/en\/wp-json\/wp\/v2\/comments?post=3669"}],"version-history":[{"count":0,"href":"https:\/\/prudentwater.com\/en\/wp-json\/wp\/v2\/pages\/3669\/revisions"}],"wp:attachment":[{"href":"https:\/\/prudentwater.com\/en\/wp-json\/wp\/v2\/media?parent=3669"}],"curies":[{"name":"wp","href":"https:\/\/api.w.org\/{rel}","templated":true}]}}