{"id":3705,"date":"2015-04-29T08:47:13","date_gmt":"2015-04-29T08:47:13","guid":{"rendered":"http:\/\/www.kunnskap.de\/?page_id=3705"},"modified":"2023-01-16T21:36:10","modified_gmt":"2023-01-16T20:36:10","slug":"liquiditat-2-grades","status":"publish","type":"page","link":"https:\/\/prudentwater.com\/en\/liquiditat-2-grades\/","title":{"rendered":"Liquidit\u00e4t 2. Grades"},"content":{"rendered":"<p>Auch <b>Acid Test Ratio<\/b> oder <b>Quick Ratio<\/b><\/p>\n<p>Allgemein soll eine Liquidit\u00e4tskennzahl dar\u00fcber Aufschluss geben, ob ein Unternehmen ausreichend liquide ist oder ob Zahlungsverz\u00f6gerungen in naher Zukunft aufgrund einer Unterliquidit\u00e4t zu erwarten sind. Die Liquidit\u00e4t 2. Grades ist eine Verh\u00e4ltniszahl, die die kurzfristige Zahlungsf\u00e4higkeit eines Unternehmens ausdr\u00fcckt. Die Kennzahl gibt somit an, inwieweit die kurzfristigen Verbindlichkeiten allein durch die fl\u00fcssigen Mittel und die kurzfristigen Forderungen abgedeckt sind. Durchschnittlich liegt die Liquidit\u00e4t 2. Grades bei ca. 1.0.<\/p>\n<hr>\n<p><b><small>Formel:<\/small><\/b><br \/>\n<center><img loading=\"lazy\" decoding=\"async\" src=\"https:\/\/prudentwater.com\/wp-content\/uploads\/2023\/01\/Liquiditaet-2.-Grades.png\" alt=\"Liquidit\u00e4t 2. Grades\" class=\"alignnone size-full wp-image-6949\" width=\"787\" height=\"72\" title=\"\"><\/center><br \/>\nBei den fl\u00fcssigen Mitteln handelt es sich um die Zahlungsmittel und Zahlungsmittel\u00e4quivalente und bestehen aus den Bank- und Kassenbest\u00e4nden + Schecks sowie den liquiden Wertpapieren. Die kurzfristigen Forderungen gegen\u00fcber Kunden weisen eine Restlaufzeit von maximal zw\u00f6lf Monaten auf. Die kurzfristigen Verbindlichkeiten weisen ebenfalls eine Restlaufzeit von maximal bis zu zw\u00f6lf Monaten auf. Dabei handelt es sich vor allem um noch nicht bezahlte Lieferkredite und Bankkredite.<\/p>\n<hr>\n<h3>Interpretation der Liquidit\u00e4t 2. Grades<\/h3>\n<p>Liegt die Kennzahl beispielsweise bei 1.2, so bedeutet dies, dass jeder Euro an kurzfristiger Verbindlichkeit durch 1,20 Euro an fl\u00fcssigen Mitteln + kurzfristigen Forderungen gedeckt ist. Liegt der Wert jedoch bei 0.8, so sind nicht genug fl\u00fcssige Mittel und offene kurzfristige Forderungen vorhanden, um die kurzfristigen Verbindlichkeiten voll abzudecken. Um jedoch eine finanzielle Stabilit\u00e4t im Unternehmen aufrechtzuerhalten, sollten die kurzfristigen Verbindlichkeiten jederzeit ausreichend gedeckt sein. Deshalb sollte die Liquidit\u00e4t 2. Grades auch allgemein bei mindestens 1.0 liegen. Deshalb gilt zun\u00e4chst, dass je h\u00f6her die Liquidit\u00e4t 2. Grades, desto besser die Finanzstabilit\u00e4t des Unternehmens. Allerdings ist eine zu hohe Liquidit\u00e4t auch kontraproduktiv, da \u00fcbersch\u00fcssige Liquidit\u00e4t zulasten der Rentabilit\u00e4t des Unternehmens geht. Die \u00fcbersch\u00fcssige Liquidit\u00e4t k\u00f6nnte stattdessen renditeorientierter angelegt werden.<\/p>\n","protected":false},"excerpt":{"rendered":"<p>Auch Acid Test Ratio oder Quick Ratio Allgemein soll eine Liquidit\u00e4tskennzahl dar\u00fcber Aufschluss geben, ob ein Unternehmen ausreichend liquide ist oder ob Zahlungsverz\u00f6gerungen in naher Zukunft aufgrund einer Unterliquidit\u00e4t zu erwarten sind. Die Liquidit\u00e4t 2. Grades ist eine Verh\u00e4ltniszahl, die die kurzfristige Zahlungsf\u00e4higkeit eines Unternehmens ausdr\u00fcckt. Die Kennzahl gibt somit an, inwieweit die kurzfristigen Verbindlichkeiten [&hellip;]<\/p>\n","protected":false},"author":1,"featured_media":0,"parent":0,"menu_order":0,"comment_status":"closed","ping_status":"closed","template":"","meta":{"site-sidebar-layout":"default","site-content-layout":"","ast-site-content-layout":"","site-content-style":"default","site-sidebar-style":"default","ast-global-header-display":"","ast-banner-title-visibility":"","ast-main-header-display":"","ast-hfb-above-header-display":"","ast-hfb-below-header-display":"","ast-hfb-mobile-header-display":"","site-post-title":"","ast-breadcrumbs-content":"","ast-featured-img":"","footer-sml-layout":"","theme-transparent-header-meta":"","adv-header-id-meta":"","stick-header-meta":"","header-above-stick-meta":"","header-main-stick-meta":"","header-below-stick-meta":"","astra-migrate-meta-layouts":"default","ast-page-background-enabled":"default","ast-page-background-meta":{"desktop":{"background-color":"","background-image":"","background-repeat":"repeat","background-position":"center center","background-size":"auto","background-attachment":"scroll","background-type":"","background-media":"","overlay-type":"","overlay-color":"","overlay-opacity":"","overlay-gradient":""},"tablet":{"background-color":"","background-image":"","background-repeat":"repeat","background-position":"center center","background-size":"auto","background-attachment":"scroll","background-type":"","background-media":"","overlay-type":"","overlay-color":"","overlay-opacity":"","overlay-gradient":""},"mobile":{"background-color":"","background-image":"","background-repeat":"repeat","background-position":"center center","background-size":"auto","background-attachment":"scroll","background-type":"","background-media":"","overlay-type":"","overlay-color":"","overlay-opacity":"","overlay-gradient":""}},"ast-content-background-meta":{"desktop":{"background-color":"var(--ast-global-color-5)","background-image":"","background-repeat":"repeat","background-position":"center center","background-size":"auto","background-attachment":"scroll","background-type":"","background-media":"","overlay-type":"","overlay-color":"","overlay-opacity":"","overlay-gradient":""},"tablet":{"background-color":"var(--ast-global-color-5)","background-image":"","background-repeat":"repeat","background-position":"center center","background-size":"auto","background-attachment":"scroll","background-type":"","background-media":"","overlay-type":"","overlay-color":"","overlay-opacity":"","overlay-gradient":""},"mobile":{"background-color":"var(--ast-global-color-5)","background-image":"","background-repeat":"repeat","background-position":"center center","background-size":"auto","background-attachment":"scroll","background-type":"","background-media":"","overlay-type":"","overlay-color":"","overlay-opacity":"","overlay-gradient":""}},"footnotes":""},"class_list":["post-3705","page","type-page","status-publish","hentry"],"translation":{"provider":"WPGlobus","version":"3.0.2","language":"en","enabled_languages":["de","en"],"languages":{"de":{"title":true,"content":true,"excerpt":false},"en":{"title":false,"content":false,"excerpt":false}}},"featured_image_urls_v2":{"full":"","thumbnail":"","medium":"","medium_large":"","large":"","1536x1536":"","2048x2048":""},"post_excerpt_stackable_v2":"<p>Auch Acid Test Ratio oder Quick Ratio Allgemein soll eine Liquidit\u00e4tskennzahl dar\u00fcber Aufschluss geben, ob ein Unternehmen ausreichend liquide ist oder ob Zahlungsverz\u00f6gerungen in naher Zukunft aufgrund einer Unterliquidit\u00e4t zu erwarten sind. Die Liquidit\u00e4t 2. Grades ist eine Verh\u00e4ltniszahl, die die kurzfristige Zahlungsf\u00e4higkeit eines Unternehmens ausdr\u00fcckt. Die Kennzahl gibt somit an, inwieweit die kurzfristigen Verbindlichkeiten allein durch die fl\u00fcssigen Mittel und die kurzfristigen Forderungen abgedeckt sind. Durchschnittlich liegt die Liquidit\u00e4t 2. Grades bei ca. 1.0. Formel: Bei den fl\u00fcssigen Mitteln handelt es sich um die Zahlungsmittel und Zahlungsmittel\u00e4quivalente und bestehen aus den Bank- und Kassenbest\u00e4nden + Schecks sowie den liquiden&hellip;<\/p>\n","category_list_v2":"","author_info_v2":{"name":"PrudentWater","url":"https:\/\/prudentwater.com\/en\/author\/niklas33\/"},"comments_num_v2":"0 comments","_links":{"self":[{"href":"https:\/\/prudentwater.com\/en\/wp-json\/wp\/v2\/pages\/3705","targetHints":{"allow":["GET"]}}],"collection":[{"href":"https:\/\/prudentwater.com\/en\/wp-json\/wp\/v2\/pages"}],"about":[{"href":"https:\/\/prudentwater.com\/en\/wp-json\/wp\/v2\/types\/page"}],"author":[{"embeddable":true,"href":"https:\/\/prudentwater.com\/en\/wp-json\/wp\/v2\/users\/1"}],"replies":[{"embeddable":true,"href":"https:\/\/prudentwater.com\/en\/wp-json\/wp\/v2\/comments?post=3705"}],"version-history":[{"count":0,"href":"https:\/\/prudentwater.com\/en\/wp-json\/wp\/v2\/pages\/3705\/revisions"}],"wp:attachment":[{"href":"https:\/\/prudentwater.com\/en\/wp-json\/wp\/v2\/media?parent=3705"}],"curies":[{"name":"wp","href":"https:\/\/api.w.org\/{rel}","templated":true}]}}