{"id":3772,"date":"2015-05-11T08:21:24","date_gmt":"2015-05-11T08:21:24","guid":{"rendered":"http:\/\/www.kunnskap.de\/?page_id=3772"},"modified":"2021-06-25T12:50:16","modified_gmt":"2021-06-25T10:50:16","slug":"wahrungsswap","status":"publish","type":"page","link":"https:\/\/prudentwater.com\/en\/wahrungsswap\/","title":{"rendered":"W\u00e4hrungsswap"},"content":{"rendered":"<p>engl. <strong>Cross Currency Swap<\/strong><\/p>\n<p>Ein W\u00e4hrungsswap ist ein Derivat, bei dem zwei Marktteilnehmer ihre zuvor aufgenommene Kreditbetr\u00e4ge (welche jeweils in einer anderen W\u00e4hrung notieren) untereinander durch einen Swap austauschen. Es findet somit ein Kapitalaustausch unter den beiden Parteien statt. Ebenso werden die zu leistenden Zinss\u00e4tze untereinander ausgetauscht. Bei F\u00e4lligkeit werden die Kapitalbetr\u00e4ge zum urspr\u00fcnglich vereinbarten Kurs zur\u00fcckgetauscht.<br \/>\nDer Vorteil eines W\u00e4hrungsswaps liegt darin, dass beide Parteien von den g\u00fcnstigeren Konditionen profitieren, welche der Gegen\u00fcber des W\u00e4hrungsswaps auf dem (oftmals dann heimischen) Markt erhalten hat.<br \/>\nIm Unterschied zum Devisenswap werden beim W\u00e4hrungsswap ganze Zahlungsstr\u00f6me (Nominalbetr\u00e4ge plus Zinszahlungen) ausgetauscht und eben nicht nur eine einzige Zahlung in der Zukunft. Im Unterschied zu einem Zinsswap hingegen findet der W\u00e4hrungsswap in zwei unterschiedlichen W\u00e4hrungen statt. Au\u00dferdem findet beim Zinsswap kein Austausch der Nominalbetr\u00e4ge statt. <\/p>\n","protected":false},"excerpt":{"rendered":"<p>engl. Cross Currency Swap Ein W\u00e4hrungsswap ist ein Derivat, bei dem zwei Marktteilnehmer ihre zuvor aufgenommene Kreditbetr\u00e4ge (welche jeweils in einer anderen W\u00e4hrung notieren) untereinander durch einen Swap austauschen. Es findet somit ein Kapitalaustausch unter den beiden Parteien statt. Ebenso werden die zu leistenden Zinss\u00e4tze untereinander ausgetauscht. Bei F\u00e4lligkeit werden die Kapitalbetr\u00e4ge zum urspr\u00fcnglich vereinbarten [&hellip;]<\/p>\n","protected":false},"author":1,"featured_media":0,"parent":0,"menu_order":0,"comment_status":"closed","ping_status":"closed","template":"","meta":{"site-sidebar-layout":"default","site-content-layout":"","ast-site-content-layout":"","site-content-style":"default","site-sidebar-style":"default","ast-global-header-display":"","ast-banner-title-visibility":"","ast-main-header-display":"","ast-hfb-above-header-display":"","ast-hfb-below-header-display":"","ast-hfb-mobile-header-display":"","site-post-title":"","ast-breadcrumbs-content":"","ast-featured-img":"","footer-sml-layout":"","theme-transparent-header-meta":"","adv-header-id-meta":"","stick-header-meta":"","header-above-stick-meta":"","header-main-stick-meta":"","header-below-stick-meta":"","astra-migrate-meta-layouts":"default","ast-page-background-enabled":"default","ast-page-background-meta":{"desktop":{"background-color":"","background-image":"","background-repeat":"repeat","background-position":"center center","background-size":"auto","background-attachment":"scroll","background-type":"","background-media":"","overlay-type":"","overlay-color":"","overlay-opacity":"","overlay-gradient":""},"tablet":{"background-color":"","background-image":"","background-repeat":"repeat","background-position":"center center","background-size":"auto","background-attachment":"scroll","background-type":"","background-media":"","overlay-type":"","overlay-color":"","overlay-opacity":"","overlay-gradient":""},"mobile":{"background-color":"","background-image":"","background-repeat":"repeat","background-position":"center center","background-size":"auto","background-attachment":"scroll","background-type":"","background-media":"","overlay-type":"","overlay-color":"","overlay-opacity":"","overlay-gradient":""}},"ast-content-background-meta":{"desktop":{"background-color":"var(--ast-global-color-5)","background-image":"","background-repeat":"repeat","background-position":"center center","background-size":"auto","background-attachment":"scroll","background-type":"","background-media":"","overlay-type":"","overlay-color":"","overlay-opacity":"","overlay-gradient":""},"tablet":{"background-color":"var(--ast-global-color-5)","background-image":"","background-repeat":"repeat","background-position":"center center","background-size":"auto","background-attachment":"scroll","background-type":"","background-media":"","overlay-type":"","overlay-color":"","overlay-opacity":"","overlay-gradient":""},"mobile":{"background-color":"var(--ast-global-color-5)","background-image":"","background-repeat":"repeat","background-position":"center center","background-size":"auto","background-attachment":"scroll","background-type":"","background-media":"","overlay-type":"","overlay-color":"","overlay-opacity":"","overlay-gradient":""}},"footnotes":""},"class_list":["post-3772","page","type-page","status-publish","hentry"],"translation":{"provider":"WPGlobus","version":"3.0.2","language":"en","enabled_languages":["de","en"],"languages":{"de":{"title":true,"content":true,"excerpt":false},"en":{"title":false,"content":false,"excerpt":false}}},"featured_image_urls_v2":{"full":"","thumbnail":"","medium":"","medium_large":"","large":"","1536x1536":"","2048x2048":""},"post_excerpt_stackable_v2":"<p>engl. Cross Currency Swap Ein W\u00e4hrungsswap ist ein Derivat, bei dem zwei Marktteilnehmer ihre zuvor aufgenommene Kreditbetr\u00e4ge (welche jeweils in einer anderen W\u00e4hrung notieren) untereinander durch einen Swap austauschen. Es findet somit ein Kapitalaustausch unter den beiden Parteien statt. Ebenso werden die zu leistenden Zinss\u00e4tze untereinander ausgetauscht. Bei F\u00e4lligkeit werden die Kapitalbetr\u00e4ge zum urspr\u00fcnglich vereinbarten Kurs zur\u00fcckgetauscht. Der Vorteil eines W\u00e4hrungsswaps liegt darin, dass beide Parteien von den g\u00fcnstigeren Konditionen profitieren, welche der Gegen\u00fcber des W\u00e4hrungsswaps auf dem (oftmals dann heimischen) Markt erhalten hat. Im Unterschied zum Devisenswap werden beim W\u00e4hrungsswap ganze Zahlungsstr\u00f6me (Nominalbetr\u00e4ge plus Zinszahlungen) ausgetauscht und eben nicht&hellip;<\/p>\n","category_list_v2":"","author_info_v2":{"name":"PrudentWater","url":"https:\/\/prudentwater.com\/en\/author\/niklas33\/"},"comments_num_v2":"0 comments","_links":{"self":[{"href":"https:\/\/prudentwater.com\/en\/wp-json\/wp\/v2\/pages\/3772","targetHints":{"allow":["GET"]}}],"collection":[{"href":"https:\/\/prudentwater.com\/en\/wp-json\/wp\/v2\/pages"}],"about":[{"href":"https:\/\/prudentwater.com\/en\/wp-json\/wp\/v2\/types\/page"}],"author":[{"embeddable":true,"href":"https:\/\/prudentwater.com\/en\/wp-json\/wp\/v2\/users\/1"}],"replies":[{"embeddable":true,"href":"https:\/\/prudentwater.com\/en\/wp-json\/wp\/v2\/comments?post=3772"}],"version-history":[{"count":0,"href":"https:\/\/prudentwater.com\/en\/wp-json\/wp\/v2\/pages\/3772\/revisions"}],"wp:attachment":[{"href":"https:\/\/prudentwater.com\/en\/wp-json\/wp\/v2\/media?parent=3772"}],"curies":[{"name":"wp","href":"https:\/\/api.w.org\/{rel}","templated":true}]}}