{"id":3774,"date":"2015-05-11T08:37:02","date_gmt":"2015-05-11T08:37:02","guid":{"rendered":"http:\/\/www.kunnskap.de\/?page_id=3774"},"modified":"2021-06-25T12:48:25","modified_gmt":"2021-06-25T10:48:25","slug":"devisenswap","status":"publish","type":"page","link":"https:\/\/prudentwater.com\/en\/devisenswap\/","title":{"rendered":"Devisenswap"},"content":{"rendered":"<p>Auch <strong>Devisenswapgesch\u00e4ft<\/strong><br \/>\nengl. <strong>Forex Swap (FX Swap)<\/strong><\/p>\n<p>Bei einem Devisenswap findet ein Kassagesch\u00e4ft und zeitgleich ein Termingesch\u00e4ft in einem bestimmten W\u00e4hrungspaar statt. Entweder kauft der Anleger mit sofortiger Wirkung eine W\u00e4hrung (Kassagesch\u00e4ft) und verkauft gleichzeitig die W\u00e4hrung in bspw. 3 Monaten zu einem bestimmten Kurs (Termingesch\u00e4ft) oder aber er verkauft eine W\u00e4hrung mit sofortiger Wirkung (Kassagesch\u00e4ft) und vereinbart gleichzeitig einen Kauf der W\u00e4hrung in bspw. 3 Monaten (Termingesch\u00e4ft). Die Differenz zwischen Kassakurs und Terminkurs wird dann Swapsatz genannt. Als weitere Variante kann ein Devisenswapgesch\u00e4ft aus zwei Termingesch\u00e4ften mit unterschiedlichen Laufzeiten bestehen.<br \/>\nIn dem ersten Beispiel kann so ein Anleger aus dem Euroraum mit sofortiger Wirkung beispielsweise Schweizer Franken kaufen und diese gleichzeitig auf Termin verkaufen. Bis zum Terminverkauf in 3 Monaten kann er nun auf eine aus seiner Sicht positive Zinsentwicklung spekulieren. Dar\u00fcber hinaus ist er keinem Wechselkursrisiko ausgesetzt, da das Swapgesch\u00e4ft dieses eliminiert.<br \/>\nDevisenswapgesch\u00e4fte werden haupts\u00e4chlich genutzt, um zuk\u00fcnftige Zahlungseing\u00e4nge sowie Zahlungsausg\u00e4nge heute schon abzusichern. Nebenbei werden mit Devisenswaps an den M\u00e4rkten nat\u00fcrlich auch lediglich spekuliert. <\/p>\n","protected":false},"excerpt":{"rendered":"<p>Auch Devisenswapgesch\u00e4ft engl. Forex Swap (FX Swap) Bei einem Devisenswap findet ein Kassagesch\u00e4ft und zeitgleich ein Termingesch\u00e4ft in einem bestimmten W\u00e4hrungspaar statt. Entweder kauft der Anleger mit sofortiger Wirkung eine W\u00e4hrung (Kassagesch\u00e4ft) und verkauft gleichzeitig die W\u00e4hrung in bspw. 3 Monaten zu einem bestimmten Kurs (Termingesch\u00e4ft) oder aber er verkauft eine W\u00e4hrung mit sofortiger Wirkung [&hellip;]<\/p>\n","protected":false},"author":1,"featured_media":0,"parent":0,"menu_order":0,"comment_status":"closed","ping_status":"closed","template":"","meta":{"site-sidebar-layout":"default","site-content-layout":"","ast-site-content-layout":"","site-content-style":"default","site-sidebar-style":"default","ast-global-header-display":"","ast-banner-title-visibility":"","ast-main-header-display":"","ast-hfb-above-header-display":"","ast-hfb-below-header-display":"","ast-hfb-mobile-header-display":"","site-post-title":"","ast-breadcrumbs-content":"","ast-featured-img":"","footer-sml-layout":"","theme-transparent-header-meta":"","adv-header-id-meta":"","stick-header-meta":"","header-above-stick-meta":"","header-main-stick-meta":"","header-below-stick-meta":"","astra-migrate-meta-layouts":"default","ast-page-background-enabled":"default","ast-page-background-meta":{"desktop":{"background-color":"","background-image":"","background-repeat":"repeat","background-position":"center center","background-size":"auto","background-attachment":"scroll","background-type":"","background-media":"","overlay-type":"","overlay-color":"","overlay-opacity":"","overlay-gradient":""},"tablet":{"background-color":"","background-image":"","background-repeat":"repeat","background-position":"center center","background-size":"auto","background-attachment":"scroll","background-type":"","background-media":"","overlay-type":"","overlay-color":"","overlay-opacity":"","overlay-gradient":""},"mobile":{"background-color":"","background-image":"","background-repeat":"repeat","background-position":"center center","background-size":"auto","background-attachment":"scroll","background-type":"","background-media":"","overlay-type":"","overlay-color":"","overlay-opacity":"","overlay-gradient":""}},"ast-content-background-meta":{"desktop":{"background-color":"var(--ast-global-color-5)","background-image":"","background-repeat":"repeat","background-position":"center center","background-size":"auto","background-attachment":"scroll","background-type":"","background-media":"","overlay-type":"","overlay-color":"","overlay-opacity":"","overlay-gradient":""},"tablet":{"background-color":"var(--ast-global-color-5)","background-image":"","background-repeat":"repeat","background-position":"center center","background-size":"auto","background-attachment":"scroll","background-type":"","background-media":"","overlay-type":"","overlay-color":"","overlay-opacity":"","overlay-gradient":""},"mobile":{"background-color":"var(--ast-global-color-5)","background-image":"","background-repeat":"repeat","background-position":"center center","background-size":"auto","background-attachment":"scroll","background-type":"","background-media":"","overlay-type":"","overlay-color":"","overlay-opacity":"","overlay-gradient":""}},"footnotes":""},"class_list":["post-3774","page","type-page","status-publish","hentry"],"translation":{"provider":"WPGlobus","version":"3.0.2","language":"en","enabled_languages":["de","en"],"languages":{"de":{"title":true,"content":true,"excerpt":false},"en":{"title":false,"content":false,"excerpt":false}}},"featured_image_urls_v2":{"full":"","thumbnail":"","medium":"","medium_large":"","large":"","1536x1536":"","2048x2048":""},"post_excerpt_stackable_v2":"<p>Auch Devisenswapgesch\u00e4ft engl. Forex Swap (FX Swap) Bei einem Devisenswap findet ein Kassagesch\u00e4ft und zeitgleich ein Termingesch\u00e4ft in einem bestimmten W\u00e4hrungspaar statt. Entweder kauft der Anleger mit sofortiger Wirkung eine W\u00e4hrung (Kassagesch\u00e4ft) und verkauft gleichzeitig die W\u00e4hrung in bspw. 3 Monaten zu einem bestimmten Kurs (Termingesch\u00e4ft) oder aber er verkauft eine W\u00e4hrung mit sofortiger Wirkung (Kassagesch\u00e4ft) und vereinbart gleichzeitig einen Kauf der W\u00e4hrung in bspw. 3 Monaten (Termingesch\u00e4ft). Die Differenz zwischen Kassakurs und Terminkurs wird dann Swapsatz genannt. Als weitere Variante kann ein Devisenswapgesch\u00e4ft aus zwei Termingesch\u00e4ften mit unterschiedlichen Laufzeiten bestehen. In dem ersten Beispiel kann so ein Anleger aus&hellip;<\/p>\n","category_list_v2":"","author_info_v2":{"name":"PrudentWater","url":"https:\/\/prudentwater.com\/en\/author\/niklas33\/"},"comments_num_v2":"0 comments","_links":{"self":[{"href":"https:\/\/prudentwater.com\/en\/wp-json\/wp\/v2\/pages\/3774","targetHints":{"allow":["GET"]}}],"collection":[{"href":"https:\/\/prudentwater.com\/en\/wp-json\/wp\/v2\/pages"}],"about":[{"href":"https:\/\/prudentwater.com\/en\/wp-json\/wp\/v2\/types\/page"}],"author":[{"embeddable":true,"href":"https:\/\/prudentwater.com\/en\/wp-json\/wp\/v2\/users\/1"}],"replies":[{"embeddable":true,"href":"https:\/\/prudentwater.com\/en\/wp-json\/wp\/v2\/comments?post=3774"}],"version-history":[{"count":0,"href":"https:\/\/prudentwater.com\/en\/wp-json\/wp\/v2\/pages\/3774\/revisions"}],"wp:attachment":[{"href":"https:\/\/prudentwater.com\/en\/wp-json\/wp\/v2\/media?parent=3774"}],"curies":[{"name":"wp","href":"https:\/\/api.w.org\/{rel}","templated":true}]}}